{"id":208,"date":"2020-11-01T09:53:25","date_gmt":"2020-11-01T12:53:25","guid":{"rendered":"https:\/\/www3.unicentro.br\/deart\/?page_id=208"},"modified":"2021-03-04T18:43:29","modified_gmt":"2021-03-04T21:43:29","slug":"trabalho-de-conclusao-de-curso","status":"publish","type":"page","link":"https:\/\/www3.unicentro.br\/deart\/trabalho-de-conclusao-de-curso\/","title":{"rendered":"Trabalho de Conclus\u00e3o de Curso"},"content":{"rendered":"<div class=\"wpb-content-wrapper\"><p>[vc_row][vc_column][vc_column_text]<span style=\"font-weight: 400\">O desenvolvimento do Trabalho de Conclus\u00e3o do Curso de Licenciatura em Arte (TCC), poder\u00e1 ser realizado a partir do 3\u00ba ano do curso sem vincula\u00e7\u00e3o a disciplina, com carga hor\u00e1ria de 200 horas como requisito para conclus\u00e3o do curso conforme regulamento espec\u00edfico.\u00a0<\/span>[\/vc_column_text][\/vc_column][\/vc_row][vc_row][vc_column][vc_btn title=&#8221;Regulamento TCC (vigente somente para a 4a s\u00e9rie de 2020)&#8221; color=&#8221;danger&#8221; align=&#8221;center&#8221; link=&#8221;url:https%3A%2F%2Fsgu.unicentro.br%2Fpcatooficiais%2Fimprimir%2F2A8F4550|target:_blank&#8221;][vc_btn title=&#8221;Regulamento TCC (novo aprovado em 2020)&#8221; color=&#8221;danger&#8221; align=&#8221;center&#8221; link=&#8221;url:https%3A%2F%2Fsgu.unicentro.br%2Fpcatooficiais%2Fimprimir%2F6AF8F925|target:_blank&#8221;][\/vc_column][\/vc_row]<\/p>\n<\/div>","protected":false},"excerpt":{"rendered":"<p>[vc_row][vc_column][vc_column_text]O desenvolvimento do Trabalho de Conclus\u00e3o do Curso de Licenciatura em Arte (TCC), poder\u00e1 ser realizado a partir do 3\u00ba ano do curso sem vincula\u00e7\u00e3o a disciplina, com carga hor\u00e1ria de 200 horas como requisito para conclus\u00e3o do curso conforme regulamento espec\u00edfico.\u00a0[\/vc_column_text][\/vc_column][\/vc_row][vc_row][vc_column][vc_btn title=&#8221;Regulamento TCC (vigente somente para a 4a s\u00e9rie de 2020)&#8221; color=&#8221;danger&#8221; align=&#8221;center&#8221; link=&#8221;url:https%3A%2F%2Fsgu.unicentro.br%2Fpcatooficiais%2Fimprimir%2F2A8F4550|target:_blank&#8221;][vc_btn [&hellip;]<\/p>\n","protected":false},"author":266,"featured_media":0,"parent":0,"menu_order":0,"comment_status":"closed","ping_status":"closed","template":"","meta":{"_exactmetrics_skip_tracking":false,"_exactmetrics_sitenote_active":false,"_exactmetrics_sitenote_note":"","_exactmetrics_sitenote_category":0,"footnotes":"","_links_to":"","_links_to_target":""},"class_list":["post-208","page","type-page","status-publish","hentry"],"_links":{"self":[{"href":"https:\/\/www3.unicentro.br\/deart\/wp-json\/wp\/v2\/pages\/208","targetHints":{"allow":["GET"]}}],"collection":[{"href":"https:\/\/www3.unicentro.br\/deart\/wp-json\/wp\/v2\/pages"}],"about":[{"href":"https:\/\/www3.unicentro.br\/deart\/wp-json\/wp\/v2\/types\/page"}],"author":[{"embeddable":true,"href":"https:\/\/www3.unicentro.br\/deart\/wp-json\/wp\/v2\/users\/266"}],"replies":[{"embeddable":true,"href":"https:\/\/www3.unicentro.br\/deart\/wp-json\/wp\/v2\/comments?post=208"}],"version-history":[{"count":0,"href":"https:\/\/www3.unicentro.br\/deart\/wp-json\/wp\/v2\/pages\/208\/revisions"}],"wp:attachment":[{"href":"https:\/\/www3.unicentro.br\/deart\/wp-json\/wp\/v2\/media?parent=208"}],"curies":[{"name":"wp","href":"https:\/\/api.w.org\/{rel}","templated":true}]}}