{"id":205,"date":"2020-11-01T09:52:13","date_gmt":"2020-11-01T12:52:13","guid":{"rendered":"https:\/\/www3.unicentro.br\/deart\/?page_id=205"},"modified":"2021-06-04T13:27:27","modified_gmt":"2021-06-04T16:27:27","slug":"estagio-supervisionado","status":"publish","type":"page","link":"https:\/\/www3.unicentro.br\/deart\/estagio-supervisionado\/","title":{"rendered":"Est\u00e1gio Supervisionado"},"content":{"rendered":"<div class=\"wpb-content-wrapper\"><p>[vc_row][vc_column][vc_column_text]<\/p>\n<p style=\"text-align: justify\"><span style=\"font-weight: 400\">O Est\u00e1gio Supervisionado no curso de licenciatura em Arte que se inicia no 3\u00ba ano \u00e9 voltado para rela\u00e7\u00e3o entre os conte\u00fados abordados nas disciplinas espec\u00edficas do curso e suas implica\u00e7\u00f5es para a reg\u00eancia supervisionada em escolas do Ensino Fundamental e do Ensino M\u00e9dio.<\/span><\/p>\n<p style=\"text-align: justify\"><span style=\"font-weight: 400\">A carga hor\u00e1ria do est\u00e1gio se organiza em 272 horas, divididas entre as disciplinas de Est\u00e1gio Supervisionado em Arte para o Ensino Fundamental e Est\u00e1gio Supervisionado em Arte para o Ensino M\u00e9dio, com 136 ha cada uma. E 200 horas de atividades de campo, divididas em Observa\u00e7\u00e3o, Constru\u00e7\u00e3o do Projeto de Est\u00e1gio, Constru\u00e7\u00e3o dos Planos de Aula, Reg\u00eancia em Sala de Aula, Produ\u00e7\u00e3o Escrita e de Materiais e Relat\u00f3rio Final, voltados para a Educa\u00e7\u00e3o Especial, o Ensino Fundamental s\u00e9ries finais, Ensino de Arte em Espa\u00e7os N\u00e3o Formais e Ensino M\u00e9dio.<\/span><\/p>\n<p style=\"text-align: justify\"><span style=\"font-weight: 400\">Considera-se de extrema import\u00e2ncia no processo de ensino aprendizagem dos acad\u00eamicos o est\u00e1gio n\u00e3o obrigat\u00f3rio, visto que contribui no processo educacional e possibilita a complementa\u00e7\u00e3o da forma\u00e7\u00e3o profissional, por meio de desenvolvimento de habilidades e aplica\u00e7\u00e3o de conceitos te\u00f3ricos em situa\u00e7\u00e3o real.<\/span><\/p>\n<p style=\"text-align: justify\"><span style=\"font-weight: 400\">S\u00e3o consideradas atividades do est\u00e1gio n\u00e3o obrigat\u00f3rio as que est\u00e3o referidas no perfil do formando, nas compet\u00eancias e habilidades constantes no Projeto Pol\u00edtico Pedag\u00f3gico do Curso.<\/span><\/p>\n<p style=\"text-align: justify\"><span style=\"font-weight: 400\">Constituem campos de est\u00e1gio n\u00e3o obrigat\u00f3rio do Curso de gradua\u00e7\u00e3o em Arte institui\u00e7\u00f5es conveniadas da rede p\u00fablica ou privada de ensino regular da Educa\u00e7\u00e3o B\u00e1sica, empresas, outras institui\u00e7\u00f5es de ensino e\/ou pesquisa, art\u00edsticas, culturais ou similares que possibilitem ao aluno condi\u00e7\u00f5es de aprimoramento para o exerc\u00edcio profissional.<\/span><\/p>\n<p style=\"text-align: justify\"><span style=\"font-weight: 400\">Regulamento do <\/span><i><span style=\"font-weight: 400\">Est\u00e1gio Curricular Supervisionado Obrigat\u00f3rio e Est\u00e1gio N\u00e3o Obrigat\u00f3rio do Curso de Gradua\u00e7\u00e3o em Licenciatura em Arte.<\/span><\/i><span style=\"font-weight: 400\"> Acesse:<\/span><\/p>\n<p>[\/vc_column_text][\/vc_column][\/vc_row][vc_row][vc_column][vc_btn title=&#8221;Regulamento Est\u00e1gio (aprovado em 2016)&#8221; color=&#8221;danger&#8221; align=&#8221;center&#8221; link=&#8221;url:https%3A%2F%2Fsgu.unicentro.br%2Fpcatooficiais%2Fimprimir%2F2603E47C|target:_blank&#8221;][vc_btn title=&#8221;Regulamento Est\u00e1gio (aprovado em 2020)&#8221; color=&#8221;danger&#8221; align=&#8221;center&#8221; link=&#8221;url:https%3A%2F%2Fsgu.unicentro.br%2Fpcatooficiais%2Fimprimir%2FD8C8C4EB|target:_blank&#8221;][\/vc_column][\/vc_row]<\/p>\n<\/div>","protected":false},"excerpt":{"rendered":"<p>[vc_row][vc_column][vc_column_text] O Est\u00e1gio Supervisionado no curso de licenciatura em Arte que se inicia no 3\u00ba ano \u00e9 voltado para rela\u00e7\u00e3o entre os conte\u00fados abordados nas disciplinas espec\u00edficas do curso e suas implica\u00e7\u00f5es para a reg\u00eancia supervisionada em escolas do Ensino Fundamental e do Ensino M\u00e9dio. A carga hor\u00e1ria do est\u00e1gio se organiza em 272 horas, [&hellip;]<\/p>\n","protected":false},"author":266,"featured_media":0,"parent":0,"menu_order":0,"comment_status":"closed","ping_status":"closed","template":"","meta":{"_exactmetrics_skip_tracking":false,"_exactmetrics_sitenote_active":false,"_exactmetrics_sitenote_note":"","_exactmetrics_sitenote_category":0,"footnotes":"","_links_to":"","_links_to_target":""},"class_list":["post-205","page","type-page","status-publish","hentry"],"_links":{"self":[{"href":"https:\/\/www3.unicentro.br\/deart\/wp-json\/wp\/v2\/pages\/205","targetHints":{"allow":["GET"]}}],"collection":[{"href":"https:\/\/www3.unicentro.br\/deart\/wp-json\/wp\/v2\/pages"}],"about":[{"href":"https:\/\/www3.unicentro.br\/deart\/wp-json\/wp\/v2\/types\/page"}],"author":[{"embeddable":true,"href":"https:\/\/www3.unicentro.br\/deart\/wp-json\/wp\/v2\/users\/266"}],"replies":[{"embeddable":true,"href":"https:\/\/www3.unicentro.br\/deart\/wp-json\/wp\/v2\/comments?post=205"}],"version-history":[{"count":0,"href":"https:\/\/www3.unicentro.br\/deart\/wp-json\/wp\/v2\/pages\/205\/revisions"}],"wp:attachment":[{"href":"https:\/\/www3.unicentro.br\/deart\/wp-json\/wp\/v2\/media?parent=205"}],"curies":[{"name":"wp","href":"https:\/\/api.w.org\/{rel}","templated":true}]}}