{"id":18,"date":"2017-05-05T11:37:26","date_gmt":"2017-05-05T14:37:26","guid":{"rendered":"https:\/\/www3.unicentro.br\/deart\/?page_id=18"},"modified":"2020-11-11T15:33:33","modified_gmt":"2020-11-11T18:33:33","slug":"estrutura","status":"publish","type":"page","link":"https:\/\/www3.unicentro.br\/deart\/estrutura\/","title":{"rendered":"Estrutura"},"content":{"rendered":"<div class=\"wpb-content-wrapper\"><p>[vc_row][vc_column][vc_tta_tabs active_section=&#8221;1&#8243;][vc_tta_section title=&#8221;INFRAESTRUTURA&#8221; tab_id=&#8221;1601495718535-97739367-d88c&#8221;][vc_column_text]<\/p>\n<p style=\"text-align: justify\"><span style=\"font-weight: 400\">O Departamento de Arte \u00e9 localizado no Bloco G, em espa\u00e7o que conta com corredor, secretaria, uma sala para atendimento ao aluno, sala de reuni\u00f5es, sala de estudos para professores, sala da chefia departamental, al\u00e9m do espa\u00e7o destinado ao Rede Arte na Escola.<\/span><\/p>\n<p style=\"text-align: justify\"><span style=\"font-weight: 400\">O principal espa\u00e7o administrativo do Departamento de Arte (DEART) \u00e9 composto por diferentes ambientes:<\/span><\/p>\n<ul style=\"text-align: justify\">\n<li style=\"font-weight: 400\"><span style=\"font-weight: 400\">destinados ao atendimento ao p\u00fablico e \u00e0 comunidade acad\u00eamica: a secretaria e a sala de orienta\u00e7\u00f5es;<\/span><\/li>\n<li style=\"font-weight: 400\"><span style=\"font-weight: 400\">destinados ao Corpo Docente: Sala dos Professores, Sala da Chefia Departamental e Sala de Estudo.<\/span><\/li>\n<\/ul>\n<p style=\"text-align: justify\"><span style=\"font-weight: 400\">Em anexo ao DEART h\u00e1 o Espa\u00e7o Pedag\u00f3gico Multiuso com 3 salas: recep\u00e7\u00e3o, acervo e sala de reuni\u00f5es e estudo. Neste espa\u00e7o s\u00e3o desenvolvidos os projetos de Extens\u00e3o e Pedag\u00f3gicos do DEART como PIBID e a Resid\u00eancia Pedag\u00f3gica. Neste espa\u00e7o encontra-se tamb\u00e9m o P\u00f3lo da Rede Arte na Escola, com sua Dvdteca e uma biblioteca espec\u00edfica de Arte destinada principalmente aos acad\u00eamicos e professores do Deart e da Educa\u00e7\u00e3o B\u00e1sica.\u00a0<\/span><\/p>\n<p>[\/vc_column_text][vc_masonry_media_grid grid_id=&#8221;vc_gid:1605117541436-4a8144e5-3ed2-1&#8243; include=&#8221;317,295&#8243;][\/vc_tta_section][vc_tta_section title=&#8221;LABORAT\u00d3RIO DE ARTE-EDUCA\u00c7\u00c3O&#8221; tab_id=&#8221;1601495718536-a296b6a7-c966&#8243;][vc_column_text]<\/p>\n<p style=\"text-align: justify\"><span style=\"font-weight: 400\">Localizado no bloco N, possui espa\u00e7o c\u00eanico estruturado com piso de lin\u00f3leo, apropriado para pr\u00e1ticas corporais. Tamb\u00e9m tem uma sala que abriga o forno para argila e materialidades tridimensionais. A sala de artes visuais tem mesas largas, pia e estantes. A sala de m\u00fasica conta com instrumentos musicais diversos. Al\u00e9m disso, o t\u00e9rreo possui espa\u00e7o de vesti\u00e1rio e banheiro com chuveiros. No andar superior, existe o mezanino, caracterizado enquanto espa\u00e7o multidisciplinar, com arm\u00e1rios, mesas e materiais diversos.<\/span><\/p>\n<p>[\/vc_column_text][vc_masonry_media_grid grid_id=&#8221;vc_gid:1605117482126-3e38a83f-b71c-10&#8243; include=&#8221;429,303,292&#8243;][\/vc_tta_section][vc_tta_section title=&#8221;REDE ARTE NA ESCOLA&#8221; tab_id=&#8221;1602067918693-89fa7535-0e36&#8243;][vc_column_text]<\/p>\n<p style=\"text-align: justify\"><span style=\"font-weight: 400\">Localizado juntamente ao Departamento de Arte, tendo tr\u00eas espa\u00e7os, sendo eles: biblioteca local; secretaria e sala multimeios. Equipado com computadores, projetor, televis\u00e3o.<\/span><\/p>\n<p>[\/vc_column_text][vc_images_carousel images=&#8221;295&#8243;][\/vc_tta_section][vc_tta_section title=&#8221;SALA DE MULTIMEIOS (SEHLA)&#8221; tab_id=&#8221;1602068069855-287e5049-ea00&#8243;][vc_column_text]<\/p>\n<p style=\"text-align: justify\"><span style=\"font-weight: 400\">Localizada no bloco G, equipada com um projetor, uma tela de proje\u00e7\u00e3o e duas caixas de som amplificadoras.<\/span><\/p>\n<p>[\/vc_column_text][vc_masonry_media_grid grid_id=&#8221;vc_gid:1605117390629-fa6f0737-0860-2&#8243; include=&#8221;447&#8243;][\/vc_tta_section][vc_tta_section title=&#8221;BIBLIOTECA&#8221; tab_id=&#8221;1602068184208-1394a3a4-0efd&#8221;][vc_column_text]<\/p>\n<p>Eu sou um bloco de texto. Clique no bot\u00e3o Editar (L\u00e1pis) para alterar o conte\u00fado deste elemento.<\/p>\n<p>[\/vc_column_text][vc_column_text]<\/p>\n<p style=\"text-align: justify\"><span style=\"font-weight: 400\">O Departamento de Arte \u00e9 atendido pela biblioteca do <\/span><i><span style=\"font-weight: 400\">Campus<\/span><\/i><span style=\"font-weight: 400\"> Santa Cruz, que disp\u00f5e de um acervo de cerca de 15.000 t\u00edtulos, entre peri\u00f3dicos, livros, teses e disserta\u00e7\u00f5es, dicion\u00e1rios, que podem ser utilizados pelos alunos. Tamb\u00e9m conta com uma biblioteca departamental, localizada no Rede Arte na Escola, com t\u00edtulos da \u00e1rea, incluindo dvdteca, para empr\u00e9stimo para os alunos.<\/span><\/p>\n<p>[\/vc_column_text][vc_masonry_media_grid grid_id=&#8221;vc_gid:1605117372636-8c5580c5-e3f7-9&#8243; include=&#8221;448&#8243;][\/vc_tta_section][vc_tta_section title=&#8221;LABORAT\u00d3RIO DE INFORM\u00c1TICA&#8221; tab_id=&#8221;1605117252709-f8f7b6ff-d1be&#8221;][vc_masonry_media_grid grid_id=&#8221;vc_gid:1605117337446-92905cd8-2e2c-1&#8243; include=&#8221;427&#8243;][\/vc_tta_section][\/vc_tta_tabs][\/vc_column][vc_column][\/vc_column][\/vc_row][vc_row][vc_column][vc_video link=&#8221;https:\/\/youtu.be\/BShdh8v7q6Q&#8221; align=&#8221;center&#8221; title=&#8221;V\u00eddeo Tour&#8221;][\/vc_column][\/vc_row][vc_row][vc_column][\/vc_column][\/vc_row]<\/p>\n<\/div>","protected":false},"excerpt":{"rendered":"<p>[vc_row][vc_column][vc_tta_tabs active_section=&#8221;1&#8243;][vc_tta_section title=&#8221;INFRAESTRUTURA&#8221; tab_id=&#8221;1601495718535-97739367-d88c&#8221;][vc_column_text] O Departamento de Arte \u00e9 localizado no Bloco G, em espa\u00e7o que conta com corredor, secretaria, uma sala para atendimento ao aluno, sala de reuni\u00f5es, sala de estudos para professores, sala da chefia departamental, al\u00e9m do espa\u00e7o destinado ao Rede Arte na Escola. O principal espa\u00e7o administrativo do Departamento de Arte [&hellip;]<\/p>\n","protected":false},"author":3,"featured_media":0,"parent":0,"menu_order":0,"comment_status":"closed","ping_status":"closed","template":"","meta":{"_exactmetrics_skip_tracking":false,"_exactmetrics_sitenote_active":false,"_exactmetrics_sitenote_note":"","_exactmetrics_sitenote_category":0,"footnotes":"","_links_to":"","_links_to_target":""},"class_list":["post-18","page","type-page","status-publish","hentry"],"_links":{"self":[{"href":"https:\/\/www3.unicentro.br\/deart\/wp-json\/wp\/v2\/pages\/18","targetHints":{"allow":["GET"]}}],"collection":[{"href":"https:\/\/www3.unicentro.br\/deart\/wp-json\/wp\/v2\/pages"}],"about":[{"href":"https:\/\/www3.unicentro.br\/deart\/wp-json\/wp\/v2\/types\/page"}],"author":[{"embeddable":true,"href":"https:\/\/www3.unicentro.br\/deart\/wp-json\/wp\/v2\/users\/3"}],"replies":[{"embeddable":true,"href":"https:\/\/www3.unicentro.br\/deart\/wp-json\/wp\/v2\/comments?post=18"}],"version-history":[{"count":0,"href":"https:\/\/www3.unicentro.br\/deart\/wp-json\/wp\/v2\/pages\/18\/revisions"}],"wp:attachment":[{"href":"https:\/\/www3.unicentro.br\/deart\/wp-json\/wp\/v2\/media?parent=18"}],"curies":[{"name":"wp","href":"https:\/\/api.w.org\/{rel}","templated":true}]}}