{"id":1228,"date":"2024-08-26T09:53:11","date_gmt":"2024-08-26T12:53:11","guid":{"rendered":"https:\/\/www3.unicentro.br\/deart\/?page_id=1228"},"modified":"2024-08-26T10:01:54","modified_gmt":"2024-08-26T13:01:54","slug":"centro-academico-2023-2025","status":"publish","type":"page","link":"https:\/\/www3.unicentro.br\/deart\/centro-academico-2023-2025\/","title":{"rendered":"Centro Acad\u00eamico 2023-2025"},"content":{"rendered":"<p><span style=\"font-family: trebuchet ms, geneva, sans-serif;color: #de1414\"><strong><img loading=\"lazy\" decoding=\"async\" class=\"alignleft wp-image-545 size-full\" src=\"https:\/\/www3.unicentro.br\/deart\/wp-content\/uploads\/sites\/13\/2024\/08\/01.jpg\" alt=\"\" width=\"150\" height=\"150\" \/><\/strong><\/span><\/p>\n<p>&nbsp;<\/p>\n<p><span style=\"font-family: trebuchet ms, geneva, sans-serif;color: #de1414\"><strong>COORDENADOR GERAL<\/strong><\/span><\/p>\n<p><span style=\"font-family: trebuchet ms, geneva, sans-serif\">NOME: Ravi Fran\u00e7a Ferreira<br \/>\nTELEFONE: (42) 988022020<br \/>\nE-MAIL: <em><a href=\"mailto:ravifrancaf@gmail.com\">ravifrancaf@gmail.com<\/a><\/em><\/span><\/p>\n<p>&nbsp;<\/p>\n<p><span style=\"font-family: trebuchet ms, geneva, sans-serif;color: #de1414\"><strong><img loading=\"lazy\" decoding=\"async\" class=\"alignleft wp-image-545 size-full\" src=\"https:\/\/www3.unicentro.br\/deart\/wp-content\/uploads\/sites\/13\/2024\/08\/02.jpg\" alt=\"\" width=\"150\" height=\"150\" \/><\/strong><\/span><\/p>\n<p>&nbsp;<\/p>\n<p><span style=\"font-family: trebuchet ms, geneva, sans-serif;color: #de1414\"><strong>OUVIDORIA E REPRESENTA\u00c7\u00c3O DISCENTE<\/strong><\/span><\/p>\n<p>NOME: Alex Apolo Perin Caetano de Azevedo<br \/>\nTELEFONE: (42) 998027350<br \/>\nE-MAIL: <em><a href=\"mailto:alexapoloperin@gmail.com\">alexapoloperin@gmail.com<\/a><\/em><\/p>\n<p>&nbsp;<\/p>\n<p><span style=\"font-family: trebuchet ms, geneva, sans-serif;color: #de1414\"><strong><img loading=\"lazy\" decoding=\"async\" class=\"alignleft wp-image-545 size-full\" src=\"https:\/\/www3.unicentro.br\/deart\/wp-content\/uploads\/sites\/13\/2024\/08\/03.jpg\" alt=\"\" width=\"150\" height=\"150\" \/><\/strong><\/span><\/p>\n<p>&nbsp;<\/p>\n<p><span style=\"font-family: trebuchet ms, geneva, sans-serif;color: #de1414\"><strong>COMUNICA\u00c7\u00c3O E M\u00cdDIAS SOCIAIS<\/strong><\/span><\/p>\n<p>NOME: Flavia Eduarda de Andrade da Rosa<br \/>\nTELEFONE:42998522670<br \/>\nE-MAIL: <em><a href=\"mailto:factuses@hotmail.com\">factuses@hotmail.com<\/a><\/em><\/p>\n<p>&nbsp;<\/p>\n<p><span style=\"font-family: trebuchet ms, geneva, sans-serif;color: #de1414\"><strong><img loading=\"lazy\" decoding=\"async\" class=\"alignleft wp-image-545 size-full\" src=\"https:\/\/www3.unicentro.br\/deart\/wp-content\/uploads\/sites\/13\/2024\/08\/04.jpg\" alt=\"\" width=\"150\" height=\"150\" \/><\/strong><\/span><\/p>\n<p>&nbsp;<\/p>\n<p><span style=\"font-family: trebuchet ms, geneva, sans-serif;color: #de1414\"><strong>SECRET\u00c1RIO<\/strong><\/span><\/p>\n<p>NOME: Gustavo Henrique Mendes dos Santos<br \/>\nTELEFONE: (42) 98868-9559<br \/>\nE-MAIL: <a href=\"mailto:dossantosgustavohenriquemendes@gmail.com\"><em>dossantosgustavohenriquemendes@gmail.com<\/em><\/a><\/p>\n<p>&nbsp;<\/p>\n<p><span style=\"font-family: trebuchet ms, geneva, sans-serif;color: #de1414\"><strong><img loading=\"lazy\" decoding=\"async\" class=\"alignleft wp-image-545 size-full\" src=\"https:\/\/www3.unicentro.br\/deart\/wp-content\/uploads\/sites\/13\/2024\/08\/05.jpg\" alt=\"\" width=\"150\" height=\"150\" \/><\/strong><\/span><\/p>\n<p>&nbsp;<\/p>\n<p><span style=\"font-family: trebuchet ms, geneva, sans-serif;color: #de1414\"><strong>TESOUREIRA<\/strong><\/span><\/p>\n<p>NOME: Emilly Emanuelly Niema dos Santos<br \/>\nTELEFONE: (42) 984420970<br \/>\nE-MAIL: <a href=\"mailto:emilyniiema@gmail.com\"><em>emilyniiema@gmail.com<\/em><\/a><\/p>\n<p>&nbsp;<\/p>\n","protected":false},"excerpt":{"rendered":"<p>&nbsp; COORDENADOR GERAL NOME: Ravi Fran\u00e7a Ferreira TELEFONE: (42) 988022020 E-MAIL: ravifrancaf@gmail.com &nbsp; &nbsp; OUVIDORIA E REPRESENTA\u00c7\u00c3O DISCENTE NOME: Alex Apolo Perin Caetano de Azevedo TELEFONE: (42) 998027350 E-MAIL: alexapoloperin@gmail.com &nbsp; &nbsp; COMUNICA\u00c7\u00c3O E M\u00cdDIAS SOCIAIS NOME: Flavia Eduarda de Andrade da Rosa TELEFONE:42998522670 E-MAIL: factuses@hotmail.com &nbsp; &nbsp; SECRET\u00c1RIO NOME: Gustavo Henrique Mendes dos Santos [&hellip;]<\/p>\n","protected":false},"author":6,"featured_media":0,"parent":0,"menu_order":0,"comment_status":"closed","ping_status":"closed","template":"","meta":{"_exactmetrics_skip_tracking":false,"_exactmetrics_sitenote_active":false,"_exactmetrics_sitenote_note":"","_exactmetrics_sitenote_category":0,"footnotes":"","_links_to":"","_links_to_target":""},"class_list":["post-1228","page","type-page","status-publish","hentry"],"_links":{"self":[{"href":"https:\/\/www3.unicentro.br\/deart\/wp-json\/wp\/v2\/pages\/1228","targetHints":{"allow":["GET"]}}],"collection":[{"href":"https:\/\/www3.unicentro.br\/deart\/wp-json\/wp\/v2\/pages"}],"about":[{"href":"https:\/\/www3.unicentro.br\/deart\/wp-json\/wp\/v2\/types\/page"}],"author":[{"embeddable":true,"href":"https:\/\/www3.unicentro.br\/deart\/wp-json\/wp\/v2\/users\/6"}],"replies":[{"embeddable":true,"href":"https:\/\/www3.unicentro.br\/deart\/wp-json\/wp\/v2\/comments?post=1228"}],"version-history":[{"count":2,"href":"https:\/\/www3.unicentro.br\/deart\/wp-json\/wp\/v2\/pages\/1228\/revisions"}],"predecessor-version":[{"id":1237,"href":"https:\/\/www3.unicentro.br\/deart\/wp-json\/wp\/v2\/pages\/1228\/revisions\/1237"}],"wp:attachment":[{"href":"https:\/\/www3.unicentro.br\/deart\/wp-json\/wp\/v2\/media?parent=1228"}],"curies":[{"name":"wp","href":"https:\/\/api.w.org\/{rel}","templated":true}]}}