{"id":1012,"date":"2023-07-28T15:01:33","date_gmt":"2023-07-28T18:01:33","guid":{"rendered":"https:\/\/www3.unicentro.br\/deart\/?page_id=1012"},"modified":"2023-08-04T17:15:23","modified_gmt":"2023-08-04T20:15:23","slug":"professoresas-aposentadosas","status":"publish","type":"page","link":"https:\/\/www3.unicentro.br\/deart\/professoresas-aposentadosas\/","title":{"rendered":"Professore (as) aposentados (as)"},"content":{"rendered":"<div class=\"wpb-content-wrapper\"><p>[vc_row][vc_column][vc_column_text]<\/p>\n<p style=\"text-align: justify\"><strong>Profa. Me. EGLECY DO ROCIO LIPPMANN Docente Assistente C<\/strong><\/p>\n<p>[\/vc_column_text][vc_single_image image=&#8221;158&#8243;][vc_column_text]<\/p>\n<p style=\"text-align: justify\">Possui gradua\u00e7\u00e3o em Pedagogia pela Universidade Estadual do Centro-Oeste (1983), gradua\u00e7\u00e3o em Educa\u00e7\u00e3o Art\u00edstica pela Faculdade de Artes do Paran\u00e1 (1986), Especializa\u00e7\u00e3o em Educa\u00e7\u00e3o Fundamentada na Arte pela Universidade Tuiuti\/Paran\u00e1 (1992) e em Mestrado pelo Centro Pastoral Educacional e Assist\u00eancia Dom Carlos (2002). Atualmente \u00e9 assistente d da Universidade Estadual do Centro Oeste e professora assistente D da Universidade Estadual do Centro-Oeste e Diretora do Grupo de Teatro Luz da Apadevi\/Guarapuava. Membro do Grupo de Pesquisa em Arte &#8211;\u00a0 Ensino da Arte. Atuou como docente em Arte na Educa\u00e7\u00e3o B\u00e1sica e Ensino M\u00e9dio\/ Seed\/Paran\u00e1 por 34 anos, atuando tamb\u00e9m como Coordenadora da \u00e1rea de Artes no N\u00facleo Regional de Educa\u00e7\u00e3o de Guarapuava(1990 a 1997) e na capacita\u00e7\u00e3o para docentes em Arte (1988 a 2014) da rede estadual, municipal e particular de ensino. Tem experi\u00eancia na \u00e1rea de Artes, com \u00eanfase em Arte e Educa\u00e7\u00e3o, atuando principalmente nos seguintes temas: educa\u00e7\u00e3o, arte, ensino, inclus\u00e3o e defici\u00eancia visual.<\/p>\n<p>Lattes: <a href=\"http:\/\/lattes.cnpq.br\/2255558476554968\">http:\/\/lattes.cnpq.br\/2255558476554968<\/a>[\/vc_column_text][vc_column_text]<\/p>\n<p style=\"text-align: justify\"><strong>Profa. Dra. MARGARIDA GANDARA RAUEN<\/strong><\/p>\n<p>[\/vc_column_text][vc_single_image image=&#8221;1025&#8243;][vc_column_text]Margie Rauen (nome em arte de Margarida Gandara Rauen) \u00e9 Ph.D. em Teatro pela Michigan State University (E.U.A., 1987), artista e professora. Lecionou em bacharelados e licenciaturas da Faculdade de Artes do Paran\u00e1 (UNESPAR-FAP, 1995-2005) e da Universidade Estadual do Centro-Oeste (1994-2015), onde foi co-fundadora do Departamento de Arte (2003) e fundadora do Grupo de Pesquisa em Artes (DGP-CNPq, 2007). \u00c9 docente S\u00eanior do Programa de P\u00f3s-gradua\u00e7\u00e3o em Educa\u00e7\u00e3o (PPGE) da UNICENTRO, com interesse em pesquisas dedicadas \u00e0s tem\u00e1ticas de mulheres e g\u00eanero no curr\u00edculo e ensino de artes. \u00c9 associada ao Centro de Estudos Latino Americanos (CERLAC) da York University, em Toronto, Canada, desde 2022. Suas publica\u00e7\u00f5es e processos de cria\u00e7\u00e3o nacionais e internacionais (1987-2023) t\u00eam concep\u00e7\u00e3o feminista p\u00f3s-colonial e interseccional, abrangendo a teoria e a cr\u00edtica de teatro e de arte da performance.<\/p>\n<p>Lattes: <a href=\"http:\/\/lattes.cnpq.br\/8196003641649326\">http:\/\/lattes.cnpq.br\/8196003641649326<\/a><\/p>\n<p>Website:\u00a0<a href=\"http:\/\/www.margierauen.com\">www.margierauen.com<\/a>[\/vc_column_text][vc_column_text]<\/p>\n<p style=\"text-align: justify\"><strong>Profa. NARA MARIA WARPECHOWSKI G\u00d3RSKI<\/strong><\/p>\n<p>[\/vc_column_text][vc_single_image image=&#8221;1028&#8243;][vc_column_text]Graduada em Educa\u00e7\u00e3o Art\u00edstica &#8211; Artes Pl\u00e1sticas pela Faculdade de Artes do Paran\u00e1 (1979) e especializa\u00e7\u00e3o em Hist\u00f3ria Econ\u00f4mica do Brasil pela Universidade Estadual do Centro-Oeste (1989). Foi co-fundadora do Departamento de Arte (2003). Professora Auxiliar D da Universidade Estadual do Centro-Oeste. Trabalhou com temas relacionados a Educa\u00e7\u00e3o e Fundamentos do ensino da arte.<\/p>\n<p>Lattes: <a href=\"http:\/\/lattes.cnpq.br\/4870901192447590\">http:\/\/lattes.cnpq.br\/4870901192447590<\/a>[\/vc_column_text][\/vc_column][\/vc_row][vc_row][vc_column][\/vc_column][\/vc_row]<\/p>\n<\/div>","protected":false},"excerpt":{"rendered":"<p>[vc_row][vc_column][vc_column_text] Profa. Me. EGLECY DO ROCIO LIPPMANN Docente Assistente C [\/vc_column_text][vc_single_image image=&#8221;158&#8243;][vc_column_text] Possui gradua\u00e7\u00e3o em Pedagogia pela Universidade Estadual do Centro-Oeste (1983), gradua\u00e7\u00e3o em Educa\u00e7\u00e3o Art\u00edstica pela Faculdade de Artes do Paran\u00e1 (1986), Especializa\u00e7\u00e3o em Educa\u00e7\u00e3o Fundamentada na Arte pela Universidade Tuiuti\/Paran\u00e1 (1992) e em Mestrado pelo Centro Pastoral Educacional e Assist\u00eancia Dom Carlos (2002). [&hellip;]<\/p>\n","protected":false},"author":6,"featured_media":0,"parent":0,"menu_order":0,"comment_status":"closed","ping_status":"closed","template":"","meta":{"_exactmetrics_skip_tracking":false,"_exactmetrics_sitenote_active":false,"_exactmetrics_sitenote_note":"","_exactmetrics_sitenote_category":0,"footnotes":"","_links_to":"","_links_to_target":""},"class_list":["post-1012","page","type-page","status-publish","hentry"],"_links":{"self":[{"href":"https:\/\/www3.unicentro.br\/deart\/wp-json\/wp\/v2\/pages\/1012","targetHints":{"allow":["GET"]}}],"collection":[{"href":"https:\/\/www3.unicentro.br\/deart\/wp-json\/wp\/v2\/pages"}],"about":[{"href":"https:\/\/www3.unicentro.br\/deart\/wp-json\/wp\/v2\/types\/page"}],"author":[{"embeddable":true,"href":"https:\/\/www3.unicentro.br\/deart\/wp-json\/wp\/v2\/users\/6"}],"replies":[{"embeddable":true,"href":"https:\/\/www3.unicentro.br\/deart\/wp-json\/wp\/v2\/comments?post=1012"}],"version-history":[{"count":0,"href":"https:\/\/www3.unicentro.br\/deart\/wp-json\/wp\/v2\/pages\/1012\/revisions"}],"wp:attachment":[{"href":"https:\/\/www3.unicentro.br\/deart\/wp-json\/wp\/v2\/media?parent=1012"}],"curies":[{"name":"wp","href":"https:\/\/api.w.org\/{rel}","templated":true}]}}