{"id":36,"date":"2021-03-19T17:57:45","date_gmt":"2021-03-19T20:57:45","guid":{"rendered":"https:\/\/www3.unicentro.br\/deali\/?page_id=36"},"modified":"2022-06-07T15:25:05","modified_gmt":"2022-06-07T18:25:05","slug":"extensao","status":"publish","type":"page","link":"https:\/\/www3.unicentro.br\/deali\/extensao\/","title":{"rendered":"Extens\u00e3o"},"content":{"rendered":"<p><img loading=\"lazy\" decoding=\"async\" class=\"alignnone  wp-image-218\" src=\"https:\/\/www3.unicentro.br\/deali\/wp-content\/uploads\/sites\/119\/2022\/06\/WhatsApp-Image-2022-06-07-at-15.22.54.jpeg\" alt=\"\" width=\"257\" height=\"257\" srcset=\"https:\/\/www3.unicentro.br\/deali\/wp-content\/uploads\/sites\/119\/2022\/06\/WhatsApp-Image-2022-06-07-at-15.22.54.jpeg 1080w, https:\/\/www3.unicentro.br\/deali\/wp-content\/uploads\/sites\/119\/2022\/06\/WhatsApp-Image-2022-06-07-at-15.22.54-768x768.jpeg 768w, https:\/\/www3.unicentro.br\/deali\/wp-content\/uploads\/sites\/119\/2022\/06\/WhatsApp-Image-2022-06-07-at-15.22.54-50x50.jpeg 50w, https:\/\/www3.unicentro.br\/deali\/wp-content\/uploads\/sites\/119\/2022\/06\/WhatsApp-Image-2022-06-07-at-15.22.54-80x80.jpeg 80w, https:\/\/www3.unicentro.br\/deali\/wp-content\/uploads\/sites\/119\/2022\/06\/WhatsApp-Image-2022-06-07-at-15.22.54-263x263.jpeg 263w, https:\/\/www3.unicentro.br\/deali\/wp-content\/uploads\/sites\/119\/2022\/06\/WhatsApp-Image-2022-06-07-at-15.22.54-100x100.jpeg 100w, https:\/\/www3.unicentro.br\/deali\/wp-content\/uploads\/sites\/119\/2022\/06\/WhatsApp-Image-2022-06-07-at-15.22.54-526x526.jpeg 526w, https:\/\/www3.unicentro.br\/deali\/wp-content\/uploads\/sites\/119\/2022\/06\/WhatsApp-Image-2022-06-07-at-15.22.54-255x255.jpeg 255w\" sizes=\"auto, (max-width: 257px) 100vw, 257px\" \/><\/p>\n<p>PodCast\u00a0 <strong>PodAli\u00a0<\/strong><\/p>\n<p>Este podcast foi criado para voc\u00ea que quer conhecer um pouco mais sobre o mundo por tr\u00e1s do alimentos. Aqui voc\u00ea vai tirar d\u00favidas, ouvir mitos e verdades, quais s\u00e3o os caminhos futuros para o setor de alimentos e muito mais.<\/p>\n<p>Projeto coordenado pela Prof\u00aa Ariadine Reder Cust\u00f3dio de Souza<\/p>\n<p>Acesse agora: <a href=\"https:\/\/open.spotify.com\/show\/6GMGR6U0n8H4b4yThzmxyj?si=EHlCy3MgTWeSmbC-AOEoTQ&amp;utm_source=native-share-menu\">Spotify<\/a><\/p>\n","protected":false},"excerpt":{"rendered":"<p>PodCast\u00a0 PodAli\u00a0 Este podcast foi criado para voc\u00ea que quer conhecer um pouco mais sobre o mundo por tr\u00e1s do alimentos. Aqui voc\u00ea vai tirar d\u00favidas, ouvir mitos e verdades, quais s\u00e3o os caminhos futuros para o setor de alimentos e muito mais. Projeto coordenado pela Prof\u00aa Ariadine Reder Cust\u00f3dio de Souza Acesse agora: Spotify<\/p>\n","protected":false},"author":3,"featured_media":0,"parent":0,"menu_order":0,"comment_status":"closed","ping_status":"closed","template":"","meta":{"_exactmetrics_skip_tracking":false,"_exactmetrics_sitenote_active":false,"_exactmetrics_sitenote_note":"","_exactmetrics_sitenote_category":0,"footnotes":"","_links_to":"","_links_to_target":""},"class_list":["post-36","page","type-page","status-publish","hentry"],"_links":{"self":[{"href":"https:\/\/www3.unicentro.br\/deali\/wp-json\/wp\/v2\/pages\/36","targetHints":{"allow":["GET"]}}],"collection":[{"href":"https:\/\/www3.unicentro.br\/deali\/wp-json\/wp\/v2\/pages"}],"about":[{"href":"https:\/\/www3.unicentro.br\/deali\/wp-json\/wp\/v2\/types\/page"}],"author":[{"embeddable":true,"href":"https:\/\/www3.unicentro.br\/deali\/wp-json\/wp\/v2\/users\/3"}],"replies":[{"embeddable":true,"href":"https:\/\/www3.unicentro.br\/deali\/wp-json\/wp\/v2\/comments?post=36"}],"version-history":[{"count":0,"href":"https:\/\/www3.unicentro.br\/deali\/wp-json\/wp\/v2\/pages\/36\/revisions"}],"wp:attachment":[{"href":"https:\/\/www3.unicentro.br\/deali\/wp-json\/wp\/v2\/media?parent=36"}],"curies":[{"name":"wp","href":"https:\/\/api.w.org\/{rel}","templated":true}]}}