{"id":34,"date":"2021-03-19T17:57:32","date_gmt":"2021-03-19T20:57:32","guid":{"rendered":"https:\/\/www3.unicentro.br\/deali\/?page_id=34"},"modified":"2022-05-16T09:33:00","modified_gmt":"2022-05-16T12:33:00","slug":"empresa-junior","status":"publish","type":"page","link":"https:\/\/www3.unicentro.br\/deali\/empresa-junior\/","title":{"rendered":"Empresa J\u00fanior"},"content":{"rendered":"<p><img loading=\"lazy\" decoding=\"async\" class=\"size-full wp-image-119 aligncenter\" src=\"https:\/\/www3.unicentro.br\/deali\/wp-content\/uploads\/sites\/119\/2021\/05\/alitec.jpg\" alt=\"\" width=\"225\" height=\"225\" srcset=\"https:\/\/www3.unicentro.br\/deali\/wp-content\/uploads\/sites\/119\/2021\/05\/alitec.jpg 225w, https:\/\/www3.unicentro.br\/deali\/wp-content\/uploads\/sites\/119\/2021\/05\/alitec-50x50.jpg 50w, https:\/\/www3.unicentro.br\/deali\/wp-content\/uploads\/sites\/119\/2021\/05\/alitec-80x80.jpg 80w, https:\/\/www3.unicentro.br\/deali\/wp-content\/uploads\/sites\/119\/2021\/05\/alitec-100x100.jpg 100w\" sizes=\"auto, (max-width: 225px) 100vw, 225px\" \/><\/p>\n<p>&nbsp;<\/p>\n<p style=\"text-align: justify\"><span style=\"font-family: georgia, palatino, serif;font-size: 12pt\">A ALITEC \u00e9 uma empresa j\u00fanior composta por estudantes do curso de Engenharia de Alimentos da UNICENTRO. Tem\u00a0 como objetivo desenvolver pessoas e profissionais por meio da viv\u00eancia empresarial, realizando\u00a0projetos e presta\u00e7\u00e3o de servi\u00e7os na \u00e1rea de alimentos. Fundada em 2019, a ALITEC \u00e9 pioneira em seu segmento na regi\u00e3o de Guarapuava.<\/span><\/p>\n<p style=\"text-align: justify\"><span style=\"font-family: georgia, palatino, serif;font-size: 12pt\">Vem conhecer mais! Contatos:<\/span><\/p>\n<p><span style=\"font-size: 12pt;font-family: georgia, palatino, serif\"><a href=\"https:\/\/ealitec.com\/\">Site<\/a><\/span><br \/>\n<span style=\"font-size: 12pt;font-family: georgia, palatino, serif\"><a href=\"mailto:ealitec@gmail.com\">ealitec@gmail.com<\/a><\/span><\/p>\n<p><span style=\"font-size: 12pt;font-family: georgia, palatino, serif\">(42) 98804 2290<\/span><\/p>\n<p><span style=\"font-size: 12pt;font-family: georgia, palatino, serif\">Instagram: @alitec.ej<\/span><\/p>\n","protected":false},"excerpt":{"rendered":"<p>&nbsp; A ALITEC \u00e9 uma empresa j\u00fanior composta por estudantes do curso de Engenharia de Alimentos da UNICENTRO. Tem\u00a0 como objetivo desenvolver pessoas e profissionais por meio da viv\u00eancia empresarial, realizando\u00a0projetos e presta\u00e7\u00e3o de servi\u00e7os na \u00e1rea de alimentos. Fundada em 2019, a ALITEC \u00e9 pioneira em seu segmento na regi\u00e3o de Guarapuava. Vem conhecer [&hellip;]<\/p>\n","protected":false},"author":3,"featured_media":0,"parent":0,"menu_order":0,"comment_status":"closed","ping_status":"closed","template":"","meta":{"_exactmetrics_skip_tracking":false,"_exactmetrics_sitenote_active":false,"_exactmetrics_sitenote_note":"","_exactmetrics_sitenote_category":0,"footnotes":"","_links_to":"","_links_to_target":""},"class_list":["post-34","page","type-page","status-publish","hentry"],"_links":{"self":[{"href":"https:\/\/www3.unicentro.br\/deali\/wp-json\/wp\/v2\/pages\/34","targetHints":{"allow":["GET"]}}],"collection":[{"href":"https:\/\/www3.unicentro.br\/deali\/wp-json\/wp\/v2\/pages"}],"about":[{"href":"https:\/\/www3.unicentro.br\/deali\/wp-json\/wp\/v2\/types\/page"}],"author":[{"embeddable":true,"href":"https:\/\/www3.unicentro.br\/deali\/wp-json\/wp\/v2\/users\/3"}],"replies":[{"embeddable":true,"href":"https:\/\/www3.unicentro.br\/deali\/wp-json\/wp\/v2\/comments?post=34"}],"version-history":[{"count":0,"href":"https:\/\/www3.unicentro.br\/deali\/wp-json\/wp\/v2\/pages\/34\/revisions"}],"wp:attachment":[{"href":"https:\/\/www3.unicentro.br\/deali\/wp-json\/wp\/v2\/media?parent=34"}],"curies":[{"name":"wp","href":"https:\/\/api.w.org\/{rel}","templated":true}]}}