{"id":28,"date":"2021-03-19T17:56:05","date_gmt":"2021-03-19T20:56:05","guid":{"rendered":"https:\/\/www3.unicentro.br\/deali\/?page_id=28"},"modified":"2022-06-08T15:32:25","modified_gmt":"2022-06-08T18:32:25","slug":"regulamentos","status":"publish","type":"page","link":"https:\/\/www3.unicentro.br\/deali\/regulamentos\/","title":{"rendered":"Regulamentos\/Editais"},"content":{"rendered":"<p><a href=\"https:\/\/drive.google.com\/file\/d\/1lX7-GDRfqfb2ZnGEqQDhR4tjz6Li0wdW\/view?usp=sharing\"> <span class=\"fontstyle0\">Regulamento de Atividades Acad\u00eamicas Complementares<\/span><\/a><\/p>\n<p><a href=\"https:\/\/drive.google.com\/file\/d\/1s7bqwbDYZpBVPx5iLsrbgJg-xlDiEjYt\/view?usp=sharing\"> <span class=\"fontstyle0\">Regulamento de Trabalho de Conclus\u00e3o de Curso <\/span><span class=\"fontstyle2\">\u2013 <\/span><span class=\"fontstyle0\">TCC<\/span><\/a><\/p>\n<p><a href=\"https:\/\/drive.google.com\/file\/d\/1zHFwuOgd65pyEvDkZAWz5Nm4g2g5DA0n\/view?usp=sharing\"> <span class=\"fontstyle0\">Regulamento da Curriculariza\u00e7\u00e3o da Extens\u00e3o <\/span><\/a><\/p>\n<p><a href=\"https:\/\/drive.google.com\/file\/d\/1OX_pDCYSjbepaVKx_bXQv7aor6XKrU6U\/view?usp=sharing\"> <span class=\"fontstyle0\">Regulamento de Est\u00e1gio N\u00e3o- Obrigat\u00f3rio<\/span><\/a><\/p>\n","protected":false},"excerpt":{"rendered":"<p>Regulamento de Atividades Acad\u00eamicas Complementares Regulamento de Trabalho de Conclus\u00e3o de Curso \u2013 TCC Regulamento da Curriculariza\u00e7\u00e3o da Extens\u00e3o Regulamento de Est\u00e1gio N\u00e3o- Obrigat\u00f3rio<\/p>\n","protected":false},"author":3,"featured_media":0,"parent":0,"menu_order":0,"comment_status":"closed","ping_status":"closed","template":"","meta":{"_exactmetrics_skip_tracking":false,"_exactmetrics_sitenote_active":false,"_exactmetrics_sitenote_note":"","_exactmetrics_sitenote_category":0,"footnotes":"","_links_to":"","_links_to_target":""},"class_list":["post-28","page","type-page","status-publish","hentry"],"_links":{"self":[{"href":"https:\/\/www3.unicentro.br\/deali\/wp-json\/wp\/v2\/pages\/28","targetHints":{"allow":["GET"]}}],"collection":[{"href":"https:\/\/www3.unicentro.br\/deali\/wp-json\/wp\/v2\/pages"}],"about":[{"href":"https:\/\/www3.unicentro.br\/deali\/wp-json\/wp\/v2\/types\/page"}],"author":[{"embeddable":true,"href":"https:\/\/www3.unicentro.br\/deali\/wp-json\/wp\/v2\/users\/3"}],"replies":[{"embeddable":true,"href":"https:\/\/www3.unicentro.br\/deali\/wp-json\/wp\/v2\/comments?post=28"}],"version-history":[{"count":0,"href":"https:\/\/www3.unicentro.br\/deali\/wp-json\/wp\/v2\/pages\/28\/revisions"}],"wp:attachment":[{"href":"https:\/\/www3.unicentro.br\/deali\/wp-json\/wp\/v2\/media?parent=28"}],"curies":[{"name":"wp","href":"https:\/\/api.w.org\/{rel}","templated":true}]}}