{"id":26,"date":"2021-03-19T17:54:09","date_gmt":"2021-03-19T20:54:09","guid":{"rendered":"https:\/\/www3.unicentro.br\/deali\/?page_id=26"},"modified":"2022-05-19T13:25:30","modified_gmt":"2022-05-19T16:25:30","slug":"laboratorios","status":"publish","type":"page","link":"https:\/\/www3.unicentro.br\/deali\/curso\/laboratorios\/","title":{"rendered":"Laborat\u00f3rios"},"content":{"rendered":"<div class=\"wpb-content-wrapper\"><p>[vc_row][vc_column][vc_column_text]<span style=\"font-size: 14pt\"><strong>Laborat\u00f3rio de An\u00e1lise de Alimentos<\/strong><\/span><\/p>\n<p><span style=\"font-size: 14pt\"><strong><img loading=\"lazy\" decoding=\"async\" class=\"alignnone  wp-image-203\" src=\"https:\/\/www3.unicentro.br\/deali\/wp-content\/uploads\/sites\/119\/2022\/05\/analise.jpg\" alt=\"\" width=\"620\" height=\"349\" srcset=\"https:\/\/www3.unicentro.br\/deali\/wp-content\/uploads\/sites\/119\/2022\/05\/analise.jpg 2000w, https:\/\/www3.unicentro.br\/deali\/wp-content\/uploads\/sites\/119\/2022\/05\/analise-768x432.jpg 768w, https:\/\/www3.unicentro.br\/deali\/wp-content\/uploads\/sites\/119\/2022\/05\/analise-1536x864.jpg 1536w, https:\/\/www3.unicentro.br\/deali\/wp-content\/uploads\/sites\/119\/2022\/05\/analise-255x143.jpg 255w\" sizes=\"auto, (max-width: 620px) 100vw, 620px\" \/><\/strong><\/span><\/p>\n<p><span style=\"font-size: 14pt\"><strong>Laborat\u00f3rio de An\u00e1lise Sensorial<\/strong><\/span><\/p>\n<p><span style=\"font-size: 14pt\"><strong><img loading=\"lazy\" decoding=\"async\" class=\"alignnone wp-image-200 \" src=\"https:\/\/www3.unicentro.br\/deali\/wp-content\/uploads\/sites\/119\/2022\/05\/sensorial.jpg\" alt=\"Laboratorio Analise Sensorial\" width=\"621\" height=\"348\" srcset=\"https:\/\/www3.unicentro.br\/deali\/wp-content\/uploads\/sites\/119\/2022\/05\/sensorial.jpg 2000w, https:\/\/www3.unicentro.br\/deali\/wp-content\/uploads\/sites\/119\/2022\/05\/sensorial-768x430.jpg 768w, https:\/\/www3.unicentro.br\/deali\/wp-content\/uploads\/sites\/119\/2022\/05\/sensorial-1536x859.jpg 1536w, https:\/\/www3.unicentro.br\/deali\/wp-content\/uploads\/sites\/119\/2022\/05\/sensorial-255x143.jpg 255w\" sizes=\"auto, (max-width: 621px) 100vw, 621px\" \/><\/strong><\/span><\/p>\n<p><strong><span style=\"font-size: 14pt\">Laborat\u00f3rio de Microbiologia de Alimentos<\/span><\/strong><\/p>\n<p><strong><span style=\"font-size: 14pt\"><img loading=\"lazy\" decoding=\"async\" class=\"alignnone  wp-image-207\" src=\"https:\/\/www3.unicentro.br\/deali\/wp-content\/uploads\/sites\/119\/2022\/05\/micro.jpg\" alt=\"\" width=\"620\" height=\"349\" srcset=\"https:\/\/www3.unicentro.br\/deali\/wp-content\/uploads\/sites\/119\/2022\/05\/micro.jpg 2000w, https:\/\/www3.unicentro.br\/deali\/wp-content\/uploads\/sites\/119\/2022\/05\/micro-768x432.jpg 768w, https:\/\/www3.unicentro.br\/deali\/wp-content\/uploads\/sites\/119\/2022\/05\/micro-1536x864.jpg 1536w, https:\/\/www3.unicentro.br\/deali\/wp-content\/uploads\/sites\/119\/2022\/05\/micro-255x143.jpg 255w\" sizes=\"auto, (max-width: 620px) 100vw, 620px\" \/><\/span><\/strong><\/p>\n<p><strong><span style=\"font-size: 14pt\">Usina de Carnes<\/span><\/strong><\/p>\n<p><strong><span style=\"font-size: 14pt\"><img loading=\"lazy\" decoding=\"async\" class=\"alignnone  wp-image-201\" src=\"https:\/\/www3.unicentro.br\/deali\/wp-content\/uploads\/sites\/119\/2022\/05\/usina-carnes.jpeg\" alt=\"\" width=\"620\" height=\"464\" srcset=\"https:\/\/www3.unicentro.br\/deali\/wp-content\/uploads\/sites\/119\/2022\/05\/usina-carnes.jpeg 1600w, https:\/\/www3.unicentro.br\/deali\/wp-content\/uploads\/sites\/119\/2022\/05\/usina-carnes-768x574.jpeg 768w, https:\/\/www3.unicentro.br\/deali\/wp-content\/uploads\/sites\/119\/2022\/05\/usina-carnes-1536x1148.jpeg 1536w, https:\/\/www3.unicentro.br\/deali\/wp-content\/uploads\/sites\/119\/2022\/05\/usina-carnes-400x300.jpeg 400w, https:\/\/www3.unicentro.br\/deali\/wp-content\/uploads\/sites\/119\/2022\/05\/usina-carnes-800x600.jpeg 800w, https:\/\/www3.unicentro.br\/deali\/wp-content\/uploads\/sites\/119\/2022\/05\/usina-carnes-1200x900.jpeg 1200w, https:\/\/www3.unicentro.br\/deali\/wp-content\/uploads\/sites\/119\/2022\/05\/usina-carnes-255x191.jpeg 255w\" sizes=\"auto, (max-width: 620px) 100vw, 620px\" \/><\/span><\/strong><\/p>\n<p><strong><span style=\"font-size: 14pt\">Usina de Leite e Derivados<\/span><\/strong><\/p>\n<p><strong><span style=\"font-size: 14pt\"><img loading=\"lazy\" decoding=\"async\" class=\"alignnone  wp-image-205\" src=\"https:\/\/www3.unicentro.br\/deali\/wp-content\/uploads\/sites\/119\/2022\/05\/leites.jpg\" alt=\"\" width=\"620\" height=\"465\" srcset=\"https:\/\/www3.unicentro.br\/deali\/wp-content\/uploads\/sites\/119\/2022\/05\/leites.jpg 1600w, https:\/\/www3.unicentro.br\/deali\/wp-content\/uploads\/sites\/119\/2022\/05\/leites-768x576.jpg 768w, https:\/\/www3.unicentro.br\/deali\/wp-content\/uploads\/sites\/119\/2022\/05\/leites-1536x1152.jpg 1536w, https:\/\/www3.unicentro.br\/deali\/wp-content\/uploads\/sites\/119\/2022\/05\/leites-400x300.jpg 400w, https:\/\/www3.unicentro.br\/deali\/wp-content\/uploads\/sites\/119\/2022\/05\/leites-800x600.jpg 800w, https:\/\/www3.unicentro.br\/deali\/wp-content\/uploads\/sites\/119\/2022\/05\/leites-1200x900.jpg 1200w, https:\/\/www3.unicentro.br\/deali\/wp-content\/uploads\/sites\/119\/2022\/05\/leites-255x191.jpg 255w\" sizes=\"auto, (max-width: 620px) 100vw, 620px\" \/><\/span><\/strong><\/p>\n<p><strong><span style=\"font-size: 14pt\">Laborat\u00f3rio de Engenharia de Processos<\/span><\/strong><\/p>\n<p>&nbsp;<\/p>\n<p><strong><span style=\"font-size: 14pt\">Usina de Panifica\u00e7\u00e3o<\/span><\/strong><\/p>\n<p><img loading=\"lazy\" decoding=\"async\" class=\"alignnone  wp-image-204\" src=\"https:\/\/www3.unicentro.br\/deali\/wp-content\/uploads\/sites\/119\/2022\/05\/pani.jpg\" alt=\"\" width=\"620\" height=\"466\" srcset=\"https:\/\/www3.unicentro.br\/deali\/wp-content\/uploads\/sites\/119\/2022\/05\/pani.jpg 1600w, https:\/\/www3.unicentro.br\/deali\/wp-content\/uploads\/sites\/119\/2022\/05\/pani-768x576.jpg 768w, https:\/\/www3.unicentro.br\/deali\/wp-content\/uploads\/sites\/119\/2022\/05\/pani-1536x1152.jpg 1536w, https:\/\/www3.unicentro.br\/deali\/wp-content\/uploads\/sites\/119\/2022\/05\/pani-400x300.jpg 400w, https:\/\/www3.unicentro.br\/deali\/wp-content\/uploads\/sites\/119\/2022\/05\/pani-800x600.jpg 800w, https:\/\/www3.unicentro.br\/deali\/wp-content\/uploads\/sites\/119\/2022\/05\/pani-1200x900.jpg 1200w, https:\/\/www3.unicentro.br\/deali\/wp-content\/uploads\/sites\/119\/2022\/05\/pani-255x191.jpg 255w\" sizes=\"auto, (max-width: 620px) 100vw, 620px\" \/><\/p>\n<\/div>","protected":false},"excerpt":{"rendered":"<p>[vc_row][vc_column][vc_column_text]Laborat\u00f3rio de An\u00e1lise de Alimentos Laborat\u00f3rio de An\u00e1lise Sensorial Laborat\u00f3rio de Microbiologia de Alimentos Usina de Carnes Usina de Leite e Derivados Laborat\u00f3rio de Engenharia de Processos &nbsp; Usina de Panifica\u00e7\u00e3o<\/p>\n","protected":false},"author":3,"featured_media":0,"parent":22,"menu_order":0,"comment_status":"closed","ping_status":"closed","template":"","meta":{"_exactmetrics_skip_tracking":false,"_exactmetrics_sitenote_active":false,"_exactmetrics_sitenote_note":"","_exactmetrics_sitenote_category":0,"footnotes":"","_links_to":"","_links_to_target":""},"class_list":["post-26","page","type-page","status-publish","hentry"],"_links":{"self":[{"href":"https:\/\/www3.unicentro.br\/deali\/wp-json\/wp\/v2\/pages\/26","targetHints":{"allow":["GET"]}}],"collection":[{"href":"https:\/\/www3.unicentro.br\/deali\/wp-json\/wp\/v2\/pages"}],"about":[{"href":"https:\/\/www3.unicentro.br\/deali\/wp-json\/wp\/v2\/types\/page"}],"author":[{"embeddable":true,"href":"https:\/\/www3.unicentro.br\/deali\/wp-json\/wp\/v2\/users\/3"}],"replies":[{"embeddable":true,"href":"https:\/\/www3.unicentro.br\/deali\/wp-json\/wp\/v2\/comments?post=26"}],"version-history":[{"count":0,"href":"https:\/\/www3.unicentro.br\/deali\/wp-json\/wp\/v2\/pages\/26\/revisions"}],"up":[{"embeddable":true,"href":"https:\/\/www3.unicentro.br\/deali\/wp-json\/wp\/v2\/pages\/22"}],"wp:attachment":[{"href":"https:\/\/www3.unicentro.br\/deali\/wp-json\/wp\/v2\/media?parent=26"}],"curies":[{"name":"wp","href":"https:\/\/api.w.org\/{rel}","templated":true}]}}