{"id":135,"date":"2021-08-18T11:19:01","date_gmt":"2021-08-18T14:19:01","guid":{"rendered":"https:\/\/www3.unicentro.br\/deali\/?page_id=135"},"modified":"2023-04-19T13:23:37","modified_gmt":"2023-04-19T16:23:37","slug":"calendario","status":"publish","type":"page","link":"https:\/\/www3.unicentro.br\/deali\/calendario\/","title":{"rendered":"Calend\u00e1rio"},"content":{"rendered":"<p>Calend\u00e1rio Ano Letivo de 2023<\/p>\n<p>Datas importantes:<\/p>\n<p>08 a 11\/04\/2023: renova\u00e7\u00e3o de matr\u00edcula on line<\/p>\n<p>15\/05\/2023 : in\u00edcio do 1\u00ba semestre<\/p>\n<p>23\/09\/2023: Encerramento do 1\u00ba semestre (disciplinas anuais e semestrais)<\/p>\n<p>02\/10\/2023: in\u00edcio do 2\u00ba semestre<\/p>\n<p>23\/12\/2022 a 21\/01\/2024: Recesso pedag\u00f3gico<\/p>\n<p>15\/03\/2023: Encerramento do 2\u00ba semestre (disciplinas anuais e semestrais)<\/p>\n<p>Para o calend\u00e1rio completo acesse:<\/p>\n<p><a href=\"https:\/\/sgu.unicentro.br\/pcatooficiais\/imprimir\/9F175334\">Resolu\u00e7\u00e3o n\u00b002\/2023-CEPE-CAD\/UNICENTRO<\/a><\/p>\n","protected":false},"excerpt":{"rendered":"<p>Calend\u00e1rio Ano Letivo de 2023 Datas importantes: 08 a 11\/04\/2023: renova\u00e7\u00e3o de matr\u00edcula on line 15\/05\/2023 : in\u00edcio do 1\u00ba semestre 23\/09\/2023: Encerramento do 1\u00ba semestre (disciplinas anuais e semestrais) 02\/10\/2023: in\u00edcio do 2\u00ba semestre 23\/12\/2022 a 21\/01\/2024: Recesso pedag\u00f3gico 15\/03\/2023: Encerramento do 2\u00ba semestre (disciplinas anuais e semestrais) Para o calend\u00e1rio completo acesse: Resolu\u00e7\u00e3o [&hellip;]<\/p>\n","protected":false},"author":3,"featured_media":0,"parent":0,"menu_order":0,"comment_status":"closed","ping_status":"closed","template":"","meta":{"_exactmetrics_skip_tracking":false,"_exactmetrics_sitenote_active":false,"_exactmetrics_sitenote_note":"","_exactmetrics_sitenote_category":0,"footnotes":"","_links_to":"","_links_to_target":""},"class_list":["post-135","page","type-page","status-publish","hentry"],"_links":{"self":[{"href":"https:\/\/www3.unicentro.br\/deali\/wp-json\/wp\/v2\/pages\/135","targetHints":{"allow":["GET"]}}],"collection":[{"href":"https:\/\/www3.unicentro.br\/deali\/wp-json\/wp\/v2\/pages"}],"about":[{"href":"https:\/\/www3.unicentro.br\/deali\/wp-json\/wp\/v2\/types\/page"}],"author":[{"embeddable":true,"href":"https:\/\/www3.unicentro.br\/deali\/wp-json\/wp\/v2\/users\/3"}],"replies":[{"embeddable":true,"href":"https:\/\/www3.unicentro.br\/deali\/wp-json\/wp\/v2\/comments?post=135"}],"version-history":[{"count":0,"href":"https:\/\/www3.unicentro.br\/deali\/wp-json\/wp\/v2\/pages\/135\/revisions"}],"wp:attachment":[{"href":"https:\/\/www3.unicentro.br\/deali\/wp-json\/wp\/v2\/media?parent=135"}],"curies":[{"name":"wp","href":"https:\/\/api.w.org\/{rel}","templated":true}]}}