{"id":25,"date":"2021-07-29T14:55:32","date_gmt":"2021-07-29T17:55:32","guid":{"rendered":"https:\/\/www3.unicentro.br\/deadmi\/responsabilidade-social\/"},"modified":"2026-04-09T20:21:29","modified_gmt":"2026-04-09T23:21:29","slug":"responsabilidade-social","status":"publish","type":"page","link":"https:\/\/www3.unicentro.br\/deadmi\/responsabilidade-social\/","title":{"rendered":"Responsabilidade Social"},"content":{"rendered":"<div class=\"wpb-content-wrapper\"><p>[vc_row][vc_column][vc_column_text css=&#8221;&#8221;]<\/p>\n<ul>\n<li><a href=\"https:\/\/sgu.unicentro.br\/pcatooficiais\/imprimir\/5A80C838\"><strong>Resolu\u00e7\u00e3o n.\u00ba 13\/2021-Conset\/Sesa\/I\/Unicentro<\/strong> &#8211; Aprova o Regulamento de Atividades Complementares de Responsabilidade Social do Curso de Gradua\u00e7\u00e3o em Administra\u00e7\u00e3o, do Campus de Irati, Unicentro<\/a><\/li>\n<\/ul>\n<p>[\/vc_column_text][\/vc_column][\/vc_row]<\/p>\n<\/div>","protected":false},"excerpt":{"rendered":"<p>[vc_row][vc_column][vc_column_text css=&#8221;&#8221;] Resolu\u00e7\u00e3o n.\u00ba 13\/2021-Conset\/Sesa\/I\/Unicentro &#8211; Aprova o Regulamento de Atividades Complementares de Responsabilidade Social do Curso de Gradua\u00e7\u00e3o em Administra\u00e7\u00e3o, do Campus de Irati, Unicentro [\/vc_column_text][\/vc_column][\/vc_row]<\/p>\n","protected":false},"author":3,"featured_media":0,"parent":0,"menu_order":0,"comment_status":"closed","ping_status":"closed","template":"","meta":{"_exactmetrics_skip_tracking":false,"_exactmetrics_sitenote_active":false,"_exactmetrics_sitenote_note":"","_exactmetrics_sitenote_category":0,"footnotes":"","_links_to":"","_links_to_target":""},"class_list":["post-25","page","type-page","status-publish","hentry"],"_links":{"self":[{"href":"https:\/\/www3.unicentro.br\/deadmi\/wp-json\/wp\/v2\/pages\/25","targetHints":{"allow":["GET"]}}],"collection":[{"href":"https:\/\/www3.unicentro.br\/deadmi\/wp-json\/wp\/v2\/pages"}],"about":[{"href":"https:\/\/www3.unicentro.br\/deadmi\/wp-json\/wp\/v2\/types\/page"}],"author":[{"embeddable":true,"href":"https:\/\/www3.unicentro.br\/deadmi\/wp-json\/wp\/v2\/users\/3"}],"replies":[{"embeddable":true,"href":"https:\/\/www3.unicentro.br\/deadmi\/wp-json\/wp\/v2\/comments?post=25"}],"version-history":[{"count":2,"href":"https:\/\/www3.unicentro.br\/deadmi\/wp-json\/wp\/v2\/pages\/25\/revisions"}],"predecessor-version":[{"id":190,"href":"https:\/\/www3.unicentro.br\/deadmi\/wp-json\/wp\/v2\/pages\/25\/revisions\/190"}],"wp:attachment":[{"href":"https:\/\/www3.unicentro.br\/deadmi\/wp-json\/wp\/v2\/media?parent=25"}],"curies":[{"name":"wp","href":"https:\/\/api.w.org\/{rel}","templated":true}]}}