{"id":24,"date":"2021-07-29T14:55:32","date_gmt":"2021-07-29T17:55:32","guid":{"rendered":"https:\/\/www3.unicentro.br\/deadmi\/estagio-curricular-supervisionado\/"},"modified":"2026-04-09T20:18:17","modified_gmt":"2026-04-09T23:18:17","slug":"estagio-curricular-supervisionado","status":"publish","type":"page","link":"https:\/\/www3.unicentro.br\/deadmi\/estagio-curricular-supervisionado\/","title":{"rendered":"Est\u00e1gio Curricular Supervisionado"},"content":{"rendered":"<div class=\"wpb-content-wrapper\"><p>[vc_row][vc_column][vc_column_text css=&#8221;&#8221;]<\/p>\n<ul>\n<li style=\"list-style-type: none\">\n<ul>\n<li style=\"list-style-type: none\">\n<ul>\n<li><a href=\"https:\/\/sgu.unicentro.br\/pcatooficiais\/imprimir\/F98C705E\"><strong>Resolu\u00e7\u00e3o n.\u00ba 14\/2021-Conset\/Sesa\/I\/Unicentro<\/strong>\u00a0&#8211; Aprova o Regulamento de Est\u00e1gio Supervisionado do Curso de Gradua\u00e7\u00e3o em Administra\u00e7\u00e3o, do Campus de Irati, Unicentro<\/a><\/li>\n<li><a href=\"https:\/\/sgu.unicentro.br\/pcatooficiais\/imprimir\/82A46BD0\"><strong>Resolu\u00e7\u00e3o n.\u00ba 5\/2021-Conset\/Sesa\/I\/Unicentro<\/strong> &#8211; Altera dispositivos do Regulamento complementar e extraordin\u00e1rio do Est\u00e1gio Supervisionado de Gradua\u00e7\u00e3o do Curso de Administra\u00e7\u00e3o da Unicentro, Campus Irati, no per\u00edodo de atividades n\u00e3o presenciais, aprovado pela Resolu\u00e7\u00e3o n\u00ba 25\/2020-Conset\/Sesa\/I\/Unicentro<\/a><\/li>\n<\/ul>\n<\/li>\n<\/ul>\n<\/li>\n<\/ul>\n<p>[\/vc_column_text][\/vc_column][\/vc_row]<\/p>\n<\/div>","protected":false},"excerpt":{"rendered":"<p>[vc_row][vc_column][vc_column_text css=&#8221;&#8221;] Resolu\u00e7\u00e3o n.\u00ba 14\/2021-Conset\/Sesa\/I\/Unicentro\u00a0&#8211; Aprova o Regulamento de Est\u00e1gio Supervisionado do Curso de Gradua\u00e7\u00e3o em Administra\u00e7\u00e3o, do Campus de Irati, Unicentro Resolu\u00e7\u00e3o n.\u00ba 5\/2021-Conset\/Sesa\/I\/Unicentro &#8211; Altera dispositivos do Regulamento complementar e extraordin\u00e1rio do Est\u00e1gio Supervisionado de Gradua\u00e7\u00e3o do Curso de Administra\u00e7\u00e3o da Unicentro, Campus Irati, no per\u00edodo de atividades n\u00e3o presenciais, aprovado pela Resolu\u00e7\u00e3o [&hellip;]<\/p>\n","protected":false},"author":3,"featured_media":0,"parent":0,"menu_order":0,"comment_status":"closed","ping_status":"closed","template":"","meta":{"_exactmetrics_skip_tracking":false,"_exactmetrics_sitenote_active":false,"_exactmetrics_sitenote_note":"","_exactmetrics_sitenote_category":0,"footnotes":"","_links_to":"","_links_to_target":""},"class_list":["post-24","page","type-page","status-publish","hentry"],"_links":{"self":[{"href":"https:\/\/www3.unicentro.br\/deadmi\/wp-json\/wp\/v2\/pages\/24","targetHints":{"allow":["GET"]}}],"collection":[{"href":"https:\/\/www3.unicentro.br\/deadmi\/wp-json\/wp\/v2\/pages"}],"about":[{"href":"https:\/\/www3.unicentro.br\/deadmi\/wp-json\/wp\/v2\/types\/page"}],"author":[{"embeddable":true,"href":"https:\/\/www3.unicentro.br\/deadmi\/wp-json\/wp\/v2\/users\/3"}],"replies":[{"embeddable":true,"href":"https:\/\/www3.unicentro.br\/deadmi\/wp-json\/wp\/v2\/comments?post=24"}],"version-history":[{"count":4,"href":"https:\/\/www3.unicentro.br\/deadmi\/wp-json\/wp\/v2\/pages\/24\/revisions"}],"predecessor-version":[{"id":188,"href":"https:\/\/www3.unicentro.br\/deadmi\/wp-json\/wp\/v2\/pages\/24\/revisions\/188"}],"wp:attachment":[{"href":"https:\/\/www3.unicentro.br\/deadmi\/wp-json\/wp\/v2\/media?parent=24"}],"curies":[{"name":"wp","href":"https:\/\/api.w.org\/{rel}","templated":true}]}}