{"id":21,"date":"2021-07-29T14:55:32","date_gmt":"2021-07-29T17:55:32","guid":{"rendered":"https:\/\/www3.unicentro.br\/deadmi\/contato\/"},"modified":"2026-04-09T16:59:58","modified_gmt":"2026-04-09T19:59:58","slug":"contato","status":"publish","type":"page","link":"https:\/\/www3.unicentro.br\/deadmi\/contato\/","title":{"rendered":"Contato"},"content":{"rendered":"<div class=\"wpb-content-wrapper\"><p>[vc_row][vc_column][vc_column_text css=&#8221;&#8221;]E-mail: <a href=\"mailto:deadm_unicentro@yahoo.com.br\">deadm_unicentro@yahoo.com.br<\/a><\/p>\n<p>Fones: (42) 3421-3042 ou 3421-3019<\/p>\n<p>WhatsApp Administra\u00e7\u00e3o Irati: (42) 3421-3042<\/p>\n<p>WhatsApp Administra\u00e7\u00e3o Prudent\u00f3polis: (42) 3421-3142<\/p>\n<p>[\/vc_column_text][\/vc_column][\/vc_row]<\/p>\n<\/div>","protected":false},"excerpt":{"rendered":"<p>[vc_row][vc_column][vc_column_text css=&#8221;&#8221;]E-mail: deadm_unicentro@yahoo.com.br Fones: (42) 3421-3042 ou 3421-3019 WhatsApp Administra\u00e7\u00e3o Irati: (42) 3421-3042 WhatsApp Administra\u00e7\u00e3o Prudent\u00f3polis: (42) 3421-3142 [\/vc_column_text][\/vc_column][\/vc_row]<\/p>\n","protected":false},"author":3,"featured_media":0,"parent":0,"menu_order":0,"comment_status":"closed","ping_status":"closed","template":"","meta":{"_exactmetrics_skip_tracking":false,"_exactmetrics_sitenote_active":false,"_exactmetrics_sitenote_note":"","_exactmetrics_sitenote_category":0,"footnotes":"","_links_to":"","_links_to_target":""},"class_list":["post-21","page","type-page","status-publish","hentry"],"_links":{"self":[{"href":"https:\/\/www3.unicentro.br\/deadmi\/wp-json\/wp\/v2\/pages\/21","targetHints":{"allow":["GET"]}}],"collection":[{"href":"https:\/\/www3.unicentro.br\/deadmi\/wp-json\/wp\/v2\/pages"}],"about":[{"href":"https:\/\/www3.unicentro.br\/deadmi\/wp-json\/wp\/v2\/types\/page"}],"author":[{"embeddable":true,"href":"https:\/\/www3.unicentro.br\/deadmi\/wp-json\/wp\/v2\/users\/3"}],"replies":[{"embeddable":true,"href":"https:\/\/www3.unicentro.br\/deadmi\/wp-json\/wp\/v2\/comments?post=21"}],"version-history":[{"count":1,"href":"https:\/\/www3.unicentro.br\/deadmi\/wp-json\/wp\/v2\/pages\/21\/revisions"}],"predecessor-version":[{"id":155,"href":"https:\/\/www3.unicentro.br\/deadmi\/wp-json\/wp\/v2\/pages\/21\/revisions\/155"}],"wp:attachment":[{"href":"https:\/\/www3.unicentro.br\/deadmi\/wp-json\/wp\/v2\/media?parent=21"}],"curies":[{"name":"wp","href":"https:\/\/api.w.org\/{rel}","templated":true}]}}