{"id":200,"date":"2026-04-09T20:57:02","date_gmt":"2026-04-09T23:57:02","guid":{"rendered":"https:\/\/www3.unicentro.br\/deadmi\/?page_id=200"},"modified":"2026-04-09T20:59:37","modified_gmt":"2026-04-09T23:59:37","slug":"manual-do-estudante","status":"publish","type":"page","link":"https:\/\/www3.unicentro.br\/deadmi\/inicial\/manual-do-estudante\/","title":{"rendered":"Manual do Estudante"},"content":{"rendered":"<div class=\"wpb-content-wrapper\"><p>[vc_row][vc_column][vc_column_text]<a href=\"https:\/\/drive.google.com\/file\/d\/1o15senlziBiR9NAFq__9A-HWZre6zbY8\/view?usp=sharing\">Manual do Estudante &#8211; Curso de Administra\u00e7\u00e3o &#8211; Matriz 2020.<\/a><\/p>\n<p><a href=\"https:\/\/drive.google.com\/file\/d\/1VWQVhTmYUfJJCwdI6ex_OCDnOavefbXK\/view?usp=sharing\">Manual do Estudante &#8211; Curso de Administra\u00e7\u00e3o &#8211; Matriz 2026.<\/a>[\/vc_column_text][\/vc_column][\/vc_row]<\/p>\n<\/div>","protected":false},"excerpt":{"rendered":"<p>[vc_row][vc_column][vc_column_text]Manual do Estudante &#8211; Curso de Administra\u00e7\u00e3o &#8211; Matriz 2020. Manual do Estudante &#8211; Curso de Administra\u00e7\u00e3o &#8211; Matriz 2026.[\/vc_column_text][\/vc_column][\/vc_row]<\/p>\n","protected":false},"author":734,"featured_media":0,"parent":14,"menu_order":0,"comment_status":"closed","ping_status":"closed","template":"","meta":{"_exactmetrics_skip_tracking":false,"_exactmetrics_sitenote_active":false,"_exactmetrics_sitenote_note":"","_exactmetrics_sitenote_category":0,"footnotes":"","_links_to":"","_links_to_target":""},"class_list":["post-200","page","type-page","status-publish","hentry"],"_links":{"self":[{"href":"https:\/\/www3.unicentro.br\/deadmi\/wp-json\/wp\/v2\/pages\/200","targetHints":{"allow":["GET"]}}],"collection":[{"href":"https:\/\/www3.unicentro.br\/deadmi\/wp-json\/wp\/v2\/pages"}],"about":[{"href":"https:\/\/www3.unicentro.br\/deadmi\/wp-json\/wp\/v2\/types\/page"}],"author":[{"embeddable":true,"href":"https:\/\/www3.unicentro.br\/deadmi\/wp-json\/wp\/v2\/users\/734"}],"replies":[{"embeddable":true,"href":"https:\/\/www3.unicentro.br\/deadmi\/wp-json\/wp\/v2\/comments?post=200"}],"version-history":[{"count":2,"href":"https:\/\/www3.unicentro.br\/deadmi\/wp-json\/wp\/v2\/pages\/200\/revisions"}],"predecessor-version":[{"id":202,"href":"https:\/\/www3.unicentro.br\/deadmi\/wp-json\/wp\/v2\/pages\/200\/revisions\/202"}],"up":[{"embeddable":true,"href":"https:\/\/www3.unicentro.br\/deadmi\/wp-json\/wp\/v2\/pages\/14"}],"wp:attachment":[{"href":"https:\/\/www3.unicentro.br\/deadmi\/wp-json\/wp\/v2\/media?parent=200"}],"curies":[{"name":"wp","href":"https:\/\/api.w.org\/{rel}","templated":true}]}}