{"id":20,"date":"2021-07-29T14:55:32","date_gmt":"2021-07-29T17:55:32","guid":{"rendered":"https:\/\/www3.unicentro.br\/deadmi\/links-de-interesse\/"},"modified":"2022-06-08T08:31:53","modified_gmt":"2022-06-08T11:31:53","slug":"links-de-interesse","status":"publish","type":"page","link":"https:\/\/www3.unicentro.br\/deadmi\/links-de-interesse\/","title":{"rendered":"Links de Interesse"},"content":{"rendered":"<ul>\n<li><a href=\"https:\/\/cfa.org.br\/\" target=\"_blank\" rel=\"noopener\">Conselho Federal de Administra\u00e7\u00e3o\/CFA<\/a><\/li>\n<li><a href=\"https:\/\/cra-pr.org.br\/\" target=\"_blank\" rel=\"noopener\">Conselho Regional de Administra\u00e7\u00e3o-Paran\u00e1\/CRA<\/a><\/li>\n<li><a href=\"http:\/\/www.spell.org.br\/\" target=\"_blank\" rel=\"noopener\">Spell\/Anpad<\/a><\/li>\n<li><a href=\"https:\/\/www.scielo.br\/\" target=\"_blank\" rel=\"noopener\">Scielo\/Brasil<\/a><\/li>\n<li><a href=\"https:\/\/www.gov.br\/cnpq\/pt-br\" target=\"_blank\" rel=\"noopener\">Conselho Nacional de Desenvolvimento Cient\u00edfico e Tecnol\u00f3gico\/Cnpq<\/a><\/li>\n<li><a href=\"https:\/\/www.gov.br\/capes\/pt-br\" target=\"_blank\" rel=\"noopener\">Coordena\u00e7\u00e3o de Aperfei\u00e7oamento de Pessoal de N\u00edvel Superior\/Capes<\/a><\/li>\n<li><a href=\"https:\/\/www.fappr.pr.gov.br\/\" target=\"_blank\" rel=\"noopener\">Funda\u00e7\u00e3o Arauc\u00e1ria<\/a><\/li>\n<\/ul>\n","protected":false},"excerpt":{"rendered":"<p>Conselho Federal de Administra\u00e7\u00e3o\/CFA Conselho Regional de Administra\u00e7\u00e3o-Paran\u00e1\/CRA Spell\/Anpad Scielo\/Brasil Conselho Nacional de Desenvolvimento Cient\u00edfico e Tecnol\u00f3gico\/Cnpq Coordena\u00e7\u00e3o de Aperfei\u00e7oamento de Pessoal de N\u00edvel Superior\/Capes Funda\u00e7\u00e3o Arauc\u00e1ria<\/p>\n","protected":false},"author":3,"featured_media":0,"parent":0,"menu_order":0,"comment_status":"closed","ping_status":"closed","template":"","meta":{"_exactmetrics_skip_tracking":false,"_exactmetrics_sitenote_active":false,"_exactmetrics_sitenote_note":"","_exactmetrics_sitenote_category":0,"footnotes":"","_links_to":"","_links_to_target":""},"class_list":["post-20","page","type-page","status-publish","hentry"],"_links":{"self":[{"href":"https:\/\/www3.unicentro.br\/deadmi\/wp-json\/wp\/v2\/pages\/20","targetHints":{"allow":["GET"]}}],"collection":[{"href":"https:\/\/www3.unicentro.br\/deadmi\/wp-json\/wp\/v2\/pages"}],"about":[{"href":"https:\/\/www3.unicentro.br\/deadmi\/wp-json\/wp\/v2\/types\/page"}],"author":[{"embeddable":true,"href":"https:\/\/www3.unicentro.br\/deadmi\/wp-json\/wp\/v2\/users\/3"}],"replies":[{"embeddable":true,"href":"https:\/\/www3.unicentro.br\/deadmi\/wp-json\/wp\/v2\/comments?post=20"}],"version-history":[{"count":0,"href":"https:\/\/www3.unicentro.br\/deadmi\/wp-json\/wp\/v2\/pages\/20\/revisions"}],"wp:attachment":[{"href":"https:\/\/www3.unicentro.br\/deadmi\/wp-json\/wp\/v2\/media?parent=20"}],"curies":[{"name":"wp","href":"https:\/\/api.w.org\/{rel}","templated":true}]}}