{"id":17,"date":"2021-07-29T14:55:32","date_gmt":"2021-07-29T17:55:32","guid":{"rendered":"https:\/\/www3.unicentro.br\/deadmi\/coordenacao\/"},"modified":"2026-04-09T19:47:43","modified_gmt":"2026-04-09T22:47:43","slug":"coordenacao","status":"publish","type":"page","link":"https:\/\/www3.unicentro.br\/deadmi\/coordenacao\/","title":{"rendered":"Coordena\u00e7\u00e3o Acad\u00eamica \/ Administrativo"},"content":{"rendered":"<div class=\"wpb-content-wrapper\"><p>[vc_row][vc_column][vc_column_text css=&#8221;&#8221;]<\/p>\n<p style=\"text-align: justify\" align=\"center\"><a href=\"https:\/\/www3.unicentro.br\/docentes\/cesar-renato-ferreira-da-costa\/\">Cesar Renato Ferreira da Costa<\/a><\/p>\n<p style=\"text-align: justify\" align=\"center\"><b>Chefe do Departamento<\/b><\/p>\n<p style=\"text-align: justify\" align=\"center\"><a href=\"https:\/\/www3.unicentro.br\/docentes\/flavia-massuga\/\">Flavia Massuga<\/a><\/p>\n<p style=\"text-align: justify\" align=\"center\"><b>Vice-Chefia do Departamento<\/b><\/p>\n<hr \/>\n<p style=\"text-align: justify\"><a href=\"https:\/\/www3.unicentro.br\/docentes\/carla-cristiane-sokulski\/\">Carla Cristiane Sokulski<\/a><\/p>\n<p style=\"text-align: justify\"><strong>Coordenadora do curso de Administra\u00e7\u00e3o &#8211; Campus Avan\u00e7ado de Prudent\u00f3polis<\/strong><\/p>\n<hr \/>\n<p style=\"text-align: justify\"><a href=\"lmichalowski@unicentro.br\">Let\u00edcia Michalowski<\/a><\/p>\n<p style=\"text-align: justify\"><strong>T\u00e9cnico Administrativo<\/strong><\/p>\n<p>[\/vc_column_text][\/vc_column][\/vc_row]<\/p>\n<\/div>","protected":false},"excerpt":{"rendered":"<p>[vc_row][vc_column][vc_column_text css=&#8221;&#8221;] Cesar Renato Ferreira da Costa Chefe do Departamento Flavia Massuga Vice-Chefia do Departamento Carla Cristiane Sokulski Coordenadora do curso de Administra\u00e7\u00e3o &#8211; Campus Avan\u00e7ado de Prudent\u00f3polis Let\u00edcia Michalowski T\u00e9cnico Administrativo [\/vc_column_text][\/vc_column][\/vc_row]<\/p>\n","protected":false},"author":3,"featured_media":0,"parent":0,"menu_order":0,"comment_status":"closed","ping_status":"closed","template":"","meta":{"_exactmetrics_skip_tracking":false,"_exactmetrics_sitenote_active":false,"_exactmetrics_sitenote_note":"","_exactmetrics_sitenote_category":0,"footnotes":"","_links_to":"","_links_to_target":""},"class_list":["post-17","page","type-page","status-publish","hentry"],"_links":{"self":[{"href":"https:\/\/www3.unicentro.br\/deadmi\/wp-json\/wp\/v2\/pages\/17","targetHints":{"allow":["GET"]}}],"collection":[{"href":"https:\/\/www3.unicentro.br\/deadmi\/wp-json\/wp\/v2\/pages"}],"about":[{"href":"https:\/\/www3.unicentro.br\/deadmi\/wp-json\/wp\/v2\/types\/page"}],"author":[{"embeddable":true,"href":"https:\/\/www3.unicentro.br\/deadmi\/wp-json\/wp\/v2\/users\/3"}],"replies":[{"embeddable":true,"href":"https:\/\/www3.unicentro.br\/deadmi\/wp-json\/wp\/v2\/comments?post=17"}],"version-history":[{"count":3,"href":"https:\/\/www3.unicentro.br\/deadmi\/wp-json\/wp\/v2\/pages\/17\/revisions"}],"predecessor-version":[{"id":171,"href":"https:\/\/www3.unicentro.br\/deadmi\/wp-json\/wp\/v2\/pages\/17\/revisions\/171"}],"wp:attachment":[{"href":"https:\/\/www3.unicentro.br\/deadmi\/wp-json\/wp\/v2\/media?parent=17"}],"curies":[{"name":"wp","href":"https:\/\/api.w.org\/{rel}","templated":true}]}}