{"id":15,"date":"2021-07-29T14:55:32","date_gmt":"2021-07-29T17:55:32","guid":{"rendered":"https:\/\/www3.unicentro.br\/deadmi\/historico\/"},"modified":"2026-04-17T18:44:09","modified_gmt":"2026-04-17T21:44:09","slug":"historico","status":"publish","type":"page","link":"https:\/\/www3.unicentro.br\/deadmi\/historico\/","title":{"rendered":"Hist\u00f3rico"},"content":{"rendered":"<div class=\"wpb-content-wrapper\"><p>[vc_row][vc_column][vc_column_text css=&#8221;&#8221;]<\/p>\n<p style=\"text-align: justify\">O curso de Administra\u00e7\u00e3o da Universidade Estadual do Centro-Oeste \u2013 UNICENTRO, Campus Irati, teve sua primeira oferta de vagas, em regime de extens\u00e3o do Curso de Administra\u00e7\u00e3o do Campus Santa Cruz, no ano de 2000. A autoriza\u00e7\u00e3o para a oferta de vagas do curso se deu pela Resolu\u00e7\u00e3o n.\u00ba 002\/99-COU\/UNICENTRO, de 25 de junho de 1999.<\/p>\n<p style=\"text-align: justify\">No ano de 2002, por meio da Resolu\u00e7\u00e3o n.\u00ba 025\/2002-COU\/UNICENTRO, de 13 de junho de 2002, as vagas ofertadas tornaram-se permanentes. A partir destas a\u00e7\u00f5es inicia-se o processo de cria\u00e7\u00e3o do permanente do curso de Administra\u00e7\u00e3o no Campus de Irati. A Resolu\u00e7\u00e3o n.\u00ba 033\/2003-GR\/UNICENTRO, de 30 de outubro de 2003, instala o Departamento de Administra\u00e7\u00e3o, DEADM\/I. Ent\u00e3o o curso \u00e9 criado em 2004.<\/p>\n<p style=\"text-align: justify\">Os seguintes Atos Oficiais regulamentam a sequ\u00eancia hist\u00f3ria do curso: I) Portaria n.\u00ba 328\/1984-Minist\u00e9rio da Educa\u00e7\u00e3o e Cultura \u2013 Reconhecimento do curso; II) Decreto n\u00ba 3218\/2004-Di\u00e1rio Oficial PR \u2013 Autoriza\u00e7\u00e3o de funcionamento do curso. O Projeto Pedag\u00f3gico do Curso \u00e9 aprovado no \u00e2mbito da Unicentro pela Resolu\u00e7\u00e3o n.\u00ba 05\/2025-CEPE\/UNICENTRO, 08 de maio de 2025. No ano de 2020, ap\u00f3s um per\u00edodo de planejamento do Conselho Departamental de Administra\u00e7\u00e3o \u2013 CONDEP\/DEADM\/I, o curso se tornou semestral, conforme Resolu\u00e7\u00e3o N.\u00ba 23-CEPE\/UNICENTRO, de 31 de mar\u00e7o de 2020. O Projeto Pol\u00edtico Pedag\u00f3gico &#8211; PPP aprovado em 2020 corresponde \u00e0 atual forma de oferta do curso.<\/p>\n<p style=\"text-align: justify\">O curso passou ainda por processos de renova\u00e7\u00e3o do reconhecimento de acordo com os seguintes atos oficiais: III) Decreto n\u00ba 6760\/2010-Di\u00e1rio Oficial PR \u2013 Renova\u00e7\u00e3o do reconhecimento do curso; e IV) Decreto n.\u00ba 1693\/2015-Di\u00e1rio Oficial PR \u2013 Renova\u00e7\u00e3o do reconhecimento do curso.<\/p>\n<p style=\"text-align: justify\">O curso, para a obten\u00e7\u00e3o do grau de bacharel em Administra\u00e7\u00e3o, exige, al\u00e9m do cumprimento das disciplinas da matriz curricular, atividades acad\u00eamicas complementares, atividades de responsabilidade social e atividades de est\u00e1gio supervisionado. Atualmente o curso Bacharelado em Administra\u00e7\u00e3o da UNICENTRO, Campus Irati, est\u00e1 classificado com conceito 4 no ENADE.<\/p>\n<p>[\/vc_column_text][\/vc_column][\/vc_row]<\/p>\n<\/div>","protected":false},"excerpt":{"rendered":"<p>[vc_row][vc_column][vc_column_text css=&#8221;&#8221;] O curso de Administra\u00e7\u00e3o da Universidade Estadual do Centro-Oeste \u2013 UNICENTRO, Campus Irati, teve sua primeira oferta de vagas, em regime de extens\u00e3o do Curso de Administra\u00e7\u00e3o do Campus Santa Cruz, no ano de 2000. A autoriza\u00e7\u00e3o para a oferta de vagas do curso se deu pela Resolu\u00e7\u00e3o n.\u00ba 002\/99-COU\/UNICENTRO, de 25 de [&hellip;]<\/p>\n","protected":false},"author":3,"featured_media":0,"parent":0,"menu_order":0,"comment_status":"closed","ping_status":"closed","template":"","meta":{"_exactmetrics_skip_tracking":false,"_exactmetrics_sitenote_active":false,"_exactmetrics_sitenote_note":"","_exactmetrics_sitenote_category":0,"footnotes":"","_links_to":"","_links_to_target":""},"class_list":["post-15","page","type-page","status-publish","hentry"],"_links":{"self":[{"href":"https:\/\/www3.unicentro.br\/deadmi\/wp-json\/wp\/v2\/pages\/15","targetHints":{"allow":["GET"]}}],"collection":[{"href":"https:\/\/www3.unicentro.br\/deadmi\/wp-json\/wp\/v2\/pages"}],"about":[{"href":"https:\/\/www3.unicentro.br\/deadmi\/wp-json\/wp\/v2\/types\/page"}],"author":[{"embeddable":true,"href":"https:\/\/www3.unicentro.br\/deadmi\/wp-json\/wp\/v2\/users\/3"}],"replies":[{"embeddable":true,"href":"https:\/\/www3.unicentro.br\/deadmi\/wp-json\/wp\/v2\/comments?post=15"}],"version-history":[{"count":3,"href":"https:\/\/www3.unicentro.br\/deadmi\/wp-json\/wp\/v2\/pages\/15\/revisions"}],"predecessor-version":[{"id":236,"href":"https:\/\/www3.unicentro.br\/deadmi\/wp-json\/wp\/v2\/pages\/15\/revisions\/236"}],"wp:attachment":[{"href":"https:\/\/www3.unicentro.br\/deadmi\/wp-json\/wp\/v2\/media?parent=15"}],"curies":[{"name":"wp","href":"https:\/\/api.w.org\/{rel}","templated":true}]}}