{"id":58,"date":"2025-12-10T10:25:01","date_gmt":"2025-12-10T13:25:01","guid":{"rendered":"https:\/\/www3.unicentro.br\/deadmg\/?page_id=58"},"modified":"2025-12-10T10:26:22","modified_gmt":"2025-12-10T13:26:22","slug":"coordenacao-academica-administrativa","status":"publish","type":"page","link":"https:\/\/www3.unicentro.br\/deadmg\/deadm-g\/coordenacao-academica-administrativa\/","title":{"rendered":"Coordena\u00e7\u00e3o Acad\u00eamica\/Administrativa"},"content":{"rendered":"<ul>\n<li><strong>Chefe de Departamento:<\/strong> Prof. Dr. Ari Scwhans &#8211; <a href=\"mailto:ari@unicentro.br\">ari@unicentro.br<\/a><\/li>\n<li><strong>Vice-Chefe de departamento:<\/strong> Prof. Dr. \u00c1lvaro de Oliveira Borges Filho &#8211; <a href=\"mailto:alvaro@unicentro.br\">alvaro@unicentro.br<\/a><\/li>\n<li><strong>Agente Universit\u00e1rio de Execu\u00e7\u00e3o:<\/strong> Simone Tomazetto &#8211; <a href=\"mailto:simmonetomazetto@unicentro.br\">simmonetomazetto@unicentro.br<\/a><\/li>\n<\/ul>\n","protected":false},"excerpt":{"rendered":"<p>Chefe de Departamento: Prof. Dr. Ari Scwhans &#8211; ari@unicentro.br Vice-Chefe de departamento: Prof. Dr. \u00c1lvaro de Oliveira Borges Filho &#8211; alvaro@unicentro.br Agente Universit\u00e1rio de Execu\u00e7\u00e3o: Simone Tomazetto &#8211; simmonetomazetto@unicentro.br<\/p>\n","protected":false},"author":3,"featured_media":0,"parent":46,"menu_order":0,"comment_status":"closed","ping_status":"closed","template":"","meta":{"_exactmetrics_skip_tracking":false,"_exactmetrics_sitenote_active":false,"_exactmetrics_sitenote_note":"","_exactmetrics_sitenote_category":0,"footnotes":"","_links_to":"","_links_to_target":""},"class_list":["post-58","page","type-page","status-publish","hentry"],"_links":{"self":[{"href":"https:\/\/www3.unicentro.br\/deadmg\/wp-json\/wp\/v2\/pages\/58","targetHints":{"allow":["GET"]}}],"collection":[{"href":"https:\/\/www3.unicentro.br\/deadmg\/wp-json\/wp\/v2\/pages"}],"about":[{"href":"https:\/\/www3.unicentro.br\/deadmg\/wp-json\/wp\/v2\/types\/page"}],"author":[{"embeddable":true,"href":"https:\/\/www3.unicentro.br\/deadmg\/wp-json\/wp\/v2\/users\/3"}],"replies":[{"embeddable":true,"href":"https:\/\/www3.unicentro.br\/deadmg\/wp-json\/wp\/v2\/comments?post=58"}],"version-history":[{"count":2,"href":"https:\/\/www3.unicentro.br\/deadmg\/wp-json\/wp\/v2\/pages\/58\/revisions"}],"predecessor-version":[{"id":61,"href":"https:\/\/www3.unicentro.br\/deadmg\/wp-json\/wp\/v2\/pages\/58\/revisions\/61"}],"up":[{"embeddable":true,"href":"https:\/\/www3.unicentro.br\/deadmg\/wp-json\/wp\/v2\/pages\/46"}],"wp:attachment":[{"href":"https:\/\/www3.unicentro.br\/deadmg\/wp-json\/wp\/v2\/media?parent=58"}],"curies":[{"name":"wp","href":"https:\/\/api.w.org\/{rel}","templated":true}]}}