{"id":832,"date":"2022-08-09T00:43:17","date_gmt":"2022-08-09T03:43:17","guid":{"rendered":"https:\/\/www3.unicentro.br\/coorti\/?page_id=832"},"modified":"2025-04-29T09:37:32","modified_gmt":"2025-04-29T12:37:32","slug":"mapear-unidade-de-rede","status":"publish","type":"page","link":"https:\/\/www3.unicentro.br\/coorti\/mapear-unidade-de-rede\/","title":{"rendered":"Mapear unidade de rede"},"content":{"rendered":"<div class=\"wpb-content-wrapper\"><p>[vc_row][vc_column][vc_column_text css=&#8221;&#8221;]&nbsp;<\/p>\n<h3 style=\"border-bottom: solid 1px gray; border-radius: 20px; padding: 10px; background-image: linear-gradient(to right, lightgray, white);\">\u00cdndice<\/h3>\n<p>&nbsp;<\/p>\n<ul>\n<li><u><a href=\"#mapear_unidade_rede\">Mapear Unidade de Rede;<\/a><\/u><\/li>\n<li><u><a href=\"#mapear_unidade_rede_2\">Criando um atalho na \u00e1rea de trabalho;<\/a><\/u><\/li>\n<li><u><a href=\"#mapear_unidade_rede_3\">Mensagem de erro poss\u00edvel;<\/a><\/u><\/li>\n<\/ul>\n<p>&nbsp;<\/p>\n<p>&nbsp;<\/p>\n<p>&nbsp;<\/p>\n<h3 id=\"mapear_unidade_rede\" style=\"border-bottom: solid 1px gray; border-radius: 20px; padding: 10px; background-image: linear-gradient(to right, lightgray, white);\">Mapeando Unidade de rede<\/h3>\n<p><span style=\"font-size: medium;\">&nbsp;<\/span><\/p>\n<ol>\n<li style=\"list-style-type: none;\">\n<ol>\n<li>Clique no menu Iniciar e digite &#8220;executar&#8221;.<\/li>\n<\/ol>\n<\/li>\n<\/ol>\n<p>Vers\u00f5es de &#8220;executar&#8221; de acordo com cada vers\u00e3o de Windows:<\/p>\n<p>&nbsp;<\/p>\n<ul>\n<li style=\"list-style-type: none;\">\n<ul>\n<li>Executar no Windows 10:<\/li>\n<\/ul>\n<\/li>\n<\/ul>\n<p><img loading=\"lazy\" decoding=\"async\" class=\"alignnone size-medium wp-image-950\" src=\"https:\/\/www3.unicentro.br\/coorti\/wp-content\/uploads\/sites\/15\/2022\/08\/menu_execut-win10-188x300.png\" alt=\"\" width=\"200\" height=\"300\"><\/p>\n<p>&nbsp;<\/p>\n<ul>\n<li style=\"list-style-type: none;\">\n<ul>\n<li>Abrir executar pelas teclas de atalho:<br \/>\nPressione simultaneamente as teclas de atalho Bot\u00e3o Windows&nbsp;+ R no seu teclado.<br \/>\n<img loading=\"lazy\" decoding=\"async\" class=\"alignnone size-medium wp-image-867\" src=\"https:\/\/www3.unicentro.br\/coorti\/wp-content\/uploads\/sites\/15\/2022\/08\/comando_execut-300x228.png\" alt=\"\" width=\"300\" height=\"223\"><\/p>\n<hr>\n<\/li>\n<\/ul>\n<\/li>\n<\/ul>\n<p><span style=\"font-size: small;\"><br \/>\n<strong><u>Observa\u00e7\u00e3o: O restante do procedimento \u00e9 igual em todas as vers\u00f5es do Windows.<\/u><br \/>\n<\/strong><\/span><\/p>\n<p>&nbsp;<\/p>\n<ol start=\"2\">\n<li style=\"list-style-type: none;\">\n<ol start=\"2\">\n<li>Ap\u00f3s abrir o Executar digite o servidor em que esta a pasta compartilhada a ser mapeada. EX: \\\\gpb-file-01<\/li>\n<\/ol>\n<\/li>\n<\/ol>\n<p><img loading=\"lazy\" decoding=\"async\" class=\"alignnone size-medium wp-image-979\" src=\"https:\/\/www3.unicentro.br\/coorti\/wp-content\/uploads\/sites\/15\/2022\/08\/nome_rede_1-300x159.png\" alt=\"\" width=\"300\" height=\"159\" srcset=\"https:\/\/www3.unicentro.br\/coorti\/wp-content\/uploads\/sites\/15\/2022\/08\/nome_rede_1-300x159.png 300w, https:\/\/www3.unicentro.br\/coorti\/wp-content\/uploads\/sites\/15\/2022\/08\/nome_rede_1-1024x541.png 1024w, https:\/\/www3.unicentro.br\/coorti\/wp-content\/uploads\/sites\/15\/2022\/08\/nome_rede_1-768x406.png 768w, https:\/\/www3.unicentro.br\/coorti\/wp-content\/uploads\/sites\/15\/2022\/08\/nome_rede_1-255x135.png 255w, https:\/\/www3.unicentro.br\/coorti\/wp-content\/uploads\/sites\/15\/2022\/08\/nome_rede_1.png 1052w\" sizes=\"auto, (max-width: 300px) 100vw, 300px\" \/><\/p>\n<hr>\n<p>&nbsp;<\/p>\n<ol start=\"2\">\n<li style=\"list-style-type: none;\">\n<ol start=\"2\">\n<li>Logo em seguida abrir\u00e1 uma janela com todos os compartilhamentos de rede.<\/li>\n<\/ol>\n<\/li>\n<\/ol>\n<p><img loading=\"lazy\" decoding=\"async\" class=\"alignnone size-full wp-image-1129\" src=\"https:\/\/www3.unicentro.br\/coorti\/wp-content\/uploads\/sites\/15\/2022\/08\/PastasdRede_2.png\" alt=\"\" width=\"300\" height=\"150\"><\/p>\n<p>&nbsp;<\/p>\n<ol start=\"2\">\n<li style=\"list-style-type: none;\">\n<ol start=\"2\">\n<li>Agora clique com o bot\u00e3o direito sobre a pasta compartilhada e selecione Mapear Unidade de Rede.<\/li>\n<\/ol>\n<\/li>\n<\/ol>\n<p><img loading=\"lazy\" decoding=\"async\" class=\"alignnone size-medium wp-image-1024\" src=\"https:\/\/www3.unicentro.br\/coorti\/wp-content\/uploads\/sites\/15\/2022\/08\/opc_mapear_1.0-279x300.png\" alt=\"\" width=\"279\" height=\"300\" srcset=\"https:\/\/www3.unicentro.br\/coorti\/wp-content\/uploads\/sites\/15\/2022\/08\/opc_mapear_1.0-279x300.png 279w, https:\/\/www3.unicentro.br\/coorti\/wp-content\/uploads\/sites\/15\/2022\/08\/opc_mapear_1.0-255x274.png 255w, https:\/\/www3.unicentro.br\/coorti\/wp-content\/uploads\/sites\/15\/2022\/08\/opc_mapear_1.0.png 454w\" sizes=\"auto, (max-width: 279px) 100vw, 279px\" \/><\/p>\n<hr>\n<p>&nbsp;<\/p>\n<ol start=\"2\">\n<li style=\"list-style-type: none;\">\n<ol start=\"2\">\n<li>Especifique a letra de unidade para a conex\u00e3o e clique em Concluir.<\/li>\n<\/ol>\n<\/li>\n<\/ol>\n<p><img loading=\"lazy\" decoding=\"async\" class=\"alignnone size-medium wp-image-1026\" src=\"https:\/\/www3.unicentro.br\/coorti\/wp-content\/uploads\/sites\/15\/2022\/08\/opc_mapear_2-1-300x223.png\" alt=\"\" width=\"300\" height=\"223\" srcset=\"https:\/\/www3.unicentro.br\/coorti\/wp-content\/uploads\/sites\/15\/2022\/08\/opc_mapear_2-1-300x223.png 300w, https:\/\/www3.unicentro.br\/coorti\/wp-content\/uploads\/sites\/15\/2022\/08\/opc_mapear_2-1-255x189.png 255w, https:\/\/www3.unicentro.br\/coorti\/wp-content\/uploads\/sites\/15\/2022\/08\/opc_mapear_2-1.png 619w\" sizes=\"auto, (max-width: 300px) 100vw, 300px\" \/><\/p>\n<hr>\n<p>&nbsp;<\/p>\n<p>Pronto, a unidade de rede esta mapeada, a pasta estar\u00e1 localizada em &#8220;Este computador&#8221;.<\/p>\n<p>&nbsp;<\/p>\n<h3 id=\"mapear_unidade_rede_2\" style=\"border-bottom: solid 1px gray; border-radius: 20px; padding: 10px; background-image: linear-gradient(to right, lightgray, white);\">Criando um atalho de pasta compartilhada na \u00e1rea de trabalho<\/h3>\n<p>&nbsp;<\/p>\n<ol>\n<li>Aperte simultaneamente os bot\u00f5es Windows&nbsp;+ E no seu teclado.<br \/>\n<img loading=\"lazy\" decoding=\"async\" class=\"alignnone size-medium wp-image-1032\" src=\"https:\/\/www3.unicentro.br\/coorti\/wp-content\/uploads\/sites\/15\/2022\/08\/acessando_explorer-300x223.jpg\" alt=\"\" width=\"300\" height=\"223\" srcset=\"https:\/\/www3.unicentro.br\/coorti\/wp-content\/uploads\/sites\/15\/2022\/08\/acessando_explorer-300x223.jpg 300w, https:\/\/www3.unicentro.br\/coorti\/wp-content\/uploads\/sites\/15\/2022\/08\/acessando_explorer-1024x760.jpg 1024w, https:\/\/www3.unicentro.br\/coorti\/wp-content\/uploads\/sites\/15\/2022\/08\/acessando_explorer-768x570.jpg 768w, https:\/\/www3.unicentro.br\/coorti\/wp-content\/uploads\/sites\/15\/2022\/08\/acessando_explorer-1536x1140.jpg 1536w, https:\/\/www3.unicentro.br\/coorti\/wp-content\/uploads\/sites\/15\/2022\/08\/acessando_explorer-255x189.jpg 255w, https:\/\/www3.unicentro.br\/coorti\/wp-content\/uploads\/sites\/15\/2022\/08\/acessando_explorer.jpg 1617w\" sizes=\"auto, (max-width: 300px) 100vw, 300px\" \/><\/p>\n<hr>\n<p>&nbsp;<\/li>\n<li>Uma tela do Explorador de Arquivos ira abrir, clique em &#8220;Este Computador&#8221;, no centro do lado direito da<br \/>\ntela.<\/li>\n<li><img loading=\"lazy\" decoding=\"async\" class=\"alignnone size-full wp-image-1107\" src=\"https:\/\/www3.unicentro.br\/coorti\/wp-content\/uploads\/sites\/15\/2022\/08\/Este_Computador.png\" alt=\"\" width=\"162\" height=\"531\"><br \/>\n<hr>\n<p>&nbsp;<\/li>\n<li>Clicando com o bot\u00e3o direto do mouse sobre a pasta, e ap\u00f3s isso, na op\u00e7\u00e3o Criar Atalho.<\/li>\n<li><img loading=\"lazy\" decoding=\"async\" class=\"alignnone size-full wp-image-1126\" src=\"https:\/\/www3.unicentro.br\/coorti\/wp-content\/uploads\/sites\/15\/2022\/08\/criar_atalho_11.png\" alt=\"\" width=\"400\" height=\"305\" srcset=\"https:\/\/www3.unicentro.br\/coorti\/wp-content\/uploads\/sites\/15\/2022\/08\/criar_atalho_11.png 400w, https:\/\/www3.unicentro.br\/coorti\/wp-content\/uploads\/sites\/15\/2022\/08\/criar_atalho_11-300x229.png 300w, https:\/\/www3.unicentro.br\/coorti\/wp-content\/uploads\/sites\/15\/2022\/08\/criar_atalho_11-255x194.png 255w\" sizes=\"auto, (max-width: 400px) 100vw, 400px\" \/><br \/>\n<hr>\n<p>&nbsp;<\/li>\n<li>Uma tela para que confirme a cria\u00e7\u00e3o de atalho na \u00e1rea de trabalho vai aparecer, clique em &#8220;sim&#8221;.<\/li>\n<li><img loading=\"lazy\" decoding=\"async\" class=\"alignnone size-full wp-image-1109\" src=\"https:\/\/www3.unicentro.br\/coorti\/wp-content\/uploads\/sites\/15\/2022\/08\/criar_atalho_2.0.png\" alt=\"\" width=\"359\" height=\"138\" srcset=\"https:\/\/www3.unicentro.br\/coorti\/wp-content\/uploads\/sites\/15\/2022\/08\/criar_atalho_2.0.png 359w, https:\/\/www3.unicentro.br\/coorti\/wp-content\/uploads\/sites\/15\/2022\/08\/criar_atalho_2.0-300x115.png 300w, https:\/\/www3.unicentro.br\/coorti\/wp-content\/uploads\/sites\/15\/2022\/08\/criar_atalho_2.0-255x98.png 255w\" sizes=\"auto, (max-width: 359px) 100vw, 359px\" \/><br \/>\n<hr>\n<p>Pronto, a pasta foi mapeada e agora o atalho deve aparecer na \u00e1rea de trabalho.<\/p>\n<h3 id=\"mapear_unidade_rede_3\" style=\"border-bottom: solid 1px gray; border-radius: 20px; padding: 10px; background-image: linear-gradient(to right, lightgray, white);\">Mensagem de erro poss\u00edvel<\/h3>\n<p><span style=\"font-size: medium;\">\u00c9 poss\u00edvel que uma mensagem de erro escrita &#8220;Windows n\u00e3o pode acessar \\\\(nome da rede)\\(pasta)&#8221;. Portanto,<br \/>\ncaso isso aconte\u00e7a, \u00e9 prov\u00e1vel que o usu\u00e1rio n\u00e3o possua acesso a pasta que deseja mapear. Nesse caso,<br \/>\nsolicitar \u00e0 Coorti essa permiss\u00e3o de pasta.<\/span><\/p>\n<p>Exemplo do erro:<\/p>\n<p><img loading=\"lazy\" decoding=\"async\" class=\"alignnone size-medium wp-image-907\" src=\"https:\/\/www3.unicentro.br\/coorti\/wp-content\/uploads\/sites\/15\/2022\/08\/msg_erro_n_encontra_unidade-300x111.png\" alt=\"Exemplo de erro\" width=\"350\" height=\"172\"><\/li>\n<\/ol>\n<hr>\n<p>&nbsp;[\/vc_column_text][\/vc_column][\/vc_row]<\/p>\n<\/div>","protected":false},"excerpt":{"rendered":"<p>[vc_row][vc_column][vc_column_text css=&#8221;&#8221;]&nbsp; \u00cdndice &nbsp; Mapear Unidade de Rede; Criando um atalho na \u00e1rea de trabalho; Mensagem de erro poss\u00edvel; &nbsp; &nbsp; &nbsp; Mapeando Unidade de rede &nbsp; Clique no menu Iniciar e digite &#8220;executar&#8221;. Vers\u00f5es de &#8220;executar&#8221; de acordo com cada vers\u00e3o de Windows: &nbsp; Executar no Windows 10: &nbsp; Abrir executar pelas teclas de [&hellip;]<\/p>\n","protected":false},"author":552,"featured_media":0,"parent":0,"menu_order":0,"comment_status":"closed","ping_status":"closed","template":"","meta":{"_exactmetrics_skip_tracking":false,"_exactmetrics_sitenote_active":false,"_exactmetrics_sitenote_note":"","_exactmetrics_sitenote_category":0,"footnotes":"","_links_to":"","_links_to_target":""},"class_list":["post-832","page","type-page","status-publish","hentry"],"_links":{"self":[{"href":"https:\/\/www3.unicentro.br\/coorti\/wp-json\/wp\/v2\/pages\/832","targetHints":{"allow":["GET"]}}],"collection":[{"href":"https:\/\/www3.unicentro.br\/coorti\/wp-json\/wp\/v2\/pages"}],"about":[{"href":"https:\/\/www3.unicentro.br\/coorti\/wp-json\/wp\/v2\/types\/page"}],"author":[{"embeddable":true,"href":"https:\/\/www3.unicentro.br\/coorti\/wp-json\/wp\/v2\/users\/552"}],"replies":[{"embeddable":true,"href":"https:\/\/www3.unicentro.br\/coorti\/wp-json\/wp\/v2\/comments?post=832"}],"version-history":[{"count":1,"href":"https:\/\/www3.unicentro.br\/coorti\/wp-json\/wp\/v2\/pages\/832\/revisions"}],"predecessor-version":[{"id":2627,"href":"https:\/\/www3.unicentro.br\/coorti\/wp-json\/wp\/v2\/pages\/832\/revisions\/2627"}],"wp:attachment":[{"href":"https:\/\/www3.unicentro.br\/coorti\/wp-json\/wp\/v2\/media?parent=832"}],"curies":[{"name":"wp","href":"https:\/\/api.w.org\/{rel}","templated":true}]}}