{"id":641,"date":"2020-08-24T20:10:11","date_gmt":"2020-08-24T23:10:11","guid":{"rendered":"https:\/\/www3.unicentro.br\/coorti\/?page_id=641"},"modified":"2020-08-24T20:56:16","modified_gmt":"2020-08-24T23:56:16","slug":"acesso-a-sites-sem-certificado","status":"publish","type":"page","link":"https:\/\/www3.unicentro.br\/coorti\/acesso-a-sites-sem-certificado\/","title":{"rendered":"Acesso a sites sem certificado (http)"},"content":{"rendered":"<div class=\"wpb-content-wrapper\"><p>[vc_section][vc_row][vc_column width=&#8221;1\/2&#8243;][vc_column_text]<\/p>\n<ul style=\"list-style-type: circle;\">\n<li style=\"text-align: left;\"><span style=\"font-size: 10pt; font-family: tahoma, arial, helvetica, sans-serif;\">Se ao tentar acessar um de nossos sites receber a mensagem ao lado, trata-se de um servi\u00e7o nosso que n\u00e3o foi atualizado ainda para contemplar uma certifica\u00e7\u00e3o de seguran\u00e7a, e passar de um endere\u00e7o &#8220;<span style=\"color: #003366;\"><strong><em>http<\/em><\/strong><\/span>&#8221; para &#8220;<span style=\"color: #003366;\"><em><strong>https<\/strong><\/em><\/span>&#8220;.<\/span><\/li>\n<\/ul>\n<ul style=\"list-style-type: circle;\">\n<li style=\"text-align: left;\"><span style=\"font-size: 10pt; font-family: tahoma, arial, helvetica, sans-serif;\">Estamos fazendo essa atualiza\u00e7\u00e3o de forma gradativa, e possivelmente o servi\u00e7o estar\u00e1 adequado a esta regulamenta\u00e7\u00e3o de seguran\u00e7a muito em breve.<\/span><\/li>\n<\/ul>\n<p>[\/vc_column_text][\/vc_column][vc_column width=&#8221;1\/2&#8243;][vc_single_image image=&#8221;647&#8243; img_size=&#8221;500&#215;500&#8243; alignment=&#8221;center&#8221;][\/vc_column][\/vc_row][vc_row][vc_column width=&#8221;1\/2&#8243;][vc_column_text]<\/p>\n<ul style=\"list-style-type: circle;\">\n<li style=\"text-align: left;\"><span style=\"font-size: 10pt; font-family: tahoma, arial, helvetica, sans-serif;\">Por\u00e9m, ainda \u00e9 poss\u00edvel acessar os servi\u00e7os do site: por hora sugerimos que voc\u00ea adicione o site como exce\u00e7\u00e3o.<\/span><\/li>\n<\/ul>\n<table class=\"alignleft\" style=\"width: 100%; border-collapse: collapse; border-style: dotted;\" border=\"1\">\n<tbody>\n<tr>\n<td style=\"width: 100%; text-align: center;\"><span style=\"font-size: 10pt; font-family: tahoma, arial, helvetica, sans-serif; color: #000080;\">Para tanto, basta clicar no bot\u00e3o <strong><span style=\"text-decoration: underline;\">Avan\u00e7ado<\/span><\/strong>, que se apresenta na imagem anterior, e depois em &#8220;<strong>Continue at\u00e9 &lt;nome_do_site&gt;<\/strong>&#8221; (a mensagem podem variar um pouco de acordo com o navegador).<\/span><\/td>\n<\/tr>\n<\/tbody>\n<\/table>\n<p>[\/vc_column_text][\/vc_column][vc_column width=&#8221;1\/2&#8243;][vc_single_image image=&#8221;650&#8243; img_size=&#8221;500&#215;600&#8243; alignment=&#8221;center&#8221;][\/vc_column][\/vc_row][\/vc_section]<\/p>\n<\/div>","protected":false},"excerpt":{"rendered":"<p>[vc_section][vc_row][vc_column width=&#8221;1\/2&#8243;][vc_column_text] Se ao tentar acessar um de nossos sites receber a mensagem ao lado, trata-se de um servi\u00e7o nosso que n\u00e3o foi atualizado ainda para contemplar uma certifica\u00e7\u00e3o de seguran\u00e7a, e passar de um endere\u00e7o &#8220;http&#8221; para &#8220;https&#8220;. Estamos fazendo essa atualiza\u00e7\u00e3o de forma gradativa, e possivelmente o servi\u00e7o estar\u00e1 adequado a esta regulamenta\u00e7\u00e3o [&hellip;]<\/p>\n","protected":false},"author":22,"featured_media":0,"parent":0,"menu_order":0,"comment_status":"closed","ping_status":"closed","template":"","meta":{"_exactmetrics_skip_tracking":false,"_exactmetrics_sitenote_active":false,"_exactmetrics_sitenote_note":"","_exactmetrics_sitenote_category":0,"footnotes":"","_links_to":"","_links_to_target":""},"class_list":["post-641","page","type-page","status-publish","hentry"],"_links":{"self":[{"href":"https:\/\/www3.unicentro.br\/coorti\/wp-json\/wp\/v2\/pages\/641","targetHints":{"allow":["GET"]}}],"collection":[{"href":"https:\/\/www3.unicentro.br\/coorti\/wp-json\/wp\/v2\/pages"}],"about":[{"href":"https:\/\/www3.unicentro.br\/coorti\/wp-json\/wp\/v2\/types\/page"}],"author":[{"embeddable":true,"href":"https:\/\/www3.unicentro.br\/coorti\/wp-json\/wp\/v2\/users\/22"}],"replies":[{"embeddable":true,"href":"https:\/\/www3.unicentro.br\/coorti\/wp-json\/wp\/v2\/comments?post=641"}],"version-history":[{"count":0,"href":"https:\/\/www3.unicentro.br\/coorti\/wp-json\/wp\/v2\/pages\/641\/revisions"}],"wp:attachment":[{"href":"https:\/\/www3.unicentro.br\/coorti\/wp-json\/wp\/v2\/media?parent=641"}],"curies":[{"name":"wp","href":"https:\/\/api.w.org\/{rel}","templated":true}]}}