{"id":553,"date":"2018-12-03T17:04:10","date_gmt":"2018-12-03T19:04:10","guid":{"rendered":"https:\/\/www3.unicentro.br\/coorti\/?page_id=553"},"modified":"2025-02-06T09:40:17","modified_gmt":"2025-02-06T12:40:17","slug":"contatos-propesp","status":"publish","type":"page","link":"https:\/\/www3.unicentro.br\/coorti\/aonline\/contatos-propesp\/","title":{"rendered":"Contatos PROPESP"},"content":{"rendered":"<div class=\"wpb-content-wrapper\"><p>[vc_row][vc_column][vc_tta_accordion color=&#8221;juicy-pink&#8221; spacing=&#8221;2&#8243; gap=&#8221;3&#8243; c_position=&#8221;right&#8221; active_section=&#8221;1&#8243; collapsible_all=&#8221;true&#8221;][vc_tta_section i_icon_fontawesome=&#8221;fa fa-link&#8221; add_icon=&#8221;true&#8221; title=&#8221;Sites da PROPESP&#8221; tab_id=&#8221;1543599597695-25afe78d-0db0&#8243;][vc_row_inner][vc_column_inner]    <div class=\"un-heading un-heading-heading_7544 \" data-delay=0>\n    \t<div class=\"un-heading-wrap\">\n            <span class=\"un-heading-line un-heading-before\"><span><\/span><\/span>\n                            <a href='www3.unicentro.br\/estude-pos-graduacao\/' class='btn btn-default btn-lg btn-lighter un-heading-content'>\n                            Visite os sites da PROPESP                        \t&nbsp;<i class=\"fa fa-angle-right\"><\/i>\n                <\/a>\n                        <span class=\"un-heading-line un-heading-after\"><span><\/span><\/span>\n        <\/div>\n        <div class=\"clearfix\"><\/div>\n    <\/div>\n    [vc_message icon_fontawesome=&#8221;fas fa-home&#8221; css=&#8221;&#8221;]<\/p>\n<p style=\"text-align: center;\"><span style=\"font-family: tahoma, arial, helvetica, sans-serif; font-size: 10pt;\">Informa\u00e7\u00f5es de Programas de P\u00f3s-Gradua\u00e7\u00e3o (PPG)<\/span><\/p>\n<p style=\"text-align: center;\"><span style=\"font-size: 12pt; font-family: tahoma, arial, helvetica, sans-serif;\"><strong><a href=\"https:\/\/www3.unicentro.br\/estude-pos-graduacao\/\" target=\"_blank\" rel=\"noopener\">https:\/\/www3.unicentro.br\/estude-pos-graduacao<\/a><\/strong><\/span><\/p>\n<p style=\"text-align: center;\"><span style=\"font-family: tahoma, arial, helvetica, sans-serif; font-size: 10pt;\">NUPG &#8211; N\u00facleo de P\u00f3s-gradua\u00e7\u00e3o (<em>lato sensu<\/em>)<\/span><\/p>\n<p style=\"text-align: center;\"><span style=\"font-size: 12pt; font-family: tahoma, arial, helvetica, sans-serif;\"><strong><a href=\"https:\/\/www3.unicentro.br\/especializacao\">https:\/\/www3.unicentro.br\/especializacao\/<\/a><\/strong><\/span><\/p>\n<p>[\/vc_message][\/vc_column_inner][\/vc_row_inner][\/vc_tta_section][vc_tta_section i_icon_fontawesome=&#8221;fab fa-wpforms&#8221; add_icon=&#8221;true&#8221; title=&#8221;Formul\u00e1rio de Contato&#8221; tab_id=&#8221;1738845277402-f34671e4-0422&#8243;][vc_row_inner][vc_column_inner width=&#8221;1\/2&#8243;]    \t<div id=\"un-icon-box-1\" class=\"media un-icon-box light \" data-delay=0>\n            <div class=\"pull-left\">\n            \t                <div class=\"un-icon\">\n                \t<i class=\"fa fa-at\"><\/i>\n                <\/div>\n                            <\/div>\n            <div class=\"media-body \">\n                <h4 class=\"media-heading\"><a href=\"https:\/\/www3.unicentro.br\/propesp\/\" >PROPESP<\/a><\/h4><p>Pr\u00f3-reitoria de Pesquisa e P\u00f3s-gradua\u00e7\u00e3o &#8211; PROPESP<\/p>            <\/div>\n        <\/div>\n\t\t\t<style scoped=\"scoped\">\n        #un-icon-box-1 .un-icon{ background: #1e73be}        <\/style>\n    [\/vc_column_inner][vc_column_inner width=&#8221;1\/2&#8243;]    \t<div id=\"un-icon-box-2\" class=\"media un-icon-box light \" data-delay=0>\n            <div class=\"pull-left\">\n            \t                <div class=\"un-icon\">\n                \t<i class=\"fa fa-at\"><\/i>\n                <\/div>\n                            <\/div>\n            <div class=\"media-body \">\n                <h4 class=\"media-heading\"><a href=\"https:\/\/www3.unicentro.br\/especializacao\/contato\/\" >NUPG<\/a><\/h4><p>N\u00facleo de cursos de ESPECIALIZA\u00c7\u00c3O<\/p>            <\/div>\n        <\/div>\n\t\t\t<style scoped=\"scoped\">\n        #un-icon-box-2 .un-icon{ background: #1e73be}        <\/style>\n    [\/vc_column_inner][\/vc_row_inner][\/vc_tta_section][vc_tta_section i_icon_fontawesome=&#8221;fa fa-phone&#8221; add_icon=&#8221;true&#8221; title=&#8221;Principais Telefones&#8221; tab_id=&#8221;1543599336319-0aa7612a-54fa&#8221;][vc_row_inner][vc_column_inner][vc_message message_box_color=&#8221;alert-info&#8221; icon_fontawesome=&#8221;fa fa-phone-square&#8221;]Secretaria da PROPESP<\/p>\n<p>(42) 3621-1033[\/vc_message][\/vc_column_inner][\/vc_row_inner][vc_row_inner][vc_column_inner width=&#8221;1\/2&#8243;][vc_message message_box_color=&#8221;alert-info&#8221; icon_fontawesome=&#8221;fa fa-phone-square&#8221;]Cursos de Especializa\u00e7\u00e3o<\/p>\n<p>(42) 3621-1036[\/vc_message][\/vc_column_inner][vc_column_inner width=&#8221;1\/2&#8243;][vc_message message_box_color=&#8221;alert-info&#8221; icon_fontawesome=&#8221;fa fa-phone-square&#8221;]Cursos Stricto Sensu &#8211; Mestrado e Doutorado<\/p>\n<p>(42) 3621-1378[\/vc_message][\/vc_column_inner][\/vc_row_inner][vc_row_inner][vc_column_inner width=&#8221;1\/2&#8243;][vc_message message_box_color=&#8221;alert-info&#8221; icon_fontawesome=&#8221;fa fa-phone-square&#8221;]Setor de P\u00f3s-gradua\u00e7\u00e3o no campus IRATI<\/p>\n<p>(42) 3421-3051[\/vc_message][\/vc_column_inner][vc_column_inner width=&#8221;1\/2&#8243;][vc_message message_box_color=&#8221;alert-info&#8221; icon_fontawesome=&#8221;fa fa-phone-square&#8221;]Setor de P\u00f3s-gradua\u00e7\u00e3o no campus CEDETEG<\/p>\n<p>(42) 3629-8346[\/vc_message][\/vc_column_inner][\/vc_row_inner][\/vc_tta_section][vc_tta_section i_icon_fontawesome=&#8221;fa fa-at&#8221; add_icon=&#8221;true&#8221; title=&#8221;Endere\u00e7os eletr\u00f4nicos (e-mail)&#8221; tab_id=&#8221;1543599562035-5096ba42-56cf&#8221;][vc_row_inner][vc_column_inner width=&#8221;1\/2&#8243;]    \t<div id=\"un-icon-box-3\" class=\"media un-icon-box light \" data-delay=0>\n            <div class=\"pull-left\">\n            \t                <div class=\"un-icon\">\n                \t<i class=\"fa fa-at\"><\/i>\n                <\/div>\n                            <\/div>\n            <div class=\"media-body \">\n                <h4 class=\"media-heading\"><a href=\"mailto:propesp@unicentro.br\" >propesp@unicentro.br<\/a><\/h4><p>Pr\u00f3-reitoria de Pesquisa e P\u00f3s-gradua\u00e7\u00e3o &#8211; PROPESP<\/p>            <\/div>\n        <\/div>\n\t\t\t<style scoped=\"scoped\">\n        #un-icon-box-3 .un-icon{ background: #1e73be}        <\/style>\n    [\/vc_column_inner][vc_column_inner width=&#8221;1\/2&#8243;]    \t<div id=\"un-icon-box-4\" class=\"media un-icon-box light \" data-delay=0>\n            <div class=\"pull-left\">\n            \t                <div class=\"un-icon\">\n                \t<i class=\"fa fa-at\"><\/i>\n                <\/div>\n                            <\/div>\n            <div class=\"media-body \">\n                <h4 class=\"media-heading\"><a href=\"mailto:nupg@unicentro.br\" >nupg@unicentro.br<\/a><\/h4><p>N\u00facleo de cursos de ESPECIALIZA\u00c7\u00c3O<\/p>            <\/div>\n        <\/div>\n\t\t\t<style scoped=\"scoped\">\n        #un-icon-box-4 .un-icon{ background: #1e73be}        <\/style>\n    [\/vc_column_inner][\/vc_row_inner][\/vc_tta_section][\/vc_tta_accordion][\/vc_column][\/vc_row]<\/p>\n<\/div>","protected":false},"excerpt":{"rendered":"<p>[vc_row][vc_column][vc_tta_accordion color=&#8221;juicy-pink&#8221; spacing=&#8221;2&#8243; gap=&#8221;3&#8243; c_position=&#8221;right&#8221; active_section=&#8221;1&#8243; collapsible_all=&#8221;true&#8221;][vc_tta_section i_icon_fontawesome=&#8221;fa fa-link&#8221; add_icon=&#8221;true&#8221; title=&#8221;Sites da PROPESP&#8221; tab_id=&#8221;1543599597695-25afe78d-0db0&#8243;][vc_row_inner][vc_column_inner][vc_message icon_fontawesome=&#8221;fas fa-home&#8221; css=&#8221;&#8221;] Informa\u00e7\u00f5es de Programas de P\u00f3s-Gradua\u00e7\u00e3o (PPG) https:\/\/www3.unicentro.br\/estude-pos-graduacao NUPG &#8211; N\u00facleo de P\u00f3s-gradua\u00e7\u00e3o (lato sensu) https:\/\/www3.unicentro.br\/especializacao\/ [\/vc_message][\/vc_column_inner][\/vc_row_inner][\/vc_tta_section][vc_tta_section i_icon_fontawesome=&#8221;fab fa-wpforms&#8221; add_icon=&#8221;true&#8221; title=&#8221;Formul\u00e1rio de Contato&#8221; tab_id=&#8221;1738845277402-f34671e4-0422&#8243;][vc_row_inner][vc_column_inner width=&#8221;1\/2&#8243;][\/vc_column_inner][vc_column_inner width=&#8221;1\/2&#8243;][\/vc_column_inner][\/vc_row_inner][\/vc_tta_section][vc_tta_section i_icon_fontawesome=&#8221;fa fa-phone&#8221; add_icon=&#8221;true&#8221; title=&#8221;Principais Telefones&#8221; tab_id=&#8221;1543599336319-0aa7612a-54fa&#8221;][vc_row_inner][vc_column_inner][vc_message message_box_color=&#8221;alert-info&#8221; icon_fontawesome=&#8221;fa fa-phone-square&#8221;]Secretaria da PROPESP (42) 3621-1033[\/vc_message][\/vc_column_inner][\/vc_row_inner][vc_row_inner][vc_column_inner [&hellip;]<\/p>\n","protected":false},"author":22,"featured_media":0,"parent":361,"menu_order":1,"comment_status":"closed","ping_status":"closed","template":"","meta":{"_exactmetrics_skip_tracking":false,"_exactmetrics_sitenote_active":false,"_exactmetrics_sitenote_note":"","_exactmetrics_sitenote_category":0,"footnotes":"","_links_to":"","_links_to_target":""},"class_list":["post-553","page","type-page","status-publish","hentry"],"_links":{"self":[{"href":"https:\/\/www3.unicentro.br\/coorti\/wp-json\/wp\/v2\/pages\/553","targetHints":{"allow":["GET"]}}],"collection":[{"href":"https:\/\/www3.unicentro.br\/coorti\/wp-json\/wp\/v2\/pages"}],"about":[{"href":"https:\/\/www3.unicentro.br\/coorti\/wp-json\/wp\/v2\/types\/page"}],"author":[{"embeddable":true,"href":"https:\/\/www3.unicentro.br\/coorti\/wp-json\/wp\/v2\/users\/22"}],"replies":[{"embeddable":true,"href":"https:\/\/www3.unicentro.br\/coorti\/wp-json\/wp\/v2\/comments?post=553"}],"version-history":[{"count":2,"href":"https:\/\/www3.unicentro.br\/coorti\/wp-json\/wp\/v2\/pages\/553\/revisions"}],"predecessor-version":[{"id":2485,"href":"https:\/\/www3.unicentro.br\/coorti\/wp-json\/wp\/v2\/pages\/553\/revisions\/2485"}],"up":[{"embeddable":true,"href":"https:\/\/www3.unicentro.br\/coorti\/wp-json\/wp\/v2\/pages\/361"}],"wp:attachment":[{"href":"https:\/\/www3.unicentro.br\/coorti\/wp-json\/wp\/v2\/media?parent=553"}],"curies":[{"name":"wp","href":"https:\/\/api.w.org\/{rel}","templated":true}]}}