{"id":49,"date":"2017-05-17T16:18:01","date_gmt":"2017-05-17T19:18:01","guid":{"rendered":"https:\/\/www3.unicentro.br\/coorti\/?page_id=49"},"modified":"2025-04-29T09:01:54","modified_gmt":"2025-04-29T12:01:54","slug":"servicos","status":"publish","type":"page","link":"https:\/\/www3.unicentro.br\/coorti\/servicos\/","title":{"rendered":"Servi\u00e7os"},"content":{"rendered":"<div class=\"wpb-content-wrapper\"><p>[vc_row u_row_style=&#8221;0&#8243; u_row_paralax=&#8221;0&#8243; u_row_scheme=&#8221;0&#8243; css=&#8221;.vc_custom_1495050911263{border-bottom-width: 1px !important;border-bottom-color: #dbdbdb !important;border-bottom-style: dotted !important;}&#8221;][vc_column width=&#8221;1\/3&#8243;][vc_single_image image=&#8221;1139&#8243; img_size=&#8221;full&#8221; alignment=&#8221;center&#8221; onclick=&#8221;custom_link&#8221; img_link_target=&#8221;_blank&#8221; css_animation=&#8221;right-to-left&#8221; css=&#8221;&#8221; link=&#8221;https:\/\/www3.unicentro.br\/coorti\/mapear-unidade-de-rede\/&#8221;][\/vc_column][vc_column width=&#8221;2\/3&#8243;][vc_custom_heading text=&#8221;Mapear Unidade de rede&#8221; font_container=&#8221;tag:h2|font_size:20px|text_align:left|color:%23662000&#8243; google_fonts=&#8221;font_family:Ubuntu%3A300%2C300italic%2Cregular%2Citalic%2C500%2C500italic%2C700%2C700italic|font_style:500%20bold%20regular%3A500%3Anormal&#8221; css_animation=&#8221;left-to-right&#8221; css=&#8221;.vc_custom_1745926898431{padding-top: 15px !important;padding-right: 15px !important;padding-bottom: 15px !important;padding-left: 15px !important;background-color: #f4f4f4 !important;}&#8221; link=&#8221;url:https%3A%2F%2Fwww3.unicentro.br%2Fcoorti%2Fmapear-unidade-de-rede%2F|title:Mapear%20unidade%20de%20rede|target:_blank&#8221;][vc_column_text css_animation=&#8221;left-to-right&#8221; css=&#8221;.vc_custom_1745926533873{margin-left: 20px !important;}&#8221;]Mapeie uma pasta do servidor para sua m\u00e1quina.<\/p>\n<p>Clique no t\u00edtulo ou acesse o link:&nbsp;<a href=\"https:\/\/www3.unicentro.br\/coorti\/mapear-unidade-de-rede\/\" target=\"_blank\" rel=\"noopener\">https:\/\/www3.unicentro.br\/coorti\/mapear-unidade-de-rede\/<\/a>[\/vc_column_text][\/vc_column][\/vc_row][vc_row u_row_style=&#8221;0&#8243; u_row_paralax=&#8221;0&#8243; u_row_scheme=&#8221;0&#8243; css=&#8221;.vc_custom_1495050915390{border-bottom-width: 1px !important;border-bottom-color: #dbdbdb !important;border-bottom-style: dotted !important;}&#8221;][vc_column width=&#8221;1\/3&#8243;][vc_single_image image=&#8221;271&#8243; img_size=&#8221;full&#8221; alignment=&#8221;center&#8221; onclick=&#8221;custom_link&#8221; img_link_target=&#8221;_blank&#8221; css_animation=&#8221;right-to-left&#8221; css=&#8221;&#8221; link=&#8221;https:\/\/www3.unicentro.br\/coorti\/outsourcing-de-impressao&#8221;][\/vc_column][vc_column width=&#8221;2\/3&#8243;][vc_custom_heading text=&#8221;Servi\u00e7os de impress\u00e3o&#8221; font_container=&#8221;tag:h2|font_size:20px|text_align:left|color:%23662000&#8243; google_fonts=&#8221;font_family:Ubuntu%3A300%2C300italic%2Cregular%2Citalic%2C500%2C500italic%2C700%2C700italic|font_style:500%20bold%20regular%3A500%3Anormal&#8221; css_animation=&#8221;left-to-right&#8221; css=&#8221;.vc_custom_1745926999347{padding-top: 15px !important;padding-right: 15px !important;padding-bottom: 15px !important;padding-left: 15px !important;background-color: #f4f4f4 !important;}&#8221; link=&#8221;url:https%3A%2F%2Fwww3.unicentro.br%2Fcoorti%2Foutsourcing-de-impressao%2F|target:_blank&#8221;][vc_column_text css_animation=&#8221;left-to-right&#8221; css=&#8221;.vc_custom_1507115067811{margin-left: 20px !important;}&#8221;]Informa\u00e7\u00f5es sobre o servi\u00e7o de impress\u00e3o (configura\u00e7\u00f5es, d\u00favidas, procedimentos, etc.).<\/p>\n<p>Acesse: <a href=\"https:\/\/www3.unicentro.br\/coorti\/outsourcing-de-impressao\" target=\"_blank\" rel=\"noopener\">https:\/\/www3.unicentro.br\/coorti\/outsourcing-de-impressao<\/a>[\/vc_column_text][\/vc_column][\/vc_row][vc_row u_row_style=&#8221;0&#8243; u_row_paralax=&#8221;0&#8243; u_row_scheme=&#8221;0&#8243; css=&#8221;.vc_custom_1495050915390{border-bottom-width: 1px !important;border-bottom-color: #dbdbdb !important;border-bottom-style: dotted !important;}&#8221;][vc_column width=&#8221;1\/3&#8243;][vc_single_image image=&#8221;104&#8243; img_size=&#8221;full&#8221; alignment=&#8221;center&#8221; onclick=&#8221;custom_link&#8221; img_link_target=&#8221;_blank&#8221; css_animation=&#8221;right-to-left&#8221; css=&#8221;&#8221; link=&#8221;https:\/\/mail.google.com\/&#8221;][\/vc_column][vc_column width=&#8221;2\/3&#8243;][vc_custom_heading text=&#8221;Correio eletr\u00f4nico institucional&#8221; font_container=&#8221;tag:h2|font_size:20px|text_align:left|color:%23662000&#8243; google_fonts=&#8221;font_family:Ubuntu%3A300%2C300italic%2Cregular%2Citalic%2C500%2C500italic%2C700%2C700italic|font_style:500%20bold%20regular%3A500%3Anormal&#8221; css_animation=&#8221;left-to-right&#8221; css=&#8221;.vc_custom_1745927439277{padding-top: 15px !important;padding-right: 15px !important;padding-bottom: 15px !important;padding-left: 15px !important;background-color: #f4f4f4 !important;}&#8221; link=&#8221;url:https%3A%2F%2Fmail.google.com%2F|target:_blank&#8221;][vc_column_text css_animation=&#8221;left-to-right&#8221; css=&#8221;.vc_custom_1745927429588{margin-left: 20px !important;}&#8221;]E-mail institucional e aplicativos do pacote corporativo G Suite.<\/p>\n<p>Acesse: <strong><a href=\"https:\/\/mail.google.com\/\" target=\"_blank\" rel=\"noopener noreferrer\">https:\/\/mail.google.com\/<\/a><\/strong>[\/vc_column_text][\/vc_column][\/vc_row][vc_row u_row_style=&#8221;0&#8243; u_row_paralax=&#8221;0&#8243; u_row_scheme=&#8221;0&#8243; css=&#8221;.vc_custom_1495050915390{border-bottom-width: 1px !important;border-bottom-color: #dbdbdb !important;border-bottom-style: dotted !important;}&#8221;][vc_column width=&#8221;1\/3&#8243;][vc_single_image image=&#8221;77&#8243; img_size=&#8221;full&#8221; alignment=&#8221;center&#8221; onclick=&#8221;custom_link&#8221; img_link_target=&#8221;_blank&#8221; css_animation=&#8221;right-to-left&#8221; css=&#8221;&#8221; link=&#8221;https:\/\/evento.unicentro.br\/wikis\/view\/gestores&#8221;][\/vc_column][vc_column width=&#8221;2\/3&#8243;][vc_custom_heading text=&#8221;Cria\u00e7\u00e3o de sites para eventos&#8221; font_container=&#8221;tag:h2|font_size:20px|text_align:left|color:%23662000&#8243; google_fonts=&#8221;font_family:Ubuntu%3A300%2C300italic%2Cregular%2Citalic%2C500%2C500italic%2C700%2C700italic|font_style:500%20bold%20regular%3A500%3Anormal&#8221; css_animation=&#8221;left-to-right&#8221; css=&#8221;.vc_custom_1745927052887{padding-top: 15px !important;padding-right: 15px !important;padding-bottom: 15px !important;padding-left: 15px !important;background-color: #f4f4f4 !important;}&#8221; link=&#8221;url:https%3A%2F%2Fevento.unicentro.br%2Fwikis%2Fview%2Fgestores|target:_blank&#8221;][vc_column_text css_animation=&#8221;left-to-right&#8221; css=&#8221;.vc_custom_1508279909972{margin-left: 20px !important;}&#8221;]Sistema de Gest\u00e3o de Eventos<\/p>\n<p>Para cria\u00e7\u00e3o de site para o seu evento, siga as orienta\u00e7\u00f5es no endere\u00e7o:<br \/>\n<a href=\"https:\/\/evento.unicentro.br\/wikis\/view\/gestores\" target=\"_blank\" rel=\"noopener\">https:\/\/evento.unicentro.br\/wikis\/view\/gestores<\/a><\/p>\n<p>Para consultar eventos hospedados, clique <strong><a href=\"http:\/\/evento.unicentro.br\/eventos\/hosted\" target=\"_blank\" rel=\"noopener noreferrer\">aqui<\/a><\/strong>.<\/p>\n<p><a href=\"https:\/\/www3.unicentro.br\/coorti\/perguntas-frequentes-sge\" target=\"_blank\" rel=\"noopener noreferrer\">D\u00favidas frequentes<\/a>[\/vc_column_text][\/vc_column][\/vc_row][vc_row u_row_style=&#8221;0&#8243; u_row_paralax=&#8221;0&#8243; u_row_scheme=&#8221;0&#8243; css=&#8221;.vc_custom_1495050915390{border-bottom-width: 1px !important;border-bottom-color: #dbdbdb !important;border-bottom-style: dotted !important;}&#8221;][vc_column width=&#8221;1\/3&#8243;][vc_single_image image=&#8221;173&#8243; img_size=&#8221;full&#8221; alignment=&#8221;center&#8221; onclick=&#8221;custom_link&#8221; img_link_target=&#8221;_blank&#8221; css_animation=&#8221;right-to-left&#8221; link=&#8221;https:\/\/conferenciaweb.rnp.br\/&#8221;][\/vc_column][vc_column width=&#8221;2\/3&#8243;][vc_custom_heading text=&#8221;Confer\u00eancia Web &#8211; RNP&#8221; font_container=&#8221;tag:h2|font_size:20px|text_align:left|color:%23662000&#8243; google_fonts=&#8221;font_family:Ubuntu%3A300%2C300italic%2Cregular%2Citalic%2C500%2C500italic%2C700%2C700italic|font_style:500%20bold%20regular%3A500%3Anormal&#8221; css_animation=&#8221;left-to-right&#8221; css=&#8221;.vc_custom_1745926715361{padding-top: 15px !important;padding-right: 15px !important;padding-bottom: 15px !important;padding-left: 15px !important;background-color: #f4f4f4 !important;}&#8221; link=&#8221;url:https%3A%2F%2Fconferenciaweb.rnp.br%2F|title:Confer%C3%AAncia%20Web|target:%20_blank|&#8221;][vc_column_text css_animation=&#8221;left-to-right&#8221; css=&#8221;.vc_custom_1496673990717{margin-left: 20px !important;}&#8221;]O confer\u00eancia web \u00e9 um servi\u00e7o de comunica\u00e7\u00e3o e colabora\u00e7\u00e3o da RNP que promove encontros virtuais entre dois ou mais participantes. O servi\u00e7o possibilita que, mesmo distantes geograficamente, os participantes compartilhem \u00e1udio, v\u00eddeo, texto, imagens, quadro branco e a tela de seus computadores.[\/vc_column_text][\/vc_column][\/vc_row][vc_row u_row_style=&#8221;0&#8243; u_row_paralax=&#8221;0&#8243; u_row_scheme=&#8221;0&#8243; css=&#8221;.vc_custom_1495050915390{border-bottom-width: 1px !important;border-bottom-color: #dbdbdb !important;border-bottom-style: dotted !important;}&#8221;][vc_column width=&#8221;1\/3&#8243;][vc_single_image image=&#8221;60&#8243; img_size=&#8221;full&#8221; alignment=&#8221;center&#8221; css_animation=&#8221;right-to-left&#8221;][\/vc_column][vc_column width=&#8221;2\/3&#8243;][vc_custom_heading text=&#8221;Servi\u00e7os SGU&#8221; font_container=&#8221;tag:h2|font_size:20px|text_align:left|color:%23662000&#8243; google_fonts=&#8221;font_family:Ubuntu%3A300%2C300italic%2Cregular%2Citalic%2C500%2C500italic%2C700%2C700italic|font_style:500%20bold%20regular%3A500%3Anormal&#8221; css_animation=&#8221;left-to-right&#8221; css=&#8221;.vc_custom_1745927107392{padding-top: 15px !important;padding-right: 15px !important;padding-bottom: 15px !important;padding-left: 15px !important;background-color: #f4f4f4 !important;}&#8221; link=&#8221;url:https%3A%2F%2Fsguweb.unicentro.br%2F|target:_blank&#8221;][vc_column_text css_animation=&#8221;left-to-right&#8221; css=&#8221;.vc_custom_1745927315387{margin-left: 20px !important;}&#8221;]<strong>Servi\u00e7os mais procurados<\/strong><\/p>\n<p><a href=\"https:\/\/sgu.unicentro.br\/pcprocessos\/protocolo-tramite\" target=\"_blank\" rel=\"noopener noreferrer\">Pesquisa&nbsp;de tr\u00e2mite de documentos<\/a><\/p>\n<p><a href=\"http:\/\/sguweb.unicentro.br\/pesquisaatooficiais\/\" target=\"_blank\" rel=\"noopener noreferrer\">Pesquisa de atos oficiais<\/a><\/p>\n<p><a href=\"http:\/\/sguweb.unicentro.br\/pesquisacertificados\/\" target=\"_blank\" rel=\"noopener noreferrer\">Pesquisa de certificados<\/a><\/p>\n<p><a href=\"http:\/\/sguweb.unicentro.br\/usuarios\/pesquisaramais\/\" target=\"_blank\" rel=\"noopener noreferrer\">Pesquisa de ramais<\/a><\/p>\n<p><strong>Outros servi\u00e7os: <\/strong><a href=\"http:\/\/sguweb.unicentro.br\/servicowebs\/lista\" target=\"_blank\" rel=\"noopener noreferrer\">http:\/\/sguweb.unicentro.br\/servicowebs\/lista<\/a>[\/vc_column_text][\/vc_column][\/vc_row][vc_row u_row_style=&#8221;0&#8243; u_row_paralax=&#8221;0&#8243; u_row_scheme=&#8221;0&#8243; css=&#8221;.vc_custom_1495050915390{border-bottom-width: 1px !important;border-bottom-color: #dbdbdb !important;border-bottom-style: dotted !important;}&#8221;][vc_column width=&#8221;1\/3&#8243;][vc_single_image image=&#8221;2618&#8243; img_size=&#8221;full&#8221; alignment=&#8221;center&#8221; onclick=&#8221;custom_link&#8221; img_link_target=&#8221;_blank&#8221; css_animation=&#8221;right-to-left&#8221; css=&#8221;&#8221; link=&#8221;https:\/\/wiki.unicentro.br\/Lyceum&#8221;][\/vc_column][vc_column width=&#8221;2\/3&#8243;][vc_custom_heading text=&#8221;Lyceum&#8221; font_container=&#8221;tag:h2|font_size:20px|text_align:left|color:%23662000&#8243; google_fonts=&#8221;font_family:Ubuntu%3A300%2C300italic%2Cregular%2Citalic%2C500%2C500italic%2C700%2C700italic|font_style:500%20bold%20regular%3A500%3Anormal&#8221; css_animation=&#8221;left-to-right&#8221; css=&#8221;.vc_custom_1745928009758{padding-top: 15px !important;padding-right: 15px !important;padding-bottom: 15px !important;padding-left: 15px !important;background-color: #f4f4f4 !important;}&#8221; link=&#8221;url:https%3A%2F%2Fwiki.unicentro.br%2FLyceum|target:_blank&#8221;][vc_column_text css_animation=&#8221;left-to-right&#8221; css=&#8221;.vc_custom_1745928112896{margin-left: 20px !important;}&#8221;]O site do Lyceum \u00e9 utilizado na universidade pelo p\u00fablico acad\u00eamico (Aluno Online), docentes (Docente Online) e administrativo (Lyceum Secretaria).<\/p>\n<p><strong>Aluno Online:<\/strong>&nbsp;<a href=\"https:\/\/unicentro.br\/aonline\" target=\"_blank\" rel=\"noopener\">https:\/\/unicentro.br\/aonline<\/a><\/p>\n<p><strong>Docente Online:<\/strong>&nbsp;<a href=\"https:\/\/unicentro.br\/donline\" target=\"_blank\" rel=\"noopener\">https:\/\/unicentro.br\/donline<\/a><\/p>\n<p><strong>Lyceum Secretaria:<\/strong>&nbsp;<a href=\"https:\/\/portalacademico.unicentro.br\/Secretaria\" target=\"_blank\" rel=\"noopener\">https:\/\/portalacademico.unicentro.br\/Secretaria<\/a>[\/vc_column_text][\/vc_column][\/vc_row][vc_row u_row_style=&#8221;0&#8243; u_row_paralax=&#8221;0&#8243; u_row_scheme=&#8221;0&#8243; css=&#8221;.vc_custom_1495050915390{border-bottom-width: 1px !important;border-bottom-color: #dbdbdb !important;border-bottom-style: dotted !important;}&#8221;][vc_column width=&#8221;1\/3&#8243;][vc_single_image image=&#8221;117&#8243; img_size=&#8221;full&#8221; alignment=&#8221;center&#8221; onclick=&#8221;custom_link&#8221; img_link_target=&#8221;_blank&#8221; css_animation=&#8221;right-to-left&#8221; css=&#8221;&#8221; link=&#8221;https:\/\/wiki.unicentro.br\/Cafe&#8221;][\/vc_column][vc_column width=&#8221;2\/3&#8243;][vc_custom_heading text=&#8221;CAFe &#8211; Comunidade Acad\u00eamica Federada&#8221; font_container=&#8221;tag:h2|font_size:20px|text_align:left|color:%23662000&#8243; google_fonts=&#8221;font_family:Ubuntu%3A300%2C300italic%2Cregular%2Citalic%2C500%2C500italic%2C700%2C700italic|font_style:500%20bold%20regular%3A500%3Anormal&#8221; css_animation=&#8221;left-to-right&#8221; css=&#8221;.vc_custom_1745927161942{padding-top: 15px !important;padding-right: 15px !important;padding-bottom: 15px !important;padding-left: 15px !important;background-color: #f4f4f4 !important;}&#8221; link=&#8221;url:https%3A%2F%2Fwiki.unicentro.br%2FCafe|target:_blank&#8221;][vc_column_text css_animation=&#8221;left-to-right&#8221; css=&#8221;.vc_custom_1745926807134{margin-left: 20px !important;}&#8221;]A Comunidade Acad\u00eamica Federada (CAFe) \u00e9 uma federa\u00e7\u00e3o de identidade que re\u00fane institui\u00e7\u00f5es de ensino e pesquisa brasileiras. Atrav\u00e9s da CAFe, um usu\u00e1rio mant\u00e9m todas as suas informa\u00e7\u00f5es na institui\u00e7\u00e3o de origem e pode acessar servi\u00e7os oferecidos pelas institui\u00e7\u00f5es que participam da federa\u00e7\u00e3o.<\/p>\n<p>Para mais informa\u00e7\u00f5es, clique&nbsp;<strong><a href=\"https:\/\/wiki.unicentro.br\/Cafe\" target=\"_blank\" rel=\"noopener\">aqui.<\/a><\/strong>[\/vc_column_text][\/vc_column][\/vc_row][vc_row u_row_style=&#8221;0&#8243; u_row_paralax=&#8221;0&#8243; u_row_scheme=&#8221;0&#8243; css=&#8221;.vc_custom_1495050915390{border-bottom-width: 1px !important;border-bottom-color: #dbdbdb !important;border-bottom-style: dotted !important;}&#8221;][vc_column width=&#8221;1\/3&#8243;][vc_single_image image=&#8221;154&#8243; img_size=&#8221;full&#8221; alignment=&#8221;center&#8221; onclick=&#8221;custom_link&#8221; img_link_target=&#8221;_blank&#8221; css_animation=&#8221;right-to-left&#8221; link=&#8221;https:\/\/www3.unicentro.br\/coorti\/rede-sem-fio\/&#8221;][\/vc_column][vc_column width=&#8221;2\/3&#8243;][vc_custom_heading text=&#8221;Rede sem fio&#8221; font_container=&#8221;tag:h2|font_size:20px|text_align:left|color:%23662000&#8243; google_fonts=&#8221;font_family:Ubuntu%3A300%2C300italic%2Cregular%2Citalic%2C500%2C500italic%2C700%2C700italic|font_style:500%20bold%20regular%3A500%3Anormal&#8221; css_animation=&#8221;left-to-right&#8221; css=&#8221;.vc_custom_1661867194670{padding-top: 15px !important;padding-right: 15px !important;padding-bottom: 15px !important;padding-left: 15px !important;background-color: #f4f4f4 !important;}&#8221; link=&#8221;url:https%3A%2F%2Fwww3.unicentro.br%2Fcoorti%2Frede-sem-fio%2F|target:_blank&#8221;][vc_column_text css_animation=&#8221;left-to-right&#8221; css=&#8221;.vc_custom_1661867146616{margin-left: 20px !important;}&#8221;]O prop\u00f3sito da infraestrutura da rede sem fio \u00e9 permitir acesso a rede de dados e a Internet atrav\u00e9s de dispositivos m\u00f3veis e tamb\u00e9m cobrir certas \u00e1reas com aus\u00eancia de infraestrutura de rede cabeada.<\/p>\n<p>Para mais informa\u00e7\u00f5es, clique <strong><a href=\"https:\/\/www3.unicentro.br\/coorti\/rede-sem-fio\/\" target=\"_blank\" rel=\"noopener noreferrer\">aqui<\/a><\/strong>.[\/vc_column_text][\/vc_column][\/vc_row][vc_row u_row_style=&#8221;0&#8243; u_row_paralax=&#8221;0&#8243; u_row_scheme=&#8221;0&#8243; css=&#8221;.vc_custom_1495050915390{border-bottom-width: 1px !important;border-bottom-color: #dbdbdb !important;border-bottom-style: dotted !important;}&#8221;][vc_column width=&#8221;1\/3&#8243;][vc_single_image image=&#8221;159&#8243; img_size=&#8221;full&#8221; alignment=&#8221;center&#8221; onclick=&#8221;custom_link&#8221; img_link_target=&#8221;_blank&#8221; css_animation=&#8221;right-to-left&#8221; css=&#8221;&#8221; link=&#8221;https:\/\/www.youtube.com\/channel\/UCOEfPebabShVb4zGSL1SPEQ&#8221;][\/vc_column][vc_column width=&#8221;2\/3&#8243;][vc_custom_heading text=&#8221;Canal de v\u00eddeos&#8221; font_container=&#8221;tag:h2|font_size:20px|text_align:left|color:%23662000&#8243; google_fonts=&#8221;font_family:Ubuntu%3A300%2C300italic%2Cregular%2Citalic%2C500%2C500italic%2C700%2C700italic|font_style:500%20bold%20regular%3A500%3Anormal&#8221; css_animation=&#8221;left-to-right&#8221; css=&#8221;.vc_custom_1745927202874{padding-top: 15px !important;padding-right: 15px !important;padding-bottom: 15px !important;padding-left: 15px !important;background-color: #f4f4f4 !important;}&#8221; link=&#8221;url:https%3A%2F%2Fwww.youtube.com%2Fchannel%2FUCOEfPebabShVb4zGSL1SPEQ|target:_blank&#8221;][vc_column_text css_animation=&#8221;left-to-right&#8221; css=&#8221;.vc_custom_1745926840165{margin-left: 20px !important;}&#8221;]Cole\u00e7\u00e3o de v\u00eddeos de eventos transmitidos, aulas,&nbsp;<em>web<\/em>&nbsp;confer\u00eancias, tutoriais, etc.<\/p>\n<p>Para acessar o canal, clique&nbsp;<a href=\"https:\/\/www.youtube.com\/channel\/UCOEfPebabShVb4zGSL1SPEQ\" target=\"_blank\" rel=\"noopener\"><strong>aqui<\/strong><\/a>, ou no \u00edcone do Youtube.[\/vc_column_text][\/vc_column][\/vc_row][vc_row u_row_style=&#8221;0&#8243; u_row_paralax=&#8221;0&#8243; u_row_scheme=&#8221;0&#8243; css=&#8221;.vc_custom_1495050883644{border-bottom-width: 1px !important;border-bottom-color: #dbdbdb !important;border-bottom-style: dotted !important;}&#8221;][vc_column width=&#8221;1\/3&#8243;][vc_single_image image=&#8221;166&#8243; img_size=&#8221;full&#8221; alignment=&#8221;center&#8221; onclick=&#8221;custom_link&#8221; img_link_target=&#8221;_blank&#8221; css_animation=&#8221;right-to-left&#8221; link=&#8221;http:\/\/revistas.unicentro.br&#8221;][\/vc_column][vc_column width=&#8221;2\/3&#8243;][vc_custom_heading text=&#8221;Revistas eletr\u00f4nicas&#8221; font_container=&#8221;tag:h2|font_size:20px|text_align:left|color:%23662000&#8243; google_fonts=&#8221;font_family:Ubuntu%3A300%2C300italic%2Cregular%2Citalic%2C500%2C500italic%2C700%2C700italic|font_style:500%20bold%20regular%3A500%3Anormal&#8221; css_animation=&#8221;left-to-right&#8221; css=&#8221;.vc_custom_1496430581794{padding-top: 15px !important;padding-right: 15px !important;padding-bottom: 15px !important;padding-left: 15px !important;background-color: #f4f4f4 !important;}&#8221; link=&#8221;url:http%3A%2F%2Frevistas.unicentro.br||target:%20_blank|&#8221;][vc_column_text css_animation=&#8221;left-to-right&#8221; css=&#8221;.vc_custom_1496430626637{margin-left: 20px !important;}&#8221;]SEER &#8211; Sistema Eletr\u00f4nico de Editora\u00e7\u00e3o de Revistas.[\/vc_column_text][\/vc_column][\/vc_row][vc_row u_row_style=&#8221;0&#8243; u_row_paralax=&#8221;0&#8243; u_row_scheme=&#8221;0&#8243; css=&#8221;.vc_custom_1495050883644{border-bottom-width: 1px !important;border-bottom-color: #dbdbdb !important;border-bottom-style: dotted !important;}&#8221;][vc_column width=&#8221;1\/3&#8243;][vc_single_image image=&#8221;74&#8243; img_size=&#8221;full&#8221; alignment=&#8221;center&#8221; onclick=&#8221;custom_link&#8221; img_link_target=&#8221;_blank&#8221; css_animation=&#8221;right-to-left&#8221; css=&#8221;&#8221; link=&#8221;https:\/\/wiki.unicentro.br\/WordPress&#8221;][\/vc_column][vc_column width=&#8221;2\/3&#8243;][vc_custom_heading text=&#8221;WordPress&#8221; font_container=&#8221;tag:h2|font_size:20px|text_align:left|color:%23662000&#8243; google_fonts=&#8221;font_family:Ubuntu%3A300%2C300italic%2Cregular%2Citalic%2C500%2C500italic%2C700%2C700italic|font_style:500%20bold%20regular%3A500%3Anormal&#8221; css_animation=&#8221;left-to-right&#8221; css=&#8221;.vc_custom_1745927256950{padding-top: 15px !important;padding-right: 15px !important;padding-bottom: 15px !important;padding-left: 15px !important;background-color: #f4f4f4 !important;}&#8221; link=&#8221;url:https%3A%2F%2Fwiki.unicentro.br%2FWordPress|target:_blank&#8221;][vc_column_text css_animation=&#8221;left-to-right&#8221; css=&#8221;.vc_custom_1745926854813{margin-left: 20px !important;}&#8221;]O WordPress \u00e9 a plataforma de gerenciamento de conte\u00fado adotada pela institui\u00e7\u00e3o para a publica\u00e7\u00e3o de seus sites institucionais de maneira descentralizada, visando conferir agilidade na publica\u00e7\u00e3o e atualiza\u00e7\u00e3o das informa\u00e7\u00f5es.<\/p>\n<p>Clique&nbsp;<strong><a href=\"https:\/\/wiki.unicentro.br\/WordPress\" target=\"_blank\" rel=\"noopener\">aqui<\/a>&nbsp;<\/strong>para saber mais.[\/vc_column_text][\/vc_column][\/vc_row][vc_row u_row_style=&#8221;0&#8243; u_row_paralax=&#8221;0&#8243; u_row_scheme=&#8221;0&#8243; css=&#8221;.vc_custom_1495050911263{border-bottom-width: 1px !important;border-bottom-color: #dbdbdb !important;border-bottom-style: dotted !important;}&#8221;][vc_column width=&#8221;1\/3&#8243;][vc_single_image image=&#8221;155&#8243; img_size=&#8221;full&#8221; alignment=&#8221;center&#8221; css_animation=&#8221;right-to-left&#8221;][\/vc_column][vc_column width=&#8221;2\/3&#8243;][vc_custom_heading text=&#8221;Virtualiza\u00e7\u00e3o&#8221; font_container=&#8221;tag:h2|font_size:20px|text_align:left|color:%23662000&#8243; google_fonts=&#8221;font_family:Ubuntu%3A300%2C300italic%2Cregular%2Citalic%2C500%2C500italic%2C700%2C700italic|font_style:500%20bold%20regular%3A500%3Anormal&#8221; css_animation=&#8221;left-to-right&#8221; css=&#8221;.vc_custom_1496410176517{padding-top: 15px !important;padding-right: 15px !important;padding-bottom: 15px !important;padding-left: 15px !important;background-color: #f4f4f4 !important;}&#8221; link=&#8221;|||&#8221;][vc_column_text css_animation=&#8221;left-to-right&#8221; css=&#8221;.vc_custom_1745927290075{margin-left: 20px !important;}&#8221;]Virtualiza\u00e7\u00e3o de servidores.[\/vc_column_text][\/vc_column][\/vc_row]<\/p>\n<\/div>","protected":false},"excerpt":{"rendered":"<p>[vc_row u_row_style=&#8221;0&#8243; u_row_paralax=&#8221;0&#8243; u_row_scheme=&#8221;0&#8243; css=&#8221;.vc_custom_1495050911263{border-bottom-width: 1px !important;border-bottom-color: #dbdbdb !important;border-bottom-style: dotted !important;}&#8221;][vc_column width=&#8221;1\/3&#8243;][vc_single_image image=&#8221;1139&#8243; img_size=&#8221;full&#8221; alignment=&#8221;center&#8221; onclick=&#8221;custom_link&#8221; img_link_target=&#8221;_blank&#8221; css_animation=&#8221;right-to-left&#8221; css=&#8221;&#8221; link=&#8221;https:\/\/www3.unicentro.br\/coorti\/mapear-unidade-de-rede\/&#8221;][\/vc_column][vc_column width=&#8221;2\/3&#8243;][vc_custom_heading text=&#8221;Mapear Unidade de rede&#8221; font_container=&#8221;tag:h2|font_size:20px|text_align:left|color:%23662000&#8243; google_fonts=&#8221;font_family:Ubuntu%3A300%2C300italic%2Cregular%2Citalic%2C500%2C500italic%2C700%2C700italic|font_style:500%20bold%20regular%3A500%3Anormal&#8221; css_animation=&#8221;left-to-right&#8221; css=&#8221;.vc_custom_1745926898431{padding-top: 15px !important;padding-right: 15px !important;padding-bottom: 15px !important;padding-left: 15px !important;background-color: #f4f4f4 !important;}&#8221; link=&#8221;url:https%3A%2F%2Fwww3.unicentro.br%2Fcoorti%2Fmapear-unidade-de-rede%2F|title:Mapear%20unidade%20de%20rede|target:_blank&#8221;][vc_column_text css_animation=&#8221;left-to-right&#8221; css=&#8221;.vc_custom_1745926533873{margin-left: 20px !important;}&#8221;]Mapeie uma pasta do servidor para sua m\u00e1quina. Clique no t\u00edtulo ou [&hellip;]<\/p>\n","protected":false},"author":3,"featured_media":0,"parent":0,"menu_order":0,"comment_status":"closed","ping_status":"closed","template":"","meta":{"_exactmetrics_skip_tracking":false,"_exactmetrics_sitenote_active":false,"_exactmetrics_sitenote_note":"","_exactmetrics_sitenote_category":0,"footnotes":"","_links_to":"","_links_to_target":""},"class_list":["post-49","page","type-page","status-publish","hentry"],"_links":{"self":[{"href":"https:\/\/www3.unicentro.br\/coorti\/wp-json\/wp\/v2\/pages\/49","targetHints":{"allow":["GET"]}}],"collection":[{"href":"https:\/\/www3.unicentro.br\/coorti\/wp-json\/wp\/v2\/pages"}],"about":[{"href":"https:\/\/www3.unicentro.br\/coorti\/wp-json\/wp\/v2\/types\/page"}],"author":[{"embeddable":true,"href":"https:\/\/www3.unicentro.br\/coorti\/wp-json\/wp\/v2\/users\/3"}],"replies":[{"embeddable":true,"href":"https:\/\/www3.unicentro.br\/coorti\/wp-json\/wp\/v2\/comments?post=49"}],"version-history":[{"count":1,"href":"https:\/\/www3.unicentro.br\/coorti\/wp-json\/wp\/v2\/pages\/49\/revisions"}],"predecessor-version":[{"id":2620,"href":"https:\/\/www3.unicentro.br\/coorti\/wp-json\/wp\/v2\/pages\/49\/revisions\/2620"}],"wp:attachment":[{"href":"https:\/\/www3.unicentro.br\/coorti\/wp-json\/wp\/v2\/media?parent=49"}],"curies":[{"name":"wp","href":"https:\/\/api.w.org\/{rel}","templated":true}]}}