{"id":47,"date":"2017-05-17T16:17:49","date_gmt":"2017-05-17T19:17:49","guid":{"rendered":"https:\/\/www3.unicentro.br\/coorti\/?page_id=47"},"modified":"2017-06-02T11:17:22","modified_gmt":"2017-06-02T14:17:22","slug":"suporte","status":"publish","type":"page","link":"https:\/\/www3.unicentro.br\/coorti\/suporte\/","title":{"rendered":"Suporte"},"content":{"rendered":"<div class=\"wpb-content-wrapper\"><p>[vc_row u_row_style=&#8221;0&#8243; u_row_paralax=&#8221;0&#8243; u_row_scheme=&#8221;0&#8243; css=&#8221;.vc_custom_1495050915390{border-bottom-width: 1px !important;border-bottom-color: #dbdbdb !important;border-bottom-style: dotted !important;}&#8221;][vc_column width=&#8221;1\/3&#8243;][vc_single_image image=&#8221;60&#8243; img_size=&#8221;full&#8221; alignment=&#8221;center&#8221; onclick=&#8221;custom_link&#8221; img_link_target=&#8221;_blank&#8221; css_animation=&#8221;right-to-left&#8221; link=&#8221;http:\/\/sguweb.unicentro.br&#8221;][\/vc_column][vc_column width=&#8221;2\/3&#8243;][vc_custom_heading text=&#8221;Ordem de Servi\u00e7o&#8221; font_container=&#8221;tag:h2|font_size:20px|text_align:left|color:%23662000&#8243; google_fonts=&#8221;font_family:Ubuntu%3A300%2C300italic%2Cregular%2Citalic%2C500%2C500italic%2C700%2C700italic|font_style:500%20bold%20regular%3A500%3Anormal&#8221; css_animation=&#8221;left-to-right&#8221; link=&#8221;url:http%3A%2F%2Fsguweb.unicentro.br|||&#8221; css=&#8221;.vc_custom_1496343193399{padding-top: 15px !important;padding-right: 15px !important;padding-bottom: 15px !important;padding-left: 15px !important;background-color: #f4f4f4 !important;}&#8221;][vc_column_text css_animation=&#8221;left-to-right&#8221; css=&#8221;.vc_custom_1496343521336{margin-left: 20px !important;}&#8221;]A Ordem de Servi\u00e7o via Web visa facilitar e agilizar o atendimento dos chamados realizados pelos usu\u00e1rios do sistema.<\/p>\n<p>Para mais informa\u00e7\u00f5es sobre este m\u00f3dulo do SGU, clique <a href=\"http:\/\/wiki.unicentro.br\/Ordem_de_Servi%C3%A7o\" target=\"_blank\" rel=\"noopener noreferrer\">aqui<\/a>.[\/vc_column_text][\/vc_column][\/vc_row][vc_row u_row_style=&#8221;0&#8243; u_row_paralax=&#8221;0&#8243; u_row_scheme=&#8221;0&#8243; css=&#8221;.vc_custom_1495050883644{border-bottom-width: 1px !important;border-bottom-color: #dbdbdb !important;border-bottom-style: dotted !important;}&#8221;][vc_column width=&#8221;1\/3&#8243;][vc_single_image image=&#8221;96&#8243; img_size=&#8221;full&#8221; alignment=&#8221;center&#8221; onclick=&#8221;custom_link&#8221; img_link_target=&#8221;_blank&#8221; css_animation=&#8221;right-to-left&#8221; link=&#8221;http:\/\/wiki.unicentro.br\/COORTI&#8221;][\/vc_column][vc_column width=&#8221;2\/3&#8243;][vc_custom_heading text=&#8221;Wiki COORTI&#8221; font_container=&#8221;tag:h2|font_size:20px|text_align:left|color:%23662000&#8243; google_fonts=&#8221;font_family:Ubuntu%3A300%2C300italic%2Cregular%2Citalic%2C500%2C500italic%2C700%2C700italic|font_style:500%20bold%20regular%3A500%3Anormal&#8221; css_animation=&#8221;left-to-right&#8221; link=&#8221;url:http%3A%2F%2Fwiki.unicentro.br%2FCOORTI||target:%20_blank|&#8221; css=&#8221;.vc_custom_1496413141999{padding-top: 15px !important;padding-right: 15px !important;padding-bottom: 15px !important;padding-left: 15px !important;background-color: #f4f4f4 !important;}&#8221;][vc_column_text css_animation=&#8221;left-to-right&#8221; css=&#8221;.vc_custom_1496344258865{margin-left: 20px !important;}&#8221;]Wiki de sistemas e servi\u00e7os mantidos ou desenvolvidos pela COORTI.[\/vc_column_text][\/vc_column][\/vc_row]<\/p>\n<\/div>","protected":false},"excerpt":{"rendered":"<p>[vc_row u_row_style=&#8221;0&#8243; u_row_paralax=&#8221;0&#8243; u_row_scheme=&#8221;0&#8243; css=&#8221;.vc_custom_1495050915390{border-bottom-width: 1px !important;border-bottom-color: #dbdbdb !important;border-bottom-style: dotted !important;}&#8221;][vc_column width=&#8221;1\/3&#8243;][vc_single_image image=&#8221;60&#8243; img_size=&#8221;full&#8221; alignment=&#8221;center&#8221; onclick=&#8221;custom_link&#8221; img_link_target=&#8221;_blank&#8221; css_animation=&#8221;right-to-left&#8221; link=&#8221;http:\/\/sguweb.unicentro.br&#8221;][\/vc_column][vc_column width=&#8221;2\/3&#8243;][vc_custom_heading text=&#8221;Ordem de Servi\u00e7o&#8221; font_container=&#8221;tag:h2|font_size:20px|text_align:left|color:%23662000&#8243; google_fonts=&#8221;font_family:Ubuntu%3A300%2C300italic%2Cregular%2Citalic%2C500%2C500italic%2C700%2C700italic|font_style:500%20bold%20regular%3A500%3Anormal&#8221; css_animation=&#8221;left-to-right&#8221; link=&#8221;url:http%3A%2F%2Fsguweb.unicentro.br|||&#8221; css=&#8221;.vc_custom_1496343193399{padding-top: 15px !important;padding-right: 15px !important;padding-bottom: 15px !important;padding-left: 15px !important;background-color: #f4f4f4 !important;}&#8221;][vc_column_text css_animation=&#8221;left-to-right&#8221; css=&#8221;.vc_custom_1496343521336{margin-left: 20px !important;}&#8221;]A Ordem de Servi\u00e7o via Web visa facilitar e agilizar o atendimento dos chamados [&hellip;]<\/p>\n","protected":false},"author":3,"featured_media":0,"parent":0,"menu_order":0,"comment_status":"closed","ping_status":"closed","template":"","meta":{"_exactmetrics_skip_tracking":false,"_exactmetrics_sitenote_active":false,"_exactmetrics_sitenote_note":"","_exactmetrics_sitenote_category":0,"footnotes":"","_links_to":"","_links_to_target":""},"class_list":["post-47","page","type-page","status-publish","hentry"],"_links":{"self":[{"href":"https:\/\/www3.unicentro.br\/coorti\/wp-json\/wp\/v2\/pages\/47","targetHints":{"allow":["GET"]}}],"collection":[{"href":"https:\/\/www3.unicentro.br\/coorti\/wp-json\/wp\/v2\/pages"}],"about":[{"href":"https:\/\/www3.unicentro.br\/coorti\/wp-json\/wp\/v2\/types\/page"}],"author":[{"embeddable":true,"href":"https:\/\/www3.unicentro.br\/coorti\/wp-json\/wp\/v2\/users\/3"}],"replies":[{"embeddable":true,"href":"https:\/\/www3.unicentro.br\/coorti\/wp-json\/wp\/v2\/comments?post=47"}],"version-history":[{"count":0,"href":"https:\/\/www3.unicentro.br\/coorti\/wp-json\/wp\/v2\/pages\/47\/revisions"}],"wp:attachment":[{"href":"https:\/\/www3.unicentro.br\/coorti\/wp-json\/wp\/v2\/media?parent=47"}],"curies":[{"name":"wp","href":"https:\/\/api.w.org\/{rel}","templated":true}]}}