{"id":393,"date":"2018-03-26T17:20:04","date_gmt":"2018-03-26T20:20:04","guid":{"rendered":"https:\/\/www3.unicentro.br\/coorti\/?page_id=393"},"modified":"2025-04-29T09:12:01","modified_gmt":"2025-04-29T12:12:01","slug":"recover-aonline-graduacao","status":"publish","type":"page","link":"https:\/\/www3.unicentro.br\/coorti\/aonline\/recover-aonline-graduacao\/","title":{"rendered":"Recupera\u00e7\u00e3o de senha &#8211; Aluno On Line (Gradua\u00e7\u00e3o)"},"content":{"rendered":"<div class=\"wpb-content-wrapper\"><p>[vc_section full_width=&#8221;stretch_row&#8221; full_height=&#8221;yes&#8221; content_placement=&#8221;top&#8221;][vc_row full_height=&#8221;yes&#8221; columns_placement=&#8221;top&#8221; equal_height=&#8221;yes&#8221; u_row_style=&#8221;0&#8243; u_row_paralax=&#8221;0&#8243; u_row_scheme=&#8221;0&#8243;][vc_column][vc_message color=&#8221;info&#8221; css=&#8221;&#8221;]<\/p>\n<p style=\"text-align: center;\"><strong><span style=\"font-size: 14pt;\">INFORMA\u00c7\u00d5ES PARA ALTERA\u00c7\u00c3O DA SENHA DE ACESSO<\/span><\/strong><\/p>\n<p>Para alterar a senha de acesso ao Aluno On-Line (Lyceum), informe o n\u00famero do seu RA, n\u00famero do CPF ou E-mail, clicando em &#8220;Alterar Senha&#8221;.<\/p>\n<p>Caso voc\u00ea tenha esquecido seu RA, ou seu CPF n\u00e3o esteja atualizado na base de dados do Lyceum, ou ainda tiver qualquer outra dificuldade no acesso ao sistema, entre em contato com a DIAP de seu campus atrav\u00e9s dos telefones ou e-mails listados abaixo.[\/vc_message][vc_btn title=&#8221;Alterar Senha&#8221; color=&#8221;primary&#8221; size=&#8221;lg&#8221; align=&#8221;right&#8221; i_align=&#8221;right&#8221; i_type=&#8221;openiconic&#8221; i_icon_openiconic=&#8221;vc-oi vc-oi-right&#8221; css_animation=&#8221;fadeInLeft&#8221; css=&#8221;&#8221; add_icon=&#8221;true&#8221; link=&#8221;url:https%3A%2F%2Fportalacademico.unicentro.br%2Faluno%2F%23%2Fresetsenha|title:Ir%20para%20recupera%C3%A7%C3%A3o%20de%20senha%20Aonline|target:_blank&#8221;][vc_tta_accordion color=&#8221;sky&#8221; active_section=&#8221;0&#8243; no_fill=&#8221;true&#8221; collapsible_all=&#8221;true&#8221; title=&#8221;Unidades de Apoio Acad\u00eamico&#8221;][vc_tta_section i_icon_fontawesome=&#8221;fa fa-user&#8221; add_icon=&#8221;true&#8221; title=&#8221;DIAP Campus Santa Cruz (Guarapuava)&#8221; tab_id=&#8221;1522091373849-df38e855-9b09&#8243;][vc_row_inner][vc_column_inner width=&#8221;1\/3&#8243;]    <div class=\"un-heading un-heading-heading_5079 \" data-delay=0>\n    \t<div class=\"un-heading-wrap\">\n            <span class=\"un-heading-line un-heading-before\"><span><\/span><\/span>\n                            <span class='btn btn-default btn-lg btn-lighter un-heading-content'>\n                            Unidades atendidas                            <\/span>\n                        <span class=\"un-heading-line un-heading-after\"><span><\/span><\/span>\n        <\/div>\n        <div class=\"clearfix\"><\/div>\n    <\/div>\n    [vc_column_text]<\/p>\n<ul>\n<li>Guarapuava (campus Santa Cruz)<\/li>\n<li>Laranjeiras<\/li>\n<li>Pitanga<\/li>\n<li>Chopinzinho<\/li>\n<li>Coronel Vivida<\/li>\n<li>Polos de apoio presencial do NEAD\/UAB (cursos EAD)<\/li>\n<\/ul>\n<p>[\/vc_column_text][\/vc_column_inner][vc_column_inner width=&#8221;1\/3&#8243;]    <div class=\"un-heading un-heading-heading_2566 \" data-delay=0>\n    \t<div class=\"un-heading-wrap\">\n            <span class=\"un-heading-line un-heading-before\"><span><\/span><\/span>\n                            <span class='btn btn-default btn-lg btn-lighter un-heading-content'>\n                            Telefones de contato                            <\/span>\n                        <span class=\"un-heading-line un-heading-after\"><span><\/span><\/span>\n        <\/div>\n        <div class=\"clearfix\"><\/div>\n    <\/div>\n    [vc_column_text]<\/p>\n<p style=\"text-align: center;\"><strong>(42) 3621-1048<\/strong><\/p>\n<p style=\"text-align: center;\">ou<\/p>\n<p style=\"text-align: center;\"><strong>(42) 3621-1304<\/strong><\/p>\n<p>[\/vc_column_text][\/vc_column_inner][vc_column_inner width=&#8221;1\/3&#8243;]    <div class=\"un-heading un-heading-heading_7346 \" data-delay=0>\n    \t<div class=\"un-heading-wrap\">\n            <span class=\"un-heading-line un-heading-before\"><span><\/span><\/span>\n                            <span class='btn btn-default btn-lg btn-lighter un-heading-content'>\n                            E-mail para contato                            <\/span>\n                        <span class=\"un-heading-line un-heading-after\"><span><\/span><\/span>\n        <\/div>\n        <div class=\"clearfix\"><\/div>\n    <\/div>\n    [vc_column_text]<\/p>\n<p style=\"text-align: center;\"><span style=\"font-family: 'andale mono', monospace; font-size: 14pt;\"><strong>diap_sc@unicentro.br<\/strong><\/span><\/p>\n<p>[\/vc_column_text][\/vc_column_inner][\/vc_row_inner][\/vc_tta_section][vc_tta_section i_icon_fontawesome=&#8221;fa fa-user&#8221; add_icon=&#8221;true&#8221; title=&#8221;DIAP Campus de Irati&#8221; tab_id=&#8221;1522095343098-205483e7-0cf0&#8243;][vc_row_inner][vc_column_inner width=&#8221;1\/3&#8243;]    <div class=\"un-heading un-heading-heading_9180 \" data-delay=0>\n    \t<div class=\"un-heading-wrap\">\n            <span class=\"un-heading-line un-heading-before\"><span><\/span><\/span>\n                            <span class='btn btn-default btn-lg btn-lighter un-heading-content'>\n                            Unidades atendidas                            <\/span>\n                        <span class=\"un-heading-line un-heading-after\"><span><\/span><\/span>\n        <\/div>\n        <div class=\"clearfix\"><\/div>\n    <\/div>\n    [vc_column_text]<\/p>\n<ul>\n<li>Irati<\/li>\n<li>Prudent\u00f3polis<\/li>\n<\/ul>\n<p>[\/vc_column_text][\/vc_column_inner][vc_column_inner width=&#8221;1\/3&#8243;]    <div class=\"un-heading un-heading-heading_2058 \" data-delay=0>\n    \t<div class=\"un-heading-wrap\">\n            <span class=\"un-heading-line un-heading-before\"><span><\/span><\/span>\n                            <span class='btn btn-default btn-lg btn-lighter un-heading-content'>\n                            Telefones de contato                            <\/span>\n                        <span class=\"un-heading-line un-heading-after\"><span><\/span><\/span>\n        <\/div>\n        <div class=\"clearfix\"><\/div>\n    <\/div>\n    [vc_column_text]<\/p>\n<p style=\"text-align: center;\"><strong>(42) 3421-3050<\/strong><\/p>\n<p style=\"text-align: center;\">ou<\/p>\n<p style=\"text-align: center;\"><strong>(42) 3421-3102<\/strong><\/p>\n<p>[\/vc_column_text][\/vc_column_inner][vc_column_inner width=&#8221;1\/3&#8243;]    <div class=\"un-heading un-heading-heading_3240 \" data-delay=0>\n    \t<div class=\"un-heading-wrap\">\n            <span class=\"un-heading-line un-heading-before\"><span><\/span><\/span>\n                            <span class='btn btn-default btn-lg btn-lighter un-heading-content'>\n                            E-mail para contato                            <\/span>\n                        <span class=\"un-heading-line un-heading-after\"><span><\/span><\/span>\n        <\/div>\n        <div class=\"clearfix\"><\/div>\n    <\/div>\n    [vc_column_text]<\/p>\n<p style=\"text-align: center;\"><span style=\"font-family: 'andale mono', monospace; font-size: 14pt;\"><strong>diap_i@unicentro.br<\/strong><\/span><\/p>\n<p>[\/vc_column_text][\/vc_column_inner][\/vc_row_inner][\/vc_tta_section][vc_tta_section i_icon_fontawesome=&#8221;fa fa-user&#8221; add_icon=&#8221;true&#8221; title=&#8221;DIAP Campus CEDETEG (Guarapuava)&#8221; tab_id=&#8221;1522095395693-0e5e0467-afce&#8221;][vc_row_inner][vc_column_inner width=&#8221;1\/3&#8243;]    <div class=\"un-heading un-heading-heading_2182 \" data-delay=0>\n    \t<div class=\"un-heading-wrap\">\n            <span class=\"un-heading-line un-heading-before\"><span><\/span><\/span>\n                            <span class='btn btn-default btn-lg btn-lighter un-heading-content'>\n                            Unidades atendidas                            <\/span>\n                        <span class=\"un-heading-line un-heading-after\"><span><\/span><\/span>\n        <\/div>\n        <div class=\"clearfix\"><\/div>\n    <\/div>\n    [vc_column_text]Guarapuava (somente Campus Cedeteg)[\/vc_column_text][\/vc_column_inner][vc_column_inner width=&#8221;1\/3&#8243;]    <div class=\"un-heading un-heading-heading_8761 \" data-delay=0>\n    \t<div class=\"un-heading-wrap\">\n            <span class=\"un-heading-line un-heading-before\"><span><\/span><\/span>\n                            <span class='btn btn-default btn-lg btn-lighter un-heading-content'>\n                            Telefones de contato                            <\/span>\n                        <span class=\"un-heading-line un-heading-after\"><span><\/span><\/span>\n        <\/div>\n        <div class=\"clearfix\"><\/div>\n    <\/div>\n    [vc_column_text]<\/p>\n<p style=\"text-align: center;\"><strong>(42) 3629-8108<\/strong><\/p>\n<p style=\"text-align: center;\">ou<\/p>\n<p style=\"text-align: center;\"><strong>(42) 3629-8109<\/strong><\/p>\n<p>[\/vc_column_text][\/vc_column_inner][vc_column_inner width=&#8221;1\/3&#8243;]    <div class=\"un-heading un-heading-heading_6333 \" data-delay=0>\n    \t<div class=\"un-heading-wrap\">\n            <span class=\"un-heading-line un-heading-before\"><span><\/span><\/span>\n                            <span class='btn btn-default btn-lg btn-lighter un-heading-content'>\n                            E-mail para contato                            <\/span>\n                        <span class=\"un-heading-line un-heading-after\"><span><\/span><\/span>\n        <\/div>\n        <div class=\"clearfix\"><\/div>\n    <\/div>\n    [vc_column_text]<\/p>\n<p style=\"text-align: center;\"><span style=\"font-family: 'andale mono', monospace; font-size: 14pt;\"><strong>diap_c@unicentro.br<\/strong><\/span><\/p>\n<p>[\/vc_column_text][\/vc_column_inner][\/vc_row_inner][\/vc_tta_section][\/vc_tta_accordion][\/vc_column][\/vc_row][\/vc_section]<\/p>\n<\/div>","protected":false},"excerpt":{"rendered":"<p>[vc_section full_width=&#8221;stretch_row&#8221; full_height=&#8221;yes&#8221; content_placement=&#8221;top&#8221;][vc_row full_height=&#8221;yes&#8221; columns_placement=&#8221;top&#8221; equal_height=&#8221;yes&#8221; u_row_style=&#8221;0&#8243; u_row_paralax=&#8221;0&#8243; u_row_scheme=&#8221;0&#8243;][vc_column][vc_message color=&#8221;info&#8221; css=&#8221;&#8221;] INFORMA\u00c7\u00d5ES PARA ALTERA\u00c7\u00c3O DA SENHA DE ACESSO Para alterar a senha de acesso ao Aluno On-Line (Lyceum), informe o n\u00famero do seu RA, n\u00famero do CPF ou E-mail, clicando em &#8220;Alterar Senha&#8221;. Caso voc\u00ea tenha esquecido seu RA, ou seu CPF n\u00e3o esteja [&hellip;]<\/p>\n","protected":false},"author":22,"featured_media":0,"parent":361,"menu_order":0,"comment_status":"closed","ping_status":"closed","template":"","meta":{"_exactmetrics_skip_tracking":false,"_exactmetrics_sitenote_active":false,"_exactmetrics_sitenote_note":"","_exactmetrics_sitenote_category":0,"footnotes":"","_links_to":"","_links_to_target":""},"class_list":["post-393","page","type-page","status-publish","hentry"],"_links":{"self":[{"href":"https:\/\/www3.unicentro.br\/coorti\/wp-json\/wp\/v2\/pages\/393","targetHints":{"allow":["GET"]}}],"collection":[{"href":"https:\/\/www3.unicentro.br\/coorti\/wp-json\/wp\/v2\/pages"}],"about":[{"href":"https:\/\/www3.unicentro.br\/coorti\/wp-json\/wp\/v2\/types\/page"}],"author":[{"embeddable":true,"href":"https:\/\/www3.unicentro.br\/coorti\/wp-json\/wp\/v2\/users\/22"}],"replies":[{"embeddable":true,"href":"https:\/\/www3.unicentro.br\/coorti\/wp-json\/wp\/v2\/comments?post=393"}],"version-history":[{"count":1,"href":"https:\/\/www3.unicentro.br\/coorti\/wp-json\/wp\/v2\/pages\/393\/revisions"}],"predecessor-version":[{"id":2621,"href":"https:\/\/www3.unicentro.br\/coorti\/wp-json\/wp\/v2\/pages\/393\/revisions\/2621"}],"up":[{"embeddable":true,"href":"https:\/\/www3.unicentro.br\/coorti\/wp-json\/wp\/v2\/pages\/361"}],"wp:attachment":[{"href":"https:\/\/www3.unicentro.br\/coorti\/wp-json\/wp\/v2\/media?parent=393"}],"curies":[{"name":"wp","href":"https:\/\/api.w.org\/{rel}","templated":true}]}}