{"id":361,"date":"2018-03-23T13:22:06","date_gmt":"2018-03-23T16:22:06","guid":{"rendered":"https:\/\/www3.unicentro.br\/coorti\/?page_id=361"},"modified":"2025-07-14T11:00:59","modified_gmt":"2025-07-14T14:00:59","slug":"aonline","status":"publish","type":"page","link":"https:\/\/www3.unicentro.br\/coorti\/aonline\/","title":{"rendered":"ALUNO ONLINE &#8211; Lyceum"},"content":{"rendered":"<div class=\"wpb-content-wrapper\"><p>[vc_row][vc_column][vc_row_inner equal_height=&#8221;yes&#8221; content_placement=&#8221;middle&#8221; css=&#8221;.vc_custom_1619464984607{margin-top: 0px !important;margin-bottom: 0px !important;border-top-width: 0px !important;border-bottom-width: 0px !important;padding-top: 0px !important;padding-bottom: 0px !important;border-radius: 1px !important;}&#8221;][vc_column_inner width=&#8221;1\/2&#8243;][vc_cta h2=&#8221;Acesso ao Aluno Online&#8221; h2_font_container=&#8221;tag:h2|font_size:18|text_align:left|line_height:1&#8243; h4=&#8221;Gradua\u00e7\u00e3o e P\u00f3s-Gradua\u00e7\u00e3o&#8221; h4_font_container=&#8221;tag:h2|font_size:14|text_align:left&#8221; h4_use_theme_fonts=&#8221;yes&#8221; txt_align=&#8221;center&#8221; style=&#8221;outline&#8221; color=&#8221;blue&#8221; el_width=&#8221;xl&#8221; add_button=&#8221;bottom&#8221; btn_title=&#8221;Acessar&#8221; btn_shape=&#8221;square&#8221; btn_color=&#8221;primary&#8221; btn_size=&#8221;lg&#8221; btn_align=&#8221;center&#8221; btn_i_icon_fontawesome=&#8221;fas fa-user-graduate&#8221; btn_css_animation=&#8221;fadeIn&#8221; css=&#8221;&#8221; use_custom_fonts_h2=&#8221;true&#8221; use_custom_fonts_h4=&#8221;true&#8221; btn_add_icon=&#8221;true&#8221; h2_link=&#8221;url:https%3A%2F%2Fwww.unicentro.br%2Faonline|title:Aluno%20online|target:_blank&#8221; btn_link=&#8221;url:https%3A%2F%2Fwww.unicentro.br%2Faonline|title:Acesso%20ao%20aluno%20online|target:_blank&#8221;][\/vc_cta][\/vc_column_inner][vc_column_inner width=&#8221;1\/2&#8243;][vc_message message_box_color=&#8221;alert-warning&#8221; css=&#8221;&#8221;]<span style=\"font-family: tahoma, arial, helvetica, sans-serif; font-size: 10pt;\">Utilize seu n\u00famero de <strong>RA<\/strong> (letras, se existirem) e senha para acesso. Caso n\u00e3o recorde sua senha, utilize o link &#8220;<span style=\"text-decoration: underline;\"><strong>Esqueceu a senha?<\/strong><\/span>&#8221; dispon\u00edvel na pr\u00f3pria tela de login, que ela ser\u00e1 encaminhada para seu e-mail.<\/span><\/p>\n<p>&nbsp;<\/p>\n<p><strong><span style=\"text-decoration: underline; font-family: verdana, geneva, sans-serif;\">Primeiro acesso para calouros ou ingressantes na institui\u00e7\u00e3o<\/span><\/strong><\/p>\n<ul style=\"list-style-type: disc;\">\n<li><span style=\"font-family: tahoma, arial, helvetica, sans-serif; font-size: 10pt;\"><strong>Calouro de gradua\u00e7\u00e3o<em>:<\/em><\/strong>\u00a0sua senha inicial deve ser a mesma que voc\u00ea cadastrou quando se inscreveu no processo seletivo.<\/span><\/li>\n<li><span style=\"font-family: tahoma, arial, helvetica, sans-serif; font-size: 10pt;\"><strong>Calouro de gradua\u00e7\u00e3o por processos seletivos<\/strong> (<em>SISU<\/em> ou <em>ENEM):<\/em>\u00a0sua senha inicial usualmente \u00e9 o seu n\u00famero de <strong>CPF<\/strong>.<\/span><\/li>\n<li><span style=\"font-family: tahoma, arial, helvetica, sans-serif; font-size: 10pt;\"><strong>Ingressante p\u00f3s-gradua\u00e7\u00e3o stricto sensu<\/strong>: sua senha inicial \u00e9 cadastrada pela secretaria do seu Programa de P\u00f3s-Gradua\u00e7\u00e3o (PPG).<\/span><\/li>\n<li><span style=\"font-family: tahoma, arial, helvetica, sans-serif; font-size: 10pt;\"><strong>Ingressante de p\u00f3s-gradua\u00e7\u00e3o lato sensu<\/strong>: sua senha inicial \u00e9 cadastrada pelo N\u00facleo de P\u00f3s-gradua\u00e7\u00e3o (NUPG).<\/span><\/li>\n<\/ul>\n<p><span style=\"font-family: tahoma, arial, helvetica, sans-serif; font-size: 10pt;\">Caso esteja encontrando dificuldades, fa\u00e7a contato atrav\u00e9s dos canais abaixo listados.<\/span>[\/vc_message][\/vc_column_inner][\/vc_row_inner][vc_separator][vc_separator][vc_row_inner equal_height=&#8221;yes&#8221; content_placement=&#8221;middle&#8221;][vc_column_inner width=&#8221;1\/2&#8243;][vc_cta h2=&#8221;Contato com a Proen&#8221; h2_font_container=&#8221;tag:h2|text_align:left|line_height:1&#8243; h4=&#8221;Pr\u00f3-reitoria de Ensino&#8221; h4_font_container=&#8221;tag:h2|font_size:14|text_align:left&#8221; h4_use_theme_fonts=&#8221;yes&#8221; txt_align=&#8221;center&#8221; style=&#8221;outline&#8221; color=&#8221;sandy-brown&#8221; el_width=&#8221;xl&#8221; add_button=&#8221;bottom&#8221; btn_title=&#8221;Converse com a PROEN&#8221; btn_shape=&#8221;square&#8221; btn_color=&#8221;sandy-brown&#8221; btn_size=&#8221;lg&#8221; btn_align=&#8221;center&#8221; btn_i_align=&#8221;right&#8221; btn_i_icon_fontawesome=&#8221;fas fa-assistive-listening-systems&#8221; btn_css_animation=&#8221;fadeIn&#8221; css=&#8221;&#8221; use_custom_fonts_h2=&#8221;true&#8221; use_custom_fonts_h4=&#8221;true&#8221; btn_button_block=&#8221;true&#8221; btn_add_icon=&#8221;true&#8221; h2_link=&#8221;url:http%3A%2F%2Fwww3.unicentro.br%2Fcoorti%2Faonline%2Fcontatos-proen%2F|title:Contate%20a%20PROEN||&#8221; btn_link=&#8221;url:http%3A%2F%2Fwww3.unicentro.br%2Fcoorti%2Faonline%2Fcontatos-proen%2F|title:Contate%20a%20PROEN||&#8221; h4_link=&#8221;url:http%3A%2F%2Fwww3.unicentro.br%2Fcoorti%2Faonline%2Fcontatos-proen%2F|title:Contate%20a%20PROEN||&#8221;]<\/p>\n<p style=\"text-align: center;\"><span style=\"font-family: tahoma, arial, helvetica, sans-serif; font-size: 10pt;\">Caso seja aluno de um curso de <strong>Gradua\u00e7\u00e3o<\/strong>, e esteja com alguma d\u00favida ou problema, aqui voc\u00ea pode consultar os principais canais de contato com a PROEN.<\/span><\/p>\n<p>[\/vc_cta][\/vc_column_inner][vc_column_inner width=&#8221;1\/2&#8243;][vc_cta h2=&#8221;Contato com a Propesp&#8221; h2_font_container=&#8221;tag:h2|text_align:left|line_height:1&#8243; h4=&#8221;Pr\u00f3-reitoria de Pesquisa e P\u00f3s-Gradua\u00e7\u00e3o&#8221; h4_font_container=&#8221;tag:h2|font_size:14|text_align:left&#8221; h4_use_theme_fonts=&#8221;yes&#8221; txt_align=&#8221;center&#8221; style=&#8221;outline&#8221; color=&#8221;sandy-brown&#8221; el_width=&#8221;xl&#8221; add_button=&#8221;bottom&#8221; btn_title=&#8221;Converse com a PROPESP&#8221; btn_shape=&#8221;square&#8221; btn_color=&#8221;sandy-brown&#8221; btn_size=&#8221;lg&#8221; btn_align=&#8221;center&#8221; btn_i_align=&#8221;right&#8221; btn_i_icon_fontawesome=&#8221;fas fa-assistive-listening-systems&#8221; btn_css_animation=&#8221;fadeIn&#8221; css=&#8221;&#8221; use_custom_fonts_h2=&#8221;true&#8221; use_custom_fonts_h4=&#8221;true&#8221; btn_button_block=&#8221;true&#8221; btn_add_icon=&#8221;true&#8221; h2_link=&#8221;url:https%3A%2F%2Fwww3.unicentro.br%2Fcoorti%2Faonline%2Fcontatos-propesp|title:Contatos%20PROPESP||&#8221; btn_link=&#8221;url:https%3A%2F%2Fwww3.unicentro.br%2Fcoorti%2Faonline%2Fcontatos-propesp|title:Contatos%20PROPESP||&#8221;]<span style=\"font-family: tahoma, arial, helvetica, sans-serif; font-size: 10pt;\">Caso seja aluno de um curso de <strong>P\u00f3s-gradua\u00e7\u00e3o<\/strong>, e esteja com alguma d\u00favida ou problema, aqui voc\u00ea pode consultar os principais canais de contato com a PROPESP.<\/span>[\/vc_cta][\/vc_column_inner][\/vc_row_inner][\/vc_column][\/vc_row]<\/p>\n<\/div>","protected":false},"excerpt":{"rendered":"<p>[vc_row][vc_column][vc_row_inner equal_height=&#8221;yes&#8221; content_placement=&#8221;middle&#8221; css=&#8221;.vc_custom_1619464984607{margin-top: 0px !important;margin-bottom: 0px !important;border-top-width: 0px !important;border-bottom-width: 0px !important;padding-top: 0px !important;padding-bottom: 0px !important;border-radius: 1px !important;}&#8221;][vc_column_inner width=&#8221;1\/2&#8243;][vc_cta h2=&#8221;Acesso ao Aluno Online&#8221; h2_font_container=&#8221;tag:h2|font_size:18|text_align:left|line_height:1&#8243; h4=&#8221;Gradua\u00e7\u00e3o e P\u00f3s-Gradua\u00e7\u00e3o&#8221; h4_font_container=&#8221;tag:h2|font_size:14|text_align:left&#8221; h4_use_theme_fonts=&#8221;yes&#8221; txt_align=&#8221;center&#8221; style=&#8221;outline&#8221; color=&#8221;blue&#8221; el_width=&#8221;xl&#8221; add_button=&#8221;bottom&#8221; btn_title=&#8221;Acessar&#8221; btn_shape=&#8221;square&#8221; btn_color=&#8221;primary&#8221; btn_size=&#8221;lg&#8221; btn_align=&#8221;center&#8221; btn_i_icon_fontawesome=&#8221;fas fa-user-graduate&#8221; btn_css_animation=&#8221;fadeIn&#8221; css=&#8221;&#8221; use_custom_fonts_h2=&#8221;true&#8221; use_custom_fonts_h4=&#8221;true&#8221; btn_add_icon=&#8221;true&#8221; h2_link=&#8221;url:https%3A%2F%2Fwww.unicentro.br%2Faonline|title:Aluno%20online|target:_blank&#8221; btn_link=&#8221;url:https%3A%2F%2Fwww.unicentro.br%2Faonline|title:Acesso%20ao%20aluno%20online|target:_blank&#8221;][\/vc_cta][\/vc_column_inner][vc_column_inner width=&#8221;1\/2&#8243;][vc_message message_box_color=&#8221;alert-warning&#8221; css=&#8221;&#8221;]Utilize seu n\u00famero de RA [&hellip;]<\/p>\n","protected":false},"author":22,"featured_media":0,"parent":0,"menu_order":0,"comment_status":"closed","ping_status":"closed","template":"","meta":{"_exactmetrics_skip_tracking":false,"_exactmetrics_sitenote_active":false,"_exactmetrics_sitenote_note":"","_exactmetrics_sitenote_category":0,"footnotes":"","_links_to":"","_links_to_target":""},"class_list":["post-361","page","type-page","status-publish","hentry"],"_links":{"self":[{"href":"https:\/\/www3.unicentro.br\/coorti\/wp-json\/wp\/v2\/pages\/361","targetHints":{"allow":["GET"]}}],"collection":[{"href":"https:\/\/www3.unicentro.br\/coorti\/wp-json\/wp\/v2\/pages"}],"about":[{"href":"https:\/\/www3.unicentro.br\/coorti\/wp-json\/wp\/v2\/types\/page"}],"author":[{"embeddable":true,"href":"https:\/\/www3.unicentro.br\/coorti\/wp-json\/wp\/v2\/users\/22"}],"replies":[{"embeddable":true,"href":"https:\/\/www3.unicentro.br\/coorti\/wp-json\/wp\/v2\/comments?post=361"}],"version-history":[{"count":2,"href":"https:\/\/www3.unicentro.br\/coorti\/wp-json\/wp\/v2\/pages\/361\/revisions"}],"predecessor-version":[{"id":2477,"href":"https:\/\/www3.unicentro.br\/coorti\/wp-json\/wp\/v2\/pages\/361\/revisions\/2477"}],"wp:attachment":[{"href":"https:\/\/www3.unicentro.br\/coorti\/wp-json\/wp\/v2\/media?parent=361"}],"curies":[{"name":"wp","href":"https:\/\/api.w.org\/{rel}","templated":true}]}}