{"id":1905,"date":"2023-05-22T17:52:12","date_gmt":"2023-05-22T20:52:12","guid":{"rendered":"https:\/\/www3.unicentro.br\/coorti\/?page_id=1905"},"modified":"2025-08-13T10:35:55","modified_gmt":"2025-08-13T13:35:55","slug":"tutorial-de-votacao-ppg","status":"publish","type":"page","link":"https:\/\/www3.unicentro.br\/coorti\/tutorial-de-votacao-ppg\/","title":{"rendered":"Elei\u00e7\u00f5es PPGs: Tutorial de Vota\u00e7\u00e3o Online"},"content":{"rendered":"<div class=\"wpb-content-wrapper\"><p>[vc_row][vc_column][vc_column_text css=&#8221;&#8221;]A pr\u00f3xima elei\u00e7\u00e3o \u00e9 o referente \u00e0 Portaria 995-GR\/UNICENTRO-2025,\u00a0 Processo Eleitoral para escolha de Coordenador(a) e Vice-Coordenador(a) do Programa de P\u00f3s-Gradua\u00e7\u00e3o Stricto Sensu em Ci\u00eancias Florestais da UNICENTRO, e ocorrer\u00e1 no dia 21 de agosto de 2025, de forma totalmente online.<\/p>\n<p>Mais informa\u00e7\u00f5es sobre o processo eleitoral podem ser acessadas em <span style=\"text-decoration: underline\"><a href=\"https:\/\/www3.unicentro.br\/coel\">www.unicentro.br\/coel<\/a><\/span>[\/vc_column_text][vc_tta_accordion color=&#8221;blue&#8221; gap=&#8221;3&#8243; active_section=&#8221;0&#8243; no_fill=&#8221;true&#8221; collapsible_all=&#8221;true&#8221; title=&#8221;Informa\u00e7\u00f5es sobre Vota\u00e7\u00e3o Online&#8221;][vc_tta_section i_icon_fontawesome=&#8221;fas fa-search&#8221; add_icon=&#8221;true&#8221; title=&#8221;01. Base de Eleitores Votantes&#8221; tab_id=&#8221;1607708812758-d40cea91-372c&#8221;][vc_row_inner][vc_column_inner width=&#8221;1\/2&#8243;][vc_column_text]<\/p>\n<p style=\"text-align: center\">A base de eleitores para compor este pleito \u00e9 obtida a partir de duas plataformas institucionais:<\/p>\n<p style=\"text-align: center\"><strong><span style=\"font-size: 14pt\">SGU (Sistema de Gest\u00e3o Universit\u00e1ria)<\/span><\/strong><\/p>\n<p style=\"text-align: center\"><span style=\"font-size: 14pt\">e<\/span><\/p>\n<p style=\"text-align: center\"><strong><span style=\"font-size: 14pt\">MOODLE<\/span><\/strong><\/p>\n<p>[\/vc_column_text][\/vc_column_inner][vc_column_inner width=&#8221;1\/2&#8243;][vc_column_text]Para este pleito, a base de votantes ser\u00e1 autenticada pelo SGU e pelo Moodle:<\/p>\n<ul style=\"list-style-type: circle\">\n<li><strong>Professores<\/strong> dos PPGs que s\u00e3o <strong>ativos no quadro funcional<\/strong> da institui\u00e7\u00e3o devem selecionar a <strong>op\u00e7\u00e3o de autentica\u00e7\u00e3o &#8220;SGU&#8221;<\/strong>, e poder\u00e3o se autenticar usando as mesmas credenciais (usu\u00e1rio e senha) que utilizam para acessar o SGU regularmente;<\/li>\n<li><strong>Professores<\/strong> dos PPGs que <strong>n\u00e3o fazem parte do quadro funcional<\/strong> da Unicentro, devem selecionar a <strong>op\u00e7\u00e3o de autentica\u00e7\u00e3o &#8220;Moodle&#8221;<\/strong>, e as credenciais ser\u00e3o informadas atrav\u00e9s de mensagem de e-mail que ser\u00e1 encaminhada pela comiss\u00e3o eleitoral.<\/li>\n<\/ul>\n<p>[\/vc_column_text][\/vc_column_inner][\/vc_row_inner][vc_separator color=&#8221;blue&#8221;][\/vc_tta_section][vc_tta_section i_icon_fontawesome=&#8221;fas fa-person-booth&#8221; add_icon=&#8221;true&#8221; title=&#8221;02. Acesso ao site de Vota\u00e7\u00e3o Online&#8221; tab_id=&#8221;1607708812771-408b46b4-4c6c&#8221;][vc_row_inner][vc_column_inner][vc_column_text css=&#8221;&#8221;]<\/p>\n<p style=\"text-align: center\">O sistema de vota\u00e7\u00e3o online est\u00e1 dispon\u00edvel em<\/p>\n<p style=\"text-align: center\"><a href=\"https:\/\/eleicao.unicentro.br\"><strong><span style=\"font-size: 14pt\">eleicao.unicentro.br<\/span><\/strong><\/a><\/p>\n<p>[\/vc_column_text][vc_separator color=&#8221;blue&#8221; border_width=&#8221;2&#8243;][\/vc_column_inner][\/vc_row_inner][vc_row_inner][vc_column_inner width=&#8221;1\/2&#8243;][vc_single_image image=&#8221;1909&#8243; img_size=&#8221;300&#215;300&#8243; alignment=&#8221;center&#8221; onclick=&#8221;link_image&#8221;][\/vc_column_inner][vc_column_inner width=&#8221;1\/2&#8243;][vc_column_text]Para acesso, primeiro escolha a plataforma de autentica\u00e7\u00e3o, que neste pleito ser\u00e1 o <span style=\"font-size: 14pt\"><strong><span style=\"text-decoration: underline\"><span style=\"color: #000080;text-decoration: underline\">SGU<\/span><\/span><\/strong>\u00a0<\/span>para <strong>professores ativos do quadro funcional da Unicentro<\/strong>, e <span style=\"font-size: 14pt\"><strong><span style=\"text-decoration: underline\"><span style=\"color: #000080;text-decoration: underline\">Moodle<\/span><\/span><\/strong>\u00a0<\/span>para <strong>professores de outras institui\u00e7\u00f5es<\/strong>.[\/vc_column_text][\/vc_column_inner][\/vc_row_inner][vc_separator color=&#8221;blue&#8221; border_width=&#8221;2&#8243;][vc_row_inner][vc_column_inner width=&#8221;1\/2&#8243;][vc_single_image image=&#8221;1908&#8243; img_size=&#8221;300&#215;300&#8243; alignment=&#8221;center&#8221; onclick=&#8221;link_image&#8221;][\/vc_column_inner][vc_column_inner width=&#8221;1\/2&#8243;][vc_column_text]Ap\u00f3s a escolha a plataforma de autentica\u00e7\u00e3o no campo <strong>Op\u00e7\u00f5es de acesso<\/strong>, informe seu <strong>login<\/strong> e <strong>senha<\/strong> para acesso, de acordo com v\u00ednculo institucional.<\/p>\n<ul style=\"list-style-type: circle\">\n<li>Se voc\u00ea \u00e9 professor ativo do quadro funcional da Unicentro, utilize o mesmo <strong>usu\u00e1rio e senha que faz acesso ao SGU<\/strong>;<\/li>\n<li>Se voc\u00ea \u00e9 professor inativo, ou de outra institui\u00e7\u00e3o, utilize o <strong>usu\u00e1rio e senha que ser\u00e1 encaminhado por e-mail<\/strong> pela comiss\u00e3o eleitoral.<\/li>\n<\/ul>\n<p>[\/vc_column_text][\/vc_column_inner][\/vc_row_inner][vc_separator color=&#8221;blue&#8221; border_width=&#8221;2&#8243;][vc_row_inner][vc_column_inner width=&#8221;1\/2&#8243;][vc_single_image image=&#8221;1907&#8243; img_size=&#8221;300&#215;300&#8243; alignment=&#8221;center&#8221; onclick=&#8221;link_image&#8221;][\/vc_column_inner][vc_column_inner width=&#8221;1\/2&#8243;][vc_column_text]Ap\u00f3s informar os dados nos 3 campos, clicar no bot\u00e3o azul <span style=\"color: #333399\"><strong>&#8220;Acessar&#8221;<\/strong><\/span>.<\/p>\n<p>Caso ap\u00f3s clicar no bot\u00e3o aparecer a mensagem:<\/p>\n<blockquote><p><em>N\u00e3o h\u00e1 uma ficha de eleitor para o login especificado<\/em><\/p><\/blockquote>\n<p>as credencias informadas n\u00e3o constam na base eleitoral, e isso pode ocorrer porque:<\/p>\n<ol style=\"list-style-type: lower-alpha\">\n<li>\u00a0seu perfil n\u00e3o \u00e9 de um eleitor v\u00e1lido para o processo eleitoral atual; ou<\/li>\n<li>\u00a0voc\u00ea informou alguma da credenciais inv\u00e1lidas (usu\u00e1rio ou senha).<\/li>\n<\/ol>\n<p>Caso voc\u00ea tenha certeza que as informa\u00e7\u00f5es prestadas est\u00e3o corretas, <strong>revise os itens digitados nos campos<\/strong> e tente novamente. Voc\u00ea pode tentar tamb\u00e9m recuperar sua senha, pelo link de Recupera\u00e7\u00e3o correspondente (ap\u00f3s execu\u00e7\u00e3o, ela ser\u00e1 encaminhada para seu e-mail).<\/p>\n<p>Se ainda assim n\u00e3o conseguir, entre em contato com coel@unicentro.br[\/vc_column_text][\/vc_column_inner][\/vc_row_inner][\/vc_tta_section][vc_tta_section i_icon_fontawesome=&#8221;fas fa-user-check&#8221; add_icon=&#8221;true&#8221; title=&#8221;03. Valida\u00e7\u00e3o da Conta para vota\u00e7\u00e3o&#8221; tab_id=&#8221;1607709004743-cdc5dfd2-ddbc&#8221;][vc_row_inner][vc_column_inner width=&#8221;1\/3&#8243;][vc_column_text]Ap\u00f3s o acesso com sucesso ao menu vota\u00e7\u00e3o, o eleitor visualizar\u00e1 a tela ao lado.[\/vc_column_text][\/vc_column_inner][vc_column_inner width=&#8221;2\/3&#8243;][vc_single_image image=&#8221;710&#8243; img_size=&#8221;400&#215;300&#8243; alignment=&#8221;center&#8221; onclick=&#8221;link_image&#8221;][\/vc_column_inner][\/vc_row_inner][vc_separator color=&#8221;blue&#8221; border_width=&#8221;2&#8243;][vc_row_inner][vc_column_inner width=&#8221;1\/3&#8243;][vc_column_text]As c\u00e9dulas de vota\u00e7\u00e3o ser\u00e3o exibidas logo abaixo na tela, conforme os cargos e candidaturas que seu perfil de eleitor tem direito a voto.[\/vc_column_text][\/vc_column_inner][vc_column_inner width=&#8221;2\/3&#8243;][vc_single_image image=&#8221;709&#8243; img_size=&#8221;400&#215;400&#8243; alignment=&#8221;center&#8221; onclick=&#8221;link_image&#8221;][\/vc_column_inner][\/vc_row_inner][vc_separator color=&#8221;blue&#8221; border_width=&#8221;2&#8243;][vc_row_inner][vc_column_inner width=&#8221;1\/3&#8243;][vc_column_text]No primeiro acesso, os bot\u00f5es para vota\u00e7\u00e3o ainda n\u00e3o estar\u00e3o dispon\u00edveis. \u00c9 necess\u00e1rio que voc\u00ea<strong> valide sua conta<\/strong> atrav\u00e9s de um link que \u00e9 enviado tanto para o e-mail quanto para o smartphone (aplicativo Whatsapp) do eleitor.<\/p>\n<p>Esse link j\u00e1 \u00e9 enviado quando o eleitor faz o primeiro acesso no site, mas caso n\u00e3o o tenha recebido, \u00e9 poss\u00edvel clicar no bot\u00e3o de &#8220;<strong>Reenviar<\/strong>&#8221; a qualquer momento (vide imagem destacada ao lado).<\/p>\n<p>PS: n\u00e3o esque\u00e7a de verificar tamb\u00e9m a caixa de spam do seu correio eletr\u00f4nico, caso n\u00e3o tenha recebido a mensagem ap\u00f3s alguns minutos.[\/vc_column_text][\/vc_column_inner][vc_column_inner width=&#8221;2\/3&#8243;][vc_single_image image=&#8221;708&#8243; img_size=&#8221;400&#215;200&#8243; alignment=&#8221;center&#8221; onclick=&#8221;link_image&#8221;][vc_single_image image=&#8221;707&#8243; img_size=&#8221;400&#215;100&#8243; alignment=&#8221;center&#8221; onclick=&#8221;link_image&#8221;][\/vc_column_inner][\/vc_row_inner][vc_separator color=&#8221;blue&#8221; border_width=&#8221;2&#8243;][vc_row_inner][vc_column_inner width=&#8221;1\/3&#8243;][vc_column_text]A mensagem que voc\u00ea receber\u00e1 por e-mail com o link de valida\u00e7\u00e3o \u00e9 semelhante \u00e0 imagem ao lado.<\/p>\n<p><strong>Mas aten\u00e7\u00e3o<\/strong>: ap\u00f3s clicar no link de valida\u00e7\u00e3o voc\u00ea precisa fazer <strong>log in novamente no site<\/strong>, para que os bot\u00f5es de vota\u00e7\u00e3o sejam exibidos.[\/vc_column_text][\/vc_column_inner][vc_column_inner width=&#8221;2\/3&#8243;][vc_single_image image=&#8221;706&#8243; img_size=&#8221;400&#215;150&#8243; alignment=&#8221;center&#8221; onclick=&#8221;link_image&#8221;][\/vc_column_inner][\/vc_row_inner][\/vc_tta_section][vc_tta_section i_icon_fontawesome=&#8221;fas fa-vote-yea&#8221; add_icon=&#8221;true&#8221; title=&#8221;04. Votar&#8221; tab_id=&#8221;1607709081470-7d06d6f9-bdff&#8221;][vc_row_inner][vc_column_inner width=&#8221;1\/3&#8243;][vc_column_text]Ap\u00f3s os passos anteriores, tendo validado o link e estando logado no site de vota\u00e7\u00e3o, o eleitor estar\u00e1 apto a votar.<\/p>\n<p>Na tela principal constar\u00e1 a informa\u00e7\u00e3o que &#8220;<em>a verifica\u00e7\u00e3o em duas etapas foi realizada com sucesso<\/em>&#8220;, e na \u00e1rea das c\u00e9dulas estar\u00e3o sendo exibidos os bot\u00f5es de &#8220;<em>Votar<\/em>&#8221; habilitados.[\/vc_column_text][\/vc_column_inner][vc_column_inner width=&#8221;2\/3&#8243;][vc_single_image image=&#8221;705&#8243; img_size=&#8221;300&#215;200&#8243; alignment=&#8221;center&#8221; onclick=&#8221;link_image&#8221;][vc_single_image image=&#8221;704&#8243; img_size=&#8221;300&#215;300&#8243; alignment=&#8221;center&#8221; onclick=&#8221;link_image&#8221;][\/vc_column_inner][\/vc_row_inner][vc_separator color=&#8221;blue&#8221; border_width=&#8221;2&#8243;][vc_row_inner][vc_column_inner width=&#8221;1\/3&#8243;][vc_column_text]Ao clicar no bot\u00e3o de <strong>Votar<\/strong> de cada c\u00e9dula, voc\u00ea ser\u00e1 direcionado para a tela de escolha. Selecione a op\u00e7\u00e3o desejada de voto, e ap\u00f3s clique no bot\u00e3o <strong>Confirmar<\/strong><\/p>\n<p><img loading=\"lazy\" decoding=\"async\" class=\"size-full wp-image-699 aligncenter\" src=\"https:\/\/www3.unicentro.br\/coorti\/wp-content\/uploads\/sites\/15\/2020\/12\/VE_Voto_botoes.png\" alt=\"\" width=\"297\" height=\"103\" srcset=\"https:\/\/www3.unicentro.br\/coorti\/wp-content\/uploads\/sites\/15\/2020\/12\/VE_Voto_botoes.png 297w, https:\/\/www3.unicentro.br\/coorti\/wp-content\/uploads\/sites\/15\/2020\/12\/VE_Voto_botoes-255x88.png 255w\" sizes=\"auto, (max-width: 297px) 100vw, 297px\" \/><\/p>\n<p>IMPORTANTE: seu voto n\u00e3o ser\u00e1 registrado at\u00e9 voc\u00ea clicar no bot\u00e3o Confirmar.[\/vc_column_text][\/vc_column_inner][vc_column_inner width=&#8221;2\/3&#8243;][vc_single_image image=&#8221;698&#8243; img_size=&#8221;300&#215;150&#8243; alignment=&#8221;center&#8221; onclick=&#8221;link_image&#8221;][\/vc_column_inner][\/vc_row_inner][vc_separator color=&#8221;blue&#8221; border_width=&#8221;2&#8243;][vc_row_inner][vc_column_inner width=&#8221;1\/3&#8243;][vc_column_text]Ap\u00f3s o voto ser registrado, o bot\u00e3o \u00e9 desativado, n\u00e3o sendo mais poss\u00edvel alterar.<\/p>\n<p>Repita o procedimento de Vota\u00e7\u00e3o para cada c\u00e9dula dispon\u00edvel para voc\u00ea.[\/vc_column_text][\/vc_column_inner][vc_column_inner width=&#8221;2\/3&#8243;][vc_single_image image=&#8221;697&#8243; img_size=&#8221;300&#215;300&#8243; alignment=&#8221;center&#8221; onclick=&#8221;link_image&#8221;][\/vc_column_inner][\/vc_row_inner][vc_separator color=&#8221;blue&#8221; border_width=&#8221;2&#8243;][vc_row_inner][vc_column_inner width=&#8221;1\/3&#8243;][vc_column_text]E para finalizar, quando um cargo tem mais de uma candidatura concorrente, aparecer\u00e1 as duas op\u00e7\u00f5es na tela de vota\u00e7\u00e3o conforme exemplo ao lado.[\/vc_column_text][\/vc_column_inner][vc_column_inner width=&#8221;2\/3&#8243;][vc_single_image image=&#8221;702&#8243; img_size=&#8221;300&#215;150&#8243; alignment=&#8221;center&#8221; onclick=&#8221;link_image&#8221;][\/vc_column_inner][\/vc_row_inner][\/vc_tta_section][vc_tta_section i_icon_fontawesome=&#8221;fas fa-envelope-square&#8221; add_icon=&#8221;true&#8221; title=&#8221;05. Outras informa\u00e7\u00f5es&#8221; tab_id=&#8221;1607716385736-86064992-ffce&#8221;][vc_column_text css=&#8221;&#8221;]<\/p>\n<p style=\"text-align: center\">Caso encontre algum problema, contatar a comiss\u00e3o eleitoral atrav\u00e9s do endere\u00e7o eletr\u00f4nico<\/p>\n<p style=\"text-align: center\"><span style=\"font-size: 14pt\"><strong><a href=\"mailto:coel@unicentro.br\">coel@unicentro.br<\/a><\/strong><\/span><\/p>\n<p>[\/vc_column_text][\/vc_tta_section][\/vc_tta_accordion][\/vc_column][\/vc_row]<\/p>\n<\/div>","protected":false},"excerpt":{"rendered":"<p>[vc_row][vc_column][vc_column_text css=&#8221;&#8221;]A pr\u00f3xima elei\u00e7\u00e3o \u00e9 o referente \u00e0 Portaria 995-GR\/UNICENTRO-2025,\u00a0 Processo Eleitoral para escolha de Coordenador(a) e Vice-Coordenador(a) do Programa de P\u00f3s-Gradua\u00e7\u00e3o Stricto Sensu em Ci\u00eancias Florestais da UNICENTRO, e ocorrer\u00e1 no dia 21 de agosto de 2025, de forma totalmente online. Mais informa\u00e7\u00f5es sobre o processo eleitoral podem ser acessadas em www.unicentro.br\/coel[\/vc_column_text][vc_tta_accordion color=&#8221;blue&#8221; gap=&#8221;3&#8243; [&hellip;]<\/p>\n","protected":false},"author":22,"featured_media":0,"parent":0,"menu_order":0,"comment_status":"closed","ping_status":"closed","template":"","meta":{"_exactmetrics_skip_tracking":false,"_exactmetrics_sitenote_active":false,"_exactmetrics_sitenote_note":"","_exactmetrics_sitenote_category":0,"footnotes":"","_links_to":"","_links_to_target":""},"class_list":["post-1905","page","type-page","status-publish","hentry"],"_links":{"self":[{"href":"https:\/\/www3.unicentro.br\/coorti\/wp-json\/wp\/v2\/pages\/1905","targetHints":{"allow":["GET"]}}],"collection":[{"href":"https:\/\/www3.unicentro.br\/coorti\/wp-json\/wp\/v2\/pages"}],"about":[{"href":"https:\/\/www3.unicentro.br\/coorti\/wp-json\/wp\/v2\/types\/page"}],"author":[{"embeddable":true,"href":"https:\/\/www3.unicentro.br\/coorti\/wp-json\/wp\/v2\/users\/22"}],"replies":[{"embeddable":true,"href":"https:\/\/www3.unicentro.br\/coorti\/wp-json\/wp\/v2\/comments?post=1905"}],"version-history":[{"count":3,"href":"https:\/\/www3.unicentro.br\/coorti\/wp-json\/wp\/v2\/pages\/1905\/revisions"}],"predecessor-version":[{"id":2665,"href":"https:\/\/www3.unicentro.br\/coorti\/wp-json\/wp\/v2\/pages\/1905\/revisions\/2665"}],"wp:attachment":[{"href":"https:\/\/www3.unicentro.br\/coorti\/wp-json\/wp\/v2\/media?parent=1905"}],"curies":[{"name":"wp","href":"https:\/\/api.w.org\/{rel}","templated":true}]}}