{"id":185,"date":"2017-06-12T19:02:14","date_gmt":"2017-06-12T22:02:14","guid":{"rendered":"https:\/\/www3.unicentro.br\/coorti\/?page_id=185"},"modified":"2022-11-30T10:58:35","modified_gmt":"2022-11-30T13:58:35","slug":"perguntas-frequentes-sge","status":"publish","type":"page","link":"https:\/\/www3.unicentro.br\/coorti\/perguntas-frequentes-sge\/","title":{"rendered":"D\u00favidas frequentes &#8211; SGE"},"content":{"rendered":"<div class=\"wpb-content-wrapper\"><p>[vc_row][vc_column][vc_tta_accordion][vc_tta_section title=&#8221;Configura\u00e7\u00f5es iniciais&#8221; tab_id=&#8221;1497307185822-df677b52-8aa8&#8243;][vc_toggle title=&#8221;Cadastrei atividades e tipos de submiss\u00e3o mas os participantes n\u00e3o conseguem se inscrever nas atividades ou submeter trabalhos. O que pode estar acontecendo?&#8221;]O cadastro de atividades ou tipos de submiss\u00e3o n\u00e3o \u00e9 suficiente para que os participantes tenham acesso a estes recursos. Para garantir uma maior flexibilidade o sistema conta com uma se\u00e7\u00e3o de regras que devem ser configuradas nas categorias.<br \/>\nVoc\u00ea deve conferir se os tipos de submiss\u00e3o e\/ou atividades foram inclu\u00eddos nas regras das categorias dispon\u00edveis. Para mais informa\u00e7\u00f5es sobre o cadastro de categorias, clique <strong><a href=\"http:\/\/evento.unicentro.br\/wikis\/view\/gestores#modalidadesecategorias\" target=\"_blank\" rel=\"noopener noreferrer\">aqui<\/a><\/strong>.<\/p>\n<p>Veja os tutoriais em v\u00eddeo para a inclus\u00e3o de Atividades e\/ou Tipos de submiss\u00e3o nas regras de uma categoria:<br \/>\n<a href=\"https:\/\/evento.unicentro.br\/wiki\/incluir_atividade_nas_regras.mp4\" target=\"_blank\" rel=\"noopener\"><strong>Inclus\u00e3o de atividades nas Regras da Categoria.<\/strong><\/a><br \/>\n<a href=\"https:\/\/evento.unicentro.br\/wiki\/incluir_tipo_submissao_categoria.mp4\" target=\"_blank\" rel=\"noopener\"><strong>Inclus\u00e3o de Tipo de Submiss\u00e3o\u00a0nas Regras da Categoria.<\/strong><\/a>[\/vc_toggle][vc_toggle title=&#8221;Como fa\u00e7o para saber como o site de inscri\u00e7\u00f5es ser\u00e1 exibido para os participantes?&#8221;]Ap\u00f3s logar no SGE (evento.unicentro.br) e acessar o evento que est\u00e1 atuando como gestor, passe o mouse sobre o menu lateral esquerdo at\u00e9 que ele se expanda. Localize o item &#8220;Site de inscri\u00e7\u00f5es&#8221; e clique. O site de inscri\u00e7\u00f5es ser\u00e1 aberto em uma nova aba.<\/p>\n<p>Note que:<br \/>\n1. o endere\u00e7o exibido na barra de endere\u00e7os do seu navegador \u00e9 a URL que voc\u00ea utilizar\u00e1 para a divulga\u00e7\u00e3o do seu evento.<br \/>\n2. esta \u00e9 apar\u00eancia que o site do seu evento ter\u00e1 ao ser exibido para o seu p\u00fablico.[\/vc_toggle][vc_toggle title=&#8221;No cadastro de atividades n\u00e3o aparece nenhum pr\u00e9dio para selecionar onde a atividade ir\u00e1 ocorrer. O que pode estar acontecendo?&#8221;]A lista de pr\u00e9dios est\u00e1 vinculada ao local de realiza\u00e7\u00e3o do evento. Verifique se voc\u00ea definiu o local (ou os locais) onde o evento ir\u00e1 acontecer. Acesse Configura\u00e7\u00f5es &gt; Configura\u00e7\u00f5es iniciais &gt; Locais de realiza\u00e7\u00e3o e inclua os dados que estiverem faltando.[\/vc_toggle][vc_toggle title=&#8221;O que devo configurar inicialmente no site do meu evento?&#8221;]As primeiras configura\u00e7\u00f5es e a estrutura inicial devem ser configuradas sempre pela se\u00e7\u00e3o Configura\u00e7\u00f5es &gt; Configura\u00e7\u00f5es iniciais. Para informa\u00e7\u00f5es detalhadas, clique <strong><a href=\"http:\/\/evento.unicentro.br\/wikis\/view\/gestores#iniciais\" target=\"_blank\" rel=\"noopener noreferrer\">aqui<\/a><\/strong>.[\/vc_toggle][\/vc_tta_section][vc_tta_section title=&#8221;Financeiro&#8221; tab_id=&#8221;1497308727327-f09dbeb1-db48&#8243;][vc_toggle title=&#8221;Como fa\u00e7o para isentar um boleto de um participante?&#8221;]<\/p>\n<div>No menu de gest\u00e3o do evento, clique em Secretaria &gt; Boletos e guias de pagamento. Localize o participante que deseja isentar, e, na \u00faltima coluna (A\u00e7\u00f5es), clique no bot\u00e3o Isentar (<img loading=\"lazy\" decoding=\"async\" class=\"alignnone\" src=\"https:\/\/www3.unicentro.br\/coorti\/wp-content\/uploads\/sites\/15\/2017\/07\/isentar.jpg\" alt=\"Isentar\" width=\"24\" height=\"19\" \/>). Tanto Gestores, quanto Secret\u00e1rios conseguem aplicar a isen\u00e7\u00e3o.<\/div>\n<div><\/div>\n<div><strong>Aten\u00e7\u00e3o<\/strong>: a isen\u00e7\u00e3o \u00e9 concedida ao boleto gerado para o participante. Se existirem outros boletos para o mesmo participante, para isent\u00e1-los \u00e9 necess\u00e1rio repetir os passos anteriores.<\/div>\n<p>[\/vc_toggle][vc_toggle title=&#8221;O site do meu evento n\u00e3o est\u00e1 gerando boletos. Como proceder?&#8221;]Verifique as configura\u00e7\u00f5es de suas categorias, datas de inscri\u00e7\u00e3o e vencimento. Se o evento estiver sendo configurado e nenhum boleto foi gerado ainda, verifique com a equipe financeira se j\u00e1 foi liberado um c\u00f3digo de arrecada\u00e7\u00e3o para o seu evento. Aten\u00e7\u00e3o! Isso s\u00f3 ir\u00e1 ocorrer quando o projeto do evento tiver tramitado e for do conhecimento da Diretoria Financeira.[\/vc_toggle][vc_toggle title=&#8221;Um participante afirma ter pago o boleto mas o pagamento ainda n\u00e3o foi reconhecido. Como proceder?&#8221;]Em primeiro lugar, leve em conta o prazo para repasse da informa\u00e7\u00e3o de quita\u00e7\u00e3o por parte do banco. Este processo pode levar at\u00e9 dois dias \u00fateis. Se o prazo foi cumprido solicite ao participante que envie o comprovante de pagamento para an\u00e1lise. De posse do comprovante procure a Diretoria Financeira para que seja averiguada a situa\u00e7\u00e3o.[\/vc_toggle][\/vc_tta_section][vc_tta_section title=&#8221;Submiss\u00f5es e avalia\u00e7\u00f5es de trabalhos&#8221; tab_id=&#8221;1497307185865-cec074ac-4f17&#8243;][vc_toggle title=&#8221;Como fa\u00e7o para incluir um ou mais coautores ap\u00f3s o autor ter submetido o trabalho?&#8221;]Se o autor por algum motivo n\u00e3o incluiu um ou mais coautores do trabalho o gestor pode incluir na tela Submiss\u00f5es &gt; Distribui\u00e7\u00e3o e controle de avalia\u00e7\u00f5es.<\/p>\n<p>Siga os passos:<br \/>\n1. Localize na coluna A\u00e7\u00f5es o \u00edcone &#8220;Coautores&#8221;.<br \/>\n2. Clique e na tela seguinte inclua o(s) coautor(es).<\/p>\n<p>Observa\u00e7\u00e3o: Note que voc\u00ea deve informar tamb\u00e9m a ordem na qual os coautores ser\u00e3o exibidos.[\/vc_toggle][vc_toggle title=&#8221;Como fa\u00e7o para n\u00e3o permitir que um trabalho aceito no processo de avalia\u00e7\u00e3o seja publicado no site de anais?&#8221;]Se, por algum motivo, voc\u00ea n\u00e3o queira que um trabalho aprovado na fase de avalia\u00e7\u00e3o seja publicado no site de anais do seu evento registre um termo final como &#8220;Rejeitado&#8221;. Essa \u00e9 uma a\u00e7\u00e3o de interven\u00e7\u00e3o que pode ser realizada pelos gestores a qualquer tempo. O hist\u00f3rico de avalia\u00e7\u00f5es ser\u00e1 preservado, mas o trabalho constar\u00e1 como rejeitado e n\u00e3o aparecer\u00e1 na rela\u00e7\u00e3o de trabalhos publicados no site de anais.[\/vc_toggle][vc_toggle title=&#8221;Como fa\u00e7o para permitir a avalia\u00e7\u00e3o de trabalhos sem a quita\u00e7\u00e3o do boleto?&#8221;]O Tipo de tarifa\u00e7\u00e3o, nas Regras da categoria \u00e9 o que controla a libera\u00e7\u00e3o ou o bloqueio do trabalho para avalia\u00e7\u00e3o. Caso esteja definido como &#8220;Pr\u00e9-pago&#8221; os trabalhos somente poder\u00e3o ser avaliados ap\u00f3s a confirma\u00e7\u00e3o de pagamento do boleto. Com esse tipo de configura\u00e7\u00e3o voc\u00ea garante que apenas os trabalhos de autores pagantes ser\u00e3o avaliados\/publicados. Caso contr\u00e1rio, se voc\u00ea definir o tipo de tarifa\u00e7\u00e3o como &#8220;P\u00f3s-pago&#8221; o sistema libera o trabalho para avalia\u00e7\u00e3o logo ap\u00f3s a distribui\u00e7\u00e3o, n\u00e3o realizando qualquer bloqueio. Neste cen\u00e1rio, um trabalho de um autor que n\u00e3o tenha efetuado o pagamento poder\u00e1 ser publicado. Avalie qual \u00e9 a melhor op\u00e7\u00e3o para o seu evento e escolha.[\/vc_toggle][vc_toggle title=&#8221;Como ocorre o processo de avalia\u00e7\u00e3o de submiss\u00f5es?&#8221;]Inicialmente voc\u00ea deve distribuir os trabalhos entre os avaliadores vinculados aos comit\u00eas cient\u00edficos do seu evento. Para isso clique em Submiss\u00f5es &gt; Distribui\u00e7\u00e3o e controle de submiss\u00f5es. Os trabalhos que ainda n\u00e3o foram distribu\u00eddos ser\u00e3o mostrados na aba Distribui\u00e7\u00e3o. Na coluna a\u00e7\u00f5es clique em Distribuir e indique um avaliador para o trabalho.[\/vc_toggle][\/vc_tta_section][vc_tta_section title=&#8221;Registro de presen\u00e7a&#8221; tab_id=&#8221;1669815379277-12d13a6e-54ab&#8221;][vc_toggle title=&#8221;O bot\u00e3o para registro de presen\u00e7a n\u00e3o est\u00e1 sendo exibido para os participantes. O que verificar?&#8221;]<\/p>\n<ol>\n<li>Em primeiro lugar, certifique-se de que no cadastro da atividade (Configura\u00e7\u00f5es &gt; Configura\u00e7\u00f5es iniciais &gt; Atividades) est\u00e3o marcadas as op\u00e7\u00f5es &#8220;Permite registro de presen\u00e7a pelo participante?&#8221; e &#8220;Permite registros\/ajustes de frequ\u00eancia?&#8221;.<\/li>\n<li>Em seguida, verifique se a atividade possui uma faixa de hor\u00e1rio configurada corretamente.<\/li>\n<li>Caso as configura\u00e7\u00f5es estejam corretas no cadastro da atividade e mesmo assim o bot\u00e3o para registro de presen\u00e7a n\u00e3o esteja sendo exibido, certifique-se de que nos locais de realiza\u00e7\u00e3o tenham sido informados os turnos. Exemplo: se uma atividade est\u00e1 ocorrendo em uma determinada data das 09:00 \u00e0s 12:00, voc\u00ea deve incluir o turno &#8220;Manh\u00e3&#8221; no local de participa\u00e7\u00e3o. Os locais e turnos de realiza\u00e7\u00e3o podem ser configurados a partir da tela Configura\u00e7\u00f5es &gt; Configura\u00e7\u00f5es iniciais.<\/li>\n<\/ol>\n<p>[\/vc_toggle][\/vc_tta_section][\/vc_tta_accordion][\/vc_column][\/vc_row]<\/p>\n<\/div>","protected":false},"excerpt":{"rendered":"<p>[vc_row][vc_column][vc_tta_accordion][vc_tta_section title=&#8221;Configura\u00e7\u00f5es iniciais&#8221; tab_id=&#8221;1497307185822-df677b52-8aa8&#8243;][vc_toggle title=&#8221;Cadastrei atividades e tipos de submiss\u00e3o mas os participantes n\u00e3o conseguem se inscrever nas atividades ou submeter trabalhos. O que pode estar acontecendo?&#8221;]O cadastro de atividades ou tipos de submiss\u00e3o n\u00e3o \u00e9 suficiente para que os participantes tenham acesso a estes recursos. Para garantir uma maior flexibilidade o sistema conta com [&hellip;]<\/p>\n","protected":false},"author":25,"featured_media":0,"parent":0,"menu_order":0,"comment_status":"closed","ping_status":"closed","template":"","meta":{"_exactmetrics_skip_tracking":false,"_exactmetrics_sitenote_active":false,"_exactmetrics_sitenote_note":"","_exactmetrics_sitenote_category":0,"footnotes":"","_links_to":"","_links_to_target":""},"class_list":["post-185","page","type-page","status-publish","hentry"],"_links":{"self":[{"href":"https:\/\/www3.unicentro.br\/coorti\/wp-json\/wp\/v2\/pages\/185","targetHints":{"allow":["GET"]}}],"collection":[{"href":"https:\/\/www3.unicentro.br\/coorti\/wp-json\/wp\/v2\/pages"}],"about":[{"href":"https:\/\/www3.unicentro.br\/coorti\/wp-json\/wp\/v2\/types\/page"}],"author":[{"embeddable":true,"href":"https:\/\/www3.unicentro.br\/coorti\/wp-json\/wp\/v2\/users\/25"}],"replies":[{"embeddable":true,"href":"https:\/\/www3.unicentro.br\/coorti\/wp-json\/wp\/v2\/comments?post=185"}],"version-history":[{"count":0,"href":"https:\/\/www3.unicentro.br\/coorti\/wp-json\/wp\/v2\/pages\/185\/revisions"}],"wp:attachment":[{"href":"https:\/\/www3.unicentro.br\/coorti\/wp-json\/wp\/v2\/media?parent=185"}],"curies":[{"name":"wp","href":"https:\/\/api.w.org\/{rel}","templated":true}]}}