{"id":1840,"date":"2023-03-02T15:24:54","date_gmt":"2023-03-02T18:24:54","guid":{"rendered":"https:\/\/www3.unicentro.br\/coorti\/?page_id=1840"},"modified":"2023-04-03T08:30:38","modified_gmt":"2023-04-03T11:30:38","slug":"recursos-para-gerenciamento-de-uso-de-espaco-google-workspace","status":"publish","type":"page","link":"https:\/\/www3.unicentro.br\/coorti\/recursos-para-gerenciamento-de-uso-de-espaco-google-workspace\/","title":{"rendered":"Recursos para gerenciamento de uso de espa\u00e7o &#8211; Google Workspace"},"content":{"rendered":"<div class=\"wpb-content-wrapper\"><p>[vc_row][vc_column width=&#8221;1\/2&#8243;][vc_single_image image=&#8221;1869&#8243; img_size=&#8221;&#8221; alignment=&#8221;center&#8221; css_animation=&#8221;fadeIn&#8221;][\/vc_column][vc_column width=&#8221;1\/2&#8243;][vc_single_image image=&#8221;1875&#8243; img_size=&#8221;&#8221; css_animation=&#8221;fadeIn&#8221;][\/vc_column][\/vc_row][vc_row][vc_column][vc_column_text]<span style=\"font-size: 14pt;\">Apresentamos abaixo alguns recursos e informa\u00e7\u00f5es para auxiliar no processo de gerenciamento do uso de espa\u00e7o em contas institucionais no Google Workspace.<\/span>[\/vc_column_text][\/vc_column][\/vc_row][vc_row][vc_column][vc_tta_accordion][vc_tta_section title=&#8221;Dicas para gerenciamento&#8221; tab_id=&#8221;1677780013456-c1203b9b-09bf&#8221;][vc_toggle title=&#8221;Ordenar arquivos por tamanho no Google Drive&#8221;]Para visualizar a utiliza\u00e7\u00e3o de cotas utilizadas (Gmail, Drive e Fotos) acesse:<\/p>\n<p><a href=\"https:\/\/drive.google.com\/drive\/quota\" target=\"_blank\" rel=\"noopener\">https:\/\/drive.google.com\/drive\/quota<\/a><\/p>\n<p>Nessa tela ser\u00e1 apresentado um sum\u00e1rio do uso de espa\u00e7o na sua conta com as seguintes informa\u00e7\u00f5es: Total usado, Drive, Gmail e Fotos.<\/p>\n<div class=\"wp-block-image\">\n<div id=\"attachment_1894\" style=\"width: 310px\" class=\"wp-caption alignnone\"><a href=\"https:\/\/www3.unicentro.br\/coorti\/wp-content\/uploads\/sites\/15\/2023\/04\/armazenamento.jpg\"><img loading=\"lazy\" decoding=\"async\" aria-describedby=\"caption-attachment-1894\" class=\"wp-image-1894 size-medium\" src=\"https:\/\/www3.unicentro.br\/coorti\/wp-content\/uploads\/sites\/15\/2023\/04\/armazenamento-300x100.jpg\" alt=\"Uso de espa\u00e7o\" width=\"300\" height=\"100\" srcset=\"https:\/\/www3.unicentro.br\/coorti\/wp-content\/uploads\/sites\/15\/2023\/04\/armazenamento-300x100.jpg 300w, https:\/\/www3.unicentro.br\/coorti\/wp-content\/uploads\/sites\/15\/2023\/04\/armazenamento-255x85.jpg 255w, https:\/\/www3.unicentro.br\/coorti\/wp-content\/uploads\/sites\/15\/2023\/04\/armazenamento.jpg 606w\" sizes=\"auto, (max-width: 300px) 100vw, 300px\" \/><\/a><p id=\"caption-attachment-1894\" class=\"wp-caption-text\">Exemplo de sum\u00e1rio de uso de espa\u00e7o em conta Google Workspace<\/p><\/div>\n<\/div>\n<p>&nbsp;<\/p>\n<p>Para ordenar a lista de arquivos por tamanho no Google Drive, clique na coluna &#8220;Armazenamento&#8221;, deixando a ordem do maior para o menor, conforme exemplo abaixo.<\/p>\n<div class=\"wp-block-image\"><a href=\"https:\/\/www3.unicentro.br\/coorti\/wp-content\/uploads\/sites\/15\/2023\/03\/armazena_ord.jpg\"><img loading=\"lazy\" decoding=\"async\" class=\"alignnone wp-image-1856 size-full\" src=\"https:\/\/www3.unicentro.br\/coorti\/wp-content\/uploads\/sites\/15\/2023\/03\/armazena_ord.jpg\" alt=\"Ordenar por tamanho\" width=\"155\" height=\"70\" \/><\/a><\/div>\n<p>[\/vc_toggle][vc_toggle title=&#8221;Filtrar mensagens de e-mail por tamanho&#8221;]Em sua caixa de correio, localize o campo de busca e clique no bot\u00e3o &#8220;Mostrar op\u00e7\u00f5es de pesquisa&#8221;.<\/p>\n<div class=\"wp-block-image\"><a href=\"https:\/\/www3.unicentro.br\/coorti\/wp-content\/uploads\/sites\/15\/2023\/03\/pesquisar_opcoes.jpg\"><img loading=\"lazy\" decoding=\"async\" class=\"alignnone wp-image-1845 size-full\" src=\"https:\/\/www3.unicentro.br\/coorti\/wp-content\/uploads\/sites\/15\/2023\/03\/pesquisar_opcoes.jpg\" alt=\"\" width=\"799\" height=\"165\" srcset=\"https:\/\/www3.unicentro.br\/coorti\/wp-content\/uploads\/sites\/15\/2023\/03\/pesquisar_opcoes.jpg 799w, https:\/\/www3.unicentro.br\/coorti\/wp-content\/uploads\/sites\/15\/2023\/03\/pesquisar_opcoes-300x62.jpg 300w, https:\/\/www3.unicentro.br\/coorti\/wp-content\/uploads\/sites\/15\/2023\/03\/pesquisar_opcoes-768x159.jpg 768w, https:\/\/www3.unicentro.br\/coorti\/wp-content\/uploads\/sites\/15\/2023\/03\/pesquisar_opcoes-255x53.jpg 255w\" sizes=\"auto, (max-width: 799px) 100vw, 799px\" \/><\/a><\/div>\n<div class=\"wp-block-image\"><\/div>\n<div><\/div>\n<div><\/div>\n<div>\n<p>Nas op\u00e7\u00f5es de pesquisa, defina um valor para o tamanho das mensagens\/anexos. 5MB ou 10MB s\u00e3o bons valores para come\u00e7ar, tendo em vista que, dependendo do n\u00famero de mensagens ocupando esse espa\u00e7o individualmente, pode resultar em um montante bastante significativo.<\/p>\n<\/div>\n<div><\/div>\n<div>\n<div class=\"wp-block-image\"><a href=\"https:\/\/www3.unicentro.br\/coorti\/wp-content\/uploads\/sites\/15\/2023\/03\/pesquisar_tam.jpg\"><img loading=\"lazy\" decoding=\"async\" class=\"alignnone wp-image-1850\" src=\"https:\/\/www3.unicentro.br\/coorti\/wp-content\/uploads\/sites\/15\/2023\/03\/pesquisar_tam-300x203.jpg\" alt=\"\" width=\"600\" height=\"407\" srcset=\"https:\/\/www3.unicentro.br\/coorti\/wp-content\/uploads\/sites\/15\/2023\/03\/pesquisar_tam-300x203.jpg 300w, https:\/\/www3.unicentro.br\/coorti\/wp-content\/uploads\/sites\/15\/2023\/03\/pesquisar_tam-255x173.jpg 255w, https:\/\/www3.unicentro.br\/coorti\/wp-content\/uploads\/sites\/15\/2023\/03\/pesquisar_tam.jpg 717w\" sizes=\"auto, (max-width: 600px) 100vw, 600px\" \/><\/a><\/div>\n<\/div>\n<div>Clique em pesquisar. No resultado apresentado, fa\u00e7a uma an\u00e1lise e apague as mensagens que n\u00e3o forem mais necess\u00e1rias.<\/div>\n<div><\/div>\n<div>Obs.: lembre-se de remov\u00ea-las tamb\u00e9m da lixeira para que o espa\u00e7o seja efetivamente liberado.<\/div>\n<p>[\/vc_toggle][vc_toggle title=&#8221;Esvaziar a lixeira&#8221;]As mensagens apagadas v\u00e3o para a Lixeira. Elas permanecem na Lixeira por 30 dias at\u00e9 serem exclu\u00eddas definitivamente. At\u00e9 a exclus\u00e3o em definitivo estar\u00e3o contribuindo para o consumo da sua cota.<\/p>\n<p>Se voc\u00ea est\u00e1 tendo problemas neste sentido, ap\u00f3s fazer a busca e apagar mensagens desnecess\u00e1rias, clique na Lixeira e em &#8220;Esvaziar a lixeira agora&#8221;.<\/p>\n<p>\u00c9 importante lembrar que a altera\u00e7\u00e3o no uso da cota pode levar at\u00e9 24h para ser efetivada, ap\u00f3s a limpeza de mensagens e arquivos.[\/vc_toggle][\/vc_tta_section][vc_tta_section title=&#8221;D\u00favidas frequentes&#8221; tab_id=&#8221;1677777956458-ff54cb4b-03f9&#8243;][vc_toggle title=&#8221;O que est\u00e1 inclu\u00eddo na contabiliza\u00e7\u00e3o de uso da cota para contas individuais?&#8221;]Google Drive, Gmail e Google Fotos[\/vc_toggle][vc_toggle title=&#8221;O que ocorre quando o limite estabelecido para uma conta individual for excedido?&#8221;]<span style=\"font-weight: 400;\">O usu\u00e1rio que ultrapassar a cota de armazenamento deve acessar sua conta e efetuar a limpeza ou migra\u00e7\u00e3o dos seus dados. Enquanto o uso de espa\u00e7o estiver acima do limite n\u00e3o \u00e9 poss\u00edvel:<\/span><\/p>\n<p><span style=\"font-weight: 400;\">&#8211; Fazer upload de novos arquivos ou imagens para o Google Drive<\/span><\/p>\n<p><span style=\"font-weight: 400;\">&#8211; Criar Documentos, Planilhas, Apresenta\u00e7\u00f5es, Formul\u00e1rios, e demais apps.<\/span><\/p>\n<p><span style=\"font-weight: 400;\">&#8211; Editar ou copiar arquivos compartilhados por uma conta acima da cota.<\/span>[\/vc_toggle][vc_toggle title=&#8221;Como fa\u00e7o para visualizar quanto de espa\u00e7o estou utilizando em minha conta individual?&#8221;]Voc\u00ea pode consultar o uso de espa\u00e7o em sua conta pelo endere\u00e7o abaixo:<br \/>\n<a href=\"https:\/\/drive.google.com\/drive\/quota\">https:\/\/drive.google.com\/drive\/quota<\/a>[\/vc_toggle][\/vc_tta_section][\/vc_tta_accordion][\/vc_column][\/vc_row]<\/p>\n<\/div>","protected":false},"excerpt":{"rendered":"<p>[vc_row][vc_column width=&#8221;1\/2&#8243;][vc_single_image image=&#8221;1869&#8243; img_size=&#8221;&#8221; alignment=&#8221;center&#8221; css_animation=&#8221;fadeIn&#8221;][\/vc_column][vc_column width=&#8221;1\/2&#8243;][vc_single_image image=&#8221;1875&#8243; img_size=&#8221;&#8221; css_animation=&#8221;fadeIn&#8221;][\/vc_column][\/vc_row][vc_row][vc_column][vc_column_text]Apresentamos abaixo alguns recursos e informa\u00e7\u00f5es para auxiliar no processo de gerenciamento do uso de espa\u00e7o em contas institucionais no Google Workspace.[\/vc_column_text][\/vc_column][\/vc_row][vc_row][vc_column][vc_tta_accordion][vc_tta_section title=&#8221;Dicas para gerenciamento&#8221; tab_id=&#8221;1677780013456-c1203b9b-09bf&#8221;][vc_toggle title=&#8221;Ordenar arquivos por tamanho no Google Drive&#8221;]Para visualizar a utiliza\u00e7\u00e3o de cotas utilizadas (Gmail, Drive e Fotos) acesse: https:\/\/drive.google.com\/drive\/quota Nessa [&hellip;]<\/p>\n","protected":false},"author":25,"featured_media":0,"parent":0,"menu_order":0,"comment_status":"closed","ping_status":"closed","template":"","meta":{"_exactmetrics_skip_tracking":false,"_exactmetrics_sitenote_active":false,"_exactmetrics_sitenote_note":"","_exactmetrics_sitenote_category":0,"footnotes":"","_links_to":"","_links_to_target":""},"class_list":["post-1840","page","type-page","status-publish","hentry"],"_links":{"self":[{"href":"https:\/\/www3.unicentro.br\/coorti\/wp-json\/wp\/v2\/pages\/1840","targetHints":{"allow":["GET"]}}],"collection":[{"href":"https:\/\/www3.unicentro.br\/coorti\/wp-json\/wp\/v2\/pages"}],"about":[{"href":"https:\/\/www3.unicentro.br\/coorti\/wp-json\/wp\/v2\/types\/page"}],"author":[{"embeddable":true,"href":"https:\/\/www3.unicentro.br\/coorti\/wp-json\/wp\/v2\/users\/25"}],"replies":[{"embeddable":true,"href":"https:\/\/www3.unicentro.br\/coorti\/wp-json\/wp\/v2\/comments?post=1840"}],"version-history":[{"count":0,"href":"https:\/\/www3.unicentro.br\/coorti\/wp-json\/wp\/v2\/pages\/1840\/revisions"}],"wp:attachment":[{"href":"https:\/\/www3.unicentro.br\/coorti\/wp-json\/wp\/v2\/media?parent=1840"}],"curies":[{"name":"wp","href":"https:\/\/api.w.org\/{rel}","templated":true}]}}