{"id":1450,"date":"2022-08-30T10:37:46","date_gmt":"2022-08-30T13:37:46","guid":{"rendered":"https:\/\/www3.unicentro.br\/coorti\/?page_id=1450"},"modified":"2023-08-22T20:17:29","modified_gmt":"2023-08-22T23:17:29","slug":"configuracoes-de-rede-no-android","status":"publish","type":"page","link":"https:\/\/www3.unicentro.br\/coorti\/configuracoes-de-rede-no-android\/","title":{"rendered":"Configura\u00e7\u00f5es de Rede no Android"},"content":{"rendered":"<div class=\"wpb-content-wrapper\"><p>[vc_row][vc_column][vc_column_text]<\/p>\n<h2>Configura\u00e7\u00f5es de rede sem fio no Android<\/h2>\n<hr \/>\n<ul>\n<li style=\"color: #666666;\">Abra as configura\u00e7\u00f5es de Wi-Fi e selecione a rede desejada:<\/li>\n<\/ul>\n<p style=\"background-color: lightgray; padding: 10px; border: 1px solid gray;\"><strong style=\"font-style: italic;\">wifiUnicentro<\/strong> para servidores da institui\u00e7\u00e3o;<\/p>\n<p style=\"background-color: lightgray; padding: 10px; border: 1px solid gray;\"><strong style=\"font-style: italic;\">academicosUnicentro<\/strong> para acad\u00eamicos da institui\u00e7\u00e3o;<\/p>\n<p style=\"background-color: lightgray; padding: 10px; border: 1px solid gray;\"><strong style=\"font-style: italic;\">eventosUnicentro<\/strong> para participantes de algum evento na institui\u00e7\u00e3o.<\/p>\n<p><img loading=\"lazy\" decoding=\"async\" class=\"alignnone size-full wp-image-1455\" src=\"https:\/\/www3.unicentro.br\/coorti\/wp-content\/uploads\/sites\/15\/2022\/08\/Android_rede_1.jpg\" alt=\"\" width=\"250\" height=\"600\" \/><\/p>\n<hr \/>\n<ul>\n<li style=\"color: #666666; text-align: justify; line-height: 22px;\">Os <strong>servidores da Unicentro<\/strong> (agentes universit\u00e1rios, docentes, estagi\u00e1rios) devem utilizar o <strong>mesmo login e senha<\/strong> que utilizam para se autenticar na rede cabeada. Os <strong>acad\u00eamicos<\/strong> devem utilizar o <strong>n\u00famero do RA para o campo identidade e a senha do <\/strong><a style=\"text-decoration: underline;\">Aluno Online<\/a>. <strong>Participantes de eventos<\/strong> devem inserir o <strong>login e senha<\/strong> fornecidos pelo <a style=\"text-decoration: underline;\" href=\"https:\/\/evento.unicentro.br\/login\"> SGE &#8211; Sistema de Gest\u00e3o de Eventos<\/a>, ap\u00f3s efetuada a inscri\u00e7\u00e3o.<\/li>\n<\/ul>\n<ol>\n<li style=\"list-style-type: none;\">\n<ol>\n<li style=\"list-style-type: none;\">\n<ul>\n<li style=\"font-size: 15px;\">Autentica\u00e7\u00e3o de fase 2, selecionar <strong>MSCHAPV2<\/strong>.<\/li>\n<li style=\"font-size: 15px;\">Certificado de CA, selecionar<strong> N\u00e3o validar<\/strong>.<\/li>\n<\/ul>\n<\/li>\n<\/ol>\n<\/li>\n<\/ol>\n<p><img loading=\"lazy\" decoding=\"async\" class=\"alignnone size-full wp-image-1456\" src=\"https:\/\/www3.unicentro.br\/coorti\/wp-content\/uploads\/sites\/15\/2022\/08\/Android_rede_2.jpg\" alt=\"\" width=\"250\" height=\"600\" \/><\/p>\n<hr \/>\n<ul>\n<li style=\"color: #666666; text-align: justify; line-height: 22px;\">Se tudo foi configurado corretamente, a rede estar\u00e1 <strong>conectada<strong>.<\/strong><\/strong><\/li>\n<\/ul>\n<p><img loading=\"lazy\" decoding=\"async\" class=\"alignnone size-full wp-image-1457\" src=\"https:\/\/www3.unicentro.br\/coorti\/wp-content\/uploads\/sites\/15\/2022\/08\/Android_rede_3.jpg\" alt=\"\" width=\"250\" height=\"600\" \/><\/p>\n<hr \/>\n<ul>\n<li style=\"color: #666666; text-align: justify; line-height: 22px;\">Caso seja solicitada uma autentica\u00e7\u00e3o adicional de acordo com a imagem abaixo, basta inserir novamente as mesmas informa\u00e7\u00f5es nos campos usu\u00e1rio e senha e clicar em <strong>Continue<\/strong>.<\/li>\n<\/ul>\n<p><img loading=\"lazy\" decoding=\"async\" class=\"alignnone size-full wp-image-1458\" src=\"https:\/\/www3.unicentro.br\/coorti\/wp-content\/uploads\/sites\/15\/2022\/08\/Android_rede_4.jpg\" alt=\"\" width=\"250\" height=\"600\" \/><\/p>\n<h2>Android 11: situa\u00e7\u00e3o espec\u00edfica<\/h2>\n<hr \/>\n<h4>Alguns dispositivos com Android 11 exigem que seja informado o dom\u00ednio (<strong>unicentro.br<\/strong>), bem como a instala\u00e7\u00e3o e configura\u00e7\u00e3o de <strong>Certificado CA<\/strong> para conex\u00e3o \u00e0 rede sem fio. Neste caso, deve ser efetuado o download do respectivo certificado de acordo com a rede a ser utilizada:<\/h4>\n<ul>\n<li style=\"font-size: 15px;\">Para a rede <strong>wifiUnicentro<\/strong>, clique em <a style=\"text-decoration: underline;\" href=\"https:\/\/www3.unicentro.br\/coorti\/wp-content\/uploads\/sites\/15\/2023\/08\/wifiUnicentroCA.cer\">wifiUnicentroCA<\/a> para efetuar o download.<\/li>\n<li style=\"font-size: 15px;\">Para as redes <strong>academicosUnicentro<\/strong> e <strong>eventosUnicentro<\/strong>, clique em <a style=\"text-decoration: underline;\" href=\"https:\/\/www3.unicentro.br\/coorti\/wp-content\/uploads\/sites\/15\/2023\/08\/academicosUnicentroCA.cer\">academicosUnicentroCA<\/a> para efetuar o download.<\/li>\n<\/ul>\n<p>&nbsp;<\/p>\n<hr \/>\n<p>&nbsp;<\/p>\n<h2 style=\"margin-left: 422px;\"><a style=\"color: gray; background-color: lightgray; border: 1px solid gray; padding: 10px;\" href=\"https:\/\/www3.unicentro.br\/coorti\/rede-sem-fio\/\">Voltar para Rede sem Fio<\/a><\/h2>\n<p>[\/vc_column_text][\/vc_column][\/vc_row]<\/p>\n<\/div>","protected":false},"excerpt":{"rendered":"<p>[vc_row][vc_column][vc_column_text] Configura\u00e7\u00f5es de rede sem fio no Android Abra as configura\u00e7\u00f5es de Wi-Fi e selecione a rede desejada: wifiUnicentro para servidores da institui\u00e7\u00e3o; academicosUnicentro para acad\u00eamicos da institui\u00e7\u00e3o; eventosUnicentro para participantes de algum evento na institui\u00e7\u00e3o. Os servidores da Unicentro (agentes universit\u00e1rios, docentes, estagi\u00e1rios) devem utilizar o mesmo login e senha que utilizam para se [&hellip;]<\/p>\n","protected":false},"author":552,"featured_media":0,"parent":0,"menu_order":0,"comment_status":"closed","ping_status":"closed","template":"","meta":{"_exactmetrics_skip_tracking":false,"_exactmetrics_sitenote_active":false,"_exactmetrics_sitenote_note":"","_exactmetrics_sitenote_category":0,"footnotes":"","_links_to":"","_links_to_target":""},"class_list":["post-1450","page","type-page","status-publish","hentry"],"_links":{"self":[{"href":"https:\/\/www3.unicentro.br\/coorti\/wp-json\/wp\/v2\/pages\/1450","targetHints":{"allow":["GET"]}}],"collection":[{"href":"https:\/\/www3.unicentro.br\/coorti\/wp-json\/wp\/v2\/pages"}],"about":[{"href":"https:\/\/www3.unicentro.br\/coorti\/wp-json\/wp\/v2\/types\/page"}],"author":[{"embeddable":true,"href":"https:\/\/www3.unicentro.br\/coorti\/wp-json\/wp\/v2\/users\/552"}],"replies":[{"embeddable":true,"href":"https:\/\/www3.unicentro.br\/coorti\/wp-json\/wp\/v2\/comments?post=1450"}],"version-history":[{"count":0,"href":"https:\/\/www3.unicentro.br\/coorti\/wp-json\/wp\/v2\/pages\/1450\/revisions"}],"wp:attachment":[{"href":"https:\/\/www3.unicentro.br\/coorti\/wp-json\/wp\/v2\/media?parent=1450"}],"curies":[{"name":"wp","href":"https:\/\/api.w.org\/{rel}","templated":true}]}}