{"id":1391,"date":"2022-08-30T10:37:59","date_gmt":"2022-08-30T13:37:59","guid":{"rendered":"https:\/\/www3.unicentro.br\/coorti\/?page_id=1391"},"modified":"2022-08-30T10:37:59","modified_gmt":"2022-08-30T13:37:59","slug":"configuracoes-de-rede-no-ios","status":"publish","type":"page","link":"https:\/\/www3.unicentro.br\/coorti\/configuracoes-de-rede-no-ios\/","title":{"rendered":"Configura\u00e7\u00f5es de Rede no iOS"},"content":{"rendered":"<h2>Configura\u00e7\u00f5es de rede sem fio no iOS<\/h2>\n<hr \/>\n<ol>\n<h4>\n<li style=\"color: #666666\">Abra as configura\u00e7\u00f5es de Wi-Fi e selecione a rede desejada:<\/li>\n<\/h4>\n<p style=\"background-color: lightgray;padding: 10px;border: 1px solid gray\"><strong style=\"font-style: italic\">wifiUnicentro<\/strong> para servidores da institui\u00e7\u00e3o;<\/p>\n<p style=\"background-color: lightgray;padding: 10px;border: 1px solid gray\"><strong style=\"font-style: italic\">academicosUnicentro<\/strong> para acad\u00eamicos da institui\u00e7\u00e3o;<\/p>\n<p style=\"background-color: lightgray;padding: 10px;border: 1px solid gray\"><strong style=\"font-style: italic\">eventosUnicentro<\/strong> para participantes de algum evento na institui\u00e7\u00e3o.<\/p>\n<p>    <img loading=\"lazy\" decoding=\"async\" src=\"https:\/\/www3.unicentro.br\/coorti\/wp-content\/uploads\/sites\/15\/2022\/08\/IOSwifi1.jpg\" alt=\"\" width=\"250\" height=\"600\" class=\"alignnone size-full wp-image-1398\" \/><br \/>\n    &nbsp;<\/p>\n<hr \/>\n<h4>\n<li style=\"color: #666666;text-align:justify;line-height:22px\">Os <strong>servidores da Unicentro<\/strong> (agentes universit\u00e1rios, docentes, estagi\u00e1rios) devem utilizar o <strong>mesmo login e senha<\/strong> que utilizam para se autenticar na rede cabeada. Os <strong>acad\u00eamicos<\/strong> devem utilizar o <strong>n\u00famero do RA para o campo identidade e a senha do <\/strong><a href=\"\" style=\"text-decoration:underline\">Aluno Online<\/a>. <strong>Participantes de eventos<\/strong> devem inserir o <strong>login e senha<\/strong> fornecidos pelo <a href=\"https:\/\/evento.unicentro.br\/login\" style=\"text-decoration:underline\"> SGE &#8211; Sistema de Gest\u00e3o de Eventos<\/a>, ap\u00f3s efetuada a inscri\u00e7\u00e3o.<\/li>\n<\/h4>\n<p>    <img loading=\"lazy\" decoding=\"async\" src=\"https:\/\/www3.unicentro.br\/coorti\/wp-content\/uploads\/sites\/15\/2022\/08\/IOSwifi3.jpg\" alt=\"\" width=\"250\" height=\"600\" class=\"alignnone size-full wp-image-1399\" \/><br \/>\n    &nbsp;<\/p>\n<hr \/>\n<h4>\n<li style=\"color: #666666\">Clique em <strong>Confiar<\/strong> quando aparecer a janela<strong><br \/>\n                Certificado<\/strong> .<\/li>\n<\/h4>\n<p>    <img loading=\"lazy\" decoding=\"async\" src=\"https:\/\/www3.unicentro.br\/coorti\/wp-content\/uploads\/sites\/15\/2022\/08\/IOSwifi4.jpg\" alt=\"\" width=\"250\" height=\"600\" class=\"alignnone size-full wp-image-1400\" \/><br \/>\n    &nbsp;<\/p>\n<hr \/>\n<h4>\n<li style=\"color: #666666\">Se tudo foi configurado corretamente, a rede estar\u00e1 <strong>conectada<\/strong>.<\/li>\n<\/h4>\n<p>    <img loading=\"lazy\" decoding=\"async\" src=\"https:\/\/www3.unicentro.br\/coorti\/wp-content\/uploads\/sites\/15\/2022\/08\/IOSwifi5.jpg\" alt=\"\" width=\"250\" height=\"600\" class=\"alignnone size-full wp-image-1401\" \/><br \/>\n    &nbsp;<\/p>\n<hr \/>\n<h4>\n<li style=\"color: #666666\">Caso seja solicitada uma autentica\u00e7\u00e3o adicional de acordo com a imagem abaixo, basta<br \/>\n            inserir novamente as mesmas informa\u00e7\u00f5es nos campos usu\u00e1rio e senha e clicar em <strong>Continue<\/strong>.\n        <\/li>\n<\/h4>\n<p>    <img loading=\"lazy\" decoding=\"async\" src=\"https:\/\/www3.unicentro.br\/coorti\/wp-content\/uploads\/sites\/15\/2022\/08\/autenticacao_rede.png\" alt=\"\" width=\"250\" height=\"600\" class=\"alignnone size-full wp-image-1345\" \/>\n<\/ol>\n<hr \/>\n<p>&nbsp;<\/p>\n<h2 style=\"margin-left: 422px\"><a style=\"color:gray;background-color:lightgray;border:1px solid gray;padding:10px\" href=\"https:\/\/www3.unicentro.br\/coorti\/rede-sem-fio\/\">Voltar para Rede sem Fio<\/a><\/h2>\n","protected":false},"excerpt":{"rendered":"<p>Configura\u00e7\u00f5es de rede sem fio no iOS Abra as configura\u00e7\u00f5es de Wi-Fi e selecione a rede desejada: wifiUnicentro para servidores da institui\u00e7\u00e3o; academicosUnicentro para acad\u00eamicos da institui\u00e7\u00e3o; eventosUnicentro para participantes de algum evento na institui\u00e7\u00e3o. &nbsp; Os servidores da Unicentro (agentes universit\u00e1rios, docentes, estagi\u00e1rios) devem utilizar o mesmo login e senha que utilizam para se [&hellip;]<\/p>\n","protected":false},"author":552,"featured_media":0,"parent":0,"menu_order":0,"comment_status":"closed","ping_status":"closed","template":"","meta":{"_exactmetrics_skip_tracking":false,"_exactmetrics_sitenote_active":false,"_exactmetrics_sitenote_note":"","_exactmetrics_sitenote_category":0,"footnotes":"","_links_to":"","_links_to_target":""},"class_list":["post-1391","page","type-page","status-publish","hentry"],"_links":{"self":[{"href":"https:\/\/www3.unicentro.br\/coorti\/wp-json\/wp\/v2\/pages\/1391","targetHints":{"allow":["GET"]}}],"collection":[{"href":"https:\/\/www3.unicentro.br\/coorti\/wp-json\/wp\/v2\/pages"}],"about":[{"href":"https:\/\/www3.unicentro.br\/coorti\/wp-json\/wp\/v2\/types\/page"}],"author":[{"embeddable":true,"href":"https:\/\/www3.unicentro.br\/coorti\/wp-json\/wp\/v2\/users\/552"}],"replies":[{"embeddable":true,"href":"https:\/\/www3.unicentro.br\/coorti\/wp-json\/wp\/v2\/comments?post=1391"}],"version-history":[{"count":0,"href":"https:\/\/www3.unicentro.br\/coorti\/wp-json\/wp\/v2\/pages\/1391\/revisions"}],"wp:attachment":[{"href":"https:\/\/www3.unicentro.br\/coorti\/wp-json\/wp\/v2\/media?parent=1391"}],"curies":[{"name":"wp","href":"https:\/\/api.w.org\/{rel}","templated":true}]}}