{"id":1249,"date":"2022-08-29T16:58:52","date_gmt":"2022-08-29T19:58:52","guid":{"rendered":"https:\/\/www3.unicentro.br\/coorti\/?page_id=1249"},"modified":"2022-08-30T10:42:04","modified_gmt":"2022-08-30T13:42:04","slug":"rede-sem-fio","status":"publish","type":"page","link":"https:\/\/www3.unicentro.br\/coorti\/rede-sem-fio\/","title":{"rendered":"Rede sem Fio"},"content":{"rendered":"<h2>\u00cdndice<\/h2>\n<hr>\n<ul>\n<font style=\"text-decoration: underline\"><\/p>\n<li><a href=\"#intro\">O que \u00e9 ?<\/a><\/li>\n<li><a href=\"#quem_pode_usar\">Quem pode usar?<\/a><\/li>\n<li><a href=\"#obter_acesso\">Como obter acesso a rede sem fio?<\/a><\/li>\n<li><a href=\"#conf_semfio\">Configura\u00e7\u00f5es de rede sem fio<\/a><\/li>\n<li><a href=\"#como_configurar\">Como configurar a rede sem fio?<\/a><\/li>\n<p><\/font>\n<\/ul>\n<p>&nbsp;<\/p>\n<h2 id=\"intro\">O que \u00e9?<\/h2>\n<hr>\n<p>A rede sem fio \u00e9 concebida para complementar a rede cabeada e n\u00e3o deve ser vista como uma rede exclusiva ou substituta \u00e0 rede cabeada atual. O prop\u00f3sito da infraestrutura da rede sem fio \u00e9 permitir acesso \u00e0 rede de dados e \u00e0 Internet atrav\u00e9s de dispositivos m\u00f3veis, assim como cobrir certas \u00e1reas com aus\u00eancia de infraestrutura de rede cabeada. Ela \u00e9 adequada ao uso em pequenos intervalos de tempo, como consultas de e-mail ou navega\u00e7\u00e3o na web. O uso para transfer\u00eancia de grandes arquivos, aplica\u00e7\u00f5es cliente-servidor ou de conex\u00f5es constantes n\u00e3o \u00e9 recomendado na rede sem fio. Essas atividades ter\u00e3o melhor desempenho atrav\u00e9s da rede cabeada.<\/p>\n<p>Para ter acesso \u00e0 Rede\/Internet, os computadores port\u00e1teis se conectam a um AP (Access Point, ou Ponto de Acesso) por meio de ondas de r\u00e1dio. O AP est\u00e1 posicionado em um ponto central e estrat\u00e9gico, e est\u00e1 conectado aos equipamentos que fornecem e controlam este acesso. Quando n\u00e3o existem obst\u00e1culos, os APs t\u00eam um raio de cobertura de aproximadamente 100 metros.<\/p>\n<p>&nbsp;<\/p>\n<h2 id=\"quem_pode_usar\">Quem pode usar?<\/h2>\n<hr>\n<p>O p\u00fablico-alvo da rede sem fio s\u00e3o os servidores (agentes universit\u00e1rios, docentes, estagi\u00e1rios) e acad\u00eamicos, al\u00e9m dos participantes de eventos realizados na universidade, quando devidamente inscritos.<\/p>\n<p>&nbsp;<\/p>\n<h2 id=\"obter_acesso\">Como obter acesso a rede sem fio?<\/h2>\n<hr>\n<h3>Servidores da Unicentro<\/h3>\n<p>Servidores da Unicentro (professores, agentes universit\u00e1rios e estagi\u00e1rios) <strong>devem utilizar o mesmo login e senha que utilizam para se autenticar na rede cabeada.<\/strong> Caso o servidor n\u00e3o possua login de acesso, deve abrir uma <a href=\"https:\/\/sguweb.unicentro.br\/usuarios\/login\" style=\"text-decoration:underline\">Ordem de Servi\u00e7o<\/a> para a COORTI do respectivo Campus, solicitando a cria\u00e7\u00e3o do login de acesso.<\/p>\n<h3 style=\"padding:5px;border-bottom: 1px solid lightgray\">Acad\u00eamicos<\/h3>\n<p>Acad\u00eamicos de cursos de gradua\u00e7\u00e3o e p\u00f3s-gradua\u00e7\u00e3o devem utilizar o <strong>n\u00famero do RA e a senha<\/strong> do <a href=\"https:\/\/www3.unicentro.br\/coorti\/aonline\/\" style=\"text-decoration:underline\">Aluno Online<\/a> para autentica\u00e7\u00e3o e acesso \u00e0 rede sem fio. Todos os acad\u00eamicos ativos j\u00e1 est\u00e3o habilitados para utilizar.<\/p>\n<h3 style=\"padding:5px;border-bottom: 1px solid lightgray\">Participantes de eventos<\/h3>\n<p>Aos participantes de eventos realizados na universidade \u00e9 fornecido login e senha espec\u00edficos, <strong>sempre quando a inscri\u00e7\u00e3o acontece pelo<\/strong> <a href=\"https:\/\/evento.unicentro.br\/login\" style=\"text-decoration:underline\"> SGE &#8211; Sistema de Gest\u00e3o de Eventos<\/a>. Essas credenciais s\u00f3 podem ser utilizadas pelo tempo que durar o evento em que est\u00e3o inscritos.<\/p>\n<p>&nbsp;<\/p>\n<h2 id=\"conf_semfio\">Configura\u00e7\u00f5es de rede sem fio<\/h2>\n<hr \/>\n<p>A configura\u00e7\u00e3o da rede sem fio difere se voc\u00ea \u00e9 servidor (agente universit\u00e1rio, docente, estagi\u00e1rio) ou acad\u00eamico, ou se est\u00e1 participando de algum evento realizado na institui\u00e7\u00e3o. Tamb\u00e9m existem formas diferentes de configura\u00e7\u00e3o de acordo com o sistema operacional do dispositivo que voc\u00ea est\u00e1 usando.<\/p>\n<p>&nbsp;<\/p>\n<h2 id=\"como_configurar\">Como configurar a rede sem fio?<\/h2>\n<hr \/>\n<h3><a href=\"https:\/\/www3.unicentro.br\/coorti\/configuracao-no-windows-10\/\" style=\"text-decoration:underline\">Configura\u00e7\u00f5es no Windows 10<\/a><\/h3>\n<h3><a href=\"https:\/\/www3.unicentro.br\/coorti\/configuracoes-de-rede-no-ios\/\" style=\"text-decoration:underline\">Configura\u00e7\u00f5es no iOS<\/a><\/h3>\n<h3><a href=\"https:\/\/www3.unicentro.br\/coorti\/configuracoes-de-rede-no-android\/\" style=\"text-decoration:underline\">Configura\u00e7\u00f5es no Android<\/a><\/h3>\n","protected":false},"excerpt":{"rendered":"<p>\u00cdndice O que \u00e9 ? Quem pode usar? Como obter acesso a rede sem fio? Configura\u00e7\u00f5es de rede sem fio Como configurar a rede sem fio? &nbsp; O que \u00e9? A rede sem fio \u00e9 concebida para complementar a rede cabeada e n\u00e3o deve ser vista como uma rede exclusiva ou substituta \u00e0 rede cabeada [&hellip;]<\/p>\n","protected":false},"author":552,"featured_media":0,"parent":0,"menu_order":0,"comment_status":"closed","ping_status":"closed","template":"","meta":{"_exactmetrics_skip_tracking":false,"_exactmetrics_sitenote_active":false,"_exactmetrics_sitenote_note":"","_exactmetrics_sitenote_category":0,"footnotes":"","_links_to":"","_links_to_target":""},"class_list":["post-1249","page","type-page","status-publish","hentry"],"_links":{"self":[{"href":"https:\/\/www3.unicentro.br\/coorti\/wp-json\/wp\/v2\/pages\/1249","targetHints":{"allow":["GET"]}}],"collection":[{"href":"https:\/\/www3.unicentro.br\/coorti\/wp-json\/wp\/v2\/pages"}],"about":[{"href":"https:\/\/www3.unicentro.br\/coorti\/wp-json\/wp\/v2\/types\/page"}],"author":[{"embeddable":true,"href":"https:\/\/www3.unicentro.br\/coorti\/wp-json\/wp\/v2\/users\/552"}],"replies":[{"embeddable":true,"href":"https:\/\/www3.unicentro.br\/coorti\/wp-json\/wp\/v2\/comments?post=1249"}],"version-history":[{"count":0,"href":"https:\/\/www3.unicentro.br\/coorti\/wp-json\/wp\/v2\/pages\/1249\/revisions"}],"wp:attachment":[{"href":"https:\/\/www3.unicentro.br\/coorti\/wp-json\/wp\/v2\/media?parent=1249"}],"curies":[{"name":"wp","href":"https:\/\/api.w.org\/{rel}","templated":true}]}}