{"id":93,"date":"2019-08-21T13:43:08","date_gmt":"2019-08-21T16:43:08","guid":{"rendered":"https:\/\/www3.unicentro.br\/comep\/?page_id=93"},"modified":"2021-06-14T16:54:44","modified_gmt":"2021-06-14T19:54:44","slug":"submissao-de-projetos","status":"publish","type":"page","link":"https:\/\/www3.unicentro.br\/comep\/irati\/submissao-de-projetos\/","title":{"rendered":"Submiss\u00e3o de Projetos"},"content":{"rendered":"<ul>\n<li><span style=\"color: #000000\"><a style=\"color: #000000\" href=\"https:\/\/www3.unicentro.br\/comep\/wp-content\/uploads\/sites\/76\/2020\/07\/Tutorial-para-postagem-no-COMEP_Irati_pdf.pdf\">Tutorial para postagem no COMEP_Irati_pdf<\/a><\/span><\/li>\n<li><span style=\"color: #000000\"><a style=\"color: #000000\" href=\"https:\/\/www3.unicentro.br\/comep\/guarapuava\/cadastro-do-pesquisador\/\">Cadastro do Pesquisador<\/a><\/span><\/li>\n<li><span style=\"color: #000000\"><a style=\"color: #000000\" href=\"https:\/\/www3.unicentro.br\/comep\/guarapuava\/documentos\/\">Documentos que devem ser anexados na Plataforma Brasil<\/a><\/span><\/li>\n<li><span style=\"color: #000000\"><a style=\"color: #000000\" href=\"https:\/\/www3.unicentro.br\/comep\/guarapuava\/novapesquisa\/\">Como cadastrar uma nova pesquisa<\/a><\/span><\/li>\n<li><span style=\"color: #000000\"><a style=\"color: #000000\" href=\"https:\/\/www3.unicentro.br\/comep\/wp-content\/uploads\/sites\/76\/2020\/08\/Tutorial-para-postagem-do-Parecer_Consubstanciado_IC.pdf\">Tutorial para postagem do Parecer_Consubstanciado_(Sistema SGU da Unicentro)<\/a><\/span><\/li>\n<li>\u00a0<strong><span style=\"color: #ff0000\"><a style=\"color: #ff0000\" href=\"https:\/\/www3.unicentro.br\/comep\/wp-content\/uploads\/sites\/76\/2021\/06\/Orientacoes-conducao-de-pesquisas-e-atividades-CEP.pdf\">Orienta\u00e7\u00f5es-condu\u00e7\u00e3o-de-pesquisas-e-atividades-CEP (COVID-19)<\/a><\/span><\/strong><\/li>\n<li><strong><span style=\"color: #ff0000\"><a style=\"color: #ff0000\" href=\"https:\/\/www3.unicentro.br\/comep\/wp-content\/uploads\/sites\/76\/2021\/06\/Informacoes-Medotodologia-COVID-19.pdf\">\u00a0Informa\u00e7\u00f5es Medotodologia (COVID-19)<\/a><\/span><\/strong><\/li>\n<li><strong><span style=\"color: #ff0000\"><a style=\"color: #ff0000\" href=\"https:\/\/www3.unicentro.br\/comep\/wp-content\/uploads\/sites\/76\/2021\/06\/Assinaturas-Eletronicas.pdf\">Assinaturas Eletr\u00f4nicas<\/a><\/span><\/strong><\/li>\n<\/ul>\n","protected":false},"excerpt":{"rendered":"<p>Tutorial para postagem no COMEP_Irati_pdf Cadastro do Pesquisador Documentos que devem ser anexados na Plataforma Brasil Como cadastrar uma nova pesquisa Tutorial para postagem do Parecer_Consubstanciado_(Sistema SGU da Unicentro) \u00a0Orienta\u00e7\u00f5es-condu\u00e7\u00e3o-de-pesquisas-e-atividades-CEP (COVID-19) \u00a0Informa\u00e7\u00f5es Medotodologia (COVID-19) Assinaturas Eletr\u00f4nicas<\/p>\n","protected":false},"author":3,"featured_media":0,"parent":85,"menu_order":0,"comment_status":"closed","ping_status":"closed","template":"","meta":{"_exactmetrics_skip_tracking":false,"_exactmetrics_sitenote_active":false,"_exactmetrics_sitenote_note":"","_exactmetrics_sitenote_category":0,"footnotes":"","_links_to":"","_links_to_target":""},"class_list":["post-93","page","type-page","status-publish","hentry"],"_links":{"self":[{"href":"https:\/\/www3.unicentro.br\/comep\/wp-json\/wp\/v2\/pages\/93","targetHints":{"allow":["GET"]}}],"collection":[{"href":"https:\/\/www3.unicentro.br\/comep\/wp-json\/wp\/v2\/pages"}],"about":[{"href":"https:\/\/www3.unicentro.br\/comep\/wp-json\/wp\/v2\/types\/page"}],"author":[{"embeddable":true,"href":"https:\/\/www3.unicentro.br\/comep\/wp-json\/wp\/v2\/users\/3"}],"replies":[{"embeddable":true,"href":"https:\/\/www3.unicentro.br\/comep\/wp-json\/wp\/v2\/comments?post=93"}],"version-history":[{"count":0,"href":"https:\/\/www3.unicentro.br\/comep\/wp-json\/wp\/v2\/pages\/93\/revisions"}],"up":[{"embeddable":true,"href":"https:\/\/www3.unicentro.br\/comep\/wp-json\/wp\/v2\/pages\/85"}],"wp:attachment":[{"href":"https:\/\/www3.unicentro.br\/comep\/wp-json\/wp\/v2\/media?parent=93"}],"curies":[{"name":"wp","href":"https:\/\/api.w.org\/{rel}","templated":true}]}}