{"id":92,"date":"2019-08-21T13:43:09","date_gmt":"2019-08-21T16:43:09","guid":{"rendered":"https:\/\/www3.unicentro.br\/comep\/?page_id=92"},"modified":"2025-02-07T15:48:11","modified_gmt":"2025-02-07T18:48:11","slug":"resolucoes","status":"publish","type":"page","link":"https:\/\/www3.unicentro.br\/comep\/irati\/resolucoes\/","title":{"rendered":"Resolu\u00e7\u00f5es"},"content":{"rendered":"<div id=\"content\" class=\"col-md-9 revert-layout\" role=\"main\">\n<article class=\"single-page-content\">\n<ul>\n<li><a href=\"http:\/\/www2.unicentro.br\/comep\/files\/2012\/10\/RESOLU%C3%87%C3%83O-CNS-N%C2%BA-466-DE-12-DE-DEZEMBRO-DE-2012.pdf\"><span style=\"color: #0000ff\">RESOLU\u00c7\u00c3O CNS N\u00ba 466, DE 12 DE DEZEMBRO DE 2012<\/span><\/a><\/li>\n<li><span style=\"color: #0000ff\"><a style=\"color: #0000ff\" href=\"https:\/\/www3.unicentro.br\/comep\/wp-content\/uploads\/sites\/76\/2021\/06\/RESOLUCAO-CNS-\u2013-510-de-2016.pdf\">RESOLU\u00c7\u00c3O CNS <\/a><a style=\"color: #0000ff\" href=\"http:\/\/www2.unicentro.br\/comep\/files\/2012\/10\/RESOLU%C3%87%C3%83O-CNS-N%C2%BA-466-DE-12-DE-DEZEMBRO-DE-2012.pdf\">N\u00ba<\/a><a style=\"color: #0000ff\" href=\"https:\/\/www3.unicentro.br\/comep\/wp-content\/uploads\/sites\/76\/2021\/06\/RESOLUCAO-CNS-\u2013-510-de-2016.pdf\"> 510 de 07 de abril de 2016<\/a><\/span><\/li>\n<li><span style=\"color: #0000ff\"><a style=\"color: #0000ff\" href=\"http:\/\/www2.unicentro.br\/comep\/files\/2012\/10\/RESOLU%C3%87%C3%83O-CNS-N%C2%BA-441-DE-12-DE-MAIO-DE-2011..pdf\">RESOLU\u00c7\u00c3O CNS N\u00ba 441, DE 12 DE MAIO DE 2011.<\/a><\/span><\/li>\n<li><span style=\"color: #0000ff\"><a style=\"color: #0000ff\" href=\"http:\/\/www2.unicentro.br\/comep\/files\/2012\/10\/lista-de-checagem-Resolu%C3%A7%C3%A3o-441.pdf\">Lista de checagem \u2013 Resolu\u00e7\u00e3o 441<\/a><\/span><\/li>\n<li><span style=\"color: #0000ff\"><a style=\"color: #0000ff\" href=\"http:\/\/www2.unicentro.br\/comep\/files\/2012\/10\/RESOLU%C3%87%C3%82O-196-96-.pdf\">Resolu\u00e7\u00e3o 196\/10. out de 1996 (REVOGADA).<\/a><\/span><\/li>\n<li><span style=\"color: #0000ff\"><a style=\"color: #0000ff\" href=\"http:\/\/www2.unicentro.br\/comep\/files\/2012\/10\/diretrizes.pdf\">Diretrizes \u00e9ticas internacionais para pesquisa envolvendo seres humanos<\/a><\/span><\/li>\n<li><span style=\"color: #0000ff\"><a style=\"color: #0000ff\" href=\"http:\/\/conselho.saude.gov.br\/resolucoes\/reso_11.htm\">Demais Resolu\u00e7\u00f5es do Conselho Nacional de Sa\u00fade<\/a><\/span><\/li>\n<li><span style=\"color: #0000ff\"><a style=\"color: #0000ff\" href=\"https:\/\/www3.unicentro.br\/comep\/wp-content\/uploads\/sites\/76\/2023\/02\/Uso_de_dados_de_prontuarios_para_fins_de_Pesquisa.pdf\">Uso de dados de prontuarios para fins de Pesquisa<\/a><\/span><\/li>\n<li><span style=\"color: #0000ff\"><a style=\"color: #0000ff\" href=\"https:\/\/www3.unicentro.br\/comep\/wp-content\/uploads\/sites\/76\/2022\/05\/Resolucao_674_2022.pdf\">RESOLU\u00c7\u00c3O N\u00ba 674, DE 06 DE MAIO de 2022<\/a><\/span><\/li>\n<li><span style=\"color: #0000ff\"><a style=\"color: #0000ff\" href=\"https:\/\/www3.unicentro.br\/comep\/wp-content\/uploads\/sites\/76\/2025\/02\/Lei_14874_2024-1.pdf\">Lei n\u00ba 14.4744 de 28 de maio de 2024<\/a><\/span><\/li>\n<\/ul>\n<\/article>\n<\/div>\n<div id=\"sidebar\" class=\"col-md-3 normal-sidebar\">\n<div class=\"row\"><\/div>\n<\/div>\n","protected":false},"excerpt":{"rendered":"<p>RESOLU\u00c7\u00c3O CNS N\u00ba 466, DE 12 DE DEZEMBRO DE 2012 RESOLU\u00c7\u00c3O CNS N\u00ba 510 de 07 de abril de 2016 RESOLU\u00c7\u00c3O CNS N\u00ba 441, DE 12 DE MAIO DE 2011. Lista de checagem \u2013 Resolu\u00e7\u00e3o 441 Resolu\u00e7\u00e3o 196\/10. out de 1996 (REVOGADA). Diretrizes \u00e9ticas internacionais para pesquisa envolvendo seres humanos Demais Resolu\u00e7\u00f5es do Conselho Nacional [&hellip;]<\/p>\n","protected":false},"author":3,"featured_media":0,"parent":85,"menu_order":0,"comment_status":"closed","ping_status":"closed","template":"","meta":{"_exactmetrics_skip_tracking":false,"_exactmetrics_sitenote_active":false,"_exactmetrics_sitenote_note":"","_exactmetrics_sitenote_category":0,"footnotes":"","_links_to":"","_links_to_target":""},"class_list":["post-92","page","type-page","status-publish","hentry"],"_links":{"self":[{"href":"https:\/\/www3.unicentro.br\/comep\/wp-json\/wp\/v2\/pages\/92","targetHints":{"allow":["GET"]}}],"collection":[{"href":"https:\/\/www3.unicentro.br\/comep\/wp-json\/wp\/v2\/pages"}],"about":[{"href":"https:\/\/www3.unicentro.br\/comep\/wp-json\/wp\/v2\/types\/page"}],"author":[{"embeddable":true,"href":"https:\/\/www3.unicentro.br\/comep\/wp-json\/wp\/v2\/users\/3"}],"replies":[{"embeddable":true,"href":"https:\/\/www3.unicentro.br\/comep\/wp-json\/wp\/v2\/comments?post=92"}],"version-history":[{"count":2,"href":"https:\/\/www3.unicentro.br\/comep\/wp-json\/wp\/v2\/pages\/92\/revisions"}],"predecessor-version":[{"id":569,"href":"https:\/\/www3.unicentro.br\/comep\/wp-json\/wp\/v2\/pages\/92\/revisions\/569"}],"up":[{"embeddable":true,"href":"https:\/\/www3.unicentro.br\/comep\/wp-json\/wp\/v2\/pages\/85"}],"wp:attachment":[{"href":"https:\/\/www3.unicentro.br\/comep\/wp-json\/wp\/v2\/media?parent=92"}],"curies":[{"name":"wp","href":"https:\/\/api.w.org\/{rel}","templated":true}]}}