{"id":91,"date":"2019-08-21T13:43:09","date_gmt":"2019-08-21T16:43:09","guid":{"rendered":"https:\/\/www3.unicentro.br\/comep\/?page_id=91"},"modified":"2025-03-19T11:27:10","modified_gmt":"2025-03-19T14:27:10","slug":"modelos","status":"publish","type":"page","link":"https:\/\/www3.unicentro.br\/comep\/irati\/modelos\/","title":{"rendered":"Modelos"},"content":{"rendered":"<p>&nbsp;<\/p>\n<ul>\n<li><a href=\"https:\/\/www2.unicentro.br\/comep\/files\/2018\/08\/CARTA-RESPOSTA-A-PEND%C3%8ANCIAS.docx?x79648\" rel=\"attachment wp-att-586\">CARTA RESPOSTA A PEND\u00caNCIAS<\/a><\/li>\n<li><a href=\"https:\/\/www3.unicentro.br\/comep\/wp-content\/uploads\/sites\/76\/2023\/08\/TCLE_Irati_padrao.doc\">MODELO-TCLE-COM-N\u00daMERO-DE-PARECER-Campus_Irati <\/a><\/li>\n<li><a href=\"https:\/\/www2.unicentro.br\/comep\/files\/2018\/07\/FORMUL%C3%81RIO-PARA-APRESENTA%C3%87%C3%83O-DE-EMENDA-AO-PROJETO-ALTERA%C3%87%C3%83O.docx?x79648\" rel=\"attachment wp-att-567\">FORMUL\u00c1RIO PARA APRESENTA\u00c7\u00c3O DE EMENDA AO PROJETO (ALTERA\u00c7\u00c3O)<\/a><\/li>\n<li><a href=\"https:\/\/www2.unicentro.br\/comep\/files\/2017\/12\/CHECK-LIST-DOCUMENTAL.docx?x79648\" rel=\"attachment wp-att-530\">CHECK LIST DOCUMENTAL<\/a><\/li>\n<li><a href=\"https:\/\/www2.unicentro.br\/comep\/files\/2017\/11\/RECOMENDA%C3%87%C3%95ES-PARA-A-ELABORA%C3%87%C3%83O-DO-TCLE-TERMO-DE-CONSENTIMENTO-LIVRE-E-ESCLARECIDO.pdf\">RECOMENDA\u00c7\u00d5ES PARA A ELABORA\u00c7\u00c3O DO TCLE, TERMO DE CONSENTIMENTO LIVRE E ESCLARECIDO<\/a><\/li>\n<li><a href=\"https:\/\/www3.unicentro.br\/comep\/wp-content\/uploads\/sites\/76\/2021\/04\/carta-de-autorizacao_irati.doc\">modelo de carta de autoriza\u00e7\u00e3o (para se utilizado quando o local n\u00e3o possuir papel timbrado)<\/a><\/li>\n<li><a href=\"https:\/\/www2.unicentro.br\/comep\/files\/2018\/07\/Formul%C3%A1rio-para-solicita%C3%A7%C3%A3o-de-dispensa-do-TCLE.docx?x79648\" rel=\"attachment wp-att-576\">Formul\u00e1rio-para-solicita\u00e7\u00e3o-de-dispensa-do-TCLE<\/a><\/li>\n<li><a href=\"https:\/\/www3.unicentro.br\/comep\/wp-content\/uploads\/sites\/76\/2025\/03\/MODELO-DE-RELATORIO-FINAL-Campus_de_Irati.doc\">Modelo de Relat\u00f3rio Final (Plataforma Brasil)<\/a><\/li>\n<li><a href=\"https:\/\/www3.unicentro.br\/comep\/wp-content\/uploads\/sites\/76\/2023\/08\/MODELO-termo-de-assentimento-para-crianca-e-adolescente_Irati_padrao.doc\">MODELO-termo-de-assentimento-para-crian\u00e7a-e-adolescente_Irati<\/a><\/li>\n<li><a href=\"https:\/\/www3.unicentro.br\/comep\/wp-content\/uploads\/sites\/76\/2025\/03\/MODELO-DE-RELATORIO-FINAL-Campus_de_Irati.doc\">Modelo de Relat\u00f3rio Final (CEP Campus de Irati)<\/a><\/li>\n<li><a href=\"https:\/\/www3.unicentro.br\/comep\/wp-content\/uploads\/sites\/76\/2025\/03\/Oriente_relatorio_final_8967pdf.pdf\">Orienta\u00e7\u00f5es para envio do Relat\u00f3rio Final<\/a><\/li>\n<\/ul>\n<p>&nbsp;<\/p>\n<p><span style=\"color: #ff0000\"><strong>Obs.: N\u00e3o retirar o Cabe\u00e7alho e Rodap\u00e9 do modelo de TALE!<\/strong><\/span><\/p>\n","protected":false},"excerpt":{"rendered":"<p>&nbsp; CARTA RESPOSTA A PEND\u00caNCIAS MODELO-TCLE-COM-N\u00daMERO-DE-PARECER-Campus_Irati FORMUL\u00c1RIO PARA APRESENTA\u00c7\u00c3O DE EMENDA AO PROJETO (ALTERA\u00c7\u00c3O) CHECK LIST DOCUMENTAL RECOMENDA\u00c7\u00d5ES PARA A ELABORA\u00c7\u00c3O DO TCLE, TERMO DE CONSENTIMENTO LIVRE E ESCLARECIDO modelo de carta de autoriza\u00e7\u00e3o (para se utilizado quando o local n\u00e3o possuir papel timbrado) Formul\u00e1rio-para-solicita\u00e7\u00e3o-de-dispensa-do-TCLE Modelo de Relat\u00f3rio Final (Plataforma Brasil) MODELO-termo-de-assentimento-para-crian\u00e7a-e-adolescente_Irati Modelo de Relat\u00f3rio [&hellip;]<\/p>\n","protected":false},"author":3,"featured_media":0,"parent":85,"menu_order":0,"comment_status":"closed","ping_status":"closed","template":"","meta":{"_exactmetrics_skip_tracking":false,"_exactmetrics_sitenote_active":false,"_exactmetrics_sitenote_note":"","_exactmetrics_sitenote_category":0,"footnotes":"","_links_to":"","_links_to_target":""},"class_list":["post-91","page","type-page","status-publish","hentry"],"_links":{"self":[{"href":"https:\/\/www3.unicentro.br\/comep\/wp-json\/wp\/v2\/pages\/91","targetHints":{"allow":["GET"]}}],"collection":[{"href":"https:\/\/www3.unicentro.br\/comep\/wp-json\/wp\/v2\/pages"}],"about":[{"href":"https:\/\/www3.unicentro.br\/comep\/wp-json\/wp\/v2\/types\/page"}],"author":[{"embeddable":true,"href":"https:\/\/www3.unicentro.br\/comep\/wp-json\/wp\/v2\/users\/3"}],"replies":[{"embeddable":true,"href":"https:\/\/www3.unicentro.br\/comep\/wp-json\/wp\/v2\/comments?post=91"}],"version-history":[{"count":1,"href":"https:\/\/www3.unicentro.br\/comep\/wp-json\/wp\/v2\/pages\/91\/revisions"}],"predecessor-version":[{"id":601,"href":"https:\/\/www3.unicentro.br\/comep\/wp-json\/wp\/v2\/pages\/91\/revisions\/601"}],"up":[{"embeddable":true,"href":"https:\/\/www3.unicentro.br\/comep\/wp-json\/wp\/v2\/pages\/85"}],"wp:attachment":[{"href":"https:\/\/www3.unicentro.br\/comep\/wp-json\/wp\/v2\/media?parent=91"}],"curies":[{"name":"wp","href":"https:\/\/api.w.org\/{rel}","templated":true}]}}