{"id":90,"date":"2019-08-21T13:43:08","date_gmt":"2019-08-21T16:43:08","guid":{"rendered":"https:\/\/www3.unicentro.br\/comep\/?page_id=90"},"modified":"2025-02-10T09:37:26","modified_gmt":"2025-02-10T12:37:26","slug":"membros","status":"publish","type":"page","link":"https:\/\/www3.unicentro.br\/comep\/irati\/membros\/","title":{"rendered":"Membros"},"content":{"rendered":"<h3 style=\"text-align: center\">MEMBROS GEST\u00c3O 2024\u2013 2026<\/h3>\n<h3><strong>Coordena\u00e7\u00e3o<\/strong><\/h3>\n<ul>\n<li><strong>Coordenador:<\/strong> Prof. Gustavo Zambenedetti<\/li>\n<li><strong>Vice-Coordenadora:<\/strong> Prof\u00aa Joyce Jaquelinne Caetano<\/li>\n<\/ul>\n<h3><strong>Secretaria<\/strong><\/h3>\n<ul>\n<li><strong>Secret\u00e1rio:<\/strong> Diego Luis Venancio \u2013 Agente Universit\u00e1rio.<\/li>\n<\/ul>\n<h3><\/h3>\n<h3 style=\"text-align: center\"><strong>Membros Titulares<\/strong><\/h3>\n<h4><\/h4>\n<h4><strong>Setor de Ci\u00eancias da Sa\u00fade (SES\/I)<\/strong><\/h4>\n<ul>\n<li>Prof. Gustavo Zambenedetti<\/li>\n<li>Prof\u00aa Cristiana Magni<\/li>\n<\/ul>\n<h4><strong>Setor de Ci\u00eancias Sociais Aplicadas (SESA\/I)<\/strong><\/h4>\n<ul>\n<li>Prof. Alessandro Lepchak<\/li>\n<li>Prof. Cesar Renato Ferreira da Costa<\/li>\n<\/ul>\n<h4><strong>Setor de Ci\u00eancias Humanas, Letras e Artes (SEHLA\/I)<\/strong><\/h4>\n<ul>\n<li>Prof\u00aa Miriam Adalgisa Bedim Godoy<\/li>\n<\/ul>\n<h4><strong>Representante do Programa de P\u00f3s-Gradua\u00e7\u00e3o Stricto Sensu em Educa\u00e7\u00e3o<\/strong><\/h4>\n<ul>\n<li>Prof. Gilmar de Carvalho Cruz<\/li>\n<\/ul>\n<h3><strong>Membro Discente<\/strong><\/h3>\n<ul>\n<li>Carine Suder Fernandes &#8211; Representante do Programa de P\u00f3s-Gradua\u00e7\u00e3o Stricto Sensu em Desenvolvimento Comunit\u00e1rio<\/li>\n<\/ul>\n<h3><strong>Representantes de Participantes de Pesquisa (RPP)<\/strong><\/h3>\n<ul>\n<li>Kaite Zil\u00e1 Wrobel Luz \u2013 Representante do Conselho Municipal de Pessoa com Defici\u00eancia.<\/li>\n<li>Thays Christina de Brito -Representante do Conselho Municipal de<br \/>\nPol\u00edticas para Mulheres de Irati.<\/li>\n<\/ul>\n<p>&nbsp;<\/p>\n<p><a href=\"https:\/\/www3.unicentro.br\/comep\/wp-content\/uploads\/sites\/76\/2025\/02\/portaria_1122_2024.pdf\"><span style=\"color: #0000ff\">PORTARIA N\u00ba 1.122-GR\/UNICENTRO, DE 19 DE JULHO DE 2024<\/span><\/a><\/p>\n<p><a href=\"https:\/\/www3.unicentro.br\/comep\/wp-content\/uploads\/sites\/76\/2025\/02\/Oficio_22_2025_Conep.pdf\"><span style=\"color: #0000ff\">Credenciamento do CEP 8967 (2025 a 2029)<\/span><\/a><\/p>\n<p><a href=\"https:\/\/www3.unicentro.br\/comep\/wp-content\/uploads\/sites\/76\/2025\/02\/Regulamento_CEP_8967_nov_2024_v2pdf.pdf\"><span style=\"color: #0000ff\">Regimento Interno do CEP 8967<\/span><\/a><\/p>\n","protected":false},"excerpt":{"rendered":"<p>MEMBROS GEST\u00c3O 2024\u2013 2026 Coordena\u00e7\u00e3o Coordenador: Prof. Gustavo Zambenedetti Vice-Coordenadora: Prof\u00aa Joyce Jaquelinne Caetano Secretaria Secret\u00e1rio: Diego Luis Venancio \u2013 Agente Universit\u00e1rio. Membros Titulares Setor de Ci\u00eancias da Sa\u00fade (SES\/I) Prof. Gustavo Zambenedetti Prof\u00aa Cristiana Magni Setor de Ci\u00eancias Sociais Aplicadas (SESA\/I) Prof. Alessandro Lepchak Prof. Cesar Renato Ferreira da Costa Setor de Ci\u00eancias Humanas, [&hellip;]<\/p>\n","protected":false},"author":3,"featured_media":0,"parent":85,"menu_order":0,"comment_status":"closed","ping_status":"closed","template":"","meta":{"_exactmetrics_skip_tracking":false,"_exactmetrics_sitenote_active":false,"_exactmetrics_sitenote_note":"","_exactmetrics_sitenote_category":0,"footnotes":"","_links_to":"","_links_to_target":""},"class_list":["post-90","page","type-page","status-publish","hentry"],"_links":{"self":[{"href":"https:\/\/www3.unicentro.br\/comep\/wp-json\/wp\/v2\/pages\/90","targetHints":{"allow":["GET"]}}],"collection":[{"href":"https:\/\/www3.unicentro.br\/comep\/wp-json\/wp\/v2\/pages"}],"about":[{"href":"https:\/\/www3.unicentro.br\/comep\/wp-json\/wp\/v2\/types\/page"}],"author":[{"embeddable":true,"href":"https:\/\/www3.unicentro.br\/comep\/wp-json\/wp\/v2\/users\/3"}],"replies":[{"embeddable":true,"href":"https:\/\/www3.unicentro.br\/comep\/wp-json\/wp\/v2\/comments?post=90"}],"version-history":[{"count":2,"href":"https:\/\/www3.unicentro.br\/comep\/wp-json\/wp\/v2\/pages\/90\/revisions"}],"predecessor-version":[{"id":572,"href":"https:\/\/www3.unicentro.br\/comep\/wp-json\/wp\/v2\/pages\/90\/revisions\/572"}],"up":[{"embeddable":true,"href":"https:\/\/www3.unicentro.br\/comep\/wp-json\/wp\/v2\/pages\/85"}],"wp:attachment":[{"href":"https:\/\/www3.unicentro.br\/comep\/wp-json\/wp\/v2\/media?parent=90"}],"curies":[{"name":"wp","href":"https:\/\/api.w.org\/{rel}","templated":true}]}}