{"id":89,"date":"2019-08-21T13:43:08","date_gmt":"2019-08-21T16:43:08","guid":{"rendered":"https:\/\/www3.unicentro.br\/comep\/?page_id=89"},"modified":"2023-11-24T16:34:01","modified_gmt":"2023-11-24T19:34:01","slug":"manuais","status":"publish","type":"page","link":"https:\/\/www3.unicentro.br\/comep\/irati\/manuais\/","title":{"rendered":"Manuais"},"content":{"rendered":"<ul>\n<li><a href=\"http:\/\/www2.unicentro.br\/comep\/files\/2016\/05\/ROTEIRO-PARA-VISUALIZAR-BAIXAR-PARECER.pdf\">ROTEIRO PARA VISUALIZAR- BAIXAR PARECER<\/a><\/li>\n<li><a href=\"http:\/\/www2.unicentro.br\/comep\/files\/2015\/10\/MANUAL-Cadastro-de-Usu%C3%A1rio.pdf\">MANUAL \u2013 Cadastro de Usu\u00e1rio<\/a><\/li>\n<li><a href=\"http:\/\/www2.unicentro.br\/comep\/files\/2015\/10\/MANUAL-Submiss%C3%A3o-de-Projeto-de-Pesquisa.pdf\">MANUAL \u2013 Submiss\u00e3o de Projeto de Pesquisa<\/a><\/li>\n<li><a href=\"http:\/\/www2.unicentro.br\/comep\/files\/2015\/10\/MANUAL-Envio-de-Notifica%C3%A7%C3%A3o.pdf\">MANUAL \u2013 Envio de Notifica\u00e7\u00e3o<\/a><\/li>\n<li><a href=\"http:\/\/www2.unicentro.br\/comep\/files\/2015\/10\/MANUAL-Submiss%C3%A3o-de-Emenda.pdf\">MANUAL \u2013 Submiss\u00e3o de Emenda<\/a><\/li>\n<li><a href=\"http:\/\/www2.unicentro.br\/comep\/files\/2015\/10\/MANUAL-Submiss%C3%A3o-de-Recurso.pdf\">MANUAL \u2013 Submiss\u00e3o de Recurso<\/a><\/li>\n<li><a href=\"https:\/\/www3.unicentro.br\/comep\/wp-content\/uploads\/sites\/76\/2023\/11\/Manual_Pesquisador-Versao_3.8.pdf\"><span style=\"color: #ff0000\"><strong>Manual da Plataforma Brasil (orienta\u00e7\u00f5es de preenchimento)<\/strong><\/span><\/a><\/li>\n<\/ul>\n","protected":false},"excerpt":{"rendered":"<p>ROTEIRO PARA VISUALIZAR- BAIXAR PARECER MANUAL \u2013 Cadastro de Usu\u00e1rio MANUAL \u2013 Submiss\u00e3o de Projeto de Pesquisa MANUAL \u2013 Envio de Notifica\u00e7\u00e3o MANUAL \u2013 Submiss\u00e3o de Emenda MANUAL \u2013 Submiss\u00e3o de Recurso Manual da Plataforma Brasil (orienta\u00e7\u00f5es de preenchimento)<\/p>\n","protected":false},"author":3,"featured_media":0,"parent":85,"menu_order":0,"comment_status":"closed","ping_status":"closed","template":"","meta":{"_exactmetrics_skip_tracking":false,"_exactmetrics_sitenote_active":false,"_exactmetrics_sitenote_note":"","_exactmetrics_sitenote_category":0,"footnotes":"","_links_to":"","_links_to_target":""},"class_list":["post-89","page","type-page","status-publish","hentry"],"_links":{"self":[{"href":"https:\/\/www3.unicentro.br\/comep\/wp-json\/wp\/v2\/pages\/89","targetHints":{"allow":["GET"]}}],"collection":[{"href":"https:\/\/www3.unicentro.br\/comep\/wp-json\/wp\/v2\/pages"}],"about":[{"href":"https:\/\/www3.unicentro.br\/comep\/wp-json\/wp\/v2\/types\/page"}],"author":[{"embeddable":true,"href":"https:\/\/www3.unicentro.br\/comep\/wp-json\/wp\/v2\/users\/3"}],"replies":[{"embeddable":true,"href":"https:\/\/www3.unicentro.br\/comep\/wp-json\/wp\/v2\/comments?post=89"}],"version-history":[{"count":2,"href":"https:\/\/www3.unicentro.br\/comep\/wp-json\/wp\/v2\/pages\/89\/revisions"}],"predecessor-version":[{"id":448,"href":"https:\/\/www3.unicentro.br\/comep\/wp-json\/wp\/v2\/pages\/89\/revisions\/448"}],"up":[{"embeddable":true,"href":"https:\/\/www3.unicentro.br\/comep\/wp-json\/wp\/v2\/pages\/85"}],"wp:attachment":[{"href":"https:\/\/www3.unicentro.br\/comep\/wp-json\/wp\/v2\/media?parent=89"}],"curies":[{"name":"wp","href":"https:\/\/api.w.org\/{rel}","templated":true}]}}