{"id":87,"date":"2019-08-21T13:43:08","date_gmt":"2019-08-21T16:43:08","guid":{"rendered":"https:\/\/www3.unicentro.br\/comep\/?page_id=87"},"modified":"2025-03-19T10:02:01","modified_gmt":"2025-03-19T13:02:01","slug":"contato","status":"publish","type":"page","link":"https:\/\/www3.unicentro.br\/comep\/irati\/contato\/","title":{"rendered":"Contato"},"content":{"rendered":"<p><strong>Comit\u00ea de \u00c9tica em Pesquisa (8967) &#8211; Campus Universit\u00e1rio de Irati \u2013 CEP\/Unicentro<\/strong><\/p>\n<p><strong>Endere\u00e7o:<\/strong><br \/>\nRodovia PR 153, km 07 &#8211; Bairro Riozinho<br \/>\nCEP: 84.505-677 \u2013 Irati \u2013 PR\u00a0 \u00a0(Caixa Postal 21)<br \/>\nUnicentro &#8211; Campus de Irati &#8211; PR 153 Km 07 &#8211; Sala 142, Pr\u00e9dio principal, t\u00e9rreo (jardim de inverno da antiga biblioteca)<br \/>\n<strong>Campus Irati<\/strong><br \/>\n<strong>Coordenador<\/strong><strong>:<\/strong> Prof. Dr. Gustavo Zambenedetti<br \/>\n<strong>Secret\u00e1rio:<\/strong>\u00a0Diego Luis Venancio<br \/>\n<strong>Telefone:<\/strong>\u00a0(42) 3421-3015 e <span style=\"color: #339966\"><strong><a style=\"color: #339966\" href=\"http:\/\/api.whatsapp.com\/send?phone=5504234213015\">WhatsApp (42) 3421-3015<\/a><\/strong><\/span><br \/>\n<b>HOR\u00c1RIO DE FUNCIONAMENTO:<\/b><br \/>\nSegunda a Sexta, das 8h \u00e0s 11h e das 13h30m \u00e0s 16h<br \/>\n<b>ATENDIMENTO AO P\u00daBLICO EM GERAL E AOS PESQUISADORES:<\/b><br \/>\nSegunda a Sexta, das 13h30m \u00e0s 16h<\/p>\n<p><strong>E-Mail<\/strong>: cep_irati@unicentro.br<\/p>\n<div class=\"wp-block-image\"><img loading=\"lazy\" decoding=\"async\" class=\"wpa-warning wpa-image-missing-alt alignnone wp-image-596\" src=\"https:\/\/www3.unicentro.br\/comep\/wp-content\/uploads\/sites\/76\/2025\/03\/QR_cod_whats_comite-268x300.jpg\" alt=\"\" width=\"164\" height=\"184\" data-warning=\"Missing alt text\" srcset=\"https:\/\/www3.unicentro.br\/comep\/wp-content\/uploads\/sites\/76\/2025\/03\/QR_cod_whats_comite-268x300.jpg 268w, https:\/\/www3.unicentro.br\/comep\/wp-content\/uploads\/sites\/76\/2025\/03\/QR_cod_whats_comite-255x285.jpg 255w, https:\/\/www3.unicentro.br\/comep\/wp-content\/uploads\/sites\/76\/2025\/03\/QR_cod_whats_comite.jpg 421w\" sizes=\"auto, (max-width: 164px) 100vw, 164px\" \/><\/div>\n","protected":false},"excerpt":{"rendered":"<p>Comit\u00ea de \u00c9tica em Pesquisa (8967) &#8211; Campus Universit\u00e1rio de Irati \u2013 CEP\/Unicentro Endere\u00e7o: Rodovia PR 153, km 07 &#8211; Bairro Riozinho CEP: 84.505-677 \u2013 Irati \u2013 PR\u00a0 \u00a0(Caixa Postal 21) Unicentro &#8211; Campus de Irati &#8211; PR 153 Km 07 &#8211; Sala 142, Pr\u00e9dio principal, t\u00e9rreo (jardim de inverno da antiga biblioteca) Campus Irati [&hellip;]<\/p>\n","protected":false},"author":3,"featured_media":0,"parent":85,"menu_order":0,"comment_status":"closed","ping_status":"closed","template":"","meta":{"_exactmetrics_skip_tracking":false,"_exactmetrics_sitenote_active":false,"_exactmetrics_sitenote_note":"","_exactmetrics_sitenote_category":0,"footnotes":"","_links_to":"","_links_to_target":""},"class_list":["post-87","page","type-page","status-publish","hentry"],"_links":{"self":[{"href":"https:\/\/www3.unicentro.br\/comep\/wp-json\/wp\/v2\/pages\/87","targetHints":{"allow":["GET"]}}],"collection":[{"href":"https:\/\/www3.unicentro.br\/comep\/wp-json\/wp\/v2\/pages"}],"about":[{"href":"https:\/\/www3.unicentro.br\/comep\/wp-json\/wp\/v2\/types\/page"}],"author":[{"embeddable":true,"href":"https:\/\/www3.unicentro.br\/comep\/wp-json\/wp\/v2\/users\/3"}],"replies":[{"embeddable":true,"href":"https:\/\/www3.unicentro.br\/comep\/wp-json\/wp\/v2\/comments?post=87"}],"version-history":[{"count":2,"href":"https:\/\/www3.unicentro.br\/comep\/wp-json\/wp\/v2\/pages\/87\/revisions"}],"predecessor-version":[{"id":599,"href":"https:\/\/www3.unicentro.br\/comep\/wp-json\/wp\/v2\/pages\/87\/revisions\/599"}],"up":[{"embeddable":true,"href":"https:\/\/www3.unicentro.br\/comep\/wp-json\/wp\/v2\/pages\/85"}],"wp:attachment":[{"href":"https:\/\/www3.unicentro.br\/comep\/wp-json\/wp\/v2\/media?parent=87"}],"curies":[{"name":"wp","href":"https:\/\/api.w.org\/{rel}","templated":true}]}}