{"id":85,"date":"2019-08-21T13:42:08","date_gmt":"2019-08-21T16:42:08","guid":{"rendered":"https:\/\/www3.unicentro.br\/comep\/?page_id=85"},"modified":"2021-06-14T15:54:37","modified_gmt":"2021-06-14T18:54:37","slug":"irati","status":"publish","type":"page","link":"https:\/\/www3.unicentro.br\/comep\/irati\/","title":{"rendered":"Comep Irati"},"content":{"rendered":"<p align=\"CENTER\"><strong><img loading=\"lazy\" decoding=\"async\" class=\"aligncenter wp-image-330 size-medium\" src=\"https:\/\/www3.unicentro.br\/comep\/wp-content\/uploads\/sites\/76\/2021\/06\/CEP_logo_Irati-267x300.jpg\" alt=\"\" width=\"267\" height=\"300\" srcset=\"https:\/\/www3.unicentro.br\/comep\/wp-content\/uploads\/sites\/76\/2021\/06\/CEP_logo_Irati-267x300.jpg 267w, https:\/\/www3.unicentro.br\/comep\/wp-content\/uploads\/sites\/76\/2021\/06\/CEP_logo_Irati-255x286.jpg 255w, https:\/\/www3.unicentro.br\/comep\/wp-content\/uploads\/sites\/76\/2021\/06\/CEP_logo_Irati.jpg 326w\" sizes=\"auto, (max-width: 267px) 100vw, 267px\" \/><\/strong><\/p>\n<p align=\"CENTER\"><strong>Aten\u00e7\u00e3o Pesquisador!<\/strong><\/p>\n<p align=\"JUSTIFY\"><b>Antes de efetuar a submiss\u00e3o de seu projeto, verifique se providenciou todos os documentos obrigat\u00f3rios e verifique tamb\u00e9m os prazos de postagem de projetos no\u00a0 calend\u00e1rio de reuni\u00f5es.<\/b><\/p>\n<hr \/>\n<p><strong>APRESENTA\u00c7\u00c3O:<\/strong><\/p>\n<p>O Comit\u00ea de \u00c9tica em Pesquisa (CEP) da Unicentro \u00e9 um colegiado interdisciplinar e independente, de natureza consultiva, deliberativa e educativa, nos assuntos de sua compet\u00eancia, respons\u00e1vel pela avalia\u00e7\u00e3o e acompanhamento dos aspectos \u00e9ticos de pesquisas envolvendo seres humanos.<br \/>\nVinculado administrativamente \u00e0 Pr\u00f3-Reitoria de Pesquisa e P\u00f3s-Gradua\u00e7\u00e3o, Propesp, est\u00e1 ligado e submete-se \u00e0s normas e crit\u00e9rios emanados da Comiss\u00e3o Nacional de \u00c9tica em Pesquisa, Conep, do Minist\u00e9rio da Sa\u00fade, MS.<br \/>\nA miss\u00e3o do CEP \u00e9 salvaguardar os direitos e a dignidade dos sujeitos da pesquisa. Al\u00e9m disso, o CEP contribui para a qualidade das pesquisas e para a discuss\u00e3o do papel da pesquisa no desenvolvimento institucional e no desenvolvimento social da comunidade. Contribui ainda para a valoriza\u00e7\u00e3o do pesquisador que recebe o reconhecimento de que sua proposta \u00e9 eticamente adequada.<br \/>\nO CEP exerce papel consultivo, deliberativo e, em especial, papel educativo para assegurar a forma\u00e7\u00e3o continuada dos pesquisadores da institui\u00e7\u00e3o e promover a discuss\u00e3o dos aspectos das pesquisas em seres humanos na comunidade.<\/p>\n<p><strong>IMPORTANTE:\u00a0<\/strong><\/p>\n<p>A\u00a0<a href=\"https:\/\/www2.unicentro.br\/comep\/files\/2012\/10\/RESOLU%C3%87%C3%82O-196-96-.pdf?x79648\">RESOLU\u00c7\u00c3O CNS \u2013 466\/2012<\/a>\u00a0 e a <a href=\"https:\/\/www3.unicentro.br\/comep\/wp-content\/uploads\/sites\/76\/2021\/06\/RESOLUCAO-CNS-\u2013-510-de-2016.pdf\">RESOLU\u00c7\u00c3O CNS \u2013 510 de 2016<\/a> considera pesquisa em seres humanos em qualquer \u00e1rea do conhecimento e que de modo direto e indireto envolvam a coletividade, em sua totalidade ou partes, incluindo o manejo de informa\u00e7\u00f5es e materiais.<br \/>\nAssim, tamb\u00e9m s\u00e3o consideradas pesquisas envolvendo seres humanos as entrevistas, aplica\u00e7\u00f5es de question\u00e1rios, utiliza\u00e7\u00e3o de banco de dados e revis\u00f5es de prontu\u00e1rios. Alguns projetos de avalia\u00e7\u00e3o n\u00e3o se caracterizam como pesquisa. Sempre que houver d\u00favida, recomenda-se a apresenta\u00e7\u00e3o do protocolo ao CEP, que tomar\u00e1 a decis\u00e3o sobre a situa\u00e7\u00e3o espec\u00edfica.<\/p>\n","protected":false},"excerpt":{"rendered":"<p>Aten\u00e7\u00e3o Pesquisador! Antes de efetuar a submiss\u00e3o de seu projeto, verifique se providenciou todos os documentos obrigat\u00f3rios e verifique tamb\u00e9m os prazos de postagem de projetos no\u00a0 calend\u00e1rio de reuni\u00f5es. APRESENTA\u00c7\u00c3O: O Comit\u00ea de \u00c9tica em Pesquisa (CEP) da Unicentro \u00e9 um colegiado interdisciplinar e independente, de natureza consultiva, deliberativa e educativa, nos assuntos de [&hellip;]<\/p>\n","protected":false},"author":3,"featured_media":0,"parent":0,"menu_order":0,"comment_status":"closed","ping_status":"closed","template":"","meta":{"_exactmetrics_skip_tracking":false,"_exactmetrics_sitenote_active":false,"_exactmetrics_sitenote_note":"","_exactmetrics_sitenote_category":0,"footnotes":"","_links_to":"","_links_to_target":""},"class_list":["post-85","page","type-page","status-publish","hentry"],"_links":{"self":[{"href":"https:\/\/www3.unicentro.br\/comep\/wp-json\/wp\/v2\/pages\/85","targetHints":{"allow":["GET"]}}],"collection":[{"href":"https:\/\/www3.unicentro.br\/comep\/wp-json\/wp\/v2\/pages"}],"about":[{"href":"https:\/\/www3.unicentro.br\/comep\/wp-json\/wp\/v2\/types\/page"}],"author":[{"embeddable":true,"href":"https:\/\/www3.unicentro.br\/comep\/wp-json\/wp\/v2\/users\/3"}],"replies":[{"embeddable":true,"href":"https:\/\/www3.unicentro.br\/comep\/wp-json\/wp\/v2\/comments?post=85"}],"version-history":[{"count":0,"href":"https:\/\/www3.unicentro.br\/comep\/wp-json\/wp\/v2\/pages\/85\/revisions"}],"wp:attachment":[{"href":"https:\/\/www3.unicentro.br\/comep\/wp-json\/wp\/v2\/media?parent=85"}],"curies":[{"name":"wp","href":"https:\/\/api.w.org\/{rel}","templated":true}]}}