{"id":50,"date":"2014-10-10T00:00:00","date_gmt":"2014-10-10T03:00:00","guid":{"rendered":"https:\/\/www3.unicentro.br\/comep\/documentos\/"},"modified":"2021-06-10T11:02:49","modified_gmt":"2021-06-10T14:02:49","slug":"documentos","status":"publish","type":"page","link":"https:\/\/www3.unicentro.br\/comep\/guarapuava\/submissao-de-projetos\/documentos\/","title":{"rendered":"Documentos que devem ser anexados na Plataforma Brasil"},"content":{"rendered":"<p><span style=\"color: #ff0000\"><b>DOCUMENTOS OBRIGAT\u00d3RIOS<\/b><\/span><\/p>\n<p><span style=\"color: #3366ff\">1) &#8211; <\/span><b>CHECK LIST DOCUMENTAL <\/b><b>&#8211; <\/b>deve seguir o modelo dispon\u00edvel no site do Comep-Unicentro.<br \/>\n<span style=\"color: #3366ff\">2) &#8211;<\/span> A <b>FOLHA DE ROSTO<\/b> gerada pelo sistema da Plataforma Brasil, com TODOS os campos de identifica\u00e7\u00e3o preenchidos, dever\u00e1 ser:<\/p>\n<ul>\n<li>datada e assinada pelo pesquisador;<\/li>\n<li>datada, assinada e CARIMBADA pelo respons\u00e1vel pela institui\u00e7\u00e3o (isto \u00e9, Chefe do Departamento\/Colegiado, ou Coordenador da P\u00f3s-Gradua\u00e7\u00e3o ou Diretor do Setor de Conhecimento, conforme o caso).<\/li>\n<\/ul>\n<p><span style=\"color: #3366ff\">3) &#8211;<\/span> <b>TERMO DE CONSENTIMENTO LIVRE E ESCLARECIDO (TCLE)<\/b> deve seguir o modelo dispon\u00edvel no site do Comep-Unicentro.:<\/p>\n<ul>\n<li>Dever\u00e1 ser redigido em forma de convite;<\/li>\n<li>Dever\u00e1 conter, obrigatoriamente:<\/li>\n<\/ul>\n<ul>\n<li>justificativa, os objetivos e os procedimentos que ser\u00e3o utilizados na pesquisa, com o detalhamento dos m\u00e9todos a serem utilizados, informando a possibilidade de inclus\u00e3o em grupo controle ou experimental, quando aplic\u00e1vel<\/li>\n<li>explicita\u00e7\u00e3o dos poss\u00edveis desconfortos e riscos decorrentes da participa\u00e7\u00e3o na pesquisa, al\u00e9m dos benef\u00edcios esperados dessa participa\u00e7\u00e3o e apresenta\u00e7\u00e3o das provid\u00eancias e cautelas a serem empregadas para evitar e\/ou reduzir efeitos e condi\u00e7\u00f5es adversas que possam causar dano, considerando caracter\u00edsticas e contexto do participante da pesquisa;<\/li>\n<li>esclarecimento sobre a forma de acompanhamento e assist\u00eancia a que ter\u00e3o direito os participantes da pesquisa, inclusive considerando benef\u00edcios e acompanhamentos posteriores ao encerramento e\/ ou a interrup\u00e7\u00e3o da pesquisa;<\/li>\n<li>garantia de plena liberdade ao participante da pesquisa, de recusar-se a participar ou retirar seu consentimento, em qualquer fase da pesquisa, sem penaliza\u00e7\u00e3o alguma;<\/li>\n<li>garantia de manuten\u00e7\u00e3o do sigilo e da privacidade dos participantes da pesquisa durante todas as fases da pesquisa;<\/li>\n<li>garantia de que o participante da pesquisa receber\u00e1 uma via do Termo de Consentimento Livre e Esclarecido;<\/li>\n<li>explicita\u00e7\u00e3o da garantia de ressarcimento e como ser\u00e3o cobertas as despesas tidas pelos participantes da pesquisa e dela decorrentes; e<\/li>\n<li>explicita\u00e7\u00e3o da garantia de indeniza\u00e7\u00e3o diante de eventuais danos decorrentes da pesquisa.<\/li>\n<\/ul>\n<p>O TCLE dever\u00e1 ainda:<\/p>\n<ul>\n<li>conter declara\u00e7\u00e3o do pesquisador respons\u00e1vel que expresse o cumprimento das exig\u00eancias contidas nos itens IV.3 e IV.4da Resolu\u00e7\u00e3o 466\/2012, este \u00faltimo se pertinente;<\/li>\n<li>ser adaptado, pelo pesquisador respons\u00e1vel, nas pesquisas com coopera\u00e7\u00e3o estrangeira concebidas em \u00e2mbito internacional, \u00e0s normas \u00e9ticas e \u00e0 cultura local, sempre com linguagem clara e acess\u00edvel a todos e, em especial, aos participantes da pesquisa, tomando o especial cuidado para que seja de f\u00e1cil leitura e compreens\u00e3o;<\/li>\n<li>ser aprovado pelo CEP perante o qual o projeto foi apresentado e pela Conep, quando pertinente; e<\/li>\n<li>ser elaborado em duas vias, rubricadas em todas as suas p\u00e1ginas e assinadas, ao seu t\u00e9rmino, pelo convidado a participar da pesquisa, ou por seu representante legal, assim como pelo pesquisador respons\u00e1vel, ou pela (s) pessoa (s) por ele delegada (s), devendo as p\u00e1ginas de assinaturas estar na mesma folha. Em ambas as vias dever\u00e3o constar o endere\u00e7o e contato telef\u00f4nico ou outro, dos respons\u00e1veis pela pesquisa e do CEP local e da Conep, quando pertinente.<\/li>\n<\/ul>\n<p>O TCLE nas pesquisas que utilizam metodologias experimentais na \u00e1rea biom\u00e9dica, envolvendo seres humanos, deve observar, obrigatoriamente, o descrito no item IV-4, da Resolu\u00e7\u00e3o 466\/2012.<br \/>\n<b>Observa\u00e7\u00e3o:<\/b> em caso de coleta de dados secund\u00e1rios, n\u00e3o \u00e9 necess\u00e1rio a apresenta\u00e7\u00e3o do TCLE, mas sim a solicita\u00e7\u00e3o de dispensa pelo pesquisador respons\u00e1vel via Plataforma, no campo \u201cProp\u00f5e dispensa de TCLE?\u201d, com devida justificativa.<br \/>\n<span style=\"color: #3366ff\">4)-<\/span> <b>TERMO DE ASSENTIMENTO<\/b> \u2013 deve seguir o modelo dispon\u00edvel no site do Comep-Unicentro.<br \/>\n<span style=\"color: #3366ff\">5)-<\/span> <b>CARTA DE ANU\u00caNCIA<\/b> &#8211; a ser fornecida pelos locais\/Institui\u00e7\u00f5es onde ser\u00e1 realizada a coleta de dados, devidamente assinada pelo respons\u00e1vel da institui\u00e7\u00e3o e carimbada e\/ou redigida e assinada em papel timbrado da institui\u00e7\u00e3o onde ser\u00e1 realizada a coleta.<br \/>\n<span style=\"color: #3366ff\">6)-<\/span> <b>PROJETO DE PESQUISA<\/b> \u2013 deve ser anexado na \u00edntegra \u00e0 Plataforma Brasil.<br \/>\n<span style=\"color: #3366ff\">7)-<\/span> <b>QUESTION\u00c1RIOS E OUTROS INSTRUMENTOS<\/b> utilizados &#8211; devem ser anexados \u00e0 Plataforma Brasil.<\/p>\n","protected":false},"excerpt":{"rendered":"<p>DOCUMENTOS OBRIGAT\u00d3RIOS 1) &#8211; CHECK LIST DOCUMENTAL &#8211; deve seguir o modelo dispon\u00edvel no site do Comep-Unicentro. 2) &#8211; A FOLHA DE ROSTO gerada pelo sistema da Plataforma Brasil, com TODOS os campos de identifica\u00e7\u00e3o preenchidos, dever\u00e1 ser: datada e assinada pelo pesquisador; datada, assinada e CARIMBADA pelo respons\u00e1vel pela institui\u00e7\u00e3o (isto \u00e9, Chefe do [&hellip;]<\/p>\n","protected":false},"author":3,"featured_media":0,"parent":41,"menu_order":0,"comment_status":"closed","ping_status":"open","template":"","meta":{"_exactmetrics_skip_tracking":false,"_exactmetrics_sitenote_active":false,"_exactmetrics_sitenote_note":"","_exactmetrics_sitenote_category":0,"footnotes":"","_links_to":"","_links_to_target":""},"class_list":["post-50","page","type-page","status-publish","hentry"],"_links":{"self":[{"href":"https:\/\/www3.unicentro.br\/comep\/wp-json\/wp\/v2\/pages\/50","targetHints":{"allow":["GET"]}}],"collection":[{"href":"https:\/\/www3.unicentro.br\/comep\/wp-json\/wp\/v2\/pages"}],"about":[{"href":"https:\/\/www3.unicentro.br\/comep\/wp-json\/wp\/v2\/types\/page"}],"author":[{"embeddable":true,"href":"https:\/\/www3.unicentro.br\/comep\/wp-json\/wp\/v2\/users\/3"}],"replies":[{"embeddable":true,"href":"https:\/\/www3.unicentro.br\/comep\/wp-json\/wp\/v2\/comments?post=50"}],"version-history":[{"count":0,"href":"https:\/\/www3.unicentro.br\/comep\/wp-json\/wp\/v2\/pages\/50\/revisions"}],"up":[{"embeddable":true,"href":"https:\/\/www3.unicentro.br\/comep\/wp-json\/wp\/v2\/pages\/41"}],"wp:attachment":[{"href":"https:\/\/www3.unicentro.br\/comep\/wp-json\/wp\/v2\/media?parent=50"}],"curies":[{"name":"wp","href":"https:\/\/api.w.org\/{rel}","templated":true}]}}