{"id":49,"date":"2014-10-10T00:00:00","date_gmt":"2014-10-10T03:00:00","guid":{"rendered":"https:\/\/www3.unicentro.br\/comep\/novapesquisa\/"},"modified":"2019-08-21T15:24:29","modified_gmt":"2019-08-21T18:24:29","slug":"novapesquisa","status":"publish","type":"page","link":"https:\/\/www3.unicentro.br\/comep\/guarapuava\/submissao-de-projetos\/novapesquisa\/","title":{"rendered":"Como cadastrar uma nova pesquisa?"},"content":{"rendered":"<p class=\"western\" lang=\"pt-BR\" align=\"JUSTIFY\">Para cadastrar uma nova pesquisa, o usu\u00e1rio dever\u00e1 ter conclu\u00eddo o seu cadastro de pessoa f\u00edsica. Assim que o cadastro de pessoa f\u00edsica for conclu\u00eddo e realizado o \u201clogin\u201d na Plataforma Brasil, o Pesquisador dever\u00e1 clicar no bot\u00e3o \u201cCadastrar Nova Submiss\u00e3o\u201d, para iniciar o cadastro de uma nova pesquisa.<\/p>\n<p style=\"text-align: center\"><span style=\"color: #ff0000\"><strong><a style=\"color: #ff0000\" href=\"http:\/\/www.saude.gov.br\/plataformabrasil\">http:\/\/www.saude.gov.br\/plataformabrasil<\/a><\/strong><\/span><\/p>\n<p>TODOS OS CAMPOS COM ASTERISCO VERMELHO(*) S\u00c3O DE PREENCHIMENTO OBRIGAT\u00d3RIO.<\/p>\n<p><strong>DICAS<\/strong><\/p>\n<p><strong>TELA 1<\/strong> \u2013 Somente o Pesquisador respons\u00e1vel pela pesquisa poder\u00e1 iniciar o cadastro de nova submiss\u00e3o na Plataforma Brasil. Entretanto, no campo \u201cAssistentes\u201d, o Pesquisador principal pode indicar outras pessoas, que j\u00e1 estejam devidamente cadastradas na Plataforma Brasil, para dar continuidade ao preenchimento dos dados da pesquisa. Cabe ressaltar que o assistente n\u00e3o pode excluir a pesquisa do sistema e tamb\u00e9m n\u00e3o poder\u00e1 iniciar novo cadastro<\/p>\n<p>de pesquisa, amenos, que ele pr\u00f3prio seja o pesquisador respons\u00e1vel.<\/p>\n<p><strong>TELA 2<\/strong> \u2013 Certos campos ser\u00e3o habilitados para preenchimento de acordo com a \u201cGrande \u00c1rea do Conhecimento\u201d e \u201cProp\u00f3sito Principal do Estudo\u201d.<\/p>\n<p><strong>TELA 3<\/strong> \u2013 Os campos \u201cDescritores Gerais para as Condi\u00e7\u00f5es de Sa\u00fade\u201d e \u201cDescritores Espec\u00edficos para as Condi\u00e7\u00f5es de Sa\u00fade\u201d, estar\u00e3o habilitados apenas para o preenchimento das pesquisas cl\u00ednicas. Em ambos os campos, o Pesquisador precisa preencher um dos descritores: CID ou DECS.<\/p>\n<p><strong>TELA 4<\/strong> \u2013 Diversos campos informativos possuem limite de 4.000 caracteres (indicado nos campos cab\u00edveis). Cabe lembrar que todos os caracteres que excedam os 4.000 caracteres suportados pelo sistema, ser\u00e3o descartados nos atos de \u201cAvan\u00e7ar\u201d, \u201cVoltar\u201d e \u201cSalvar\/Sair\u201d.<\/p>\n<p><strong>TELA 5<\/strong> \u2013 o Pesquisador dever\u00e1 obrigatoriamente, incluir o TCLE (exceto nos casos onde se solicita a dispensa de apresenta\u00e7\u00e3o de TCLE) e a Folha de Rosto gerada pelo sistema com os campos de identifica\u00e7\u00e3o devidamente preenchidos, datados e assinados. A inclus\u00e3o destes documentos dever\u00e1 ser feita no campo \u201cUpload de Documentos\u201d. Ap\u00f3s escolher o tipo de documento a ser enviado no item \u201cTipo de Documento\u201d, o Pesquisador dever\u00e1 clicar em \u201cSelecionar Arquivo\u201d. Ap\u00f3s selecionar o arquivo, o Pesquisador dever\u00e1 clicar em \u201cAdicionar\u201d e aguardar o carregamento do arquivo escolhido no banco de dados da Plataforma Brasil.<\/p>\n<p class=\"western\" lang=\"pt-BR\" align=\"JUSTIFY\"><strong><span style=\"color: #ff0000\"><span style=\"font-family: 'Times New Roman', serif\"><span style=\"font-size: medium\">ATEN\u00c7\u00c3O PESQUISADOR:<\/span><\/span><\/span><\/strong><\/p>\n<ul>\n<li>\n<p class=\"western\" lang=\"pt-BR\" align=\"JUSTIFY\">Ao elaborar o TCLE, Termo de Consentimento Livre e Esclarecido, pense na pessoa que o ler\u00e1, respeite os limites do participante, utilizando linguagem simples e de f\u00e1cil compreens\u00e3o e direcionada a ele.<\/p>\n<\/li>\n<li>\n<p class=\"western\" lang=\"pt-BR\" align=\"JUSTIFY\">Em caso de participantes menores de 18 anos, o documento dever\u00e1 ser direcionado ao respons\u00e1vel legal. Al\u00e9m disso, dever\u00e1 ser elaborado o Termo de Assentimento, que \u00e9 um documento em linguagem acess\u00edvel para os menores ou para os legalmente incapazes, por meio do qual, ap\u00f3s os participantes da pesquisa serem devidamente esclarecidos, explicitar\u00e3o sua anu\u00eancia em participar da pesquisa, sem preju\u00edzo do consentimento de seus respons\u00e1veis legais.<\/p>\n<\/li>\n<li>\n<p class=\"western\" lang=\"pt-BR\" align=\"JUSTIFY\">Ao preencher a Folha de Rosto, atente para o seguinte: Institui\u00e7\u00e3o Proponente = v\u00ednculo que o pesquisador possui dentro da Universidade\/Faculdade: Exemplo: se o pesquisador respons\u00e1vel pertence ao Depto de XXXX (preencher os dados do Chefe do Depto e coletar assinatura do mesmo, identificada atrav\u00e9s de carimbo); ou se o pesquisador respons\u00e1vel for aluno de p\u00f3s-gradua\u00e7\u00e3o, do Curso de Mestrado em XXX (preencher os dados do Coordenador do Curso e coletar sua assinatura, identificada atrav\u00e9s de carimbo);<\/p>\n<\/li>\n<\/ul>\n<p><strong>TELA 6<\/strong> \u2013 O Pesquisador dever\u00e1 optar por manter ou n\u00e3o o sigilo da pesquisa na \u00edntegra, ler e concordar com os termos apresentados. Caso o Pesquisador tenha terminado a inclus\u00e3o de informa\u00e7\u00f5es e arquivos referentes \u00e0 pesquisa cadastrada, o mesmo dever\u00e1 clicar no bot\u00e3o \u201cEnviar Projeto ao CEP\u201d.<\/p>\n<ul>\n<li>\n<p class=\"western\" lang=\"pt-BR\" align=\"JUSTIFY\"><strong><span style=\"color: #ff0000\">OBSERVA\u00c7\u00d5ES IMPORTANTES:<\/span><\/strong><\/p>\n<\/li>\n<\/ul>\n<p>1) &#8211; Uma vez enviado ao COMEP-UNICENTRO, o projeto n\u00e3o poder\u00e1 ser editado pelo Pesquisador, at\u00e9 o resultado da an\u00e1lise do COMEP.<\/p>\n<p>2) &#8211; O aluno de gradua\u00e7\u00e3o n\u00e3o pode ser pesquisador respons\u00e1vel; o projeto de pesquisa dever\u00e1 ser submetido pelo seu orientador.<\/p>\n","protected":false},"excerpt":{"rendered":"<p>Para cadastrar uma nova pesquisa, o usu\u00e1rio dever\u00e1 ter conclu\u00eddo o seu cadastro de pessoa f\u00edsica. Assim que o cadastro de pessoa f\u00edsica for conclu\u00eddo e realizado o \u201clogin\u201d na Plataforma Brasil, o Pesquisador dever\u00e1 clicar no bot\u00e3o \u201cCadastrar Nova Submiss\u00e3o\u201d, para iniciar o cadastro de uma nova pesquisa. http:\/\/www.saude.gov.br\/plataformabrasil TODOS OS CAMPOS COM ASTERISCO [&hellip;]<\/p>\n","protected":false},"author":3,"featured_media":0,"parent":41,"menu_order":0,"comment_status":"closed","ping_status":"closed","template":"","meta":{"_exactmetrics_skip_tracking":false,"_exactmetrics_sitenote_active":false,"_exactmetrics_sitenote_note":"","_exactmetrics_sitenote_category":0,"footnotes":"","_links_to":"","_links_to_target":""},"class_list":["post-49","page","type-page","status-publish","hentry"],"_links":{"self":[{"href":"https:\/\/www3.unicentro.br\/comep\/wp-json\/wp\/v2\/pages\/49","targetHints":{"allow":["GET"]}}],"collection":[{"href":"https:\/\/www3.unicentro.br\/comep\/wp-json\/wp\/v2\/pages"}],"about":[{"href":"https:\/\/www3.unicentro.br\/comep\/wp-json\/wp\/v2\/types\/page"}],"author":[{"embeddable":true,"href":"https:\/\/www3.unicentro.br\/comep\/wp-json\/wp\/v2\/users\/3"}],"replies":[{"embeddable":true,"href":"https:\/\/www3.unicentro.br\/comep\/wp-json\/wp\/v2\/comments?post=49"}],"version-history":[{"count":0,"href":"https:\/\/www3.unicentro.br\/comep\/wp-json\/wp\/v2\/pages\/49\/revisions"}],"up":[{"embeddable":true,"href":"https:\/\/www3.unicentro.br\/comep\/wp-json\/wp\/v2\/pages\/41"}],"wp:attachment":[{"href":"https:\/\/www3.unicentro.br\/comep\/wp-json\/wp\/v2\/media?parent=49"}],"curies":[{"name":"wp","href":"https:\/\/api.w.org\/{rel}","templated":true}]}}