{"id":48,"date":"2014-10-10T00:00:00","date_gmt":"2014-10-10T03:00:00","guid":{"rendered":"https:\/\/www3.unicentro.br\/comep\/calendario-2\/"},"modified":"2026-02-20T15:09:33","modified_gmt":"2026-02-20T18:09:33","slug":"calendario","status":"publish","type":"page","link":"https:\/\/www3.unicentro.br\/comep\/guarapuava\/calendario\/","title":{"rendered":"Calend\u00e1rio"},"content":{"rendered":"<p align=\"justify\"><span style=\"color: #ff0000;font-size: 18pt\"><i><u><b>CALEND\u00c1RIO DE REUNI\u00d5ES DO CEP UNICENTRO \u2013 GUARAPUAVA<\/b><\/u><\/i><\/span><\/p>\n<table width=\"642\" cellspacing=\"0\" cellpadding=\"4\">\n<tbody>\n<tr>\n<td bgcolor=\"#e6e6ff\" width=\"296\" height=\"51\">\n<p align=\"center\"><span style=\"color: #000000\"><span style=\"font-size: large\"><b>Per\u00edodo de postagem:<\/b><\/span><\/span><\/p>\n<\/td>\n<td valign=\"top\" bgcolor=\"#e6e6ff\" width=\"327\">\n<p align=\"center\"><span style=\"color: #000000\"><span style=\"font-size: x-large\"><b>Data da reuni\u00e3o:<\/b><\/span><\/span><\/p>\n<p align=\"center\"><span style=\"color: #000000\">(para projetos com <span style=\"font-family: Times New Roman, serif\"><span style=\"font-size: large\"><u><b>documenta\u00e7\u00e3o correta)<\/b><\/u><\/span><\/span><\/span><\/p>\n<\/td>\n<\/tr>\n<tr>\n<td width=\"296\" height=\"24\">\n<p align=\"center\"><span style=\"color: #3465a4\"><span style=\"text-decoration: line-through\"><span style=\"font-family: Arial Black, sans-serif\"><span style=\"font-size: large\"><b>AT\u00c9 08\/01\/2026 <\/b><\/span><\/span><\/span><\/span><\/p>\n<\/td>\n<td width=\"327\">\n<p align=\"center\"><span style=\"color: #2a6099\"><span style=\"text-decoration: line-through\"><span style=\"font-family: Arial Black, sans-serif\"><span style=\"font-size: large\"><b>10\/02\/2026 <\/b><\/span><\/span><\/span><\/span><\/p>\n<\/td>\n<\/tr>\n<tr>\n<td width=\"296\" height=\"24\">\n<p align=\"center\"><span style=\"color: #3465a4\"><span style=\"text-decoration: line-through\"><span style=\"font-family: Arial Black, sans-serif\"><span style=\"font-size: large\">At\u00e9\u00a0<b>23\/01\/2026 <\/b><\/span><\/span><\/span><\/span><\/p>\n<\/td>\n<td width=\"327\">\n<p align=\"center\"><span style=\"color: #2a6099\"><span style=\"text-decoration: line-through\"><span style=\"font-family: Arial Black, sans-serif\"><span style=\"font-size: large\"><b>24\/02\/2026<\/b><\/span><\/span><\/span><\/span><\/p>\n<\/td>\n<\/tr>\n<tr>\n<td width=\"296\">\n<p align=\"center\"><span style=\"color: #2a6099\"><span style=\"text-decoration: line-through\"><span style=\"font-family: Arial Black, sans-serif\"><span style=\"font-size: large\"><b>At\u00e9 23\/02\/2026<\/b><\/span><\/span><\/span><\/span><\/p>\n<\/td>\n<td width=\"327\">\n<p align=\"center\"><span style=\"color: #2a6099\"><span style=\"font-family: Arial Black, sans-serif\"><span style=\"font-size: large\"><b>10\/03\/2026<\/b><\/span><\/span><\/span><\/p>\n<\/td>\n<\/tr>\n<tr>\n<td width=\"296\">\n<p align=\"center\"><span style=\"color: #2a6099\"><span style=\"font-family: Arial Black, sans-serif\"><span style=\"font-size: large\"><b>At\u00e9 09\/02\/2026<\/b><\/span><\/span><\/span><\/p>\n<\/td>\n<td width=\"327\">\n<p align=\"center\"><span style=\"color: #2a6099\"><span style=\"font-family: Arial Black, sans-serif\"><span style=\"font-size: large\"><b>24\/03\/2026<\/b><\/span><\/span><\/span><\/p>\n<\/td>\n<\/tr>\n<tr>\n<td width=\"296\">\n<p align=\"center\"><span style=\"color: #2a6099\"><span style=\"font-family: Arial Black, sans-serif\"><span style=\"font-size: large\"><b>At\u00e9 23\/03\/2026<\/b><\/span><\/span><\/span><\/p>\n<\/td>\n<td width=\"327\">\n<p align=\"center\"><span style=\"color: #2a6099\"><span style=\"font-family: Arial Black, sans-serif\"><span style=\"font-size: large\"><b>07\/04\/2026<\/b><\/span><\/span><\/span><\/p>\n<\/td>\n<\/tr>\n<tr>\n<td width=\"296\">\n<p align=\"center\"><span style=\"color: #2a6099\"><span style=\"font-family: Arial Black, sans-serif\"><span style=\"font-size: large\"><b>At\u00e9 06\/04\/2026<\/b><\/span><\/span><\/span><\/p>\n<\/td>\n<td width=\"327\">\n<p align=\"center\"><span style=\"color: #2a6099\"><span style=\"font-family: Arial Black, sans-serif\"><span style=\"font-size: large\"><b>28\/04\/2026<\/b><\/span><\/span><\/span><\/p>\n<\/td>\n<\/tr>\n<tr>\n<td width=\"296\">\n<p align=\"center\"><span style=\"color: #2a6099\"><span style=\"font-family: Arial Black, sans-serif\"><span style=\"font-size: large\"><b>At\u00e9 27\/04\/2026<\/b><\/span><\/span><\/span><\/p>\n<\/td>\n<td width=\"327\">\n<p align=\"center\"><span style=\"color: #2a6099\"><span style=\"font-family: Arial Black, sans-serif\"><span style=\"font-size: large\"><b>12\/05\/2026<\/b><\/span><\/span><\/span><\/p>\n<\/td>\n<\/tr>\n<tr>\n<td width=\"296\">\n<p align=\"center\"><span style=\"color: #2a6099\"><span style=\"font-family: Arial Black, sans-serif\"><span style=\"font-size: large\"><b>At\u00e9 11\/05\/2026<\/b><\/span><\/span><\/span><\/p>\n<\/td>\n<td width=\"327\">\n<p align=\"center\"><span style=\"color: #2a6099\"><span style=\"font-family: Arial Black, sans-serif\"><span style=\"font-size: large\"><b>26\/05\/2026<\/b><\/span><\/span><\/span><\/p>\n<\/td>\n<\/tr>\n<tr>\n<td width=\"296\">\n<p align=\"center\"><span style=\"color: #2a6099\"><span style=\"font-family: Arial Black, sans-serif\"><span style=\"font-size: large\"><b>At\u00e9 25\/05\/2026<\/b><\/span><\/span><\/span><\/p>\n<\/td>\n<td width=\"327\">\n<p align=\"center\"><span style=\"color: #2a6099\"><span style=\"font-family: Arial Black, sans-serif\"><span style=\"font-size: large\"><b>09\/06\/2026<\/b><\/span><\/span><\/span><\/p>\n<\/td>\n<\/tr>\n<tr>\n<td width=\"296\">\n<p align=\"center\"><span style=\"color: #2a6099\"><span style=\"font-family: Arial Black, sans-serif\"><span style=\"font-size: large\"><b>At\u00e9 08\/06\/2026<\/b><\/span><\/span><\/span><\/p>\n<\/td>\n<td width=\"327\">\n<p align=\"center\"><span style=\"color: #2a6099\"><span style=\"font-family: Arial Black, sans-serif\"><span style=\"font-size: large\"><b>23\/06\/2026<\/b><\/span><\/span><\/span><\/p>\n<\/td>\n<\/tr>\n<tr>\n<td width=\"296\">\n<p align=\"center\"><span style=\"color: #2a6099\"><span style=\"font-family: Arial Black, sans-serif\"><span style=\"font-size: large\"><b>At\u00e9 22\/06\/2026<\/b><\/span><\/span><\/span><\/p>\n<\/td>\n<td width=\"327\">\n<p align=\"center\"><span style=\"color: #2a6099\"><span style=\"font-family: Arial Black, sans-serif\"><span style=\"font-size: large\"><b>07\/07\/2026<\/b><\/span><\/span><\/span><\/p>\n<\/td>\n<\/tr>\n<tr>\n<td width=\"296\">\n<p align=\"center\"><span style=\"color: #2a6099\"><span style=\"font-family: Arial Black, sans-serif\"><span style=\"font-size: large\"><b>At\u00e9 10\/07\/2026<\/b><\/span><\/span><\/span><\/p>\n<\/td>\n<td width=\"327\">\n<p align=\"center\"><span style=\"color: #2a6099\"><span style=\"font-family: Arial Black, sans-serif\"><span style=\"font-size: large\"><b>04\/08\/2026<\/b><\/span><\/span><\/span><\/p>\n<\/td>\n<\/tr>\n<tr>\n<td width=\"296\">\n<p align=\"center\"><span style=\"color: #2a6099\"><span style=\"font-family: Arial Black, sans-serif\"><span style=\"font-size: large\"><b>At\u00e9 03\/08\/2026<\/b><\/span><\/span><\/span><\/p>\n<\/td>\n<td width=\"327\">\n<p align=\"center\"><span style=\"color: #2a6099\"><span style=\"font-family: Arial Black, sans-serif\"><span style=\"font-size: large\"><b>18\/08\/2026<\/b><\/span><\/span><\/span><\/p>\n<\/td>\n<\/tr>\n<tr>\n<td width=\"296\">\n<p align=\"center\"><span style=\"color: #2a6099\"><span style=\"font-family: Arial Black, sans-serif\"><span style=\"font-size: large\"><b>At\u00e9 17\/08\/2026<\/b><\/span><\/span><\/span><\/p>\n<\/td>\n<td width=\"327\">\n<p align=\"center\"><span style=\"color: #2a6099\"><span style=\"font-family: Arial Black, sans-serif\"><span style=\"font-size: large\"><b>01\/09\/2026<\/b><\/span><\/span><\/span><\/p>\n<\/td>\n<\/tr>\n<tr>\n<td width=\"296\">\n<p align=\"center\"><span style=\"color: #2a6099\"><span style=\"font-family: Arial Black, sans-serif\"><span style=\"font-size: large\"><b>At\u00e9 31\/08\/2026<\/b><\/span><\/span><\/span><\/p>\n<\/td>\n<td width=\"327\">\n<p align=\"center\"><span style=\"color: #2a6099\"> <span style=\"font-family: Arial Black, sans-serif\"><span style=\"font-size: large\"><b>15\/09\/2026<\/b><\/span><\/span><\/span><\/p>\n<\/td>\n<\/tr>\n<tr>\n<td width=\"296\">\n<p align=\"center\"><span style=\"color: #2a6099\"><span style=\"font-family: Arial Black, sans-serif\"><span style=\"font-size: large\"><b>At\u00e9 14\/09\/2026<\/b><\/span><\/span><\/span><\/p>\n<\/td>\n<td width=\"327\">\n<p align=\"center\"><span style=\"color: #2a6099\"><span style=\"font-family: Arial Black, sans-serif\"><span style=\"font-size: large\"><b>29\/09\/2026<\/b><\/span><\/span><\/span><\/p>\n<\/td>\n<\/tr>\n<tr>\n<td width=\"296\">\n<p align=\"center\"><span style=\"color: #2a6099\"><span style=\"font-family: Arial Black, sans-serif\"><span style=\"font-size: large\"><b>At\u00e9 02\/10\/2026<\/b><\/span><\/span><\/span><\/p>\n<\/td>\n<td width=\"327\">\n<p align=\"center\"><span style=\"color: #2a6099\"><span style=\"font-family: Arial Black, sans-serif\"><span style=\"font-size: large\"><b>20\/10\/2026<\/b><\/span><\/span><\/span><\/p>\n<\/td>\n<\/tr>\n<tr>\n<td width=\"296\">\n<p align=\"center\"><span style=\"color: #2a6099\"><span style=\"font-family: Arial Black, sans-serif\"><span style=\"font-size: large\"><b>At\u00e9 19\/10\/2026<\/b><\/span><\/span><\/span><\/p>\n<\/td>\n<td width=\"327\">\n<p align=\"center\"><span style=\"color: #2a6099\"><span style=\"font-family: Arial Black, sans-serif\"><span style=\"font-size: large\"><b>03\/11\/2026<\/b><\/span><\/span><\/span><\/p>\n<\/td>\n<\/tr>\n<tr>\n<td width=\"296\">\n<p align=\"center\"><span style=\"color: #2a6099\"><span style=\"font-family: Arial Black, sans-serif\"><span style=\"font-size: large\"><b>At\u00e9 02\/11\/2026<\/b><\/span><\/span><\/span><\/p>\n<\/td>\n<td width=\"327\">\n<p align=\"center\"><span style=\"color: #2a6099\"><span style=\"font-family: Arial Black, sans-serif\"><span style=\"font-size: large\"><b>17\/11\/2026<\/b><\/span><\/span><\/span><\/p>\n<\/td>\n<\/tr>\n<tr>\n<td width=\"296\">\n<p align=\"center\"><span style=\"color: #2a6099\"><span style=\"font-family: Arial Black, sans-serif\"><span style=\"font-size: large\"><b>At\u00e9 16\/11\/2026<\/b><\/span><\/span><\/span><\/p>\n<\/td>\n<td width=\"327\">\n<p align=\"center\"><span style=\"color: #2a6099\"><span style=\"font-family: Arial Black, sans-serif\"><span style=\"font-size: large\"><b>01\/12\/2026<\/b><\/span><\/span><\/span><\/p>\n<\/td>\n<\/tr>\n<tr>\n<td width=\"296\">\n<p align=\"center\"><span style=\"color: #2a6099\"><span style=\"font-family: Arial Black, sans-serif\"><span style=\"font-size: large\"><b>At\u00e9 30\/11\/2026<\/b><\/span><\/span><\/span><\/p>\n<\/td>\n<td width=\"327\">\n<p align=\"center\"><span style=\"color: #2a6099\"><span style=\"font-family: Arial Black, sans-serif\"><span style=\"font-size: large\"><b>15\/12\/2026<\/b><\/span><\/span><\/span><\/p>\n<\/td>\n<\/tr>\n<\/tbody>\n<\/table>\n","protected":false},"excerpt":{"rendered":"<p>CALEND\u00c1RIO DE REUNI\u00d5ES DO CEP UNICENTRO \u2013 GUARAPUAVA Per\u00edodo de postagem: Data da reuni\u00e3o: (para projetos com documenta\u00e7\u00e3o correta) AT\u00c9 08\/01\/2026 10\/02\/2026 At\u00e9\u00a023\/01\/2026 24\/02\/2026 At\u00e9 23\/02\/2026 10\/03\/2026 At\u00e9 09\/02\/2026 24\/03\/2026 At\u00e9 23\/03\/2026 07\/04\/2026 At\u00e9 06\/04\/2026 28\/04\/2026 At\u00e9 27\/04\/2026 12\/05\/2026 At\u00e9 11\/05\/2026 26\/05\/2026 At\u00e9 25\/05\/2026 09\/06\/2026 At\u00e9 08\/06\/2026 23\/06\/2026 At\u00e9 22\/06\/2026 07\/07\/2026 At\u00e9 10\/07\/2026 04\/08\/2026 At\u00e9 [&hellip;]<\/p>\n","protected":false},"author":3,"featured_media":0,"parent":33,"menu_order":0,"comment_status":"closed","ping_status":"closed","template":"","meta":{"_exactmetrics_skip_tracking":false,"_exactmetrics_sitenote_active":false,"_exactmetrics_sitenote_note":"","_exactmetrics_sitenote_category":0,"footnotes":"","_links_to":"","_links_to_target":""},"class_list":["post-48","page","type-page","status-publish","hentry"],"_links":{"self":[{"href":"https:\/\/www3.unicentro.br\/comep\/wp-json\/wp\/v2\/pages\/48","targetHints":{"allow":["GET"]}}],"collection":[{"href":"https:\/\/www3.unicentro.br\/comep\/wp-json\/wp\/v2\/pages"}],"about":[{"href":"https:\/\/www3.unicentro.br\/comep\/wp-json\/wp\/v2\/types\/page"}],"author":[{"embeddable":true,"href":"https:\/\/www3.unicentro.br\/comep\/wp-json\/wp\/v2\/users\/3"}],"replies":[{"embeddable":true,"href":"https:\/\/www3.unicentro.br\/comep\/wp-json\/wp\/v2\/comments?post=48"}],"version-history":[{"count":2,"href":"https:\/\/www3.unicentro.br\/comep\/wp-json\/wp\/v2\/pages\/48\/revisions"}],"predecessor-version":[{"id":663,"href":"https:\/\/www3.unicentro.br\/comep\/wp-json\/wp\/v2\/pages\/48\/revisions\/663"}],"up":[{"embeddable":true,"href":"https:\/\/www3.unicentro.br\/comep\/wp-json\/wp\/v2\/pages\/33"}],"wp:attachment":[{"href":"https:\/\/www3.unicentro.br\/comep\/wp-json\/wp\/v2\/media?parent=48"}],"curies":[{"name":"wp","href":"https:\/\/api.w.org\/{rel}","templated":true}]}}