{"id":42,"date":"2012-11-05T00:00:00","date_gmt":"2012-11-05T02:00:00","guid":{"rendered":"https:\/\/www3.unicentro.br\/comep\/modelos\/"},"modified":"2026-01-05T14:11:08","modified_gmt":"2026-01-05T17:11:08","slug":"modelos","status":"publish","type":"page","link":"https:\/\/www3.unicentro.br\/comep\/guarapuava\/modelos\/","title":{"rendered":"Modelos"},"content":{"rendered":"<ul>\n<li style=\"list-style-type: none\">\n<ul>\n<li><a href=\"https:\/\/www3.unicentro.br\/comep\/wp-content\/uploads\/sites\/76\/2026\/01\/MODELO-TCUD-GUARAPUAVA.docx\">MODELO TCUD GUARAPUAVA<\/a><\/li>\n<li><\/li>\n<li><a href=\"https:\/\/www3.unicentro.br\/comep\/wp-content\/uploads\/sites\/76\/2023\/02\/TCLE-MODELO-2023.doc\">TCLE (MODELO 2023) (GUARAPUAVA)<\/a><\/li>\n<li><\/li>\n<li><a href=\"https:\/\/www3.unicentro.br\/comep\/wp-content\/uploads\/sites\/76\/2024\/07\/TCLE-MODELO-para-FORMULARIOS-DE-COLETA-REMOTA-GUARAPUAVA.doc\">TCLE-MODELO para FORMUL\u00c1RIOS DE COLETA REMOTA &#8211; GUARAPUAVA\u00a0<\/a><\/li>\n<li><\/li>\n<li><a href=\"https:\/\/www3.unicentro.br\/comep\/wp-content\/uploads\/sites\/76\/2021\/10\/MODELO-Termo-de-assentimento-para-crianca-e-adolescente-GUARAPUAVA.doc\">MODELO &#8211; Termo de assentimento para crian\u00e7a e adolescente (GUARAPUAVA)<\/a><\/li>\n<li><\/li>\n<li><a href=\"https:\/\/www2.unicentro.br\/comep\/files\/2017\/12\/CHECK-LIST-DOCUMENTAL.docx?x79648\" rel=\"attachment wp-att-530\">CHECK LIST DOCUMENTAL<\/a><\/li>\n<li><\/li>\n<li><a href=\"https:\/\/www3.unicentro.br\/comep\/wp-content\/uploads\/sites\/76\/2021\/08\/carta-de-autorizacao_GUARAPUAVA.doc\">carta-de-autorizacao_GUARAPUAVA<\/a><\/li>\n<li><\/li>\n<li><a href=\"https:\/\/www3.unicentro.br\/comep\/wp-content\/uploads\/sites\/76\/2020\/04\/2018-Carta-Circular-n\u00ba-166-Relato-de-Caso-4.pdf\">Carta Circular n\u00ba 166 (Relato de Caso)\u00a0<\/a><\/li>\n<li><\/li>\n<li><a href=\"https:\/\/www2.unicentro.br\/comep\/files\/2018\/08\/CARTA-RESPOSTA-A-PEND%C3%8ANCIAS.docx?x79648\" rel=\"attachment wp-att-586\">CARTA RESPOSTA A PEND\u00caNCIAS<\/a><\/li>\n<li><\/li>\n<li><a href=\"https:\/\/www2.unicentro.br\/comep\/files\/2018\/07\/FORMUL%C3%81RIO-PARA-APRESENTA%C3%87%C3%83O-DE-EMENDA-AO-PROJETO-ALTERA%C3%87%C3%83O.docx?x79648\" rel=\"attachment wp-att-567\">FORMUL\u00c1RIO PARA APRESENTA\u00c7\u00c3O DE EMENDA AO PROJETO (ALTERA\u00c7\u00c3O)<\/a><\/li>\n<li><\/li>\n<li><a href=\"https:\/\/www2.unicentro.br\/comep\/files\/2017\/11\/RECOMENDA\u00c7\u00d5ES-PARA-A-ELABORA\u00c7\u00c3O-DO-TCLE-TERMO-DE-CONSENTIMENTO-LIVRE-E-ESCLARECIDO.pdf\">RECOMENDA\u00c7\u00d5ES PARA A ELABORA\u00c7\u00c3O DO TCLE, TERMO DE CONSENTIMENTO LIVRE E ESCLARECIDO<\/a><\/li>\n<li><\/li>\n<li><a href=\"https:\/\/www2.unicentro.br\/comep\/files\/2018\/07\/Formul%C3%A1rio-para-solicita%C3%A7%C3%A3o-de-dispensa-do-TCLE.docx?x79648\" rel=\"attachment wp-att-576\">Formul\u00e1rio-para-solicita\u00e7\u00e3o-de-dispensa-do-TCLE<\/a><\/li>\n<li><\/li>\n<li><a href=\"https:\/\/www3.unicentro.br\/comep\/wp-content\/uploads\/sites\/76\/2024\/10\/MODELO-DE-RELATORIO-FINAL-plataforma-Brasil.doc\">MODELO-DE-RELAT\u00d3RIO-FINAL-plataforma-Brasil<\/a><\/li>\n<\/ul>\n<\/li>\n<\/ul>\n<p>&nbsp;<\/p>\n","protected":false},"excerpt":{"rendered":"<p>MODELO TCUD GUARAPUAVA TCLE (MODELO 2023) (GUARAPUAVA) TCLE-MODELO para FORMUL\u00c1RIOS DE COLETA REMOTA &#8211; GUARAPUAVA\u00a0 MODELO &#8211; Termo de assentimento para crian\u00e7a e adolescente (GUARAPUAVA) CHECK LIST DOCUMENTAL carta-de-autorizacao_GUARAPUAVA Carta Circular n\u00ba 166 (Relato de Caso)\u00a0 CARTA RESPOSTA A PEND\u00caNCIAS FORMUL\u00c1RIO PARA APRESENTA\u00c7\u00c3O DE EMENDA AO PROJETO (ALTERA\u00c7\u00c3O) RECOMENDA\u00c7\u00d5ES PARA A ELABORA\u00c7\u00c3O DO TCLE, TERMO [&hellip;]<\/p>\n","protected":false},"author":3,"featured_media":0,"parent":33,"menu_order":0,"comment_status":"closed","ping_status":"closed","template":"","meta":{"_exactmetrics_skip_tracking":false,"_exactmetrics_sitenote_active":false,"_exactmetrics_sitenote_note":"","_exactmetrics_sitenote_category":0,"footnotes":"","_links_to":"","_links_to_target":""},"class_list":["post-42","page","type-page","status-publish","hentry"],"_links":{"self":[{"href":"https:\/\/www3.unicentro.br\/comep\/wp-json\/wp\/v2\/pages\/42","targetHints":{"allow":["GET"]}}],"collection":[{"href":"https:\/\/www3.unicentro.br\/comep\/wp-json\/wp\/v2\/pages"}],"about":[{"href":"https:\/\/www3.unicentro.br\/comep\/wp-json\/wp\/v2\/types\/page"}],"author":[{"embeddable":true,"href":"https:\/\/www3.unicentro.br\/comep\/wp-json\/wp\/v2\/users\/3"}],"replies":[{"embeddable":true,"href":"https:\/\/www3.unicentro.br\/comep\/wp-json\/wp\/v2\/comments?post=42"}],"version-history":[{"count":2,"href":"https:\/\/www3.unicentro.br\/comep\/wp-json\/wp\/v2\/pages\/42\/revisions"}],"predecessor-version":[{"id":659,"href":"https:\/\/www3.unicentro.br\/comep\/wp-json\/wp\/v2\/pages\/42\/revisions\/659"}],"up":[{"embeddable":true,"href":"https:\/\/www3.unicentro.br\/comep\/wp-json\/wp\/v2\/pages\/33"}],"wp:attachment":[{"href":"https:\/\/www3.unicentro.br\/comep\/wp-json\/wp\/v2\/media?parent=42"}],"curies":[{"name":"wp","href":"https:\/\/api.w.org\/{rel}","templated":true}]}}