{"id":41,"date":"2012-11-05T00:00:00","date_gmt":"2012-11-05T02:00:00","guid":{"rendered":"https:\/\/www3.unicentro.br\/comep\/submissao-de-projetos\/"},"modified":"2025-02-24T10:55:57","modified_gmt":"2025-02-24T13:55:57","slug":"submissao-de-projetos","status":"publish","type":"page","link":"https:\/\/www3.unicentro.br\/comep\/guarapuava\/submissao-de-projetos\/","title":{"rendered":"Submiss\u00e3o de Projetos"},"content":{"rendered":"<p align=\"CENTER\"><span style=\"color: #ff0000\"><strong>Aten\u00e7\u00e3o Pesquisador!<\/strong><\/span><\/p>\n<p align=\"JUSTIFY\"><b>Antes de efetuar a submiss\u00e3o de seu projeto, verifique se <\/b><b>providenciou todos os documentos obrigat\u00f3rios e verifique tamb\u00e9m os prazos de postagem de projetos no\u00a0 calend\u00e1rio de reuni\u00f5es.<\/b><\/p>\n<ul>\n<li><span style=\"color: #0000ff;font-size: 14pt\"><a style=\"color: #0000ff\" href=\"https:\/\/www3.unicentro.br\/comep\/guarapuava\/documentos\/\">Documentos que devem ser anexados na Plataforma Brasil<\/a><\/span><\/li>\n<li><\/li>\n<li><span style=\"color: #0000ff;font-size: 14pt\"><a style=\"color: #0000ff\" href=\"https:\/\/www3.unicentro.br\/comep\/wp-content\/uploads\/sites\/76\/2021\/03\/Orientacoes-para-procedimentos-em-pesquisas-com-qualquer-etapa-em-ambiente-virtual..pdf\">Orienta\u00e7\u00f5es para procedimentos em pesquisas com qualquer etapa em <strong>AMBIENTE VIRTUAL<\/strong><\/a><\/span><\/li>\n<li><\/li>\n<li>\n<p align=\"justify\"><span style=\"font-size: 14pt;color: #0000ff\">Orienta\u00e7\u00f5es para obten\u00e7\u00e3o de autoriza\u00e7\u00e3o para coleta de dados em unidades de sa\u00fade vinculadas \u00e0 SMS:<\/span><\/p>\n<p align=\"justify\"><span style=\"font-size: small\">As documenta\u00e7\u00f5es (contrapartidas, autoriza\u00e7\u00f5es de pesquisas e demais solicita\u00e7\u00f5es ao DGTES) devem ser feitas via Sistema 1 DOC, <\/span><span style=\"font-size: small\">\u00a0ferramenta de protocolo e tr\u00e2mite de documentos da Prefeitura de Guarapuava, seguindo o roteiro a seguir:<\/span><\/p>\n<p><span style=\"font-size: small\"><b>1. Entrar no site da prefeitura <\/b><span style=\"color: #5b9bd5\">guarapuava.pr.gov.br<\/span><\/span><\/p>\n<p><span style=\"font-size: small\"><b>2. Guarapuava Digital<\/b><\/span><\/p>\n<p><span style=\"font-size: small\"><b>3. Protocolo Web<\/b><\/span><\/p>\n<p><span style=\"font-size: small\"><b>4. Clique aqui para acessar o novo sistema de protocolo on-line do\u00a0<\/b><\/span><span style=\"font-size: small\"><b>Munic\u00edpio de Guarapuava <\/b><\/span><\/p>\n<p><span style=\"font-size: small\"><b>5. Protocolos- abertura e consulta de requerimento administrativo <\/b><\/span><\/p>\n<p><span style=\"font-size: small\"><b>6. Fa\u00e7a seu cadastro<\/b><\/span><\/p>\n<p><span style=\"font-size: small\"><b>7. Escolha seu assunto (Projeto de Pesquisa, Planos de <\/b><\/span><\/p>\n<p><span style=\"font-size: small\"><b>Contrapartida ou Solicita\u00e7\u00e3o de Campos de est\u00e1gio)<\/b><\/span><\/p>\n<p><span style=\"font-size: small\"><b>8. Anexar os documentos.<\/b><\/span><\/li>\n<\/ul>\n","protected":false},"excerpt":{"rendered":"<p>Aten\u00e7\u00e3o Pesquisador! Antes de efetuar a submiss\u00e3o de seu projeto, verifique se providenciou todos os documentos obrigat\u00f3rios e verifique tamb\u00e9m os prazos de postagem de projetos no\u00a0 calend\u00e1rio de reuni\u00f5es. Documentos que devem ser anexados na Plataforma Brasil Orienta\u00e7\u00f5es para procedimentos em pesquisas com qualquer etapa em AMBIENTE VIRTUAL Orienta\u00e7\u00f5es para obten\u00e7\u00e3o de autoriza\u00e7\u00e3o para [&hellip;]<\/p>\n","protected":false},"author":3,"featured_media":0,"parent":33,"menu_order":0,"comment_status":"closed","ping_status":"closed","template":"","meta":{"_exactmetrics_skip_tracking":false,"_exactmetrics_sitenote_active":false,"_exactmetrics_sitenote_note":"","_exactmetrics_sitenote_category":0,"footnotes":"","_links_to":"","_links_to_target":""},"class_list":["post-41","page","type-page","status-publish","hentry"],"_links":{"self":[{"href":"https:\/\/www3.unicentro.br\/comep\/wp-json\/wp\/v2\/pages\/41","targetHints":{"allow":["GET"]}}],"collection":[{"href":"https:\/\/www3.unicentro.br\/comep\/wp-json\/wp\/v2\/pages"}],"about":[{"href":"https:\/\/www3.unicentro.br\/comep\/wp-json\/wp\/v2\/types\/page"}],"author":[{"embeddable":true,"href":"https:\/\/www3.unicentro.br\/comep\/wp-json\/wp\/v2\/users\/3"}],"replies":[{"embeddable":true,"href":"https:\/\/www3.unicentro.br\/comep\/wp-json\/wp\/v2\/comments?post=41"}],"version-history":[{"count":2,"href":"https:\/\/www3.unicentro.br\/comep\/wp-json\/wp\/v2\/pages\/41\/revisions"}],"predecessor-version":[{"id":584,"href":"https:\/\/www3.unicentro.br\/comep\/wp-json\/wp\/v2\/pages\/41\/revisions\/584"}],"up":[{"embeddable":true,"href":"https:\/\/www3.unicentro.br\/comep\/wp-json\/wp\/v2\/pages\/33"}],"wp:attachment":[{"href":"https:\/\/www3.unicentro.br\/comep\/wp-json\/wp\/v2\/media?parent=41"}],"curies":[{"name":"wp","href":"https:\/\/api.w.org\/{rel}","templated":true}]}}