{"id":40,"date":"2012-11-05T00:00:00","date_gmt":"2012-11-05T02:00:00","guid":{"rendered":"https:\/\/www3.unicentro.br\/comep\/links\/"},"modified":"2019-08-21T15:28:32","modified_gmt":"2019-08-21T18:28:32","slug":"links","status":"publish","type":"page","link":"https:\/\/www3.unicentro.br\/comep\/guarapuava\/links\/","title":{"rendered":"Links"},"content":{"rendered":"<p><strong>PLATAFORMA BRASIL:<\/strong><br \/>\n<a href=\"http:\/\/plataformabrasil.saude.gov.br\/login.jsf\">Plataforma Brasil<\/a><\/p>\n<p><strong>PR\u00d3-REITORIA DE PESQUISA E P\u00d3S-GRADUA\u00c7\u00c3O:<\/strong><br \/>\n<a href=\"http:\/\/unicentro.br\/propesp\/\">http:\/\/unicentro.br\/propesp\/<\/a><\/p>\n<p><strong>CONSELHO NACIONAL DE SA\u00daDE:<\/strong><br \/>\n<a href=\"http:\/\/conselho.saude.gov.br\/\" target=\"_blank\" rel=\"noopener\">http:\/\/conselho.saude.gov.br\/<\/a><\/p>\n<p><strong>COMISS\u00c3O NACIONAL DE \u00c9TICA EM PESQUISA:<\/strong><br \/>\n<a href=\"http:\/\/conselho.saude.gov.br\/Web_comissoes\/conep\/index.html\" target=\"_blank\" rel=\"noopener\">http:\/\/conselho.saude.gov.br\/Web_comissoes\/conep\/index.html<\/a><\/p>\n","protected":false},"excerpt":{"rendered":"<p>PLATAFORMA BRASIL: Plataforma Brasil PR\u00d3-REITORIA DE PESQUISA E P\u00d3S-GRADUA\u00c7\u00c3O: http:\/\/unicentro.br\/propesp\/ CONSELHO NACIONAL DE SA\u00daDE: http:\/\/conselho.saude.gov.br\/ COMISS\u00c3O NACIONAL DE \u00c9TICA EM PESQUISA: http:\/\/conselho.saude.gov.br\/Web_comissoes\/conep\/index.html<\/p>\n","protected":false},"author":3,"featured_media":0,"parent":33,"menu_order":0,"comment_status":"closed","ping_status":"closed","template":"","meta":{"_exactmetrics_skip_tracking":false,"_exactmetrics_sitenote_active":false,"_exactmetrics_sitenote_note":"","_exactmetrics_sitenote_category":0,"footnotes":"","_links_to":"","_links_to_target":""},"class_list":["post-40","page","type-page","status-publish","hentry"],"_links":{"self":[{"href":"https:\/\/www3.unicentro.br\/comep\/wp-json\/wp\/v2\/pages\/40","targetHints":{"allow":["GET"]}}],"collection":[{"href":"https:\/\/www3.unicentro.br\/comep\/wp-json\/wp\/v2\/pages"}],"about":[{"href":"https:\/\/www3.unicentro.br\/comep\/wp-json\/wp\/v2\/types\/page"}],"author":[{"embeddable":true,"href":"https:\/\/www3.unicentro.br\/comep\/wp-json\/wp\/v2\/users\/3"}],"replies":[{"embeddable":true,"href":"https:\/\/www3.unicentro.br\/comep\/wp-json\/wp\/v2\/comments?post=40"}],"version-history":[{"count":0,"href":"https:\/\/www3.unicentro.br\/comep\/wp-json\/wp\/v2\/pages\/40\/revisions"}],"up":[{"embeddable":true,"href":"https:\/\/www3.unicentro.br\/comep\/wp-json\/wp\/v2\/pages\/33"}],"wp:attachment":[{"href":"https:\/\/www3.unicentro.br\/comep\/wp-json\/wp\/v2\/media?parent=40"}],"curies":[{"name":"wp","href":"https:\/\/api.w.org\/{rel}","templated":true}]}}