{"id":38,"date":"2012-10-31T00:00:00","date_gmt":"2012-10-31T02:00:00","guid":{"rendered":"https:\/\/www3.unicentro.br\/comep\/contato\/"},"modified":"2024-10-24T11:05:47","modified_gmt":"2024-10-24T14:05:47","slug":"contato","status":"publish","type":"page","link":"https:\/\/www3.unicentro.br\/comep\/guarapuava\/contato\/","title":{"rendered":"Contato"},"content":{"rendered":"<div class=\"wpb-content-wrapper\"><p>[vc_row][vc_column width=&#8221;1\/2&#8243;][vc_column_text css=&#8221;&#8221;]<strong>Comit\u00ea de \u00c9tica em Pesquisa Envolvendo Seres Humanos &#8211; Comep\/Unicentro<\/strong><\/p>\n<p><strong>Endere\u00e7o:<\/strong><br \/>\nRua Sime\u00e3o Camargo Varela de S\u00e1, 03 \u2013 Vila Carli<br \/>\nCEP: 85040-080 \u2013 Guarapuava \u2013 PR<br \/>\nBloco de Departamentos da \u00c1rea da Sa\u00fade<br \/>\n<strong>Campus Cedeteg <\/strong><img loading=\"lazy\" decoding=\"async\" class=\"\" src=\"https:\/\/cdn-icons-png.flaticon.com\/512\/2776\/2776063.png\" alt=\"Localiza\u00e7\u00e3o - \u00edcones de mapas e localiza\u00e7\u00e3o gr\u00e1tis\" width=\"21\" height=\"21\" \/> https:\/\/maps.app.goo.gl\/EuTSVGzCYuBNkBt47<\/p>\n<p><strong>Coordenadora<\/strong><strong>:<\/strong> Juliana Rodrigues Hamm<br \/>\n<strong>Secret\u00e1ria:<\/strong> Veronica Dziurza<br \/>\n<strong>Telefone:<\/strong> (42) 3629-8177<\/p>\n<p><b>HOR\u00c1RIO DE FUNCIONAMENTO:<\/b><br \/>\nSegunda a Sexta, das 8h \u00e0s 11h30m e das 13h \u00e0s 17h30m<br \/>\n<b>ATENDIMENTO AO P\u00daBLICO EM GERAL E AOS PESQUISADORES:<\/b><br \/>\nSegunda a Sexta, das 8h \u00e0s 11h30m[\/vc_column_text][\/vc_column][vc_column width=&#8221;1\/2&#8243;]\n<div class=\"wpcf7 no-js\" id=\"wpcf7-f23-o1\" lang=\"pt-BR\" dir=\"ltr\" data-wpcf7-id=\"23\">\n<div class=\"screen-reader-response\"><p role=\"status\" aria-live=\"polite\" aria-atomic=\"true\"><\/p> <ul><\/ul><\/div>\n<form action=\"\/comep\/wp-json\/wp\/v2\/pages\/38#wpcf7-f23-o1\" method=\"post\" class=\"wpcf7-form init\" aria-label=\"Formul\u00e1rios de contato\" novalidate=\"novalidate\" data-status=\"init\">\n<fieldset class=\"hidden-fields-container\"><input type=\"hidden\" name=\"_wpcf7\" value=\"23\" \/><input type=\"hidden\" name=\"_wpcf7_version\" value=\"6.1.5\" \/><input type=\"hidden\" name=\"_wpcf7_locale\" value=\"pt_BR\" \/><input type=\"hidden\" name=\"_wpcf7_unit_tag\" value=\"wpcf7-f23-o1\" \/><input type=\"hidden\" name=\"_wpcf7_container_post\" value=\"0\" \/><input type=\"hidden\" name=\"_wpcf7_posted_data_hash\" value=\"\" \/><input type=\"hidden\" name=\"_wpcf7_recaptcha_response\" value=\"\" \/>\n<\/fieldset>\n<p><label> Seu nome (obrigat\u00f3rio)<br \/>\n<span class=\"wpcf7-form-control-wrap\" data-name=\"your-name\"><input size=\"40\" maxlength=\"400\" class=\"wpcf7-form-control wpcf7-text wpcf7-validates-as-required\" aria-required=\"true\" aria-invalid=\"false\" value=\"\" type=\"text\" name=\"your-name\" \/><\/span> <\/label>\n<\/p>\n<p><label> Seu e-mail (obrigat\u00f3rio)<br \/>\n<span class=\"wpcf7-form-control-wrap\" data-name=\"your-email\"><input size=\"40\" maxlength=\"400\" class=\"wpcf7-form-control wpcf7-email wpcf7-validates-as-required wpcf7-text wpcf7-validates-as-email\" aria-required=\"true\" aria-invalid=\"false\" value=\"\" type=\"email\" name=\"your-email\" \/><\/span> <\/label>\n<\/p>\n<p><label> Assunto<br \/>\n<span class=\"wpcf7-form-control-wrap\" data-name=\"your-subject\"><input size=\"40\" maxlength=\"400\" class=\"wpcf7-form-control wpcf7-text\" aria-invalid=\"false\" value=\"\" type=\"text\" name=\"your-subject\" \/><\/span> <\/label>\n<\/p>\n<p><label> Sua mensagem<br \/>\n<span class=\"wpcf7-form-control-wrap\" data-name=\"your-message\"><textarea cols=\"40\" rows=\"10\" maxlength=\"2000\" class=\"wpcf7-form-control wpcf7-textarea\" aria-invalid=\"false\" name=\"your-message\"><\/textarea><\/span> <\/label>\n<\/p>\n<p><input class=\"wpcf7-form-control wpcf7-submit has-spinner\" type=\"submit\" value=\"Enviar\" \/>\n<\/p><p style=\"display: none !important;\" class=\"akismet-fields-container\" data-prefix=\"_wpcf7_ak_\"><label>&#916;<textarea name=\"_wpcf7_ak_hp_textarea\" cols=\"45\" rows=\"8\" maxlength=\"100\"><\/textarea><\/label><input type=\"hidden\" id=\"ak_js_1\" name=\"_wpcf7_ak_js\" value=\"149\"\/><script>document.getElementById( \"ak_js_1\" ).setAttribute( \"value\", ( new Date() ).getTime() );<\/script><\/p><div class=\"wpcf7-response-output\" aria-hidden=\"true\"><\/div>\n<\/form>\n<\/div>\n[\/vc_column][\/vc_row]<\/p>\n<\/div>","protected":false},"excerpt":{"rendered":"<p>[vc_row][vc_column width=&#8221;1\/2&#8243;][vc_column_text css=&#8221;&#8221;]Comit\u00ea de \u00c9tica em Pesquisa Envolvendo Seres Humanos &#8211; Comep\/Unicentro Endere\u00e7o: Rua Sime\u00e3o Camargo Varela de S\u00e1, 03 \u2013 Vila Carli CEP: 85040-080 \u2013 Guarapuava \u2013 PR Bloco de Departamentos da \u00c1rea da Sa\u00fade Campus Cedeteg https:\/\/maps.app.goo.gl\/EuTSVGzCYuBNkBt47 Coordenadora: Juliana Rodrigues Hamm Secret\u00e1ria: Veronica Dziurza Telefone: (42) 3629-8177 HOR\u00c1RIO DE FUNCIONAMENTO: Segunda a Sexta, [&hellip;]<\/p>\n","protected":false},"author":3,"featured_media":0,"parent":33,"menu_order":0,"comment_status":"closed","ping_status":"closed","template":"","meta":{"_exactmetrics_skip_tracking":false,"_exactmetrics_sitenote_active":false,"_exactmetrics_sitenote_note":"","_exactmetrics_sitenote_category":0,"footnotes":"","_links_to":"","_links_to_target":""},"class_list":["post-38","page","type-page","status-publish","hentry"],"_links":{"self":[{"href":"https:\/\/www3.unicentro.br\/comep\/wp-json\/wp\/v2\/pages\/38","targetHints":{"allow":["GET"]}}],"collection":[{"href":"https:\/\/www3.unicentro.br\/comep\/wp-json\/wp\/v2\/pages"}],"about":[{"href":"https:\/\/www3.unicentro.br\/comep\/wp-json\/wp\/v2\/types\/page"}],"author":[{"embeddable":true,"href":"https:\/\/www3.unicentro.br\/comep\/wp-json\/wp\/v2\/users\/3"}],"replies":[{"embeddable":true,"href":"https:\/\/www3.unicentro.br\/comep\/wp-json\/wp\/v2\/comments?post=38"}],"version-history":[{"count":2,"href":"https:\/\/www3.unicentro.br\/comep\/wp-json\/wp\/v2\/pages\/38\/revisions"}],"predecessor-version":[{"id":540,"href":"https:\/\/www3.unicentro.br\/comep\/wp-json\/wp\/v2\/pages\/38\/revisions\/540"}],"up":[{"embeddable":true,"href":"https:\/\/www3.unicentro.br\/comep\/wp-json\/wp\/v2\/pages\/33"}],"wp:attachment":[{"href":"https:\/\/www3.unicentro.br\/comep\/wp-json\/wp\/v2\/media?parent=38"}],"curies":[{"name":"wp","href":"https:\/\/api.w.org\/{rel}","templated":true}]}}