{"id":35,"date":"2012-10-31T00:00:00","date_gmt":"2012-10-31T02:00:00","guid":{"rendered":"https:\/\/www3.unicentro.br\/comep\/cadastro-do-pesquisador\/"},"modified":"2019-08-21T15:09:32","modified_gmt":"2019-08-21T18:09:32","slug":"cadastro-do-pesquisador","status":"publish","type":"page","link":"https:\/\/www3.unicentro.br\/comep\/guarapuava\/submissao-de-projetos\/cadastro-do-pesquisador\/","title":{"rendered":"Cadastro do Pesquisador"},"content":{"rendered":"<div class=\"wpb-content-wrapper\"><p>[vc_row][vc_column][vc_column_text]<\/p>\n<p style=\"text-align: center\"><strong>TODOS OS PESQUISADORES DEVER\u00c3O SE CADASTRAR NO SISTEMA PLATAFORMA BRASIL<\/strong><\/p>\n<p style=\"text-align: center\"><a href=\"http:\/\/www.saude.gov.br\/plataformabrasil\">http:\/\/www.saude.gov.br\/plataformabrasil<\/a><\/p>\n<p>[\/vc_column_text][vc_column_text css=&#8221;.vc_custom_1566410955979{border-top-width: 2px !important;border-bottom-width: 2px !important;padding-top: 10px !important;padding-bottom: 10px !important;border-top-color: #d8d8d8 !important;border-top-style: dotted !important;border-bottom-color: #d8d8d8 !important;border-bottom-style: dotted !important;}&#8221;]<\/p>\n<p style=\"text-align: center\"><strong>COMO FAZER O CADASTRO DE PESSOA F\u00cdSICA NA PLATAFORMA BRASIL?<\/strong><\/p>\n<p>Para a realiza\u00e7\u00e3o do cadastro \u00e9 obrigat\u00f3rio ter em m\u00e3os os seguintes documentos:<br \/>\n<strong>1)<\/strong> N\u00famero do CPF;<br \/>\n<strong>2)<\/strong> Curriculum Vitae do Pesquisador (em formato doc, docx, odt ou pdf) ou endere\u00e7o eletr\u00f4nico na Plataforma Lattes;<br \/>\n<strong>3)<\/strong> Documento com foto digitalizado (carteira de identidade, Identidade Profissional, Carteira de Motorista, em formato jpg ou pdf);<br \/>\n<strong>4)<\/strong> Conta de e-mail ativa.[\/vc_column_text][vc_column_text]<\/p>\n<p style=\"text-align: center\"><strong>Ao registrar-se na Plataforma Brasil, no campo v\u00ednculo, procurar por:<\/strong><\/p>\n<p>[\/vc_column_text][vc_row_inner][vc_column_inner width=&#8221;1\/4&#8243;][\/vc_column_inner][vc_column_inner width=&#8221;1\/2&#8243;][vc_column_text css=&#8221;.vc_custom_1566410750877{margin-top: 5px !important;margin-right: 5px !important;margin-bottom: 5px !important;margin-left: 5px !important;padding-top: 10px !important;padding-right: 10px !important;padding-bottom: 10px !important;padding-left: 10px !important;background-color: #fce8e8 !important;}&#8221;]<\/p>\n<p style=\"text-align: center\"><span style=\"color: #ff0000\"><strong>UNICENTRO<\/strong><\/span><br \/>\n<span style=\"color: #ff0000\">Universidade Estadual do Centro-Oeste \u2013 Unicentro<\/span><br \/>\n<span style=\"color: #ff0000\">CNPJ: 77.902.914\/0001-72<\/span><\/p>\n<p>[\/vc_column_text][vc_column_text css=&#8221;.vc_custom_1566410790593{margin-top: 5px !important;margin-right: 5px !important;margin-bottom: 5px !important;margin-left: 5px !important;padding-top: 10px !important;padding-right: 10px !important;padding-bottom: 10px !important;padding-left: 10px !important;background-color: #fce8e8 !important;}&#8221;]<\/p>\n<p style=\"text-align: center\"><span style=\"color: #ff0000\"><strong>FACULDADE GUAIRAC\u00c1<\/strong><\/span><br \/>\n<span style=\"color: #ff0000\">Sesg &#8211; Sociedade de Educa\u00e7\u00e3o Superior Guairac\u00e1 Ltda<\/span><br \/>\n<span style=\"color: #ff0000\">CNPJ: 06.060.722\/0001-18<\/span><\/p>\n<p>[\/vc_column_text][vc_column_text css=&#8221;.vc_custom_1566410806664{margin-top: 5px !important;margin-right: 5px !important;margin-bottom: 5px !important;margin-left: 5px !important;padding-top: 10px !important;padding-right: 10px !important;padding-bottom: 10px !important;padding-left: 10px !important;background-color: #fce8e8 !important;}&#8221;]<\/p>\n<p style=\"text-align: center\"><span style=\"color: #ff0000\"><strong>FACULDADE CAMPO REAL<\/strong><\/span><br \/>\n<span style=\"color: #ff0000\">UB &#8211; Campo Real Educacional S.A.<\/span><br \/>\n<span style=\"color: #ff0000\">CNPJ: 03.291.761\/0001-38<\/span><\/p>\n<p>[\/vc_column_text][\/vc_column_inner][vc_column_inner width=&#8221;1\/4&#8243;][\/vc_column_inner][\/vc_row_inner][\/vc_column][\/vc_row]<\/p>\n<\/div>","protected":false},"excerpt":{"rendered":"<p>[vc_row][vc_column][vc_column_text] TODOS OS PESQUISADORES DEVER\u00c3O SE CADASTRAR NO SISTEMA PLATAFORMA BRASIL http:\/\/www.saude.gov.br\/plataformabrasil [\/vc_column_text][vc_column_text css=&#8221;.vc_custom_1566410955979{border-top-width: 2px !important;border-bottom-width: 2px !important;padding-top: 10px !important;padding-bottom: 10px !important;border-top-color: #d8d8d8 !important;border-top-style: dotted !important;border-bottom-color: #d8d8d8 !important;border-bottom-style: dotted !important;}&#8221;] COMO FAZER O CADASTRO DE PESSOA F\u00cdSICA NA PLATAFORMA BRASIL? Para a realiza\u00e7\u00e3o do cadastro \u00e9 obrigat\u00f3rio ter em m\u00e3os os seguintes documentos: 1) N\u00famero [&hellip;]<\/p>\n","protected":false},"author":3,"featured_media":0,"parent":41,"menu_order":0,"comment_status":"closed","ping_status":"closed","template":"","meta":{"_exactmetrics_skip_tracking":false,"_exactmetrics_sitenote_active":false,"_exactmetrics_sitenote_note":"","_exactmetrics_sitenote_category":0,"footnotes":"","_links_to":"","_links_to_target":""},"class_list":["post-35","page","type-page","status-publish","hentry"],"_links":{"self":[{"href":"https:\/\/www3.unicentro.br\/comep\/wp-json\/wp\/v2\/pages\/35","targetHints":{"allow":["GET"]}}],"collection":[{"href":"https:\/\/www3.unicentro.br\/comep\/wp-json\/wp\/v2\/pages"}],"about":[{"href":"https:\/\/www3.unicentro.br\/comep\/wp-json\/wp\/v2\/types\/page"}],"author":[{"embeddable":true,"href":"https:\/\/www3.unicentro.br\/comep\/wp-json\/wp\/v2\/users\/3"}],"replies":[{"embeddable":true,"href":"https:\/\/www3.unicentro.br\/comep\/wp-json\/wp\/v2\/comments?post=35"}],"version-history":[{"count":0,"href":"https:\/\/www3.unicentro.br\/comep\/wp-json\/wp\/v2\/pages\/35\/revisions"}],"up":[{"embeddable":true,"href":"https:\/\/www3.unicentro.br\/comep\/wp-json\/wp\/v2\/pages\/41"}],"wp:attachment":[{"href":"https:\/\/www3.unicentro.br\/comep\/wp-json\/wp\/v2\/media?parent=35"}],"curies":[{"name":"wp","href":"https:\/\/api.w.org\/{rel}","templated":true}]}}