{"id":34,"date":"2012-10-31T00:00:00","date_gmt":"2012-10-31T02:00:00","guid":{"rendered":"https:\/\/www3.unicentro.br\/comep\/membros\/"},"modified":"2025-10-14T09:56:10","modified_gmt":"2025-10-14T12:56:10","slug":"membros","status":"publish","type":"page","link":"https:\/\/www3.unicentro.br\/comep\/guarapuava\/membros\/","title":{"rendered":"Membros"},"content":{"rendered":"<div class=\"wpb-content-wrapper\"><p>[vc_row][vc_column][vc_column_text css=&#8221;&#8221;]<\/p>\n<h3 style=\"text-align: center\"><strong>COMEP GUARAPUAVA<\/strong><br \/>\n<span style=\"color: #0000ff\">MEMBROS GEST\u00c3O 2022\u2013 2025<\/span><\/h3>\n<p style=\"text-align: center\"><span style=\"color: #000000;font-family: arial, helvetica, sans-serif;font-size: 12pt\">Coordenadora: Juliana Rodrigues Hamm<\/span><\/p>\n<p style=\"text-align: center\"><span style=\"color: #000000;font-family: arial, helvetica, sans-serif;font-size: 12pt\"><strong>REPRESENTANTES DE PARTICIPANTES DE PESQUISA, RPP<\/strong><\/span><\/p>\n<p align=\"center\"><span style=\"font-family: arial, helvetica, sans-serif;color: #000000;font-size: 12pt\">ALTAIR \u00c2NGELO DOS SANTOS (Conselho Municipal de Sa\u00fade)<\/span><\/p>\n<p align=\"center\"><span style=\"font-family: arial, helvetica, sans-serif;color: #000000;font-size: 12pt\">JOAREZ CAMARGO (Conselho Municipal de Sa\u00fade)<\/span><\/p>\n<p style=\"text-align: center\"><span style=\"color: #000000;font-family: arial, helvetica, sans-serif;font-size: 12pt\"><strong>SETOR DE CI\u00caNCIAS DA SA\u00daDE<\/strong><\/span><\/p>\n<p style=\"text-align: center\"><span style=\"font-family: arial, helvetica, sans-serif;color: #000000;font-size: 12pt\">Juliana Rodrigues Hamm (Departamento de Enfermagem) &#8211; Coordenadora<\/span><\/p>\n<p style=\"text-align: center\"><span style=\"color: #000000;font-family: arial, helvetica, sans-serif;font-size: 12pt\"><strong>SETOR DE CI\u00caNCIAS HUMANAS, LETRAS E ARTES<br \/>\n<\/strong><\/span><\/p>\n<p style=\"text-align: center\"><span style=\"text-align: center;color: #000000;font-family: arial, helvetica, sans-serif;font-size: 12pt\">Andressa Toni (Departamento de Letras)<\/span><\/p>\n<p style=\"text-align: center\"><span style=\"font-family: arial, helvetica, sans-serif\">BRUNO AISL\u00c3 GON\u00c7ALVES DOS SANTOS (Departamento de Filosofia<\/span><\/p>\n<p style=\"text-align: center\">CAROLINE ARA\u00daJO PUPO HAGEMEYER <span style=\"text-align: center;color: #000000;font-family: arial, helvetica, sans-serif;font-size: 12pt\">(Departamento de Letras)<\/span><\/p>\n<p style=\"text-align: center\"><span style=\"text-align: center;color: #000000;font-family: arial, helvetica, sans-serif;font-size: 12pt\">J\u00f3 Klanovicz (Departamento de Hist\u00f3ria)<\/span><\/p>\n<p style=\"text-align: center\"><span style=\"color: #000000;font-family: arial, helvetica, sans-serif;font-size: 12pt\"><strong>SETOR DE CI\u00caNCIAS AGR\u00c1RIAS E AMBIENTAIS<\/strong><\/span><\/p>\n<p style=\"text-align: center\">CLAYTONLUIZ DA SILVA ( Departamento de Geografia)<\/p>\n<p style=\"text-align: center\"><span style=\"color: #000000;font-family: arial, helvetica, sans-serif;font-size: 12pt\"><strong>REPRESENTANTE DE OUTRAS INSTITUI\u00c7\u00d5ES<\/strong><\/span><\/p>\n<p style=\"text-align: center\"><span style=\"color: #000000;font-family: arial, helvetica, sans-serif;font-size: 12pt\">Daniel Brustolin Ludwig\u00a0&#8211; (Centro Universit\u00e1rio UniGuairac\u00e1)<\/span><\/p>\n<p style=\"text-align: center\"><span style=\"color: #000000;font-family: arial, helvetica, sans-serif;font-size: 12pt\">\u00a0Luciana Erzinger Alves de Camargo &#8211; (Centro Universit\u00e1rio UniGuairac\u00e1)<\/span><\/p>\n<p>&nbsp;<\/p>\n<p style=\"text-align: center\"><span style=\"color: #000000;font-family: arial, helvetica, sans-serif;font-size: 12pt\"><strong>Secret\u00e1ria:<\/strong> Veronica Dziurza<\/span><\/p>\n<p>\u00a0[\/vc_column_text][\/vc_column][\/vc_row]<\/p>\n<\/div>","protected":false},"excerpt":{"rendered":"<p>[vc_row][vc_column][vc_column_text css=&#8221;&#8221;] COMEP GUARAPUAVA MEMBROS GEST\u00c3O 2022\u2013 2025 Coordenadora: Juliana Rodrigues Hamm REPRESENTANTES DE PARTICIPANTES DE PESQUISA, RPP ALTAIR \u00c2NGELO DOS SANTOS (Conselho Municipal de Sa\u00fade) JOAREZ CAMARGO (Conselho Municipal de Sa\u00fade) SETOR DE CI\u00caNCIAS DA SA\u00daDE Juliana Rodrigues Hamm (Departamento de Enfermagem) &#8211; Coordenadora SETOR DE CI\u00caNCIAS HUMANAS, LETRAS E ARTES Andressa Toni (Departamento [&hellip;]<\/p>\n","protected":false},"author":3,"featured_media":0,"parent":33,"menu_order":0,"comment_status":"closed","ping_status":"closed","template":"","meta":{"_exactmetrics_skip_tracking":false,"_exactmetrics_sitenote_active":false,"_exactmetrics_sitenote_note":"","_exactmetrics_sitenote_category":0,"footnotes":"","_links_to":"","_links_to_target":""},"class_list":["post-34","page","type-page","status-publish","hentry"],"_links":{"self":[{"href":"https:\/\/www3.unicentro.br\/comep\/wp-json\/wp\/v2\/pages\/34","targetHints":{"allow":["GET"]}}],"collection":[{"href":"https:\/\/www3.unicentro.br\/comep\/wp-json\/wp\/v2\/pages"}],"about":[{"href":"https:\/\/www3.unicentro.br\/comep\/wp-json\/wp\/v2\/types\/page"}],"author":[{"embeddable":true,"href":"https:\/\/www3.unicentro.br\/comep\/wp-json\/wp\/v2\/users\/3"}],"replies":[{"embeddable":true,"href":"https:\/\/www3.unicentro.br\/comep\/wp-json\/wp\/v2\/comments?post=34"}],"version-history":[{"count":2,"href":"https:\/\/www3.unicentro.br\/comep\/wp-json\/wp\/v2\/pages\/34\/revisions"}],"predecessor-version":[{"id":639,"href":"https:\/\/www3.unicentro.br\/comep\/wp-json\/wp\/v2\/pages\/34\/revisions\/639"}],"up":[{"embeddable":true,"href":"https:\/\/www3.unicentro.br\/comep\/wp-json\/wp\/v2\/pages\/33"}],"wp:attachment":[{"href":"https:\/\/www3.unicentro.br\/comep\/wp-json\/wp\/v2\/media?parent=34"}],"curies":[{"name":"wp","href":"https:\/\/api.w.org\/{rel}","templated":true}]}}