{"id":33,"date":"2012-10-30T00:00:00","date_gmt":"2012-10-30T02:00:00","guid":{"rendered":"https:\/\/www3.unicentro.br\/comep\/inicial-2\/"},"modified":"2025-10-14T09:48:41","modified_gmt":"2025-10-14T12:48:41","slug":"guarapuava","status":"publish","type":"page","link":"https:\/\/www3.unicentro.br\/comep\/guarapuava\/","title":{"rendered":"Comep Guarapuava"},"content":{"rendered":"<div class=\"wpb-content-wrapper\"><p>[vc_row][vc_column][vc_column_text css=&#8221;&#8221;]<\/p>\n<p style=\"text-align: center\"><strong style=\"text-align: center\"><span style=\"color: #ff0000\"><span style=\"font-size: xx-large\"><img loading=\"lazy\" decoding=\"async\" class=\"wp-image-116 aligncenter\" src=\"https:\/\/www3.unicentro.br\/comep\/wp-content\/uploads\/sites\/76\/2019\/08\/comep-logo-300x178.png\" alt=\"\" width=\"244\" height=\"145\" srcset=\"https:\/\/www3.unicentro.br\/comep\/wp-content\/uploads\/sites\/76\/2019\/08\/comep-logo-300x178.png 300w, https:\/\/www3.unicentro.br\/comep\/wp-content\/uploads\/sites\/76\/2019\/08\/comep-logo-768x455.png 768w, https:\/\/www3.unicentro.br\/comep\/wp-content\/uploads\/sites\/76\/2019\/08\/comep-logo-1024x607.png 1024w, https:\/\/www3.unicentro.br\/comep\/wp-content\/uploads\/sites\/76\/2019\/08\/comep-logo-255x151.png 255w, https:\/\/www3.unicentro.br\/comep\/wp-content\/uploads\/sites\/76\/2019\/08\/comep-logo.png 1181w\" sizes=\"auto, (max-width: 244px) 100vw, 244px\" \/><\/span><\/span><\/strong><\/p>\n<h3 align=\"justify\"><span style=\"font-family: Calibri, sans-serif\">O Comit\u00ea de \u00c9tica em Pesquisa (CEP) da Unicentro \u00e9 um colegiado interdisciplinar e independente, de natureza consultiva, deliberativa e educativa, nos assuntos de sua compet\u00eancia, respons\u00e1vel pela avalia\u00e7\u00e3o e acompanhamento dos aspectos \u00e9ticos de pesquisas envolvendo seres humanos.<\/span><\/h3>\n<h3 align=\"justify\"><span style=\"font-family: Calibri, sans-serif\">Vinculado administrativamente \u00e0 Pr\u00f3-Reitoria de Pesquisa e P\u00f3s-Gradua\u00e7\u00e3o, Propesp, est\u00e1 ligado e submete-se \u00e0s normas e crit\u00e9rios emanados da Comiss\u00e3o Nacional de \u00c9tica em Pesquisa, Conep, do Minist\u00e9rio da Sa\u00fade, MS.<\/span><\/h3>\n<p>&nbsp;<\/p>\n<h3 align=\"justify\"><span style=\"font-size: 14pt\"><strong><span style=\"color: #ff0000\"><span style=\"font-family: Calibri, sans-serif\"><u><b>Miss\u00e3o o CEP<\/b><\/u><\/span><\/span><\/strong><strong><span style=\"color: #ff0000\"><span style=\"font-family: Calibri, sans-serif\"><u><b>:<\/b><\/u><\/span><\/span><\/strong><\/span> <span style=\"font-family: Calibri, sans-serif\">Salvaguardar os direitos e a dignidade dos participantes da pesquisa.<\/span><\/h3>\n<p>&nbsp;<\/p>\n<h3 align=\"justify\"><span style=\"font-family: Calibri, sans-serif\">Al\u00e9m disso, o CEP contribui para a qualidade das pesquisas e para a discuss\u00e3o do papel da pesquisa no desenvolvimento institucional e no desenvolvimento social da comunidade.<\/span><\/h3>\n<h3 align=\"justify\"><span style=\"font-family: Calibri, sans-serif\">Contribui ainda para a valoriza\u00e7\u00e3o do pesquisador que recebe o reconhecimento de que sua proposta \u00e9 eticamente adequada.<\/span><\/h3>\n<h3 align=\"justify\"><span style=\"font-family: Calibri, sans-serif\">O CEP exerce papel consultivo, deliberativo e, em especial, papel educativo para assegurar a forma\u00e7\u00e3o continuada dos pesquisadores da institui\u00e7\u00e3o e promover a discuss\u00e3o dos aspectos das pesquisas em seres humanos na comunidade.<\/span><\/h3>\n<p>&nbsp;<\/p>\n<h3 align=\"justify\"><strong><span style=\"color: #ff0000\"><span style=\"font-family: Calibri, sans-serif\"><u><b>I<\/b><\/u><\/span><\/span><\/strong><strong><span style=\"color: #ff0000\"><span style=\"font-family: Calibri, sans-serif\"><u><b>mportante<\/b><\/u><\/span><\/span><\/strong><strong><span style=\"color: #ff0000\"><span style=\"font-family: Calibri, sans-serif\"><u><b>:<\/b><\/u><\/span><\/span><\/strong> <span style=\"font-family: Calibri, sans-serif\">A <a href=\"https:\/\/www2.unicentro.br\/comep\/files\/2012\/10\/RESOLU%C3%87%C3%82O-196-96-.pdf?x79648\">RESOLU\u00c7\u00c3O CNS &#8211; 466\/2012<\/a> considera pesquisa em seres humanos em qualquer \u00e1rea do conhecimento e que de modo direto e indireto envolvam a coletividade, em sua totalidade ou partes, incluindo o manejo de informa\u00e7\u00f5es e materiais.<\/span><\/h3>\n<h3 align=\"justify\"><span style=\"font-family: Calibri, sans-serif\">Assim, tamb\u00e9m s\u00e3o consideradas pesquisas envolvendo seres humanos as entrevistas, aplica\u00e7\u00f5es de question\u00e1rios, utiliza\u00e7\u00e3o de banco de dados e revis\u00f5es de prontu\u00e1rios. <\/span><\/h3>\n<h3 align=\"justify\"><span style=\"font-family: Calibri, sans-serif\">Alguns projetos de avalia\u00e7\u00e3o n\u00e3o se caracterizam como pesquisa. Sempre que houver d\u00favida, recomenda-se a apresenta\u00e7\u00e3o do protocolo ao CEP, que tomar\u00e1 a decis\u00e3o sobre a situa\u00e7\u00e3o espec\u00edfica.<\/span><\/h3>\n<p>[\/vc_column_text][\/vc_column][\/vc_row]<\/p>\n<\/div>","protected":false},"excerpt":{"rendered":"<p>[vc_row][vc_column][vc_column_text css=&#8221;&#8221;] O Comit\u00ea de \u00c9tica em Pesquisa (CEP) da Unicentro \u00e9 um colegiado interdisciplinar e independente, de natureza consultiva, deliberativa e educativa, nos assuntos de sua compet\u00eancia, respons\u00e1vel pela avalia\u00e7\u00e3o e acompanhamento dos aspectos \u00e9ticos de pesquisas envolvendo seres humanos. Vinculado administrativamente \u00e0 Pr\u00f3-Reitoria de Pesquisa e P\u00f3s-Gradua\u00e7\u00e3o, Propesp, est\u00e1 ligado e submete-se \u00e0s [&hellip;]<\/p>\n","protected":false},"author":3,"featured_media":0,"parent":0,"menu_order":0,"comment_status":"closed","ping_status":"closed","template":"","meta":{"_exactmetrics_skip_tracking":false,"_exactmetrics_sitenote_active":false,"_exactmetrics_sitenote_note":"","_exactmetrics_sitenote_category":0,"footnotes":"","_links_to":"","_links_to_target":""},"class_list":["post-33","page","type-page","status-publish","hentry"],"_links":{"self":[{"href":"https:\/\/www3.unicentro.br\/comep\/wp-json\/wp\/v2\/pages\/33","targetHints":{"allow":["GET"]}}],"collection":[{"href":"https:\/\/www3.unicentro.br\/comep\/wp-json\/wp\/v2\/pages"}],"about":[{"href":"https:\/\/www3.unicentro.br\/comep\/wp-json\/wp\/v2\/types\/page"}],"author":[{"embeddable":true,"href":"https:\/\/www3.unicentro.br\/comep\/wp-json\/wp\/v2\/users\/3"}],"replies":[{"embeddable":true,"href":"https:\/\/www3.unicentro.br\/comep\/wp-json\/wp\/v2\/comments?post=33"}],"version-history":[{"count":2,"href":"https:\/\/www3.unicentro.br\/comep\/wp-json\/wp\/v2\/pages\/33\/revisions"}],"predecessor-version":[{"id":638,"href":"https:\/\/www3.unicentro.br\/comep\/wp-json\/wp\/v2\/pages\/33\/revisions\/638"}],"wp:attachment":[{"href":"https:\/\/www3.unicentro.br\/comep\/wp-json\/wp\/v2\/media?parent=33"}],"curies":[{"name":"wp","href":"https:\/\/api.w.org\/{rel}","templated":true}]}}