{"id":80,"date":"2022-08-24T11:20:21","date_gmt":"2022-08-24T14:20:21","guid":{"rendered":"https:\/\/www3.unicentro.br\/colmeia\/?page_id=80"},"modified":"2022-10-20T15:57:56","modified_gmt":"2022-10-20T18:57:56","slug":"jornal-laboratorio","status":"publish","type":"page","link":"https:\/\/www3.unicentro.br\/colmeia\/acervo\/jornal-laboratorio\/","title":{"rendered":"Jornal Laborat\u00f3rio"},"content":{"rendered":"<h3>Jornal Opine!<\/h3>\n<p><span style=\"text-decoration: underline\"><strong><a href=\"https:\/\/issuu.com\/colmeiaunicentro\/docs\/jornal_opine_1_edic_a_o_expocom_\">Jornal Opine 1\u00aa edic\u0327a\u0303o <\/a><\/strong><\/span><\/p>\n<p><span style=\"text-decoration: underline\"><strong><a href=\"https:\/\/issuu.com\/colmeiaunicentro\/docs\/jornal_opine_2_edic_a_o_expocom_\">Jornal Opine 2\u00aa edic\u0327a\u0303o <\/a><\/strong><\/span><\/p>\n<p><span style=\"text-decoration: underline\"><strong><a href=\"https:\/\/issuu.com\/colmeiaunicentro\/docs\/jornal_opine_3_edic_a_o_expocom_\">Jornal Opine 3\u00aa edic\u0327a\u0303o <\/a><\/strong><\/span><\/p>\n<p><span style=\"text-decoration: underline\"><strong><a href=\"https:\/\/issuu.com\/colmeiaunicentro\/docs\/jornal_opine_4_edic_a_o_expocom_\">Jornal Opine 4\u00aa edic\u0327a\u0303o<\/a><\/strong><\/span><\/p>\n<h3><\/h3>\n<h3>Jornal Porta Voz<\/h3>\n<p><a href=\"https:\/\/issuu.com\/colmeiaunicentro\/docs\/jornal_porta_voz_-_edic_a_o_1\"><span style=\"text-decoration: underline\"><strong>Edi\u00e7\u00e3o 1 Porta Voz\u00a0<\/strong><\/span><\/a><\/p>\n<p><a href=\"https:\/\/issuu.com\/colmeiaunicentro\/docs\/jornal_porta_voz_-_edic_a_o_2\"><span style=\"text-decoration: underline\"><strong>Edi\u00e7\u00e3o 2 Porta Voz<\/strong><\/span><\/a><\/p>\n<p><a href=\"https:\/\/issuu.com\/colmeiaunicentro\/docs\/jornal_porta_voz_-_edic_a_o_4\"><span style=\"text-decoration: underline\"><strong>Edi\u00e7\u00e3o 4 Porta Voz<\/strong><\/span><\/a><\/p>\n<p>&nbsp;<\/p>\n<h3>Jornal Expresso 2018<\/h3>\n<p><strong><span style=\"text-decoration: underline\"><a href=\"https:\/\/issuu.com\/colmeiaunicentro\/docs\/expresso_2018_1\">Edi\u00e7\u00e3o 1 Expresso<\/a><\/span><\/strong><\/p>\n<p>&nbsp;<\/p>\n<h3>Jornal Expresso 2017 &#8211; Vencedor do Pr\u00eamio Sangue Novo de Jornalismo<\/h3>\n<p><strong><span style=\"text-decoration: underline\"><a href=\"https:\/\/issuu.com\/colmeiaunicentro\/docs\/edic_a_o_1_expresso\">Edic\u0327a\u0303o 1 Expresso<\/a><\/span><\/strong><\/p>\n<p><strong><span style=\"text-decoration: underline\"><a href=\"https:\/\/issuu.com\/colmeiaunicentro\/docs\/expresso_2\">Edi\u00e7\u00e3o 2 Expresso<\/a><\/span><\/strong><\/p>\n<p><strong><span style=\"text-decoration: underline\"><a href=\"https:\/\/issuu.com\/colmeiaunicentro\/docs\/expresso_3\">Edi\u00e7\u00e3o 3 Expresso<\/a><\/span><\/strong><\/p>\n<p><span style=\"text-decoration: underline\"><strong><a href=\"https:\/\/www3.unicentro.br\/colmeia\/wp-content\/uploads\/sites\/139\/2022\/09\/expresso-4-final1.pdf\">Edi\u00e7\u00e3o 4 Expresso<\/a><\/strong><\/span><\/p>\n<h3><\/h3>\n","protected":false},"excerpt":{"rendered":"<p>Jornal Opine! Jornal Opine 1\u00aa edic\u0327a\u0303o Jornal Opine 2\u00aa edic\u0327a\u0303o Jornal Opine 3\u00aa edic\u0327a\u0303o Jornal Opine 4\u00aa edic\u0327a\u0303o Jornal Porta Voz Edi\u00e7\u00e3o 1 Porta Voz\u00a0 Edi\u00e7\u00e3o 2 Porta Voz Edi\u00e7\u00e3o 4 Porta Voz &nbsp; Jornal Expresso 2018 Edi\u00e7\u00e3o 1 Expresso &nbsp; Jornal Expresso 2017 &#8211; Vencedor do Pr\u00eamio Sangue Novo de Jornalismo Edic\u0327a\u0303o 1 Expresso [&hellip;]<\/p>\n","protected":false},"author":3,"featured_media":0,"parent":78,"menu_order":0,"comment_status":"closed","ping_status":"closed","template":"","meta":{"_exactmetrics_skip_tracking":false,"_exactmetrics_sitenote_active":false,"_exactmetrics_sitenote_note":"","_exactmetrics_sitenote_category":0,"footnotes":"","_links_to":"","_links_to_target":""},"class_list":["post-80","page","type-page","status-publish","hentry"],"_links":{"self":[{"href":"https:\/\/www3.unicentro.br\/colmeia\/wp-json\/wp\/v2\/pages\/80","targetHints":{"allow":["GET"]}}],"collection":[{"href":"https:\/\/www3.unicentro.br\/colmeia\/wp-json\/wp\/v2\/pages"}],"about":[{"href":"https:\/\/www3.unicentro.br\/colmeia\/wp-json\/wp\/v2\/types\/page"}],"author":[{"embeddable":true,"href":"https:\/\/www3.unicentro.br\/colmeia\/wp-json\/wp\/v2\/users\/3"}],"replies":[{"embeddable":true,"href":"https:\/\/www3.unicentro.br\/colmeia\/wp-json\/wp\/v2\/comments?post=80"}],"version-history":[{"count":0,"href":"https:\/\/www3.unicentro.br\/colmeia\/wp-json\/wp\/v2\/pages\/80\/revisions"}],"up":[{"embeddable":true,"href":"https:\/\/www3.unicentro.br\/colmeia\/wp-json\/wp\/v2\/pages\/78"}],"wp:attachment":[{"href":"https:\/\/www3.unicentro.br\/colmeia\/wp-json\/wp\/v2\/media?parent=80"}],"curies":[{"name":"wp","href":"https:\/\/api.w.org\/{rel}","templated":true}]}}