{"id":62,"date":"2022-08-24T11:15:40","date_gmt":"2022-08-24T14:15:40","guid":{"rendered":"https:\/\/www3.unicentro.br\/colmeia\/?page_id=62"},"modified":"2024-06-03T09:38:58","modified_gmt":"2024-06-03T12:38:58","slug":"producao-digital","status":"publish","type":"page","link":"https:\/\/www3.unicentro.br\/colmeia\/pp\/producao-digital\/","title":{"rendered":"Produ\u00e7\u00e3o Digital"},"content":{"rendered":"<p><a href=\"https:\/\/drive.google.com\/file\/d\/1mlLFSW2Dr4Aa_kQr925vbYgJ4UGPYsLm\/view?usp=sharing\"><span style=\"text-decoration: underline\"><strong>Non Je Ne Regrette Rien<\/strong> <\/span><\/a>(vencedor do Pr\u00eamio Expocom Sul, categoria produ\u00e7\u00e3o em audiovisual)<\/p>\n<p>Por: Nathalia Scatena, Alice Ribeiro Mattos e Giovana Santos<\/p>\n<p>Ano de produ\u00e7\u00e3o: 2022<\/p>\n<p>Orientador: Prof. Dr. S\u00e9rgio Kulak<\/p>\n<p>&nbsp;<\/p>\n<p><a href=\"https:\/\/drive.google.com\/drive\/folders\/1r4Zi-Nje8iUP3cxiXD7CmY3bfb_V4EaV\"><span style=\"text-decoration: underline\"><strong>Trabalho n\u00e3o pode ser?<\/strong><\/span><\/a><\/p>\n<p>Por: Ana Beatriz Castro, D\u00e9bora Godoi e Fernando Alves<\/p>\n<p>Ano de produ\u00e7\u00e3o: 2022<\/p>\n<p>Orientador: Prof. Andr\u00e9 Justus<\/p>\n<p>&nbsp;<\/p>\n<p><span style=\"text-decoration: underline\"><strong><a href=\"https:\/\/drive.google.com\/file\/d\/1KE0DYBJfs7Di46OoSwrTokvSiX0azAHE\/view?usp=sharing\">A tartaruga e a lebre<\/a><\/strong><\/span><\/p>\n<p>Por:<\/p>\n<p>Ano de produ\u00e7\u00e3o:<\/p>\n<p>Orientador (a)<\/p>\n<p>&nbsp;<\/p>\n<p><span style=\"text-decoration: underline\"><strong><a href=\"https:\/\/drive.google.com\/file\/d\/1me8xdWAYTR4Q-alpATlfk4A-SOYqiS2g\/view?usp=sharing\">Bastidores Pulo do Galo<\/a><\/strong><\/span><\/p>\n<p>Por:<\/p>\n<p>Ano de produ\u00e7\u00e3o: 2023<\/p>\n<p>Orientador (a): Prof. Dr. Maicon<\/p>\n<p>&nbsp;<\/p>\n<p><a href=\"https:\/\/drive.google.com\/file\/d\/13TpYPpAQ_SmF4w1ru7a3e3nLgsIt6tCd\/view?usp=sharing\"><span style=\"text-decoration: underline\"><strong>Arte<\/strong><\/span><\/a><\/p>\n<p>Por:<\/p>\n<p>Ano de produ\u00e7\u00e3o:<\/p>\n<p>Orientador (a):<\/p>\n<p>&nbsp;<\/p>\n<p><a href=\"https:\/\/drive.google.com\/file\/d\/15jf91r9za0u5d7f18Af5zdDQvhow50gP\/view?usp=sharing\"><span style=\"text-decoration: underline\"><strong>A bela e a fera (curta metragem)<\/strong><\/span><\/a><\/p>\n<p>Por: Carla, Isadora e Joana<\/p>\n<p>Ano de produ\u00e7\u00e3o:<\/p>\n<p>Orientador (a):<\/p>\n<p>&nbsp;<\/p>\n<p><a href=\"https:\/\/drive.google.com\/file\/d\/1TuyRW4pQNp924ciNHdAoGXYOgn2mzP-Q\/view?usp=sharing\"><span style=\"text-decoration: underline\"><strong>Disfruto<\/strong><\/span><\/a><\/p>\n<p>Por: Rafaela Sagais, Jo\u00e3o Pedro Sanchez<\/p>\n<p>Ano de produ\u00e7\u00e3o:<\/p>\n<p>Orientador (a):<\/p>\n<p>&nbsp;<\/p>\n","protected":false},"excerpt":{"rendered":"<p>Non Je Ne Regrette Rien (vencedor do Pr\u00eamio Expocom Sul, categoria produ\u00e7\u00e3o em audiovisual) Por: Nathalia Scatena, Alice Ribeiro Mattos e Giovana Santos Ano de produ\u00e7\u00e3o: 2022 Orientador: Prof. Dr. S\u00e9rgio Kulak &nbsp; Trabalho n\u00e3o pode ser? Por: Ana Beatriz Castro, D\u00e9bora Godoi e Fernando Alves Ano de produ\u00e7\u00e3o: 2022 Orientador: Prof. Andr\u00e9 Justus &nbsp; [&hellip;]<\/p>\n","protected":false},"author":3,"featured_media":0,"parent":56,"menu_order":0,"comment_status":"closed","ping_status":"closed","template":"","meta":{"_exactmetrics_skip_tracking":false,"_exactmetrics_sitenote_active":false,"_exactmetrics_sitenote_note":"","_exactmetrics_sitenote_category":0,"footnotes":"","_links_to":"","_links_to_target":""},"class_list":["post-62","page","type-page","status-publish","hentry"],"_links":{"self":[{"href":"https:\/\/www3.unicentro.br\/colmeia\/wp-json\/wp\/v2\/pages\/62","targetHints":{"allow":["GET"]}}],"collection":[{"href":"https:\/\/www3.unicentro.br\/colmeia\/wp-json\/wp\/v2\/pages"}],"about":[{"href":"https:\/\/www3.unicentro.br\/colmeia\/wp-json\/wp\/v2\/types\/page"}],"author":[{"embeddable":true,"href":"https:\/\/www3.unicentro.br\/colmeia\/wp-json\/wp\/v2\/users\/3"}],"replies":[{"embeddable":true,"href":"https:\/\/www3.unicentro.br\/colmeia\/wp-json\/wp\/v2\/comments?post=62"}],"version-history":[{"count":2,"href":"https:\/\/www3.unicentro.br\/colmeia\/wp-json\/wp\/v2\/pages\/62\/revisions"}],"predecessor-version":[{"id":1564,"href":"https:\/\/www3.unicentro.br\/colmeia\/wp-json\/wp\/v2\/pages\/62\/revisions\/1564"}],"up":[{"embeddable":true,"href":"https:\/\/www3.unicentro.br\/colmeia\/wp-json\/wp\/v2\/pages\/56"}],"wp:attachment":[{"href":"https:\/\/www3.unicentro.br\/colmeia\/wp-json\/wp\/v2\/media?parent=62"}],"curies":[{"name":"wp","href":"https:\/\/api.w.org\/{rel}","templated":true}]}}